{"id":1090,"date":"2023-02-07T11:39:27","date_gmt":"2023-02-07T09:39:27","guid":{"rendered":"https:\/\/sites.uwasa.fi\/kompassi\/?page_id=1090"},"modified":"2023-08-31T11:11:41","modified_gmt":"2023-08-31T08:11:41","slug":"digimoka","status":"publish","type":"page","link":"https:\/\/sites.uwasa.fi\/kompassi\/digimoka\/","title":{"rendered":"Digimoka"},"content":{"rendered":"<p><a href=\"https:\/\/sites.uwasa.fi\/kompassi\/wp-content\/blogs.dir\/4\/files\/sites\/132\/2023\/08\/digimoka-980x400-v2-1.png\"><img loading=\"lazy\" decoding=\"async\" class=\"aligncenter size-full wp-image-1351\" src=\"https:\/\/sites.uwasa.fi\/kompassi\/wp-content\/blogs.dir\/4\/files\/sites\/132\/2023\/08\/digimoka-980x400-v2-1.png\" alt=\"Professorihahmo vilkuttaa katsojalle iloisesti virtuaalilasit p\u00e4\u00e4ss\u00e4\u00e4n, joissa lukee syntax error. Kuvatekstin\u00e4 Ole hyv\u00e4 ja jaa digimokasi. Voita 50\u20ac lahjakortti. Arvonta 31.8.\" width=\"980\" height=\"400\" srcset=\"https:\/\/sites.uwasa.fi\/kompassi\/wp-content\/blogs.dir\/4\/files\/sites\/132\/2023\/08\/digimoka-980x400-v2-1.png 980w, https:\/\/sites.uwasa.fi\/kompassi\/wp-content\/blogs.dir\/4\/files\/sites\/132\/2023\/08\/digimoka-980x400-v2-1-300x122.png 300w, https:\/\/sites.uwasa.fi\/kompassi\/wp-content\/blogs.dir\/4\/files\/sites\/132\/2023\/08\/digimoka-980x400-v2-1-768x313.png 768w\" sizes=\"(max-width: 980px) 100vw, 980px\" \/><\/a><\/p>\n<h3 style=\"padding-left: 40px;text-align: center\">Tervehdys,<\/h3>\n<p style=\"padding-left: 40px;text-align: center\">Me <a href=\"https:\/\/sites.uwasa.fi\/kompassi\/\">Kompassi-hankkeessa<\/a> etsimme nyt erilaisia digimokia, eli enemm\u00e4n tai v\u00e4hemm\u00e4n vakavia sattumuksia digilaitteilla ja digiymp\u00e4rist\u00f6iss\u00e4.<br \/>\nKerro siis omin sanoin tilanteesta, jolloin joko sin\u00e4 tai jokin muu tuntemasi taho on tehnyt digimokan.<\/p>\n<p style=\"padding-left: 40px;text-align: center\">Voit kertoa digimokasi luottamuksella, sill\u00e4 poistamme mahdolliset tunnistetiedot julkaistessamme esimerkkej\u00e4 annetuista vastauksista. Tietoja k\u00e4ytet\u00e4\u00e4n kartoittamaan erilaisia digiriskeihin ja niiden hallintaan liittyvi\u00e4 yleisimpi\u00e4 ongelmakohtia. Tutustu arvonnan <a href=\"https:\/\/sites.uwasa.fi\/kompassi\/arvonnan-saannot-jaa-digimokasi\/\" target=\"_blank\" rel=\"noopener\">s\u00e4\u00e4nt\u00f6ihin<\/a>\u00a0ja <a href=\"https:\/\/sites.uwasa.fi\/kompassi\/tietosuojailmoitus\/\" target=\"_blank\" rel=\"noopener\">tietosuojailmoitukseen.<\/a><\/p>\n<p style=\"padding-left: 40px;text-align: center\">Hyv\u00e4ksy laitteellasi sivuston ev\u00e4steet ja kirjoita vastauksesi alapuolelle avautuvaan <strong>Riskibotti<\/strong>-sovellukseen.<\/p>\n<p style=\"padding-left: 40px;text-align: center\">Arvoimme kaikkien vastanneiden ja yhteystietonsa antaneiden kesken yhteens\u00e4 kaksi 50 euron arvoista S-ryhm\u00e4n lahjakorttia. <strong>Kampanja p\u00e4\u00e4ttyi 31.8.2023\u00a0&#8211; \u00a0kiitos panoksestasi!<\/strong><\/p>\n<p><!-- giosg tag --><\/p>\n<div id=\"giosg-botti\"><\/div>\n","protected":false},"excerpt":{"rendered":"<p>Tervehdys, Me Kompassi-hankkeessa etsimme nyt erilaisia digimokia, eli enemm\u00e4n tai v\u00e4hemm\u00e4n vakavia sattumuksia digilaitteilla ja digiymp\u00e4rist\u00f6iss\u00e4. Kerro siis omin sanoin tilanteesta, jolloin joko sin\u00e4 tai jokin muu tuntemasi taho on tehnyt digimokan. Voit kertoa digimokasi luottamuksella, sill\u00e4 poistamme mahdolliset tunnistetiedot julkaistessamme esimerkkej\u00e4 annetuista vastauksista. Tietoja k\u00e4ytet\u00e4\u00e4n kartoittamaan erilaisia digiriskeihin ja niiden hallintaan liittyvi\u00e4 yleisimpi\u00e4 ongelmakohtia. [&hellip;]<\/p>\n","protected":false},"author":29,"featured_media":0,"parent":0,"menu_order":0,"comment_status":"closed","ping_status":"closed","template":"","meta":{"_acf_changed":false,"footnotes":""},"class_list":["post-1090","page","type-page","status-publish","hentry"],"acf":[],"_links":{"self":[{"href":"https:\/\/sites.uwasa.fi\/kompassi\/wp-json\/wp\/v2\/pages\/1090"}],"collection":[{"href":"https:\/\/sites.uwasa.fi\/kompassi\/wp-json\/wp\/v2\/pages"}],"about":[{"href":"https:\/\/sites.uwasa.fi\/kompassi\/wp-json\/wp\/v2\/types\/page"}],"author":[{"embeddable":true,"href":"https:\/\/sites.uwasa.fi\/kompassi\/wp-json\/wp\/v2\/users\/29"}],"replies":[{"embeddable":true,"href":"https:\/\/sites.uwasa.fi\/kompassi\/wp-json\/wp\/v2\/comments?post=1090"}],"version-history":[{"count":50,"href":"https:\/\/sites.uwasa.fi\/kompassi\/wp-json\/wp\/v2\/pages\/1090\/revisions"}],"predecessor-version":[{"id":1395,"href":"https:\/\/sites.uwasa.fi\/kompassi\/wp-json\/wp\/v2\/pages\/1090\/revisions\/1395"}],"wp:attachment":[{"href":"https:\/\/sites.uwasa.fi\/kompassi\/wp-json\/wp\/v2\/media?parent=1090"}],"curies":[{"name":"wp","href":"https:\/\/api.w.org\/{rel}","templated":true}]}}