{"id":1024,"date":"2023-01-10T15:31:05","date_gmt":"2023-01-10T13:31:05","guid":{"rendered":"https:\/\/sites.uwasa.fi\/kompassi\/?page_id=1024"},"modified":"2023-08-31T08:34:50","modified_gmt":"2023-08-31T05:34:50","slug":"opiskelijaksi","status":"publish","type":"page","link":"https:\/\/sites.uwasa.fi\/kompassi\/oppimisymparisto\/opiskelijaksi\/","title":{"rendered":"Opiskelijaksi liittyminen"},"content":{"rendered":"<p>(<strong>HUOM! Liittyminen ei en\u00e4\u00e4 mahdollista 31.8.2023 j\u00e4lkeen<\/strong>)<\/p>\n<p>Olet siis kiinnostunut opiskelemisesta Riskioppi-ymp\u00e4rist\u00f6ss\u00e4? Hienoa!<\/p>\n<p>Opiskelijaksi liittyminen ja osallistumisen p\u00e4\u00e4tt\u00e4minen, sek\u00e4 mahdollisuus saada ohjausta on kuvattu oheisessa kaaviossa:<\/p>\n<p><a href=\"https:\/\/sites.uwasa.fi\/kompassi\/wp-content\/blogs.dir\/4\/files\/sites\/132\/2023\/01\/prosessi-v2.png\"><img loading=\"lazy\" decoding=\"async\" class=\"alignnone wp-image-1071 size-full\" src=\"https:\/\/sites.uwasa.fi\/kompassi\/wp-content\/blogs.dir\/4\/files\/sites\/132\/2023\/01\/prosessi-v2.png\" alt=\"Liittymisprosessi Riskioppi-ymp\u00e4rist\u00f6n k\u00e4ytt\u00e4j\u00e4ksi\" width=\"2000\" height=\"1000\" srcset=\"https:\/\/sites.uwasa.fi\/kompassi\/wp-content\/blogs.dir\/4\/files\/sites\/132\/2023\/01\/prosessi-v2.png 2000w, https:\/\/sites.uwasa.fi\/kompassi\/wp-content\/blogs.dir\/4\/files\/sites\/132\/2023\/01\/prosessi-v2-300x150.png 300w, https:\/\/sites.uwasa.fi\/kompassi\/wp-content\/blogs.dir\/4\/files\/sites\/132\/2023\/01\/prosessi-v2-1024x512.png 1024w, https:\/\/sites.uwasa.fi\/kompassi\/wp-content\/blogs.dir\/4\/files\/sites\/132\/2023\/01\/prosessi-v2-768x384.png 768w, https:\/\/sites.uwasa.fi\/kompassi\/wp-content\/blogs.dir\/4\/files\/sites\/132\/2023\/01\/prosessi-v2-1536x768.png 1536w\" sizes=\"(max-width: 2000px) 100vw, 2000px\" \/><\/a><\/p>\n<p>(Klikkaa kuvaa n\u00e4hd\u00e4ksesi t\u00e4ysikokoisen version)<\/p>\n<p>&nbsp;<\/p>\n<h2><strong>Aloitus<\/strong><\/h2>\n<p>Sinua pyydet\u00e4\u00e4n t\u00e4ytt\u00e4m\u00e4\u00e4n aloitusilmoitus ennen kuin p\u00e4\u00e4set k\u00e4ytt\u00e4m\u00e4\u00e4n Riskioppia tai Riskivirastoa. Aloitusilmoitus on salassa pidett\u00e4v\u00e4 dokumentti.<\/p>\n<p>Aloitusilmoituksessa ker\u00e4tyt tiedot:<\/p>\n<ul>\n<li>Henkil\u00f6n perustiedot ja yhteystiedot<\/li>\n<li>Ty\u00f6llisyystilanne<\/li>\n<li>Koulutusaste<\/li>\n<li>Muut taustatekij\u00e4t<\/li>\n<li>P\u00e4iv\u00e4ys ja allekirjoitus<\/li>\n<li>Osa kysymyksist\u00e4 on m\u00e4\u00e4ritelty arkaluonteisiksi ja n\u00e4iden kohdalla voit valita vaihtoehdon \u201dEn halua vastata\u201d. Kaikkiin muihin kysymyksiin on vastattava, sill\u00e4 mik\u00e4li sinusta ei saada ker\u00e4tyksi kaikkia pakollisia tietoja, ei osallistumistasi voida sis\u00e4llytt\u00e4\u00e4 hankkeen tuloksiin.<\/li>\n<\/ul>\n<p><a href=\"https:\/\/sites.uwasa.fi\/kompassi\/esr-osallistujatiedot\/\" target=\"_blank\" rel=\"noopener\">Lue lis\u00e4\u00e4 siit\u00e4, miksi sinulta ker\u00e4t\u00e4\u00e4n tietoja<\/a>.<\/p>\n<p>Miten antamiasi tietoja k\u00e4sitell\u00e4\u00e4n: Hankeryhm\u00e4 sy\u00f6tt\u00e4\u00e4 ilmoituksessa antamasi tiedot s\u00e4hk\u00f6iseen ESR-henkil\u00f6 j\u00e4rjestelm\u00e4\u00e4n. Tietojen perusteella hankkeen rahoittaja saa k\u00e4sityksen siit\u00e4, mik\u00e4 on kunkin osallistujan tilanne kun h\u00e4n aloittaa hankkeessa. Tiedonkeruulla seurataan, ett\u00e4 toimenpiteet kohdentuvat niihin henkil\u00f6ryhmiin, joiden tilannetta hankkeilla pyrit\u00e4\u00e4n parantamaan. Hankeryhm\u00e4 tallentaa aloituslomakkeen turvalliseen paikkaan.<\/p>\n<p>&nbsp;<\/p>\n<h2><strong>Lopetus<\/strong><\/h2>\n<p>P\u00e4\u00e4tt\u00e4ess\u00e4si opiskelun, sinua pyydet\u00e4\u00e4n t\u00e4ytt\u00e4m\u00e4\u00e4n lopetusilmoitus. Antamiesi tietojen perusteella hankkeen rahoittaja tarkistaa ESR Henkil\u00f6 \u2013j\u00e4rjestelm\u00e4st\u00e4, onko tilanteessasi tapahtunut muutoksia aikana, jolloin olet osallistunut hankkeeseen.<\/p>\n<p>&nbsp;<\/p>\n<h2 id=\"ohjaus\"><strong>Henkil\u00f6kohtainen l\u00e4hiohjaus ja konsultointi verkossa<\/strong><\/h2>\n<p>Oppimisymp\u00e4rist\u00f6n k\u00e4ytt\u00f6 ja henkil\u00f6kohtainen ohjaus riskienhallinnan opiskeluun on maksutonta. Oppimisymp\u00e4rist\u00f6n k\u00e4ytt\u00f6 ja ohjauksen saaminen edellytt\u00e4\u00e4 ESR-hankkeen aloitus- ja lopetusilmoituksen t\u00e4ytt\u00e4mist\u00e4. Hankkeen p\u00e4\u00e4asiallinen kohderyhm\u00e4 on Etel\u00e4-Pohjanmaalla asuvat henkil\u00f6t.<\/p>\n<p>Useassa vaiheessa Riskioppi-ymp\u00e4rist\u00f6\u00e4 sinulta kysyt\u00e4\u00e4n tarvitsetko ohjausta. Jos koet tarvitsevasi ohjausta, ottaa hankeryhm\u00e4 sinuun yhteytt\u00e4 s\u00e4hk\u00f6postitse kolmen vuorokauden sis\u00e4ll\u00e4.<\/p>\n<p>Voit my\u00f6s ottaa yhteytt\u00e4 suoraan hankep\u00e4\u00e4llikk\u00f6\u00f6n <em>(juha.arrasvuori(at)uwasa.fi)<\/em>, niin h\u00e4n ohjaa kysymyksesi aiheeseen liittyv\u00e4lle asiantuntijalle. My\u00f6s Riskivirasto-pelin kautta opiskeleva voi pyyt\u00e4\u00e4 s\u00e4hk\u00f6postitse ohjausta.<\/p>\n<p>L\u00e4hiohjaus ja konsultointi voi liitty\u00e4 esimerkiksi riskienhallintakyvyn ja sit\u00e4 t\u00e4ydent\u00e4vien digitaalisten taitojen kehitt\u00e4miseen. Mik\u00e4li hankeryhm\u00e4 ei pysty neuvomaan tietyss\u00e4 kysymyksess\u00e4, ohjaamme sinut hankkeen puitteessa riskienhallinnan, digitaalisten taitojen sek\u00e4 rekrytointiasioiden asiantuntijalle.<\/p>\n","protected":false},"excerpt":{"rendered":"<p>(HUOM! Liittyminen ei en\u00e4\u00e4 mahdollista 31.8.2023 j\u00e4lkeen) Olet siis kiinnostunut opiskelemisesta Riskioppi-ymp\u00e4rist\u00f6ss\u00e4? Hienoa! Opiskelijaksi liittyminen ja osallistumisen p\u00e4\u00e4tt\u00e4minen, sek\u00e4 mahdollisuus saada ohjausta on kuvattu oheisessa kaaviossa: (Klikkaa kuvaa n\u00e4hd\u00e4ksesi t\u00e4ysikokoisen version) &nbsp; Aloitus Sinua pyydet\u00e4\u00e4n t\u00e4ytt\u00e4m\u00e4\u00e4n aloitusilmoitus ennen kuin p\u00e4\u00e4set k\u00e4ytt\u00e4m\u00e4\u00e4n Riskioppia tai Riskivirastoa. Aloitusilmoitus on salassa pidett\u00e4v\u00e4 dokumentti. Aloitusilmoituksessa ker\u00e4tyt tiedot: Henkil\u00f6n perustiedot ja [&hellip;]<\/p>\n","protected":false},"author":29,"featured_media":0,"parent":150,"menu_order":0,"comment_status":"closed","ping_status":"closed","template":"","meta":{"_acf_changed":false,"footnotes":""},"class_list":["post-1024","page","type-page","status-publish","hentry"],"acf":[],"_links":{"self":[{"href":"https:\/\/sites.uwasa.fi\/kompassi\/wp-json\/wp\/v2\/pages\/1024"}],"collection":[{"href":"https:\/\/sites.uwasa.fi\/kompassi\/wp-json\/wp\/v2\/pages"}],"about":[{"href":"https:\/\/sites.uwasa.fi\/kompassi\/wp-json\/wp\/v2\/types\/page"}],"author":[{"embeddable":true,"href":"https:\/\/sites.uwasa.fi\/kompassi\/wp-json\/wp\/v2\/users\/29"}],"replies":[{"embeddable":true,"href":"https:\/\/sites.uwasa.fi\/kompassi\/wp-json\/wp\/v2\/comments?post=1024"}],"version-history":[{"count":20,"href":"https:\/\/sites.uwasa.fi\/kompassi\/wp-json\/wp\/v2\/pages\/1024\/revisions"}],"predecessor-version":[{"id":1386,"href":"https:\/\/sites.uwasa.fi\/kompassi\/wp-json\/wp\/v2\/pages\/1024\/revisions\/1386"}],"up":[{"embeddable":true,"href":"https:\/\/sites.uwasa.fi\/kompassi\/wp-json\/wp\/v2\/pages\/150"}],"wp:attachment":[{"href":"https:\/\/sites.uwasa.fi\/kompassi\/wp-json\/wp\/v2\/media?parent=1024"}],"curies":[{"name":"wp","href":"https:\/\/api.w.org\/{rel}","templated":true}]}}