{"id":932,"date":"2024-05-02T11:58:47","date_gmt":"2024-05-02T08:58:47","guid":{"rendered":"https:\/\/sites.uwasa.fi\/kivanet\/?page_id=932"},"modified":"2025-11-21T14:31:54","modified_gmt":"2025-11-21T12:31:54","slug":"ranska-2","status":"publish","type":"page","link":"https:\/\/sites.uwasa.fi\/kivanet\/kurssitarjonta\/kevat-2026\/ranska\/ranska-2\/","title":{"rendered":"Ranska 2"},"content":{"rendered":"<table style=\"border-collapse: collapse;width: 100%\" border=\"1\">\n<tbody>\n<tr style=\"height: 24px\">\n<td style=\"width: 26.7939%;height: 24px\"><strong>\u00a0J\u00e4rjest\u00e4v\u00e4 korkeakoulu<\/strong><\/td>\n<td style=\"width: 65.3119%;height: 24px\">\u00a0<b>It\u00e4-Suomen yliopisto<\/b><\/td>\n<\/tr>\n<tr style=\"height: 24px\">\n<td style=\"width: 26.7939%;height: 24px\"><strong>\u00a0Opetuskieli<\/strong><\/td>\n<td style=\"width: 65.3119%;height: 24px\"><strong>\u00a0suomi<\/strong><\/td>\n<\/tr>\n<tr style=\"height: 24px\">\n<td style=\"width: 26.7939%;height: 10px\"><strong>\u00a0Ajoitus<\/strong><\/td>\n<td style=\"width: 65.3119%;height: 10px\"><strong>\u00a0Kurssi auki Moodlessa: 30.1.- 31.8.2026<\/strong><\/td>\n<\/tr>\n<tr style=\"height: 24px\">\n<td style=\"width: 26.7939%;height: 24px\"><strong>\u00a0Verkkotapaamisten aikataulu<\/strong><\/td>\n<td style=\"width: 65.3119%;height: 24px\">\u00a0<strong>Verkkotapaamisten aikataulu:<\/strong><\/p>\n<ul>\n<li><strong>pe 30.01.2026 10:15-11:45<\/strong><\/li>\n<li><strong>pe 13.02.2026 10:15-11:45<\/strong><\/li>\n<li><strong>pe 20.02.2026 10:15-11:45<\/strong><\/li>\n<li><strong>pe 27.02.2026 10:15-11:45<\/strong><\/li>\n<li><strong>pe 06.03.2026 10:15-11:45<\/strong><\/li>\n<li><strong>pe 13.03.2026 10:15-11:45<\/strong><\/li>\n<li><strong>pe 20.03.2026 10:15-11:45<\/strong><\/li>\n<li><strong>pe 27.03.2026 10:15-11:45<\/strong><\/li>\n<li><strong>pe 10.04.2026 10:15-11:45<\/strong><\/li>\n<li><strong>pe 17.04.2026 10:15-11:45<\/strong><\/li>\n<li><strong>pe 24.04.2026 10:15-11:45<\/strong><\/li>\n<li><strong>pe 08.05.2026 10:15-11:45<\/strong><\/li>\n<\/ul>\n<p><strong>\u00a0L\u00e4sn\u00e4olovelvoite v\u00e4hint\u00e4\u00e4n 50 %<\/strong><\/td>\n<\/tr>\n<tr style=\"height: 24px\">\n<td style=\"width: 26.7939%;height: 24px\"><strong>\u00a0Tentti Moodlessa<\/strong><strong><br \/>\n<\/strong><\/td>\n<td style=\"width: 65.3119%;height: 24px\"><strong>Tentti auki Moodlessa:<\/strong><\/p>\n<ul>\n<li><strong>Tentti 1: 14.\u201319.3.2026<\/strong><\/li>\n<li><strong style=\"font-family: inherit;font-size: inherit\">Tentti 2: 18.\u201323.4.2026<\/strong><\/li>\n<li><strong style=\"font-family: inherit;font-size: inherit\">Tentti 3: 9.\u201313.5.2026<\/strong><\/li>\n<\/ul>\n<p><strong>UUSINTATENTIT<\/strong><\/p>\n<p><strong>Moodlessa ke 27.5. &#8211; pe 29.5.2026<\/strong><\/td>\n<\/tr>\n<tr style=\"height: 24px\">\n<td style=\"width: 26.7939%;height: 24px\"><strong>\u00a0CEFR-taso<\/strong><\/td>\n<td style=\"width: 65.3119%;height: 24px\"><strong>\u00a0L\u00e4ht\u00f6taso A1.1 &gt; tavoitetaso A1.2<\/strong><\/td>\n<\/tr>\n<tr style=\"height: 24px\">\n<td style=\"width: 26.7939%;height: 25px\"><strong>\u00a0Opintopisteet<\/strong><\/td>\n<td style=\"width: 65.3119%;height: 25px\"><strong>\u00a03<\/strong><\/td>\n<\/tr>\n<tr style=\"height: 24px\">\n<td style=\"width: 26.7939%;height: 24px\"><strong>\u00a0Esitiedot<\/strong><\/td>\n<td style=\"width: 65.3119%;height: 24px\"><strong> <span class=\"TextRun Highlight SCXW71701940 BCX8\" lang=\"FI-FI\" xml:lang=\"FI-FI\" data-contrast=\"none\"><span class=\"NormalTextRun SCXW71701940 BCX8\" data-ccp-charstyle=\"normaltextrun\" data-ccp-charstyle-defn=\"{&quot;ObjectId&quot;:&quot;ac0262f4-8a9e-5820-b908-2d943c5f7113|1&quot;,&quot;ClassId&quot;:1073872969,&quot;Properties&quot;:[201342446,&quot;1&quot;,201342447,&quot;5&quot;,201342448,&quot;3&quot;,201342449,&quot;1&quot;,469777841,&quot;Calibri&quot;,469777842,&quot;&quot;,469777843,&quot;\u6e38\u660e\u671d&quot;,469777844,&quot;Calibri&quot;,201341986,&quot;1&quot;,469769226,&quot;Calibri,\u6e38\u660e\u671d&quot;,268442635,&quot;22&quot;,469775450,&quot;normaltextrun&quot;,201340122,&quot;1&quot;,134233614,&quot;true&quot;,469778129,&quot;normaltextrun&quot;,335572020,&quot;1&quot;,469778324,&quot;Default Paragraph Font&quot;]}\">Opintojakso edellytt\u00e4\u00e4 <\/span><span class=\"NormalTextRun SpellingErrorV2Themed SCXW71701940 BCX8\" data-ccp-charstyle=\"normaltextrun\">KiVANETin<\/span><span class=\"NormalTextRun SCXW71701940 BCX8\" data-ccp-charstyle=\"normaltextrun\"> Ranska 1 suorittamista tai vastaavaa osaamista ranskan kieless\u00e4<\/span><span class=\"NormalTextRun SCXW71701940 BCX8\" data-ccp-charstyle=\"normaltextrun\"> (<\/span><span class=\"NormalTextRun SCXW71701940 BCX8\" data-ccp-charstyle=\"normaltextrun\">taitotaso A1.1.<\/span><span class=\"NormalTextRun SCXW71701940 BCX8\" data-ccp-charstyle=\"normaltextrun\">)<\/span><span class=\"NormalTextRun SCXW71701940 BCX8\" data-ccp-charstyle=\"normaltextrun\">.<\/span><\/span><span class=\"EOP SCXW71701940 BCX8\" data-ccp-props=\"{&quot;201341983&quot;:0,&quot;335551550&quot;:6,&quot;335551620&quot;:6,&quot;335559739&quot;:0,&quot;335559740&quot;:240}\">\u00a0<\/span><\/strong><\/td>\n<\/tr>\n<\/tbody>\n<\/table>\n<h2>Kurssikuvaus<\/h2>\n<p><b><span data-contrast=\"auto\">Sis\u00e4lt\u00f6<\/span><\/b><span data-ccp-props=\"{&quot;201341983&quot;:0,&quot;335551550&quot;:6,&quot;335551620&quot;:6,&quot;335559739&quot;:240,&quot;335559740&quot;:360}\">\u00a0<\/span><\/p>\n<p><span data-contrast=\"none\">Opintojaksolla opitaan lis\u00e4\u00e4 ranskan kielen \u00e4\u00e4nt\u00e4mist\u00e4, perusrakenteita ja -sanastoa sek\u00e4 vahvistetaan kuullun ymm\u00e4rt\u00e4mist\u00e4 ja puheen tuottamista tavallisimmissa viestint\u00e4tilanteissa. Opintojaksolla tutustutaan my\u00f6s ranskalaiseen kulttuuriin ja tapoihin.<\/span><span data-ccp-props=\"{&quot;201341983&quot;:0,&quot;335551550&quot;:6,&quot;335551620&quot;:6,&quot;335559739&quot;:240,&quot;335559740&quot;:240}\">\u00a0<\/span><\/p>\n<ul>\n<li data-leveltext=\"\uf0b7\" data-font=\"Symbol\" data-listid=\"15\" data-list-defn-props=\"{&quot;335552541&quot;:1,&quot;335559685&quot;:720,&quot;335559991&quot;:360,&quot;469769226&quot;:&quot;Symbol&quot;,&quot;469769242&quot;:[8226],&quot;469777803&quot;:&quot;left&quot;,&quot;469777804&quot;:&quot;\uf0b7&quot;,&quot;469777815&quot;:&quot;hybridMultilevel&quot;}\" data-aria-posinset=\"1\" data-aria-level=\"1\"><span data-contrast=\"auto\">ajanilmaukset ja suuret lukusanat<\/span><span data-ccp-props=\"{&quot;201341983&quot;:0,&quot;335551550&quot;:6,&quot;335551620&quot;:6,&quot;335559739&quot;:240,&quot;335559740&quot;:240}\">\u00a0<\/span><\/li>\n<li data-leveltext=\"\uf0b7\" data-font=\"Symbol\" data-listid=\"15\" data-list-defn-props=\"{&quot;335552541&quot;:1,&quot;335559685&quot;:720,&quot;335559991&quot;:360,&quot;469769226&quot;:&quot;Symbol&quot;,&quot;469769242&quot;:[8226],&quot;469777803&quot;:&quot;left&quot;,&quot;469777804&quot;:&quot;\uf0b7&quot;,&quot;469777815&quot;:&quot;hybridMultilevel&quot;}\" data-aria-posinset=\"2\" data-aria-level=\"1\"><span data-contrast=\"none\">refleksiiviverbit<\/span><span data-ccp-props=\"{&quot;201341983&quot;:0,&quot;335551550&quot;:6,&quot;335551620&quot;:6,&quot;335559739&quot;:240,&quot;335559740&quot;:240}\">\u00a0<\/span><\/li>\n<li data-leveltext=\"\uf0b7\" data-font=\"Symbol\" data-listid=\"15\" data-list-defn-props=\"{&quot;335552541&quot;:1,&quot;335559685&quot;:720,&quot;335559991&quot;:360,&quot;469769226&quot;:&quot;Symbol&quot;,&quot;469769242&quot;:[8226],&quot;469777803&quot;:&quot;left&quot;,&quot;469777804&quot;:&quot;\uf0b7&quot;,&quot;469777815&quot;:&quot;hybridMultilevel&quot;}\" data-aria-posinset=\"3\" data-aria-level=\"1\"><span data-contrast=\"none\">aikamuotojen muodostus ja k\u00e4ytt\u00f6: l\u00e4hifutuuri (aller + infinitiivi), kestopreesens (\u00eatre en train de + infinitiivi), l\u00e4himenneisyys (venir de + infinitiivi), menneen ajan aikamuodon pass\u00e9 compos\u00e9<\/span><span data-ccp-props=\"{&quot;201341983&quot;:0,&quot;335551550&quot;:6,&quot;335551620&quot;:6,&quot;335559739&quot;:240,&quot;335559740&quot;:240}\">\u00a0<\/span><\/li>\n<li data-leveltext=\"\uf0b7\" data-font=\"Symbol\" data-listid=\"15\" data-list-defn-props=\"{&quot;335552541&quot;:1,&quot;335559685&quot;:720,&quot;335559991&quot;:360,&quot;469769226&quot;:&quot;Symbol&quot;,&quot;469769242&quot;:[8226],&quot;469777803&quot;:&quot;left&quot;,&quot;469777804&quot;:&quot;\uf0b7&quot;,&quot;469777815&quot;:&quot;hybridMultilevel&quot;}\" data-aria-posinset=\"4\" data-aria-level=\"1\"><span data-contrast=\"none\">partitiivi ja m\u00e4\u00e4r\u00e4nilmaukset<\/span><span data-ccp-props=\"{&quot;201341983&quot;:0,&quot;335551550&quot;:6,&quot;335551620&quot;:6,&quot;335559739&quot;:240,&quot;335559740&quot;:240}\">\u00a0<\/span><\/li>\n<li data-leveltext=\"\uf0b7\" data-font=\"Symbol\" data-listid=\"15\" data-list-defn-props=\"{&quot;335552541&quot;:1,&quot;335559685&quot;:720,&quot;335559991&quot;:360,&quot;469769226&quot;:&quot;Symbol&quot;,&quot;469769242&quot;:[8226],&quot;469777803&quot;:&quot;left&quot;,&quot;469777804&quot;:&quot;\uf0b7&quot;,&quot;469777815&quot;:&quot;hybridMultilevel&quot;}\" data-aria-posinset=\"5\" data-aria-level=\"1\"><span data-contrast=\"none\">adjektiivit\u00a0<\/span><span data-ccp-props=\"{&quot;201341983&quot;:0,&quot;335551550&quot;:6,&quot;335551620&quot;:6,&quot;335559739&quot;:240,&quot;335559740&quot;:240}\">\u00a0<\/span><\/li>\n<li data-leveltext=\"\uf0b7\" data-font=\"Symbol\" data-listid=\"15\" data-list-defn-props=\"{&quot;335552541&quot;:1,&quot;335559685&quot;:720,&quot;335559991&quot;:360,&quot;469769226&quot;:&quot;Symbol&quot;,&quot;469769242&quot;:[8226],&quot;469777803&quot;:&quot;left&quot;,&quot;469777804&quot;:&quot;\uf0b7&quot;,&quot;469777815&quot;:&quot;hybridMultilevel&quot;}\" data-aria-posinset=\"6\" data-aria-level=\"1\"><span data-contrast=\"none\">modaalisten apuverbien vouloir, pouvoir, devoir ja savoir taivutus ja k\u00e4ytt\u00f6<\/span><span data-ccp-props=\"{&quot;201341983&quot;:0,&quot;335551550&quot;:6,&quot;335551620&quot;:6,&quot;335559739&quot;:240,&quot;335559740&quot;:240}\">\u00a0<\/span><\/li>\n<li data-leveltext=\"\uf0b7\" data-font=\"Symbol\" data-listid=\"15\" data-list-defn-props=\"{&quot;335552541&quot;:1,&quot;335559685&quot;:720,&quot;335559991&quot;:360,&quot;469769226&quot;:&quot;Symbol&quot;,&quot;469769242&quot;:[8226],&quot;469777803&quot;:&quot;left&quot;,&quot;469777804&quot;:&quot;\uf0b7&quot;,&quot;469777815&quot;:&quot;hybridMultilevel&quot;}\" data-aria-posinset=\"7\" data-aria-level=\"1\"><span data-contrast=\"none\">avoir besoin de &#8211; rakenne<\/span><span data-ccp-props=\"{&quot;201341983&quot;:0,&quot;335551550&quot;:6,&quot;335551620&quot;:6,&quot;335559739&quot;:240,&quot;335559740&quot;:240}\">\u00a0<\/span><\/li>\n<li data-leveltext=\"\uf0b7\" data-font=\"Symbol\" data-listid=\"15\" data-list-defn-props=\"{&quot;335552541&quot;:1,&quot;335559685&quot;:720,&quot;335559991&quot;:360,&quot;469769226&quot;:&quot;Symbol&quot;,&quot;469769242&quot;:[8226],&quot;469777803&quot;:&quot;left&quot;,&quot;469777804&quot;:&quot;\uf0b7&quot;,&quot;469777815&quot;:&quot;hybridMultilevel&quot;}\" data-aria-posinset=\"8\" data-aria-level=\"1\"><span data-contrast=\"none\">kysymysten muodostaminen<\/span><span data-ccp-props=\"{&quot;201341983&quot;:0,&quot;335551550&quot;:6,&quot;335551620&quot;:6,&quot;335559739&quot;:240,&quot;335559740&quot;:276}\">\u00a0<\/span><\/li>\n<\/ul>\n<p><b><span data-contrast=\"auto\">Osaamistavoitteet<\/span><\/b><span data-contrast=\"auto\">\u00a0<\/span><span data-ccp-props=\"{&quot;201341983&quot;:0,&quot;335551550&quot;:6,&quot;335551620&quot;:6,&quot;335559739&quot;:240,&quot;335559740&quot;:276}\">\u00a0<\/span><\/p>\n<p><span data-contrast=\"none\">T\u00e4m\u00e4n opintojakson j\u00e4lkeen osaat mm:\u202f<\/span><span data-ccp-props=\"{&quot;201341983&quot;:0,&quot;335551550&quot;:6,&quot;335551620&quot;:6,&quot;335559739&quot;:240,&quot;335559740&quot;:276}\">\u00a0<\/span><\/p>\n<ul>\n<li data-leveltext=\"\uf0b7\" data-font=\"Symbol\" data-listid=\"16\" data-list-defn-props=\"{&quot;335552541&quot;:1,&quot;335559685&quot;:720,&quot;335559991&quot;:360,&quot;469769226&quot;:&quot;Symbol&quot;,&quot;469769242&quot;:[8226],&quot;469777803&quot;:&quot;left&quot;,&quot;469777804&quot;:&quot;\uf0b7&quot;,&quot;469777815&quot;:&quot;hybridMultilevel&quot;}\" data-aria-posinset=\"9\" data-aria-level=\"1\"><span data-contrast=\"none\">kertoa tavallisesta p\u00e4iv\u00e4st\u00e4si sek\u00e4 menneist\u00e4 ja tulevista tapahtumista<\/span><\/li>\n<li data-leveltext=\"\uf0b7\" data-font=\"Symbol\" data-listid=\"16\" data-list-defn-props=\"{&quot;335552541&quot;:1,&quot;335559685&quot;:720,&quot;335559991&quot;:360,&quot;469769226&quot;:&quot;Symbol&quot;,&quot;469769242&quot;:[8226],&quot;469777803&quot;:&quot;left&quot;,&quot;469777804&quot;:&quot;\uf0b7&quot;,&quot;469777815&quot;:&quot;hybridMultilevel&quot;}\" data-aria-posinset=\"9\" data-aria-level=\"1\"><span data-contrast=\"none\">kirjoittaa lyhyit\u00e4 viestej\u00e4<\/span><span data-ccp-props=\"{&quot;201341983&quot;:0,&quot;335551550&quot;:6,&quot;335551620&quot;:6,&quot;335559739&quot;:240,&quot;335559740&quot;:276}\">\u00a0<\/span><\/li>\n<li data-leveltext=\"\uf0b7\" data-font=\"Symbol\" data-listid=\"16\" data-list-defn-props=\"{&quot;335552541&quot;:1,&quot;335559685&quot;:720,&quot;335559991&quot;:360,&quot;469769226&quot;:&quot;Symbol&quot;,&quot;469769242&quot;:[8226],&quot;469777803&quot;:&quot;left&quot;,&quot;469777804&quot;:&quot;\uf0b7&quot;,&quot;469777815&quot;:&quot;hybridMultilevel&quot;}\" data-aria-posinset=\"9\" data-aria-level=\"1\"><span data-contrast=\"none\">asioida kahvilassa ja ravintolassa<\/span><span data-ccp-props=\"{&quot;201341983&quot;:0,&quot;335551550&quot;:6,&quot;335551620&quot;:6,&quot;335559739&quot;:240,&quot;335559740&quot;:276}\">\u00a0<\/span><\/li>\n<li data-leveltext=\"\uf0b7\" data-font=\"Symbol\" data-listid=\"16\" data-list-defn-props=\"{&quot;335552541&quot;:1,&quot;335559685&quot;:720,&quot;335559991&quot;:360,&quot;469769226&quot;:&quot;Symbol&quot;,&quot;469769242&quot;:[8226],&quot;469777803&quot;:&quot;left&quot;,&quot;469777804&quot;:&quot;\uf0b7&quot;,&quot;469777815&quot;:&quot;hybridMultilevel&quot;}\" data-aria-posinset=\"9\" data-aria-level=\"1\"><span data-contrast=\"none\">kuvailla henkil\u00f6it\u00e4 ja heid\u00e4n vaatetustaan<\/span><span data-ccp-props=\"{&quot;201341983&quot;:0,&quot;335551550&quot;:6,&quot;335551620&quot;:6,&quot;335559739&quot;:240,&quot;335559740&quot;:276}\">\u00a0<\/span><\/li>\n<li data-leveltext=\"\uf0b7\" data-font=\"Symbol\" data-listid=\"16\" data-list-defn-props=\"{&quot;335552541&quot;:1,&quot;335559685&quot;:720,&quot;335559991&quot;:360,&quot;469769226&quot;:&quot;Symbol&quot;,&quot;469769242&quot;:[8226],&quot;469777803&quot;:&quot;left&quot;,&quot;469777804&quot;:&quot;\uf0b7&quot;,&quot;469777815&quot;:&quot;hybridMultilevel&quot;}\" data-aria-posinset=\"9\" data-aria-level=\"1\"><span data-contrast=\"none\">selvitt\u00e4\u00e4 pieni\u00e4 ongelmatilanteita ja esitt\u00e4\u00e4 kysymyksi\u00e4<\/span><span data-ccp-props=\"{&quot;201341983&quot;:0,&quot;335551550&quot;:6,&quot;335551620&quot;:6,&quot;335559739&quot;:240,&quot;335559740&quot;:276}\">\u00a0<\/span><\/li>\n<li data-leveltext=\"\uf0b7\" data-font=\"Symbol\" data-listid=\"16\" data-list-defn-props=\"{&quot;335552541&quot;:1,&quot;335559685&quot;:720,&quot;335559991&quot;:360,&quot;469769226&quot;:&quot;Symbol&quot;,&quot;469769242&quot;:[8226],&quot;469777803&quot;:&quot;left&quot;,&quot;469777804&quot;:&quot;\uf0b7&quot;,&quot;469777815&quot;:&quot;hybridMultilevel&quot;}\" data-aria-posinset=\"9\" data-aria-level=\"1\"><span data-contrast=\"none\">kertoa, mit\u00e4 tarvitset<\/span><span data-ccp-props=\"{&quot;201341983&quot;:0,&quot;335551550&quot;:6,&quot;335551620&quot;:6,&quot;335559739&quot;:240,&quot;335559740&quot;:276}\">\u00a0<\/span><\/li>\n<\/ul>\n<p><b><span data-contrast=\"auto\">Oppimateriaali<\/span><\/b><span data-ccp-props=\"{&quot;201341983&quot;:0,&quot;335551550&quot;:6,&quot;335551620&quot;:6,&quot;335559739&quot;:240,&quot;335559740&quot;:276}\">\u00a0<\/span><\/p>\n<p><span data-contrast=\"auto\">Kaikki oppimateriaali on digitaalisella oppimisalustalla.\u202f<\/span><span data-ccp-props=\"{&quot;201341983&quot;:0,&quot;335551550&quot;:6,&quot;335551620&quot;:6,&quot;335559739&quot;:240,&quot;335559740&quot;:276}\">\u00a0<\/span><\/p>\n<p><b><span data-contrast=\"auto\">Opetus- ja arviointimenetelm\u00e4t<\/span><\/b><span data-ccp-props=\"{&quot;134233117&quot;:false,&quot;134233118&quot;:false,&quot;201341983&quot;:0,&quot;335551550&quot;:6,&quot;335551620&quot;:6,&quot;335559738&quot;:0,&quot;335559739&quot;:0,&quot;335559740&quot;:276}\">\u00a0<\/span><\/p>\n<p><span data-contrast=\"none\">Opiskelet itsen\u00e4isesti tekstien, nauhoitteiden, videoiden ja interaktiivisten harjoitusten avulla oppimisalustalla ja harjoittelet oppimaasi viikoittaisissa verkkotapaamisissa. Arviointi perustuu yhteen tai useampaan kokeeseen sek\u00e4 palautettuihin kirjallisiin ja suullisiin harjoituksiin.\u202f<\/span><span data-contrast=\"none\">\u202f\u202f<\/span><span data-ccp-props=\"{&quot;134233117&quot;:false,&quot;134233118&quot;:false,&quot;201341983&quot;:0,&quot;335551550&quot;:6,&quot;335551620&quot;:6,&quot;335559738&quot;:0,&quot;335559739&quot;:0,&quot;335559740&quot;:276}\">\u00a0<\/span><\/p>\n<p><b><span data-contrast=\"auto\">Arviointiasteikko ja arviointikriteerit<\/span><\/b><span data-ccp-props=\"{&quot;201341983&quot;:0,&quot;335551550&quot;:6,&quot;335551620&quot;:6,&quot;335559739&quot;:240,&quot;335559740&quot;:276}\">\u00a0<\/span><\/p>\n<p><span data-contrast=\"none\">Hyv\u00e4ksytty\/hyl\u00e4tty tai asteikolla 0-5 toteutuksen mukaan. Harjoitukset arvioidaan asteikolla hyv\u00e4ksytty\/hyl\u00e4tty.\u202f\u202f\u202f\u202f<\/span><span data-ccp-props=\"{&quot;201341983&quot;:0,&quot;335551550&quot;:6,&quot;335551620&quot;:6,&quot;335559739&quot;:240,&quot;335559740&quot;:276}\">\u00a0<\/span><\/p>\n<p><strong>Ty\u00f6m\u00e4\u00e4r\u00e4 toteutustavoittain<\/strong><\/p>\n<ul>\n<li>itsen\u00e4inen opiskelu <strong>25 h\u00a0<\/strong><\/li>\n<li>teht\u00e4v\u00e4t 28 h<\/li>\n<li>yhteiset verkkotapaamiset <strong>24 h\u00a0<\/strong><\/li>\n<li>Tentit 3 kpl 4 h<\/li>\n<\/ul>\n<p>Yhteens\u00e4 81 h. Yksi opintopiste vastaa 27 h opiskelijan ty\u00f6t\u00e4 (3 x 27 h = 81 h).<\/p>\n<h2><strong>Ilmoittautuminen 1.12.2025-11.1.2026.<\/strong><\/h2>\n<h2><a href=\"https:\/\/link.webropol.com\/s\/kivanetkevat26\" target=\"_blank\" rel=\"noopener\">Linkki ilmoittautumislomakkeeseen.<\/a><\/h2>\n","protected":false},"excerpt":{"rendered":"<p>\u00a0J\u00e4rjest\u00e4v\u00e4 korkeakoulu \u00a0It\u00e4-Suomen yliopisto \u00a0Opetuskieli \u00a0suomi \u00a0Ajoitus \u00a0Kurssi auki Moodlessa: 30.1.- 31.8.2026 \u00a0Verkkotapaamisten aikataulu \u00a0Verkkotapaamisten aikataulu: pe 30.01.2026 10:15-11:45 pe 13.02.2026 10:15-11:45 pe 20.02.2026 10:15-11:45 pe 27.02.2026 10:15-11:45 pe 06.03.2026 10:15-11:45 pe 13.03.2026 10:15-11:45 pe 20.03.2026 10:15-11:45 pe 27.03.2026 10:15-11:45 pe 10.04.2026 10:15-11:45 pe 17.04.2026 10:15-11:45 pe 24.04.2026 10:15-11:45 pe 08.05.2026 10:15-11:45 \u00a0L\u00e4sn\u00e4olovelvoite v\u00e4hint\u00e4\u00e4n 50 [&hellip;]<\/p>\n","protected":false},"author":185,"featured_media":0,"parent":670,"menu_order":0,"comment_status":"closed","ping_status":"closed","template":"","meta":{"_acf_changed":false,"footnotes":""},"class_list":["post-932","page","type-page","status-publish","hentry"],"acf":[],"lang":"fi","translations":{"fi":932},"pll_sync_post":[],"_links":{"self":[{"href":"https:\/\/sites.uwasa.fi\/kivanet\/wp-json\/wp\/v2\/pages\/932"}],"collection":[{"href":"https:\/\/sites.uwasa.fi\/kivanet\/wp-json\/wp\/v2\/pages"}],"about":[{"href":"https:\/\/sites.uwasa.fi\/kivanet\/wp-json\/wp\/v2\/types\/page"}],"author":[{"embeddable":true,"href":"https:\/\/sites.uwasa.fi\/kivanet\/wp-json\/wp\/v2\/users\/185"}],"replies":[{"embeddable":true,"href":"https:\/\/sites.uwasa.fi\/kivanet\/wp-json\/wp\/v2\/comments?post=932"}],"version-history":[{"count":12,"href":"https:\/\/sites.uwasa.fi\/kivanet\/wp-json\/wp\/v2\/pages\/932\/revisions"}],"predecessor-version":[{"id":3725,"href":"https:\/\/sites.uwasa.fi\/kivanet\/wp-json\/wp\/v2\/pages\/932\/revisions\/3725"}],"up":[{"embeddable":true,"href":"https:\/\/sites.uwasa.fi\/kivanet\/wp-json\/wp\/v2\/pages\/670"}],"wp:attachment":[{"href":"https:\/\/sites.uwasa.fi\/kivanet\/wp-json\/wp\/v2\/media?parent=932"}],"curies":[{"name":"wp","href":"https:\/\/api.w.org\/{rel}","templated":true}]}}