{"id":895,"date":"2024-05-02T11:27:32","date_gmt":"2024-05-02T08:27:32","guid":{"rendered":"https:\/\/sites.uwasa.fi\/kivanet\/?page_id=895"},"modified":"2025-11-21T14:19:01","modified_gmt":"2025-11-21T12:19:01","slug":"espanja-1","status":"publish","type":"page","link":"https:\/\/sites.uwasa.fi\/kivanet\/kurssitarjonta\/kevat-2026\/espanja\/espanja-1\/","title":{"rendered":"Espanja 1"},"content":{"rendered":"<table style=\"border-collapse: collapse;width: 100%\" border=\"1\">\n<tbody>\n<tr style=\"height: 24px\">\n<td style=\"width: 20.3243%;height: 24px\"><strong>\u00a0J\u00e4rjest\u00e4v\u00e4 korkeakoulu<\/strong><\/td>\n<td style=\"width: 28.4103%;height: 24px\"><strong>\u00a0Savonia<\/strong><\/td>\n<td style=\"width: 30.7574%;height: 24px\"><strong>\u00a0SAMK<\/strong><\/td>\n<\/tr>\n<tr style=\"height: 24px\">\n<td style=\"width: 20.3243%;height: 24px\"><strong>\u00a0Opetuskieli<\/strong><\/td>\n<td style=\"width: 28.4103%;height: 24px\"><strong>\u00a0suomi<\/strong><\/td>\n<td style=\"width: 30.7574%;height: 24px\">\u00a0<strong>suomi<\/strong><\/td>\n<\/tr>\n<tr style=\"height: 24px\">\n<td style=\"width: 20.3243%;height: 24px\"><strong>\u00a0Ajoitus<\/strong><\/td>\n<td style=\"width: 28.4103%;height: 24px\">\u00a0<strong>Kurssi auki Moodlessa 2.2.-6.5.2026<\/strong><\/td>\n<td style=\"width: 30.7574%;height: 24px\">\n<p><strong>\u00a0Kurssi auki Moodlessa 2.2.-17.4.2026<\/strong><\/p>\n<p><strong>1. moduuli 2.-22.2.2026<\/strong><\/p>\n<p><strong>\u00a02. moduuli 23.2.-15.3.2026<\/strong><\/p>\n<p><strong>\u00a03. moduuli 16.3.-9.4.2026<\/strong><\/td>\n<\/tr>\n<tr style=\"height: 24px\">\n<td style=\"width: 20.3243%;height: 24px\"><strong>\u00a0Verkkotapaamisten aikataulu<\/strong><\/td>\n<td style=\"width: 28.4103%;height: 24px\"><strong>\u00a0Ei verkkotapaamisia.<\/strong><\/td>\n<td style=\"width: 30.7574%;height: 24px\">\u00a0 <strong>Ei verkkotapaamisia.<\/strong><\/td>\n<\/tr>\n<tr style=\"height: 24px\">\n<td style=\"width: 20.3243%;height: 24px\"><strong>\u00a0Tentti Moodlessa<\/strong><\/td>\n<td style=\"width: 28.4103%;height: 24px\">\n<p><strong>\u00a015.4.2026 klo 8-20.00 <\/strong><\/p>\n<p><strong>\u00a01. uusinta 22.4.2026, <\/strong><\/p>\n<p><strong>\u00a02. uusinta 6.5.2026<\/strong><\/td>\n<td style=\"width: 30.7574%;height: 24px\">\n<p>\u00a0 <strong>17.4.2026<\/strong><\/p>\n<p>1. uusinta 8.5.2026<\/p>\n<p>2. uusinta 22.5.2026<\/td>\n<\/tr>\n<tr style=\"height: 24px\">\n<td style=\"width: 20.3243%;height: 24px\"><strong>\u00a0CEFR-taso<\/strong><\/td>\n<td style=\"width: 28.4103%;height: 24px\"><strong>\u00a0L\u00e4ht\u00f6taso 0 &gt; tavoitetaso A1.1<\/strong><\/td>\n<td style=\"width: 30.7574%;height: 24px\"><strong>\u00a0L\u00e4ht\u00f6taso 0 &gt; tavoitetaso A1.1<\/strong><\/td>\n<\/tr>\n<tr style=\"height: 24px\">\n<td style=\"width: 20.3243%;height: 24px\"><strong>\u00a0Opintopisteet<\/strong><\/td>\n<td style=\"width: 28.4103%;height: 24px\"><strong>\u00a03<\/strong><\/td>\n<td style=\"width: 30.7574%;height: 24px\">\u00a0<strong>3<\/strong><\/td>\n<\/tr>\n<tr style=\"height: 24px\">\n<td style=\"width: 20.3243%;height: 24px\"><strong>\u00a0Esitiedot<\/strong><\/td>\n<td style=\"width: 28.4103%;height: 24px\"><strong>\u00a0Opiskelijalta ei vaadita aikaisempaa espanjan osaamista.<\/strong><\/td>\n<td style=\"width: 30.7574%;height: 24px\"><strong>\u00a0Opiskelijalta ei vaadita aikaisempaa espanjan osaamista.<\/strong><\/td>\n<\/tr>\n<\/tbody>\n<\/table>\n<h2>Kurssikuvaus<\/h2>\n<p><strong>Sis\u00e4lt\u00f6<\/strong><\/p>\n<p><em>\u00a1<\/em><em>Hola! <\/em><em>\u00a1<\/em><em>Bienvenidos a estudiar espa\u00f1ol!<\/em><\/p>\n<p>Tervetuloa aloittamaan espanjan kielen opintosi verkkokurssilla itsen\u00e4isten ja monipuolisten teht\u00e4vien avulla! Opit esittelem\u00e4\u00e4n itsesi, juttelemaan small talk -tilanteissa, kertomaan opinnoistasi ja ty\u00f6st\u00e4si, kysym\u00e4\u00e4n tiet\u00e4 ja asioimaan hotellissa. Tutustut Espanjaan ja valmistaudut k\u00e4ytt\u00e4m\u00e4\u00e4n kielt\u00e4 maahan matkustaessasi. Opit my\u00f6s tilaamaan juomia ja ruokia kahvilassa.<em>\u00a0<\/em><\/p>\n<ul>\n<li>\u00e4\u00e4nt\u00e4minen, sanapaino ja intonaatio<\/li>\n<li>aakkoset ja oman nimen tavaaminen<\/li>\n<li>itsest\u00e4, omista opinnoista ja ty\u00f6st\u00e4 kertominen<\/li>\n<li>kahvilassa asioiminen, matkustaminen ja kulkuneuvot, hotellissa asiointi<\/li>\n<li>tutustuminen maahan ja sen kulttuuriin (maiden nimien ja kansalaisuuksien k\u00e4ytt\u00f6)<\/li>\n<li>kielen perusrakenteet: substantiivien ja adjektiivien taipuminen, olla-verbien erot ja s\u00e4\u00e4nn\u00f6llisten verbien preesenstaivutus, artikkelien k\u00e4ytt\u00f6, tavallisimpien ep\u00e4s\u00e4\u00e4nn\u00f6llisten verbien taivutus nykyajassa<\/li>\n<li>kysymyssanat<\/li>\n<li>tavallisimmat prepositiot<\/li>\n<li>lukusanat 1\u2013100, j\u00e4rjestysluvut 1\u201310<\/li>\n<li>l\u00e4hitulevaisuuden ilmaiseminen<\/li>\n<\/ul>\n<p><strong>Osaamistavoitteet<\/strong><\/p>\n<p>T\u00e4m\u00e4n opintojakson j\u00e4lkeen osaat:<\/p>\n<ul>\n<li>k\u00e4ytt\u00e4\u00e4 kielelle ja kulttuurille tyypillisimpi\u00e4 ilmauksia kaikkein rutiininomaisimmissa arki- ja ty\u00f6el\u00e4m\u00e4n viestint\u00e4tilanteissa<\/li>\n<li>kirjoittaa ja \u00e4\u00e4nt\u00e4\u00e4 ymm\u00e4rrett\u00e4v\u00e4sti yksitt\u00e4isi\u00e4 sanoja ja lyhyit\u00e4 lauseita<\/li>\n<li>huomioida paremmin kulttuurista monimuotoisuutta ja kielitietoisuutta sek\u00e4 suunnitella tulevia, seuraavan tason kieliopintoja.<\/li>\n<\/ul>\n<p><strong>Oppimateriaali<\/strong><\/p>\n<p>Kaikki oppimateriaali on digitaalisella oppimisalustalla<\/p>\n<p><strong>Opetus- ja arviointimenetelm\u00e4t<\/strong><\/p>\n<p>Opetus ja harjoitusteht\u00e4v\u00e4t digitaalisella alustalla.<\/p>\n<p>Arviointi perustuu seuraaviin suorituksiin:<\/p>\n<ul>\n<li>kolme videoteht\u00e4v\u00e4\u00e4<\/li>\n<li>kolme kirjallista testi\u00e4<\/li>\n<li>kolme lyhytt\u00e4 kulttuuriteht\u00e4v\u00e4\u00e4<\/li>\n<li>lopputentti<\/li>\n<\/ul>\n<p><strong>Arvosteluasteikko<\/strong><strong>\u202f<\/strong><strong>ja arviointikriteerit<\/strong><\/p>\n<p>Hyv\u00e4ksytty\/hyl\u00e4tty<\/p>\n<p>Arviointikriteerit perustuvat osaamistavoitteissa ja suoritustavoissa mainittuihin asioihin. Hyv\u00e4ksytty-arvosanan saamiseksi kaikki vaaditut teht\u00e4v\u00e4t pit\u00e4\u00e4 palauttaa hyv\u00e4ksytysti m\u00e4\u00e4r\u00e4aikaan menness\u00e4. Lis\u00e4ksi kurssin lopputentti tulee suorittaa hyv\u00e4ksytysti.<\/p>\n<p><strong>Ty\u00f6m\u00e4\u00e4r\u00e4 toteutustavoittain<\/strong><\/p>\n<ul>\n<li>itsen\u00e4inen opiskelu ja palautettavat teht\u00e4v\u00e4t 79h<\/li>\n<li>lopputentti 2h<\/li>\n<\/ul>\n<p>Yhteens\u00e4 81 h. Yksi opintopiste vastaa 27 h opiskelijan ty\u00f6t\u00e4 (3 x 27 h = 81 h).<\/p>\n<h2><strong>Ilmoittautuminen molempiin ryhmiin 1.12.2025-11.1.2026.<\/strong><\/h2>\n<h2><a href=\"https:\/\/link.webropol.com\/s\/kivanetkevat26\" target=\"_blank\" rel=\"noopener\">Linkki ilmoittautumislomakkeeseen.<\/a><\/h2>\n","protected":false},"excerpt":{"rendered":"<p>\u00a0J\u00e4rjest\u00e4v\u00e4 korkeakoulu \u00a0Savonia \u00a0SAMK \u00a0Opetuskieli \u00a0suomi \u00a0suomi \u00a0Ajoitus \u00a0Kurssi auki Moodlessa 2.2.-6.5.2026 \u00a0Kurssi auki Moodlessa 2.2.-17.4.2026 1. moduuli 2.-22.2.2026 \u00a02. moduuli 23.2.-15.3.2026 \u00a03. moduuli 16.3.-9.4.2026 \u00a0Verkkotapaamisten aikataulu \u00a0Ei verkkotapaamisia. \u00a0 Ei verkkotapaamisia. \u00a0Tentti Moodlessa \u00a015.4.2026 klo 8-20.00 \u00a01. uusinta 22.4.2026, \u00a02. uusinta 6.5.2026 \u00a0 17.4.2026 1. uusinta 8.5.2026 2. uusinta 22.5.2026 \u00a0CEFR-taso \u00a0L\u00e4ht\u00f6taso 0 &gt; [&hellip;]<\/p>\n","protected":false},"author":185,"featured_media":0,"parent":664,"menu_order":0,"comment_status":"closed","ping_status":"closed","template":"","meta":{"_acf_changed":false,"footnotes":""},"class_list":["post-895","page","type-page","status-publish","hentry"],"acf":[],"lang":"fi","translations":{"fi":895},"pll_sync_post":[],"_links":{"self":[{"href":"https:\/\/sites.uwasa.fi\/kivanet\/wp-json\/wp\/v2\/pages\/895"}],"collection":[{"href":"https:\/\/sites.uwasa.fi\/kivanet\/wp-json\/wp\/v2\/pages"}],"about":[{"href":"https:\/\/sites.uwasa.fi\/kivanet\/wp-json\/wp\/v2\/types\/page"}],"author":[{"embeddable":true,"href":"https:\/\/sites.uwasa.fi\/kivanet\/wp-json\/wp\/v2\/users\/185"}],"replies":[{"embeddable":true,"href":"https:\/\/sites.uwasa.fi\/kivanet\/wp-json\/wp\/v2\/comments?post=895"}],"version-history":[{"count":33,"href":"https:\/\/sites.uwasa.fi\/kivanet\/wp-json\/wp\/v2\/pages\/895\/revisions"}],"predecessor-version":[{"id":3702,"href":"https:\/\/sites.uwasa.fi\/kivanet\/wp-json\/wp\/v2\/pages\/895\/revisions\/3702"}],"up":[{"embeddable":true,"href":"https:\/\/sites.uwasa.fi\/kivanet\/wp-json\/wp\/v2\/pages\/664"}],"wp:attachment":[{"href":"https:\/\/sites.uwasa.fi\/kivanet\/wp-json\/wp\/v2\/media?parent=895"}],"curies":[{"name":"wp","href":"https:\/\/api.w.org\/{rel}","templated":true}]}}