{"id":857,"date":"2024-05-02T09:19:09","date_gmt":"2024-05-02T06:19:09","guid":{"rendered":"https:\/\/sites.uwasa.fi\/kivanet\/?page_id=857"},"modified":"2026-02-20T12:13:32","modified_gmt":"2026-02-20T10:13:32","slug":"ukk","status":"publish","type":"page","link":"https:\/\/sites.uwasa.fi\/kivanet\/ukk\/","title":{"rendered":"UKK"},"content":{"rendered":"<h3><\/h3>\n<p><strong>Voiko KiVANET-kursseille ilmoittautua ilmoittautumisajan p\u00e4\u00e4tytty\u00e4?<\/strong><\/p>\n<p>Emme voi ottaa vastaan j\u00e4lki-ilmoittautumisia kursseille ilmoittautumisajan p\u00e4\u00e4ttymisen j\u00e4lkeen.<\/p>\n<p>&nbsp;<\/p>\n<p><strong>En ole saanut opettajalta viesti\u00e4 ja kurssi alkaa ihan pian. Mit\u00e4 teen?<\/strong><\/p>\n<p>Tarkista oman korkeakoulusi s\u00e4hk\u00f6posti, sill\u00e4 KiVANET-yhteisty\u00f6ss\u00e4 k\u00e4ytet\u00e4\u00e4n ainoastaan korkeakoulujen s\u00e4hk\u00f6postiosoitteita.<\/p>\n<p>&nbsp;<\/p>\n<p>Joskus viesti opettajalta saattaa tulla aika viime tipassa, joten jos et ole saanut viesti\u00e4 kurssia edelt\u00e4v\u00e4\u00e4n arkip\u00e4iv\u00e4\u00e4n menness\u00e4, ota yhteytt\u00e4 kivanet(at)uef.fi.<\/p>\n<p>&nbsp;<\/p>\n<p><strong>Ovatko verkkoluennot pakollisia?<\/strong><\/p>\n<p>Kurssikuvauksissa on tiedot kurssin ajankohdasta, verkkoluennoista ja tenttip\u00e4iv\u00e4st\u00e4.<\/p>\n","protected":false},"excerpt":{"rendered":"<p>Voiko KiVANET-kursseille ilmoittautua ilmoittautumisajan p\u00e4\u00e4tytty\u00e4? Emme voi ottaa vastaan j\u00e4lki-ilmoittautumisia kursseille ilmoittautumisajan p\u00e4\u00e4ttymisen j\u00e4lkeen. &nbsp; En ole saanut opettajalta viesti\u00e4 ja kurssi alkaa ihan pian. Mit\u00e4 teen? Tarkista oman korkeakoulusi s\u00e4hk\u00f6posti, sill\u00e4 KiVANET-yhteisty\u00f6ss\u00e4 k\u00e4ytet\u00e4\u00e4n ainoastaan korkeakoulujen s\u00e4hk\u00f6postiosoitteita. &nbsp; Joskus viesti opettajalta saattaa tulla aika viime tipassa, joten jos et ole saanut viesti\u00e4 kurssia edelt\u00e4v\u00e4\u00e4n arkip\u00e4iv\u00e4\u00e4n [&hellip;]<\/p>\n","protected":false},"author":185,"featured_media":0,"parent":0,"menu_order":0,"comment_status":"closed","ping_status":"closed","template":"","meta":{"_acf_changed":false,"footnotes":""},"class_list":["post-857","page","type-page","status-publish","hentry"],"acf":[],"lang":"fi","translations":{"fi":857,"sv":2370},"pll_sync_post":[],"_links":{"self":[{"href":"https:\/\/sites.uwasa.fi\/kivanet\/wp-json\/wp\/v2\/pages\/857"}],"collection":[{"href":"https:\/\/sites.uwasa.fi\/kivanet\/wp-json\/wp\/v2\/pages"}],"about":[{"href":"https:\/\/sites.uwasa.fi\/kivanet\/wp-json\/wp\/v2\/types\/page"}],"author":[{"embeddable":true,"href":"https:\/\/sites.uwasa.fi\/kivanet\/wp-json\/wp\/v2\/users\/185"}],"replies":[{"embeddable":true,"href":"https:\/\/sites.uwasa.fi\/kivanet\/wp-json\/wp\/v2\/comments?post=857"}],"version-history":[{"count":12,"href":"https:\/\/sites.uwasa.fi\/kivanet\/wp-json\/wp\/v2\/pages\/857\/revisions"}],"predecessor-version":[{"id":3911,"href":"https:\/\/sites.uwasa.fi\/kivanet\/wp-json\/wp\/v2\/pages\/857\/revisions\/3911"}],"wp:attachment":[{"href":"https:\/\/sites.uwasa.fi\/kivanet\/wp-json\/wp\/v2\/media?parent=857"}],"curies":[{"name":"wp","href":"https:\/\/api.w.org\/{rel}","templated":true}]}}