{"id":849,"date":"2024-05-02T09:01:19","date_gmt":"2024-05-02T06:01:19","guid":{"rendered":"https:\/\/sites.uwasa.fi\/kivanet\/?page_id=849"},"modified":"2024-05-02T12:02:57","modified_gmt":"2024-05-02T09:02:57","slug":"french-1","status":"publish","type":"page","link":"https:\/\/sites.uwasa.fi\/kivanet\/kurssitarjonta\/syksy-2024\/ranska\/french-1\/","title":{"rendered":"French 1"},"content":{"rendered":"<p>Tietoa ryhmist\u00e4 saat <a href=\"https:\/\/sites.uwasa.fi\/kivanet\/en\/autumn-2024\/french\/\" target=\"_blank\" rel=\"noopener\"><strong>t\u00e4\u00e4lt\u00e4<\/strong><\/a>. French 1- kurssin opetuskieli on englanti.<\/p>\n","protected":false},"excerpt":{"rendered":"<p>Tietoa ryhmist\u00e4 saat t\u00e4\u00e4lt\u00e4. French 1- kurssin opetuskieli on englanti.<\/p>\n","protected":false},"author":185,"featured_media":0,"parent":168,"menu_order":0,"comment_status":"closed","ping_status":"closed","template":"","meta":{"_acf_changed":false,"footnotes":""},"class_list":["post-849","page","type-page","status-publish","hentry"],"acf":[],"lang":"fi","translations":{"fi":849},"pll_sync_post":[],"_links":{"self":[{"href":"https:\/\/sites.uwasa.fi\/kivanet\/wp-json\/wp\/v2\/pages\/849"}],"collection":[{"href":"https:\/\/sites.uwasa.fi\/kivanet\/wp-json\/wp\/v2\/pages"}],"about":[{"href":"https:\/\/sites.uwasa.fi\/kivanet\/wp-json\/wp\/v2\/types\/page"}],"author":[{"embeddable":true,"href":"https:\/\/sites.uwasa.fi\/kivanet\/wp-json\/wp\/v2\/users\/185"}],"replies":[{"embeddable":true,"href":"https:\/\/sites.uwasa.fi\/kivanet\/wp-json\/wp\/v2\/comments?post=849"}],"version-history":[{"count":3,"href":"https:\/\/sites.uwasa.fi\/kivanet\/wp-json\/wp\/v2\/pages\/849\/revisions"}],"predecessor-version":[{"id":853,"href":"https:\/\/sites.uwasa.fi\/kivanet\/wp-json\/wp\/v2\/pages\/849\/revisions\/853"}],"up":[{"embeddable":true,"href":"https:\/\/sites.uwasa.fi\/kivanet\/wp-json\/wp\/v2\/pages\/168"}],"wp:attachment":[{"href":"https:\/\/sites.uwasa.fi\/kivanet\/wp-json\/wp\/v2\/media?parent=849"}],"curies":[{"name":"wp","href":"https:\/\/api.w.org\/{rel}","templated":true}]}}