{"id":8,"date":"2024-04-17T13:24:38","date_gmt":"2024-04-17T10:24:38","guid":{"rendered":"https:\/\/sites.uwasa.fi\/kivanet\/?page_id=8"},"modified":"2026-02-20T12:35:27","modified_gmt":"2026-02-20T10:35:27","slug":"kurssitarjonta","status":"publish","type":"page","link":"https:\/\/sites.uwasa.fi\/kivanet\/kurssitarjonta\/","title":{"rendered":"Kurssit"},"content":{"rendered":"<h2>Ilmoittautuminen kes\u00e4n 2026 opintojaksoille on auki 2.3.- 12.4.2026.<\/h2>\n<p>Kes\u00e4ll\u00e4 2026 tarjolla on otsikon <em>Kes\u00e4 2026 <\/em>alla luetellut verkko-opintoina toteutettavat kielikurssit. Kurssitietoja p\u00e4ivitet\u00e4\u00e4n tarvittaessa. <strong>Luethan alla olevat ohjeet huolellisesti!<\/strong><\/p>\n<ul>\n<li>KiVANET-verkoston kurssit ovat avoimia ja maksuttomia yhteisty\u00f6verkostossa mukana olevien korkeakoulujen opiskelijoille. Tarkista <a href=\"https:\/\/sites.uwasa.fi\/kivanet\/verkoston-jasenet\/\">verkoston j\u00e4senet -sivulta<\/a>, onko oma korkeakoulusi mukana verkostossa.<\/li>\n<li>Ryhmien maksimikoko on 40 opiskelijaa ja kursseille mukaan voidaan ottaa vain KiVANET-verkoston j\u00e4senkorkeakoulujen opiskelijoita. Mik\u00e4li ilmoittautuneita on yli maksimim\u00e4\u00e4r\u00e4n, kurssille p\u00e4\u00e4sij\u00e4t arvotaan, joten ilmoittautumisnopeudella ei ole merkityst\u00e4. Kurssipaikat verkoston kes\u00e4n 2026 opintoihin arvotaan siten, ett\u00e4 jokaisella verkoston korkeakoululla on 1 kiinti\u00f6paikka ja loput paikat arvotaan.<\/li>\n<li>Ilmoittautuminen kursseille tapahtuu ristiinopiskelupalvelussa Pepiss\u00e4 tai Sisussa riippuen siit\u00e4, mik\u00e4 j\u00e4rjestelm\u00e4 kotikorkeakoulussasi on k\u00e4yt\u00f6ss\u00e4. Katsothan oman korkeakoulusi ilmoittautumisohjeet.<\/li>\n<\/ul>\n<ul>\n<li>Ilmoittautumisiin liittyviss\u00e4 ongelmatilanteissa otathan yhteytt\u00e4 oman korkeakoulusi Peppi- tai Sisu-tukeen.<\/li>\n<\/ul>\n<ul>\n<li>Emme voi ottaa vastaan j\u00e4lki-ilmoittautumisia kursseille ilmoittautumisajan p\u00e4\u00e4ttymisen j\u00e4lkeen. Katso <a href=\"https:\/\/sites.uwasa.fi\/kivanet\/ukk\/\"><strong>UKK<\/strong><\/a>.<\/li>\n<\/ul>\n<ul>\n<li>Ilmoittautumiset hyv\u00e4ksyt\u00e4\u00e4n tai hyl\u00e4t\u00e4\u00e4n Pepiss\u00e4 tai Sisussa. Opettaja l\u00e4hett\u00e4\u00e4 aloitusviestin hyv\u00e4ksytyille opiskelijoille. Tarkista roskapostikansiosi \u2013 joskus aloitusviesti voi ohjautua sinne!<\/li>\n<\/ul>\n<ul>\n<li>Tutustu my\u00f6s <a href=\"https:\/\/sites.uwasa.fi\/kivanet\/opiskelijalle\/\">Opiskelijalle-osioon<\/a>, josta l\u00f6yd\u00e4t tietoa kielten opiskelusta verkossa ja kurssien tavoitetasoista.<\/li>\n<\/ul>\n<ul>\n<li><a href=\"https:\/\/sites.uwasa.fi\/kivanet\/ukk\/\">UKK<\/a>-osiosta l\u00f6yd\u00e4t vastaukset useimmin kysyttyihin kysymyksiin.<\/li>\n<\/ul>\n<ul>\n<li>Teknisist\u00e4 syist\u00e4 kurssien aikataulut voivat muuttua ilmoitetuista ja pakottavissa tapauksissa yksitt\u00e4isi\u00e4 kursseja voidaan joutua peruuttamaan tai siirt\u00e4m\u00e4\u00e4n my\u00f6hemm\u00e4ksi.<\/li>\n<\/ul>\n<p>&nbsp;<\/p>\n<p><strong>Osallistumisen peruuttaminen<\/strong><\/p>\n<ul>\n<li>Pepiss\u00e4: Niin kauan, kun ilmoittautumisesi on tilassa Odottaa hyv\u00e4ksynt\u00e4\u00e4, voit itse perua sen klikkaamalla <strong>Peruuta<\/strong>-painiketta.\u202fMik\u00e4li haluat peruuttaa osallistumisesi ilmoittautumisajan p\u00e4\u00e4tytty\u00e4, otathan yhteytt\u00e4 kurssin opettajaan.<\/li>\n<\/ul>\n<h2><\/h2>\n<h2><\/h2>\n","protected":false},"excerpt":{"rendered":"<p>Ilmoittautuminen kes\u00e4n 2026 opintojaksoille on auki 2.3.- 12.4.2026. Kes\u00e4ll\u00e4 2026 tarjolla on otsikon Kes\u00e4 2026 alla luetellut verkko-opintoina toteutettavat kielikurssit. Kurssitietoja p\u00e4ivitet\u00e4\u00e4n tarvittaessa. Luethan alla olevat ohjeet huolellisesti! KiVANET-verkoston kurssit ovat avoimia ja maksuttomia yhteisty\u00f6verkostossa mukana olevien korkeakoulujen opiskelijoille. Tarkista verkoston j\u00e4senet -sivulta, onko oma korkeakoulusi mukana verkostossa. Ryhmien maksimikoko on 40 opiskelijaa ja kursseille [&hellip;]<\/p>\n","protected":false},"author":21,"featured_media":0,"parent":0,"menu_order":0,"comment_status":"closed","ping_status":"closed","template":"","meta":{"_acf_changed":false,"footnotes":""},"class_list":["post-8","page","type-page","status-publish","hentry"],"acf":[],"lang":"fi","translations":{"fi":8,"en":11,"sv":2366},"pll_sync_post":[],"_links":{"self":[{"href":"https:\/\/sites.uwasa.fi\/kivanet\/wp-json\/wp\/v2\/pages\/8"}],"collection":[{"href":"https:\/\/sites.uwasa.fi\/kivanet\/wp-json\/wp\/v2\/pages"}],"about":[{"href":"https:\/\/sites.uwasa.fi\/kivanet\/wp-json\/wp\/v2\/types\/page"}],"author":[{"embeddable":true,"href":"https:\/\/sites.uwasa.fi\/kivanet\/wp-json\/wp\/v2\/users\/21"}],"replies":[{"embeddable":true,"href":"https:\/\/sites.uwasa.fi\/kivanet\/wp-json\/wp\/v2\/comments?post=8"}],"version-history":[{"count":74,"href":"https:\/\/sites.uwasa.fi\/kivanet\/wp-json\/wp\/v2\/pages\/8\/revisions"}],"predecessor-version":[{"id":3928,"href":"https:\/\/sites.uwasa.fi\/kivanet\/wp-json\/wp\/v2\/pages\/8\/revisions\/3928"}],"wp:attachment":[{"href":"https:\/\/sites.uwasa.fi\/kivanet\/wp-json\/wp\/v2\/media?parent=8"}],"curies":[{"name":"wp","href":"https:\/\/api.w.org\/{rel}","templated":true}]}}