{"id":661,"date":"2024-04-26T10:43:32","date_gmt":"2024-04-26T07:43:32","guid":{"rendered":"https:\/\/sites.uwasa.fi\/kivanet\/?page_id=661"},"modified":"2025-10-29T12:33:40","modified_gmt":"2025-10-29T10:33:40","slug":"chinese","status":"publish","type":"page","link":"https:\/\/sites.uwasa.fi\/kivanet\/kurssitarjonta\/kevat-2026\/chinese\/","title":{"rendered":"Chinese"},"content":{"rendered":"<p>Tietoa ryhmist\u00e4 l\u00f6yd\u00e4t <a href=\"https:\/\/sites.uwasa.fi\/kivanet\/en\/spring-2026\/chinese\/\">t\u00e4\u00e4lt\u00e4<\/a>. Kiinan kurssien opetuskieli on englanti.<\/p>\n","protected":false},"excerpt":{"rendered":"<p>Tietoa ryhmist\u00e4 l\u00f6yd\u00e4t t\u00e4\u00e4lt\u00e4. Kiinan kurssien opetuskieli on englanti.<\/p>\n","protected":false},"author":185,"featured_media":0,"parent":147,"menu_order":0,"comment_status":"closed","ping_status":"closed","template":"","meta":{"_acf_changed":false,"footnotes":""},"class_list":["post-661","page","type-page","status-publish","hentry"],"acf":[],"lang":"fi","translations":{"fi":661},"pll_sync_post":[],"_links":{"self":[{"href":"https:\/\/sites.uwasa.fi\/kivanet\/wp-json\/wp\/v2\/pages\/661"}],"collection":[{"href":"https:\/\/sites.uwasa.fi\/kivanet\/wp-json\/wp\/v2\/pages"}],"about":[{"href":"https:\/\/sites.uwasa.fi\/kivanet\/wp-json\/wp\/v2\/types\/page"}],"author":[{"embeddable":true,"href":"https:\/\/sites.uwasa.fi\/kivanet\/wp-json\/wp\/v2\/users\/185"}],"replies":[{"embeddable":true,"href":"https:\/\/sites.uwasa.fi\/kivanet\/wp-json\/wp\/v2\/comments?post=661"}],"version-history":[{"count":3,"href":"https:\/\/sites.uwasa.fi\/kivanet\/wp-json\/wp\/v2\/pages\/661\/revisions"}],"predecessor-version":[{"id":3637,"href":"https:\/\/sites.uwasa.fi\/kivanet\/wp-json\/wp\/v2\/pages\/661\/revisions\/3637"}],"up":[{"embeddable":true,"href":"https:\/\/sites.uwasa.fi\/kivanet\/wp-json\/wp\/v2\/pages\/147"}],"wp:attachment":[{"href":"https:\/\/sites.uwasa.fi\/kivanet\/wp-json\/wp\/v2\/media?parent=661"}],"curies":[{"name":"wp","href":"https:\/\/api.w.org\/{rel}","templated":true}]}}