{"id":657,"date":"2024-04-26T10:41:33","date_gmt":"2024-04-26T07:41:33","guid":{"rendered":"https:\/\/sites.uwasa.fi\/kivanet\/?page_id=657"},"modified":"2024-10-24T17:24:25","modified_gmt":"2024-10-24T14:24:25","slug":"arabia","status":"publish","type":"page","link":"https:\/\/sites.uwasa.fi\/kivanet\/kurssitarjonta\/kevat-2026\/arabia\/","title":{"rendered":"Arabia"},"content":{"rendered":"<p>Tietoa ryhmist\u00e4 l\u00f6yd\u00e4t <a href=\"https:\/\/sites.uwasa.fi\/kivanet\/en\/spring-2025\/arabic\/\" target=\"_blank\" rel=\"noopener\">t\u00e4\u00e4lt\u00e4<\/a>. Arabian kurssien opetuskieli on englanti.<\/p>\n<p>Language of instruction: English<\/p>\n","protected":false},"excerpt":{"rendered":"<p>Tietoa ryhmist\u00e4 l\u00f6yd\u00e4t t\u00e4\u00e4lt\u00e4. Arabian kurssien opetuskieli on englanti. Language of instruction: English<\/p>\n","protected":false},"author":185,"featured_media":0,"parent":147,"menu_order":0,"comment_status":"closed","ping_status":"closed","template":"","meta":{"_acf_changed":false,"footnotes":""},"class_list":["post-657","page","type-page","status-publish","hentry"],"acf":[],"lang":"fi","translations":{"fi":657},"pll_sync_post":[],"_links":{"self":[{"href":"https:\/\/sites.uwasa.fi\/kivanet\/wp-json\/wp\/v2\/pages\/657"}],"collection":[{"href":"https:\/\/sites.uwasa.fi\/kivanet\/wp-json\/wp\/v2\/pages"}],"about":[{"href":"https:\/\/sites.uwasa.fi\/kivanet\/wp-json\/wp\/v2\/types\/page"}],"author":[{"embeddable":true,"href":"https:\/\/sites.uwasa.fi\/kivanet\/wp-json\/wp\/v2\/users\/185"}],"replies":[{"embeddable":true,"href":"https:\/\/sites.uwasa.fi\/kivanet\/wp-json\/wp\/v2\/comments?post=657"}],"version-history":[{"count":4,"href":"https:\/\/sites.uwasa.fi\/kivanet\/wp-json\/wp\/v2\/pages\/657\/revisions"}],"predecessor-version":[{"id":1551,"href":"https:\/\/sites.uwasa.fi\/kivanet\/wp-json\/wp\/v2\/pages\/657\/revisions\/1551"}],"up":[{"embeddable":true,"href":"https:\/\/sites.uwasa.fi\/kivanet\/wp-json\/wp\/v2\/pages\/147"}],"wp:attachment":[{"href":"https:\/\/sites.uwasa.fi\/kivanet\/wp-json\/wp\/v2\/media?parent=657"}],"curies":[{"name":"wp","href":"https:\/\/api.w.org\/{rel}","templated":true}]}}