{"id":603,"date":"2024-04-25T14:42:10","date_gmt":"2024-04-25T11:42:10","guid":{"rendered":"https:\/\/sites.uwasa.fi\/kivanet\/?page_id=603"},"modified":"2025-02-04T13:24:58","modified_gmt":"2025-02-04T11:24:58","slug":"vinkkeja-kielten-opiskeluun","status":"publish","type":"page","link":"https:\/\/sites.uwasa.fi\/kivanet\/opiskelijalle\/vinkkeja-kielten-opiskeluun\/","title":{"rendered":"Vinkkej\u00e4 kielten opiskeluun"},"content":{"rendered":"<p>Onnistuneeseen verkko-opiskeluun tarvitaan internet-yhteydell\u00e4 varustettu tietokone, web-kamera ja mikrofoni, sill\u00e4 opintoihin sis\u00e4ltyy usein verkkotapaamisia sek\u00e4 nauhoitettavia teht\u00e4vi\u00e4. Opiskelijan t\u00e4ytyy hallita tietokoneen k\u00e4yt\u00f6n perusteet. Opinnot saatetaan toteuttaa my\u00f6s sellaisella oppimisalustalla, joka ei ole ennest\u00e4\u00e4n tuttu. Kannattaakin varata aikaa my\u00f6s opiskelun verkkoymp\u00e4rist\u00f6\u00f6n tutustumiseen.<\/p>\n<h3><strong>Vinkkej\u00e4 kielten verkko-opiskelun tueksi<\/strong><\/h3>\n<ul>\n<li>Opiskele s\u00e4\u00e4nn\u00f6llisesti: mieluummin puoli tuntia p\u00e4ivitt\u00e4in kuin koko y\u00f6 kerran kahdessa viikossa.<\/li>\n<li>Koeta altistaa itse\u00e4si mahdollisimman paljon opiskeltavalle kielelle varsinaisen opiskelun lis\u00e4ksi, vaikket viel\u00e4 ymm\u00e4rt\u00e4isik\u00e4\u00e4n kovin paljoa: tv, internet, radio, musiikki, lehdet\u2026. Hy\u00f6dynn\u00e4 vaikkapa netin radio- tai videoklippej\u00e4 tai sanastoa testaavia sovelluksia ty\u00f6- tai koulumatkalla.<\/li>\n<li>Kun kielen perusteet ovat hallinnassa, esim. tv ja elokuvat opiskeltavalla kielell\u00e4 ovat hyv\u00e4 lis\u00e4tuki. Tekstitys opiskelukielell\u00e4 helpottaa hahmottamista.<\/li>\n<li>Jatka itsesi altistamista opittavalle kielelle ja hy\u00f6dynn\u00e4 tilaisuudet k\u00e4ytt\u00e4\u00e4 kielt\u00e4 matkoilla ko. kielialueelle, kohdatessasi kyseisen kielen puhujia muualla, jne.<\/li>\n<li>Kielitaito kehittyy hiljalleen, eik\u00e4 joka tilanteessa kaikki mene aina nappiin. Kautta maailman ihmiset arvostavat haluasi k\u00e4ytt\u00e4\u00e4 heid\u00e4n kielt\u00e4\u00e4n: ep\u00e4tarkkuuksia ymm\u00e4rret\u00e4\u00e4n erinomaisen hyvin. Jo muutama sana viestint\u00e4kumppanin kielell\u00e4 tarkoittaa montaa kulttuurillista harppausta kumppania kohti.<\/li>\n<\/ul>\n<h3><strong>Yleisi\u00e4 vinkkej\u00e4 verkko-opiskeluun<\/strong><\/h3>\n<ul>\n<li>Ohjatuilla kursseilla on selke\u00e4 suunnitelma kurssin etenemisest\u00e4 ja aikataulusta. \u00c4l\u00e4 lipsu suunnitelmasta.<\/li>\n<li>Pid\u00e4 huoli, ett\u00e4 tied\u00e4t ja muistat kurssin t\u00e4rke\u00e4t ajankohdat (esim. teht\u00e4vien palautusp\u00e4iv\u00e4t, tenttiajankohdan, aikataulutetut verkkotapaamiset).<\/li>\n<li>Pohdi omaa oppimistasi: miss\u00e4 ja milloin oppiminen on tehokkainta? Suunnittele opiskelusi ennakkoon suhteessa kurssin suunniteltuun etenemiseen. Jos sairastut tai muusta pakottavasta syyst\u00e4 j\u00e4\u00e4t suunnitelmasta j\u00e4lkeen, ota ero kiinni mahdollisimman pian.<\/li>\n<li>Oppiminen verkossa ja muualla edellytt\u00e4\u00e4 ty\u00f6rauhaa: sulje s\u00e4hk\u00f6posti ja somekanavat, laita puhelin \u00e4\u00e4nett\u00f6m\u00e4lle ja pois n\u00e4kyvist\u00e4, k\u00e4\u00e4nn\u00e4 musiikki ja tv pois p\u00e4\u00e4lt\u00e4, jne. Oppiminen ja multitaskaaminen sopivat huonosti yhteen.<\/li>\n<li>Paloittele itsen\u00e4inen opiskelu verkossa itsellesi sopiviksi kokonaisuuksiksi. Aiemmin opitun kertaaminen ja uuden oppiminen ovat intensiivisyydelt\u00e4\u00e4n erilaisia, yht\u00e4 jaksaa pidemp\u00e4\u00e4n kuin toista. T\u00e4m\u00e4 kannattaa huomioida oman ty\u00f6n suunnittelussa.<\/li>\n<\/ul>\n<p>&nbsp;<\/p>\n<p>&nbsp;<\/p>\n","protected":false},"excerpt":{"rendered":"<p>Onnistuneeseen verkko-opiskeluun tarvitaan internet-yhteydell\u00e4 varustettu tietokone, web-kamera ja mikrofoni, sill\u00e4 opintoihin sis\u00e4ltyy usein verkkotapaamisia sek\u00e4 nauhoitettavia teht\u00e4vi\u00e4. Opiskelijan t\u00e4ytyy hallita tietokoneen k\u00e4yt\u00f6n perusteet. Opinnot saatetaan toteuttaa my\u00f6s sellaisella oppimisalustalla, joka ei ole ennest\u00e4\u00e4n tuttu. Kannattaakin varata aikaa my\u00f6s opiskelun verkkoymp\u00e4rist\u00f6\u00f6n tutustumiseen. Vinkkej\u00e4 kielten verkko-opiskelun tueksi Opiskele s\u00e4\u00e4nn\u00f6llisesti: mieluummin puoli tuntia p\u00e4ivitt\u00e4in kuin koko y\u00f6 kerran [&hellip;]<\/p>\n","protected":false},"author":185,"featured_media":0,"parent":21,"menu_order":0,"comment_status":"closed","ping_status":"closed","template":"","meta":{"_acf_changed":false,"footnotes":""},"class_list":["post-603","page","type-page","status-publish","hentry"],"acf":[],"lang":"fi","translations":{"fi":603},"pll_sync_post":[],"_links":{"self":[{"href":"https:\/\/sites.uwasa.fi\/kivanet\/wp-json\/wp\/v2\/pages\/603"}],"collection":[{"href":"https:\/\/sites.uwasa.fi\/kivanet\/wp-json\/wp\/v2\/pages"}],"about":[{"href":"https:\/\/sites.uwasa.fi\/kivanet\/wp-json\/wp\/v2\/types\/page"}],"author":[{"embeddable":true,"href":"https:\/\/sites.uwasa.fi\/kivanet\/wp-json\/wp\/v2\/users\/185"}],"replies":[{"embeddable":true,"href":"https:\/\/sites.uwasa.fi\/kivanet\/wp-json\/wp\/v2\/comments?post=603"}],"version-history":[{"count":4,"href":"https:\/\/sites.uwasa.fi\/kivanet\/wp-json\/wp\/v2\/pages\/603\/revisions"}],"predecessor-version":[{"id":615,"href":"https:\/\/sites.uwasa.fi\/kivanet\/wp-json\/wp\/v2\/pages\/603\/revisions\/615"}],"up":[{"embeddable":true,"href":"https:\/\/sites.uwasa.fi\/kivanet\/wp-json\/wp\/v2\/pages\/21"}],"wp:attachment":[{"href":"https:\/\/sites.uwasa.fi\/kivanet\/wp-json\/wp\/v2\/media?parent=603"}],"curies":[{"name":"wp","href":"https:\/\/api.w.org\/{rel}","templated":true}]}}