{"id":572,"date":"2024-04-24T15:43:09","date_gmt":"2024-04-24T12:43:09","guid":{"rendered":"https:\/\/sites.uwasa.fi\/kivanet\/?page_id=572"},"modified":"2025-02-14T12:05:02","modified_gmt":"2025-02-14T10:05:02","slug":"kivanet-kurssien-tavoitetasot","status":"publish","type":"page","link":"https:\/\/sites.uwasa.fi\/kivanet\/opiskelijalle\/kivanet-kurssien-tavoitetasot\/","title":{"rendered":"KiVANET-kurssien tavoitetasot"},"content":{"rendered":"<p>Eurooppalainen viitekehys (CEFR) on Euroopan neuvoston kehitt\u00e4m\u00e4 kielten oppimisen, opetuksen ja arvioinnin yleiseurooppalainen kehys. KiVANET-kurssien tavoitetasot on asetettu CEFR-asteikolla alla olevan taulukon mukaisesti.<\/p>\n<p>Opiskelijat voivat arvioida omaa osaamistaan viitekehyksen avulla. Viitekehyksess\u00e4 kuvataan kuusi taitotasoa A1 &#8211; C2. Kurssien kuvauksissa voidaan taitotasojen avulla ilmaista vaadittava l\u00e4ht\u00f6taso, eli mit\u00e4 opiskelijalta edellytet\u00e4\u00e4n ennen kurssille osallistumista. Kurssin tavoitetasolla ilmaistaan mik\u00e4 kielellinen taso\u00a0 opiskelijan tulisi saavuttaa kurssin aikana. Viitekehys on kansainv\u00e4linen.<\/p>\n<p style=\"text-align: left\">Tason A1 kurssit l\u00e4htev\u00e4t aina liikkeelle alkeista, edelt\u00e4vi\u00e4 opintoja ei tarvita.<\/p>\n<p style=\"text-align: left\">Jos sinulla on jo aiempia opintoja kielest\u00e4, jota haluaisit opiskella, voit arvioida l\u00e4ht\u00f6tasoasi esim. seuraavien tietojen pohjalta:<\/p>\n<p style=\"text-align: left\">Lukion opetussuunnitelman mukaiset tavoitetasot arvosanatasolla \u2019hyv\u00e4\u2019, eli 8 (suluissa vastaavat peruskoulun tavoitetasot):<\/p>\n<p style=\"padding-left: 40px;text-align: left\">Lukio, A-kieli, muu kuin englanti ja Aasian ja Afrikan kielet: B1.2 (peruskoulun p\u00e4\u00e4tt\u00f6vaiheen tavoite: A2.2)<\/p>\n<p style=\"padding-left: 40px;text-align: left\">Lukio, A-kieli, Aasian ja Afrikan kielet: A2.2-B1.1 (peruskoulun p\u00e4\u00e4tt\u00f6vaiheen tavoite: A2.1)<\/p>\n<p style=\"padding-left: 40px;text-align: left\">Lukio, B2\/3-oppim\u00e4\u00e4r\u00e4, muu kuin englanti: A2.1-2 (peruskoulun p\u00e4\u00e4tt\u00f6vaiheen B2-tavoite: A1.2\/3)<\/p>\n<p style=\"padding-left: 40px;text-align: left\">Tarkempaa tietoa l\u00f6yd\u00e4t\u00a0<a href=\"https:\/\/www.oph.fi\/fi\/koulutus-ja-tutkinnot\/kehittyvan-kielitaidon-tasojen-kuvausasteikko\" target=\"_blank\" rel=\"noopener\">t\u00e4\u00e4lt\u00e4<\/a>.<\/p>\n<p style=\"text-align: left\">Muilta osin voit arvioida tasoasi opintopistem\u00e4\u00e4rien perusteella.\u00a0Esim. saksa 5 -kurssi edellytt\u00e4\u00e4 n. 12 op:n m\u00e4\u00e4r\u00e4\u00e4 vastaavia edelt\u00e4vi\u00e4 opintoja toisella asteella tai korkeakoulussa arvosanalla \u2019hyv\u00e4\u2019 ja viro 2 puolestaan n. 5 op:n edelt\u00e4vi\u00e4 opintoja arvosanalla \u2019hyv\u00e4\u2019.<\/p>\n<p style=\"text-align: left\">Verkosta l\u00f6yd\u00e4t my\u00f6s erilaisia taitojesi itsearviointia tukevia materiaaleja, kuten\u00a0<a href=\"https:\/\/europass.europa.eu\/fi\/common-european-framework-reference-language-skills\" target=\"_blank\" rel=\"noopener\">t\u00e4m\u00e4n<\/a>.<\/p>\n<p style=\"text-align: left\">\n","protected":false},"excerpt":{"rendered":"<p>Eurooppalainen viitekehys (CEFR) on Euroopan neuvoston kehitt\u00e4m\u00e4 kielten oppimisen, opetuksen ja arvioinnin yleiseurooppalainen kehys. KiVANET-kurssien tavoitetasot on asetettu CEFR-asteikolla alla olevan taulukon mukaisesti. Opiskelijat voivat arvioida omaa osaamistaan viitekehyksen avulla. Viitekehyksess\u00e4 kuvataan kuusi taitotasoa A1 &#8211; C2. Kurssien kuvauksissa voidaan taitotasojen avulla ilmaista vaadittava l\u00e4ht\u00f6taso, eli mit\u00e4 opiskelijalta edellytet\u00e4\u00e4n ennen kurssille osallistumista. Kurssin tavoitetasolla ilmaistaan [&hellip;]<\/p>\n","protected":false},"author":185,"featured_media":0,"parent":21,"menu_order":0,"comment_status":"closed","ping_status":"closed","template":"","meta":{"_acf_changed":false,"footnotes":""},"class_list":["post-572","page","type-page","status-publish","hentry"],"acf":[],"lang":"fi","translations":{"fi":572},"pll_sync_post":[],"_links":{"self":[{"href":"https:\/\/sites.uwasa.fi\/kivanet\/wp-json\/wp\/v2\/pages\/572"}],"collection":[{"href":"https:\/\/sites.uwasa.fi\/kivanet\/wp-json\/wp\/v2\/pages"}],"about":[{"href":"https:\/\/sites.uwasa.fi\/kivanet\/wp-json\/wp\/v2\/types\/page"}],"author":[{"embeddable":true,"href":"https:\/\/sites.uwasa.fi\/kivanet\/wp-json\/wp\/v2\/users\/185"}],"replies":[{"embeddable":true,"href":"https:\/\/sites.uwasa.fi\/kivanet\/wp-json\/wp\/v2\/comments?post=572"}],"version-history":[{"count":30,"href":"https:\/\/sites.uwasa.fi\/kivanet\/wp-json\/wp\/v2\/pages\/572\/revisions"}],"predecessor-version":[{"id":2521,"href":"https:\/\/sites.uwasa.fi\/kivanet\/wp-json\/wp\/v2\/pages\/572\/revisions\/2521"}],"up":[{"embeddable":true,"href":"https:\/\/sites.uwasa.fi\/kivanet\/wp-json\/wp\/v2\/pages\/21"}],"wp:attachment":[{"href":"https:\/\/sites.uwasa.fi\/kivanet\/wp-json\/wp\/v2\/media?parent=572"}],"curies":[{"name":"wp","href":"https:\/\/api.w.org\/{rel}","templated":true}]}}