{"id":566,"date":"2024-04-24T15:32:53","date_gmt":"2024-04-24T12:32:53","guid":{"rendered":"https:\/\/sites.uwasa.fi\/kivanet\/?page_id=566"},"modified":"2026-03-11T08:58:21","modified_gmt":"2026-03-11T06:58:21","slug":"suoritusten-siirto","status":"publish","type":"page","link":"https:\/\/sites.uwasa.fi\/kivanet\/sv\/suoritusten-siirto\/","title":{"rendered":"Suoritusten siirto"},"content":{"rendered":"<p>KiVANET-kielikurssien suoritukset merkit\u00e4\u00e4n kurssista vastanneen korkeakoulun opintorekisteriin. Suoritukset rekister\u00f6id\u00e4\u00e4n kunkin korkeakoulun k\u00e4yt\u00e4nteiden ja aikataulujen mukaisesti.<\/p>\n<p>KiVANET-kielikurssin suorittaneet opiskelijat vastaavat itse opintosuorituksensa siirt\u00e4misest\u00e4 kotikorkeakoulun opintosuorituksiin. Suoritukset kannattaa siirt\u00e4\u00e4 pian niiden valmistuttua. Menettely riippuu omasta kotikorkeakoulustasi.<\/p>\n<p>Oma opintopolku -palvelu<\/p>\n<p>Voit k\u00e4ytt\u00e4\u00e4 Oma Opintopolku -palvelun \u201dOmat opintosuoritukseni\u201d -osiota opintosuoritusten siirt\u00e4miseen. Voidaksesi kirjautua palveluun tulee sinun tunnistautua pankkitunnuksella, mobiilivarmenteella tai sirullisella henkil\u00f6kortilla. Palvelusta voit hakea kurssisuorituksesi ja luoda sit\u00e4 koskevan linkin, jonka voit toimittaa s\u00e4hk\u00f6isesti omaan oppilaitokseesi kotikorkeakoulusi k\u00e4yt\u00e4nteiden mukaisesti.<\/p>\n<p>Opintosuoritusrekisteriote<\/p>\n<p>Jos edell\u00e4 esitetty tapa ei ole mahdollinen, voit pyyt\u00e4\u00e4 opinnot j\u00e4rjest\u00e4neen oppilaitoksen opiskelijapalveluista otteen opintosuoritusrekisterist\u00e4. Otteen avulla voit siirt\u00e4\u00e4 suorituksen kotikorkeakoulusi k\u00e4yt\u00e4nteiden mukaisesti.<\/p>\n<p>Jos KiVANET-suorituksen siirt\u00e4minen kotikorkeakouluusi ei onnistu mill\u00e4\u00e4n edell\u00e4 mainituista tavoista, voit kysy\u00e4 ohjeita s\u00e4hk\u00f6postitse: kivanet(at)uef.fi. Huomaathan, ett\u00e4 kurssien opettajilla ei ole k\u00e4yt\u00e4nn\u00f6n mahdollisuutta vaikuttaa suoritusten siirt\u00e4miseen.<\/p>\n","protected":false},"excerpt":{"rendered":"<p>KiVANET-kielikurssien suoritukset merkit\u00e4\u00e4n kurssista vastanneen korkeakoulun opintorekisteriin. Suoritukset rekister\u00f6id\u00e4\u00e4n kunkin korkeakoulun k\u00e4yt\u00e4nteiden ja aikataulujen mukaisesti. KiVANET-kielikurssin suorittaneet opiskelijat vastaavat itse opintosuorituksensa siirt\u00e4misest\u00e4 kotikorkeakoulun opintosuorituksiin. Suoritukset kannattaa siirt\u00e4\u00e4 pian niiden valmistuttua. Menettely riippuu omasta kotikorkeakoulustasi. Oma opintopolku -palvelu Voit k\u00e4ytt\u00e4\u00e4 Oma Opintopolku -palvelun \u201dOmat opintosuoritukseni\u201d -osiota opintosuoritusten siirt\u00e4miseen. Voidaksesi kirjautua palveluun tulee sinun tunnistautua pankkitunnuksella, mobiilivarmenteella [&hellip;]<\/p>\n","protected":false},"author":185,"featured_media":0,"parent":0,"menu_order":0,"comment_status":"closed","ping_status":"closed","template":"","meta":{"_acf_changed":false,"footnotes":""},"class_list":["post-566","page","type-page","status-publish","hentry"],"acf":[],"lang":"sv","translations":{"sv":566},"pll_sync_post":[],"_links":{"self":[{"href":"https:\/\/sites.uwasa.fi\/kivanet\/wp-json\/wp\/v2\/pages\/566"}],"collection":[{"href":"https:\/\/sites.uwasa.fi\/kivanet\/wp-json\/wp\/v2\/pages"}],"about":[{"href":"https:\/\/sites.uwasa.fi\/kivanet\/wp-json\/wp\/v2\/types\/page"}],"author":[{"embeddable":true,"href":"https:\/\/sites.uwasa.fi\/kivanet\/wp-json\/wp\/v2\/users\/185"}],"replies":[{"embeddable":true,"href":"https:\/\/sites.uwasa.fi\/kivanet\/wp-json\/wp\/v2\/comments?post=566"}],"version-history":[{"count":21,"href":"https:\/\/sites.uwasa.fi\/kivanet\/wp-json\/wp\/v2\/pages\/566\/revisions"}],"predecessor-version":[{"id":2539,"href":"https:\/\/sites.uwasa.fi\/kivanet\/wp-json\/wp\/v2\/pages\/566\/revisions\/2539"}],"wp:attachment":[{"href":"https:\/\/sites.uwasa.fi\/kivanet\/wp-json\/wp\/v2\/media?parent=566"}],"curies":[{"name":"wp","href":"https:\/\/api.w.org\/{rel}","templated":true}]}}