{"id":537,"date":"2024-04-24T14:33:01","date_gmt":"2024-04-24T11:33:01","guid":{"rendered":"https:\/\/sites.uwasa.fi\/kivanet\/?page_id=537"},"modified":"2025-06-25T10:00:29","modified_gmt":"2025-06-25T07:00:29","slug":"venajan-kieliopin-kertaus","status":"publish","type":"page","link":"https:\/\/sites.uwasa.fi\/kivanet\/kurssitarjonta\/syksy-2024\/venaja\/venajan-kieliopin-kertaus\/","title":{"rendered":"Ven\u00e4j\u00e4n kieliopin kertaus"},"content":{"rendered":"<table style=\"border-collapse: collapse;width: 100%\" border=\"1\">\n<tbody>\n<tr style=\"height: 24px\">\n<td style=\"width: 17.5013%;height: 24px\"><strong>\u00a0J\u00e4rjest\u00e4v\u00e4 korkeakoulu<\/strong><\/td>\n<td style=\"width: 41.2186%;height: 24px\">\u00a0<b>LAB<\/b><\/td>\n<\/tr>\n<tr style=\"height: 24px\">\n<td style=\"width: 17.5013%;height: 24px\"><strong>\u00a0Opetuskieli<\/strong><\/td>\n<td style=\"width: 41.2186%;height: 24px\">\u00a0<strong>suomi, englanti, ven\u00e4j\u00e4<\/strong><\/td>\n<\/tr>\n<tr style=\"height: 24px\">\n<td style=\"width: 17.5013%;height: 24px\"><strong>\u00a0Ajoitus<\/strong><\/td>\n<td style=\"width: 41.2186%;height: 24px\">\u00a0<strong>Kurssi auki Moodlessa 29.9. alkaen.<\/strong><\/td>\n<\/tr>\n<tr style=\"height: 24px\">\n<td style=\"width: 17.5013%;height: 24px\"><strong>\u00a0Verkkotapaamisten aikataulu<\/strong><\/td>\n<td style=\"width: 41.2186%;height: 24px\">\u00a0<strong>Ei verkkotapaamisia.<\/strong><\/td>\n<\/tr>\n<tr>\n<td style=\"width: 17.5013%\"><strong>\u00a0Tentti Moodlessa<\/strong><\/td>\n<td style=\"width: 41.2186%\"><span data-contrast=\"none\"><strong>\u00a0Opintojaksolla ei ole tentti\u00e4.<\/strong><\/span><\/td>\n<\/tr>\n<tr style=\"height: 24px\">\n<td style=\"width: 17.5013%;height: 24px\"><strong>\u00a0CEFR-taso<\/strong><\/td>\n<td style=\"width: 41.2186%;height: 24px\"><span data-contrast=\"none\">\u00a0<strong>L\u00e4ht\u00f6taso A2.2 &gt; tavoitetaso B1.1\u00a0<\/strong><\/span><\/td>\n<\/tr>\n<tr style=\"height: 24px\">\n<td style=\"width: 17.5013%;height: 24px\"><strong>\u00a0Opintopisteet<\/strong><\/td>\n<td style=\"width: 41.2186%;height: 24px\">\u00a0<strong>3<\/strong><\/td>\n<\/tr>\n<tr style=\"height: 24px\">\n<td style=\"width: 17.5013%;height: 24px\"><strong>\u00a0Esitiedot<\/strong><\/td>\n<td style=\"width: 41.2186%;height: 24px\"><span data-contrast=\"none\">\u00a0<strong>Opiskelija on saavuttanut aiemmissa opinnoissaan taitotason A2.2.<\/strong><\/span><\/td>\n<\/tr>\n<\/tbody>\n<\/table>\n<h3><strong>Kurssikuvaus<\/strong><\/h3>\n<h3><b><span data-contrast=\"auto\">Sis\u00e4lt\u00f6\u202f<\/span><\/b><\/h3>\n<p><span data-contrast=\"auto\">T\u00e4ll\u00e4 opintojaksolla kertaat ja\/tai opit:<\/span><span data-ccp-props=\"{&quot;134233117&quot;:false,&quot;134233118&quot;:false,&quot;201341983&quot;:0,&quot;335559738&quot;:0,&quot;335559739&quot;:0,&quot;335559740&quot;:240}\">\u00a0<\/span><\/p>\n<ul>\n<li data-leveltext=\"\uf0b7\" data-font=\"Symbol\" data-listid=\"6\" data-list-defn-props=\"{&quot;335552541&quot;:1,&quot;335559685&quot;:720,&quot;335559991&quot;:360,&quot;469769226&quot;:&quot;Symbol&quot;,&quot;469769242&quot;:[8226],&quot;469777803&quot;:&quot;left&quot;,&quot;469777804&quot;:&quot;\uf0b7&quot;,&quot;469777815&quot;:&quot;hybridMultilevel&quot;}\" data-aria-posinset=\"1\" data-aria-level=\"1\"><span data-contrast=\"auto\">taivuttamaan ja k\u00e4ytt\u00e4m\u00e4\u00e4n sek\u00e4 substantiiveja ett\u00e4 adjektiiveja ven\u00e4j\u00e4n kaikissa sijamuodoissa<\/span><span data-ccp-props=\"{&quot;134233117&quot;:false,&quot;134233118&quot;:false,&quot;201341983&quot;:0,&quot;335559738&quot;:0,&quot;335559739&quot;:0,&quot;335559740&quot;:240}\">\u00a0<\/span><\/li>\n<li data-leveltext=\"\uf0b7\" data-font=\"Symbol\" data-listid=\"6\" data-list-defn-props=\"{&quot;335552541&quot;:1,&quot;335559685&quot;:720,&quot;335559991&quot;:360,&quot;469769226&quot;:&quot;Symbol&quot;,&quot;469769242&quot;:[8226],&quot;469777803&quot;:&quot;left&quot;,&quot;469777804&quot;:&quot;\uf0b7&quot;,&quot;469777815&quot;:&quot;hybridMultilevel&quot;}\" data-aria-posinset=\"2\" data-aria-level=\"1\"><span data-contrast=\"auto\">taivuttamaan ja k\u00e4ytt\u00e4m\u00e4\u00e4n ven\u00e4j\u00e4n kielen verbej\u00e4<\/span><span data-ccp-props=\"{&quot;134233117&quot;:false,&quot;134233118&quot;:false,&quot;201341983&quot;:0,&quot;335559738&quot;:0,&quot;335559739&quot;:0,&quot;335559740&quot;:240}\">\u00a0<\/span><\/li>\n<\/ul>\n<p><span data-contrast=\"auto\">Rakenteet:<\/span><\/p>\n<ul>\n<li data-leveltext=\"\uf0b7\" data-font=\"Symbol\" data-listid=\"1\" data-list-defn-props=\"{&quot;335552541&quot;:1,&quot;335559685&quot;:720,&quot;335559991&quot;:360,&quot;469769226&quot;:&quot;Symbol&quot;,&quot;469769242&quot;:[8226],&quot;469777803&quot;:&quot;left&quot;,&quot;469777804&quot;:&quot;\uf0b7&quot;,&quot;469777815&quot;:&quot;multilevel&quot;}\" data-aria-posinset=\"1\" data-aria-level=\"1\"><span data-contrast=\"auto\">substantiivit ja adjektiivit: nominatiivi, akkusatiivi, genetiivi, datiivi, prepositionaali, instrumentaali<\/span><span data-ccp-props=\"{&quot;134233117&quot;:false,&quot;134233118&quot;:false,&quot;201341983&quot;:0,&quot;335559738&quot;:0,&quot;335559739&quot;:0,&quot;335559740&quot;:240}\">\u00a0<\/span><\/li>\n<li data-leveltext=\"\uf0b7\" data-font=\"Symbol\" data-listid=\"1\" data-list-defn-props=\"{&quot;335552541&quot;:1,&quot;335559685&quot;:720,&quot;335559991&quot;:360,&quot;469769226&quot;:&quot;Symbol&quot;,&quot;469769242&quot;:[8226],&quot;469777803&quot;:&quot;left&quot;,&quot;469777804&quot;:&quot;\uf0b7&quot;,&quot;469777815&quot;:&quot;multilevel&quot;}\" data-aria-posinset=\"2\" data-aria-level=\"1\"><span data-contrast=\"auto\">verbit: taivutus, aikamuodot, aspektit, liikeverbit<\/span><span data-ccp-props=\"{&quot;134233117&quot;:false,&quot;134233118&quot;:false,&quot;201341983&quot;:0,&quot;335559738&quot;:0,&quot;335559739&quot;:0,&quot;335559740&quot;:240}\">\u00a0<\/span><\/li>\n<\/ul>\n<p><span data-contrast=\"none\">T\u00e4m\u00e4n opintojakson j\u00e4lkeen osaat:<\/span><span data-ccp-props=\"{&quot;134233117&quot;:false,&quot;134233118&quot;:false,&quot;201341983&quot;:0,&quot;335559738&quot;:0,&quot;335559739&quot;:0,&quot;335559740&quot;:240}\">\u00a0<\/span><\/p>\n<ul>\n<li data-leveltext=\"\uf0b7\" data-font=\"Symbol\" data-listid=\"4\" data-list-defn-props=\"{&quot;335552541&quot;:1,&quot;335559685&quot;:720,&quot;335559991&quot;:360,&quot;469769226&quot;:&quot;Symbol&quot;,&quot;469769242&quot;:[8226],&quot;469777803&quot;:&quot;left&quot;,&quot;469777804&quot;:&quot;\uf0b7&quot;,&quot;469777815&quot;:&quot;hybridMultilevel&quot;}\" data-aria-posinset=\"3\" data-aria-level=\"1\"><span data-contrast=\"auto\">k\u00e4ytt\u00e4\u00e4 substantiiveja ja adjektiiveja sijamuodoissa<\/span><span data-ccp-props=\"{&quot;134233117&quot;:false,&quot;134233118&quot;:false,&quot;201341983&quot;:0,&quot;335559738&quot;:0,&quot;335559739&quot;:0,&quot;335559740&quot;:240}\">\u00a0<\/span><\/li>\n<li data-leveltext=\"\uf0b7\" data-font=\"Symbol\" data-listid=\"4\" data-list-defn-props=\"{&quot;335552541&quot;:1,&quot;335559685&quot;:720,&quot;335559991&quot;:360,&quot;469769226&quot;:&quot;Symbol&quot;,&quot;469769242&quot;:[8226],&quot;469777803&quot;:&quot;left&quot;,&quot;469777804&quot;:&quot;\uf0b7&quot;,&quot;469777815&quot;:&quot;hybridMultilevel&quot;}\" data-aria-posinset=\"4\" data-aria-level=\"1\"><span data-contrast=\"auto\">taivuttaa ja k\u00e4ytt\u00e4\u00e4 verbej\u00e4\u00a0<\/span><span data-ccp-props=\"{&quot;134233117&quot;:false,&quot;134233118&quot;:false,&quot;201341983&quot;:0,&quot;335559738&quot;:0,&quot;335559739&quot;:0,&quot;335559740&quot;:240}\">\u00a0<\/span><\/li>\n<\/ul>\n<h3><b><span data-contrast=\"auto\">Oppimateriaali<\/span><\/b><\/h3>\n<p><span data-contrast=\"auto\">Kaikki oppimateriaali on digitaalisella oppimisalustalla.\u202f\u202f\u202f<\/span><span data-ccp-props=\"{&quot;134233117&quot;:false,&quot;134233118&quot;:false,&quot;201341983&quot;:0,&quot;335551550&quot;:6,&quot;335551620&quot;:6,&quot;335559738&quot;:0,&quot;335559739&quot;:0,&quot;335559740&quot;:240}\">\u00a0<\/span><\/p>\n<h3><b><span data-contrast=\"auto\">Opetus- ja arviointimenetelm\u00e4t<\/span><\/b><span data-contrast=\"auto\">\u202f\u202f\u202f\u202f<\/span><span data-ccp-props=\"{&quot;134233117&quot;:false,&quot;134233118&quot;:false,&quot;201341983&quot;:0,&quot;335551550&quot;:6,&quot;335551620&quot;:6,&quot;335559738&quot;:0,&quot;335559739&quot;:0,&quot;335559740&quot;:240}\">\u00a0<\/span><\/h3>\n<p><span data-contrast=\"auto\">Harjoittelet itsen\u00e4isesti kielioppiteorian (teksti ja\/tai video) ja interaktiivisten harjoitusten avulla oppimisalustalla. Opintojakso ei sis\u00e4ll\u00e4 verkkotapaamisia. Arviointimenetelmin\u00e4 ovat verkkoteht\u00e4v\u00e4t ja Moodle-tentit.<\/span><\/p>\n<h3><b><span data-contrast=\"auto\">Arvosteluasteikko ja arviointikriteerit<\/span><\/b><span data-ccp-props=\"{&quot;134233117&quot;:false,&quot;134233118&quot;:false,&quot;201341983&quot;:0,&quot;335551550&quot;:6,&quot;335551620&quot;:6,&quot;335559738&quot;:0,&quot;335559739&quot;:0,&quot;335559740&quot;:240}\">\u00a0<\/span><\/h3>\n<p><span data-ccp-props=\"{&quot;134233117&quot;:false,&quot;134233118&quot;:false,&quot;201341983&quot;:0,&quot;335551550&quot;:6,&quot;335551620&quot;:6,&quot;335559738&quot;:0,&quot;335559739&quot;:0,&quot;335559740&quot;:240}\">\u00a0<\/span><span data-contrast=\"auto\">Arviointi tehd\u00e4\u00e4n oppilaitoskohtaisesti asteikolla 0-5 tai hyv\u00e4ksytty\/hyl\u00e4tty.<\/span><span data-ccp-props=\"{&quot;201341983&quot;:0,&quot;335551550&quot;:6,&quot;335551620&quot;:6,&quot;335559739&quot;:160,&quot;335559740&quot;:259}\">\u00a0<\/span><\/p>\n<p><b><span data-contrast=\"auto\">Hyv\u00e4ksytty<\/span><\/b><span data-contrast=\"auto\">: Kaikki alustalla olevat verkkoteht\u00e4v\u00e4t sek\u00e4 tentit on suoritettava hyv\u00e4ksytysti eli vastauksista v\u00e4hint\u00e4\u00e4n 50% on oltava oikein.\u00a0<\/span><span data-ccp-props=\"{&quot;201341983&quot;:0,&quot;335551550&quot;:6,&quot;335551620&quot;:6,&quot;335559739&quot;:160,&quot;335559740&quot;:259}\">\u00a0<\/span><\/p>\n<p><b><span data-contrast=\"auto\">Arvioinnin perustana ovat:<\/span><\/b><span data-ccp-props=\"{&quot;134233117&quot;:false,&quot;134233118&quot;:false,&quot;201341983&quot;:0,&quot;335551550&quot;:6,&quot;335551620&quot;:6,&quot;335559738&quot;:0,&quot;335559739&quot;:0,&quot;335559740&quot;:240}\">\u00a0<\/span><\/p>\n<ul>\n<li data-leveltext=\"\uf0b7\" data-font=\"Symbol\" data-listid=\"7\" data-list-defn-props=\"{&quot;335552541&quot;:1,&quot;335559685&quot;:720,&quot;335559991&quot;:360,&quot;469769226&quot;:&quot;Symbol&quot;,&quot;469769242&quot;:[8226],&quot;469777803&quot;:&quot;left&quot;,&quot;469777804&quot;:&quot;\uf0b7&quot;,&quot;469777815&quot;:&quot;hybridMultilevel&quot;}\" data-aria-posinset=\"1\" data-aria-level=\"1\"><span data-contrast=\"auto\">verkkoteht\u00e4v\u00e4t<\/span><span data-ccp-props=\"{&quot;134233117&quot;:false,&quot;134233118&quot;:false,&quot;201341983&quot;:0,&quot;335551550&quot;:6,&quot;335551620&quot;:6,&quot;335559738&quot;:0,&quot;335559739&quot;:0,&quot;335559740&quot;:240}\">\u00a0<\/span><\/li>\n<li data-leveltext=\"\uf0b7\" data-font=\"Symbol\" data-listid=\"7\" data-list-defn-props=\"{&quot;335552541&quot;:1,&quot;335559685&quot;:720,&quot;335559991&quot;:360,&quot;469769226&quot;:&quot;Symbol&quot;,&quot;469769242&quot;:[8226],&quot;469777803&quot;:&quot;left&quot;,&quot;469777804&quot;:&quot;\uf0b7&quot;,&quot;469777815&quot;:&quot;hybridMultilevel&quot;}\" data-aria-posinset=\"2\" data-aria-level=\"1\"><span data-contrast=\"auto\">Moodle-tentit<\/span><span data-ccp-props=\"{&quot;134233117&quot;:false,&quot;134233118&quot;:false,&quot;201341983&quot;:0,&quot;335551550&quot;:6,&quot;335551620&quot;:6,&quot;335559738&quot;:0,&quot;335559739&quot;:0,&quot;335559740&quot;:240}\">\u00a0<\/span><\/li>\n<\/ul>\n<h3>Ty\u00f6m\u00e4\u00e4r\u00e4<\/h3>\n<p><span data-contrast=\"auto\">Opintojakson ty\u00f6m\u00e4\u00e4r\u00e4 on 81 tuntia, joka on kokonaan itsen\u00e4ist\u00e4 opiskelua.<\/span><span data-ccp-props=\"{&quot;134233117&quot;:false,&quot;134233118&quot;:false,&quot;201341983&quot;:0,&quot;335551550&quot;:6,&quot;335551620&quot;:6,&quot;335559738&quot;:0,&quot;335559739&quot;:0,&quot;335559740&quot;:240}\">\u00a0<\/span><span data-contrast=\"auto\">Yksi opintopiste vastaa 27 h opiskelijan ty\u00f6t\u00e4.<\/span><span data-ccp-props=\"{&quot;134233117&quot;:false,&quot;134233118&quot;:false,&quot;201341983&quot;:0,&quot;335559738&quot;:0,&quot;335559739&quot;:0,&quot;335559740&quot;:240}\">\u00a0<\/span><\/p>\n<p>&nbsp;<\/p>\n<h2><strong><a href=\"https:\/\/link.webropol.com\/s\/kivanetsyksy25\" target=\"_blank\" rel=\"noopener\">Linkki ilmoittautumiseen<\/a> aukeaa 13.8.<\/strong><\/h2>\n<p><span data-ccp-props=\"{&quot;134233117&quot;:false,&quot;134233118&quot;:false,&quot;201341983&quot;:0,&quot;335559738&quot;:0,&quot;335559739&quot;:0,&quot;335559740&quot;:240}\">\u00a0<\/span><\/p>\n<p><span data-ccp-props=\"{&quot;201341983&quot;:0,&quot;335559739&quot;:160,&quot;335559740&quot;:259}\">\u00a0<\/span><\/p>\n","protected":false},"excerpt":{"rendered":"<p>\u00a0J\u00e4rjest\u00e4v\u00e4 korkeakoulu \u00a0LAB \u00a0Opetuskieli \u00a0suomi, englanti, ven\u00e4j\u00e4 \u00a0Ajoitus \u00a0Kurssi auki Moodlessa 29.9. alkaen. \u00a0Verkkotapaamisten aikataulu \u00a0Ei verkkotapaamisia. \u00a0Tentti Moodlessa \u00a0Opintojaksolla ei ole tentti\u00e4. \u00a0CEFR-taso \u00a0L\u00e4ht\u00f6taso A2.2 &gt; tavoitetaso B1.1\u00a0 \u00a0Opintopisteet \u00a03 \u00a0Esitiedot \u00a0Opiskelija on saavuttanut aiemmissa opinnoissaan taitotason A2.2. Kurssikuvaus Sis\u00e4lt\u00f6\u202f T\u00e4ll\u00e4 opintojaksolla kertaat ja\/tai opit:\u00a0 taivuttamaan ja k\u00e4ytt\u00e4m\u00e4\u00e4n sek\u00e4 substantiiveja ett\u00e4 adjektiiveja ven\u00e4j\u00e4n kaikissa [&hellip;]<\/p>\n","protected":false},"author":185,"featured_media":0,"parent":174,"menu_order":0,"comment_status":"closed","ping_status":"closed","template":"","meta":{"_acf_changed":false,"footnotes":""},"class_list":["post-537","page","type-page","status-publish","hentry"],"acf":[],"lang":"fi","translations":{"fi":537},"pll_sync_post":[],"_links":{"self":[{"href":"https:\/\/sites.uwasa.fi\/kivanet\/wp-json\/wp\/v2\/pages\/537"}],"collection":[{"href":"https:\/\/sites.uwasa.fi\/kivanet\/wp-json\/wp\/v2\/pages"}],"about":[{"href":"https:\/\/sites.uwasa.fi\/kivanet\/wp-json\/wp\/v2\/types\/page"}],"author":[{"embeddable":true,"href":"https:\/\/sites.uwasa.fi\/kivanet\/wp-json\/wp\/v2\/users\/185"}],"replies":[{"embeddable":true,"href":"https:\/\/sites.uwasa.fi\/kivanet\/wp-json\/wp\/v2\/comments?post=537"}],"version-history":[{"count":11,"href":"https:\/\/sites.uwasa.fi\/kivanet\/wp-json\/wp\/v2\/pages\/537\/revisions"}],"predecessor-version":[{"id":3451,"href":"https:\/\/sites.uwasa.fi\/kivanet\/wp-json\/wp\/v2\/pages\/537\/revisions\/3451"}],"up":[{"embeddable":true,"href":"https:\/\/sites.uwasa.fi\/kivanet\/wp-json\/wp\/v2\/pages\/174"}],"wp:attachment":[{"href":"https:\/\/sites.uwasa.fi\/kivanet\/wp-json\/wp\/v2\/media?parent=537"}],"curies":[{"name":"wp","href":"https:\/\/api.w.org\/{rel}","templated":true}]}}