{"id":533,"date":"2024-04-24T14:30:22","date_gmt":"2024-04-24T11:30:22","guid":{"rendered":"https:\/\/sites.uwasa.fi\/kivanet\/?page_id=533"},"modified":"2025-08-26T07:36:35","modified_gmt":"2025-08-26T04:36:35","slug":"venaja-4","status":"publish","type":"page","link":"https:\/\/sites.uwasa.fi\/kivanet\/kurssitarjonta\/syksy-2024\/venaja\/venaja-4\/","title":{"rendered":"Ven\u00e4j\u00e4 4"},"content":{"rendered":"<table style=\"border-collapse: collapse;width: 100%\" border=\"1\">\n<tbody>\n<tr style=\"height: 24px\">\n<td style=\"width: 18.3308%;height: 24px\"><strong>\u00a0J\u00e4rjest\u00e4v\u00e4 korkeakoulu<\/strong><\/td>\n<td style=\"width: 40.3891%;height: 24px\"><strong>\u00a0LAB<\/strong><\/td>\n<\/tr>\n<tr style=\"height: 24px\">\n<td style=\"width: 18.3308%;height: 24px\"><strong>\u00a0Opetuskieli<\/strong><\/td>\n<td style=\"width: 40.3891%;height: 24px\"><strong>\u00a0suomi, englanti, ven\u00e4j\u00e4<\/strong><\/td>\n<\/tr>\n<tr style=\"height: 24px\">\n<td style=\"width: 18.3308%;height: 10px\"><strong>\u00a0Ajoitus<\/strong><\/td>\n<td style=\"width: 40.3891%;height: 10px\"><strong>\u00a0Kurssi auki Moodlessa: 27.10.2025 alkaen.<\/strong><\/td>\n<\/tr>\n<tr style=\"height: 24px\">\n<td style=\"width: 18.3308%;height: 24px\"><strong>\u00a0Verkkotapaamisten aikataulu<\/strong><\/td>\n<td style=\"width: 40.3891%;height: 24px\"><strong>\u00a0Pakolliset verkkotapaamiset:<\/strong><\/p>\n<ul>\n<li style=\"font-weight: 400\">29.10.2025 klo 16:15 \u2013 17:45<\/li>\n<li style=\"font-weight: 400\"><span style=\"font-family: inherit;font-size: inherit\">05.11.2025 klo 16:15 \u2013 17:45<\/span><\/li>\n<li style=\"font-weight: 400\"><span style=\"font-family: inherit;font-size: inherit\">12.11.2025 klo 16:15 \u2013 17:45<\/span><\/li>\n<li style=\"font-weight: 400\"><span style=\"font-family: inherit;font-size: inherit\">19.11.2025 klo 16:15 \u2013 17:45<\/span><\/li>\n<li style=\"font-weight: 400\"><span style=\"font-family: inherit;font-size: inherit\">26.11.2025 klo 16:15 \u2013 17:45<\/span><\/li>\n<li style=\"font-weight: 400\"><span style=\"font-family: inherit;font-size: inherit\">03.12.2025 klo 16:15 \u2013 17:45<\/span><\/li>\n<li style=\"font-weight: 400\"><span style=\"font-family: inherit;font-size: inherit\">10.12.2025 klo 16:15 \u2013 17:45<\/span><\/li>\n<\/ul>\n<\/td>\n<\/tr>\n<tr>\n<td style=\"width: 18.3308%\"><strong>\u00a0Tentti Moodlessa<\/strong><\/td>\n<td style=\"width: 40.3891%\"><strong>\u00a0Opintojaksolla ei ole tentti\u00e4.<\/strong><\/td>\n<\/tr>\n<tr style=\"height: 24px\">\n<td style=\"width: 18.3308%;height: 24px\"><strong>\u00a0CEFR-taso<\/strong><\/td>\n<td style=\"width: 40.3891%;height: 24px\"><strong>\u00a0L\u00e4ht\u00f6taso A2.1 &gt; tavoitetaso A2.2\u00a0<\/strong><\/td>\n<\/tr>\n<tr style=\"height: 24px\">\n<td style=\"width: 18.3308%;height: 24px\"><strong>\u00a0Opintopisteet<\/strong><\/td>\n<td style=\"width: 40.3891%;height: 24px\"><strong>\u00a03<\/strong><\/td>\n<\/tr>\n<tr style=\"height: 24px\">\n<td style=\"width: 18.3308%;height: 24px\"><strong>\u00a0Esitiedot<\/strong><\/td>\n<td style=\"width: 40.3891%;height: 24px\"><strong>\u00a0Opintojakso edellytt\u00e4\u00e4 KiVANETin Ven\u00e4j\u00e4 1-3 suorittamista tai vastaavaa osaamista ven\u00e4j\u00e4n kieless\u00e4 (taitotaso A2.1).\u00a0<\/strong><\/td>\n<\/tr>\n<\/tbody>\n<\/table>\n<h2><strong>Kurssikuvaus<\/strong><\/h2>\n<h3><b><span data-contrast=\"auto\">Sis\u00e4lt\u00f6 ja osaamistavoitteet<\/span><\/b><span data-contrast=\"auto\">\u00a0<\/span><span data-ccp-props=\"{&quot;201341983&quot;:0,&quot;335551550&quot;:6,&quot;335551620&quot;:6,&quot;335559739&quot;:240,&quot;335559740&quot;:360}\">\u00a0<\/span><\/h3>\n<p><span data-contrast=\"auto\">T\u00e4ll\u00e4 opintojaksolla opit:<\/span><span data-ccp-props=\"{&quot;201341983&quot;:0,&quot;335551550&quot;:6,&quot;335551620&quot;:6,&quot;335559739&quot;:240,&quot;335559740&quot;:240}\">\u00a0<\/span><\/p>\n<ul>\n<li data-leveltext=\"\uf0b7\" data-font=\"Symbol\" data-listid=\"22\" data-list-defn-props=\"{&quot;335552541&quot;:1,&quot;335559685&quot;:720,&quot;335559991&quot;:360,&quot;469769226&quot;:&quot;Symbol&quot;,&quot;469769242&quot;:[8226],&quot;469777803&quot;:&quot;left&quot;,&quot;469777804&quot;:&quot;\uf0b7&quot;,&quot;469777815&quot;:&quot;hybridMultilevel&quot;}\" data-aria-posinset=\"1\" data-aria-level=\"1\"><span data-contrast=\"auto\">m\u00f6kkeilyyn ja luontoon liittyv\u00e4\u00e4 sanastoa<\/span><span data-ccp-props=\"{&quot;201341983&quot;:0,&quot;335551550&quot;:6,&quot;335551620&quot;:6,&quot;335559739&quot;:240,&quot;335559740&quot;:240}\">\u00a0<\/span><\/li>\n<li data-leveltext=\"\uf0b7\" data-font=\"Symbol\" data-listid=\"22\" data-list-defn-props=\"{&quot;335552541&quot;:1,&quot;335559685&quot;:720,&quot;335559991&quot;:360,&quot;469769226&quot;:&quot;Symbol&quot;,&quot;469769242&quot;:[8226],&quot;469777803&quot;:&quot;left&quot;,&quot;469777804&quot;:&quot;\uf0b7&quot;,&quot;469777815&quot;:&quot;hybridMultilevel&quot;}\" data-aria-posinset=\"2\" data-aria-level=\"1\"><span data-contrast=\"auto\">pit\u00e4m\u00e4\u00e4n pieni\u00e4 maljapuheita<\/span><span data-ccp-props=\"{&quot;201341983&quot;:0,&quot;335551550&quot;:6,&quot;335551620&quot;:6,&quot;335559739&quot;:240,&quot;335559740&quot;:240}\">\u00a0<\/span><\/li>\n<li data-leveltext=\"\uf0b7\" data-font=\"Symbol\" data-listid=\"22\" data-list-defn-props=\"{&quot;335552541&quot;:1,&quot;335559685&quot;:720,&quot;335559991&quot;:360,&quot;469769226&quot;:&quot;Symbol&quot;,&quot;469769242&quot;:[8226],&quot;469777803&quot;:&quot;left&quot;,&quot;469777804&quot;:&quot;\uf0b7&quot;,&quot;469777815&quot;:&quot;hybridMultilevel&quot;}\" data-aria-posinset=\"3\" data-aria-level=\"1\"><span data-contrast=\"auto\">asioimaan l\u00e4\u00e4k\u00e4riss\u00e4 ja apteekissa sek\u00e4 kertomaan kehosta ja terveydest\u00e4<\/span><span data-ccp-props=\"{&quot;201341983&quot;:0,&quot;335551550&quot;:6,&quot;335551620&quot;:6,&quot;335559739&quot;:240,&quot;335559740&quot;:240}\">\u00a0<\/span><\/li>\n<li data-leveltext=\"\uf0b7\" data-font=\"Symbol\" data-listid=\"22\" data-list-defn-props=\"{&quot;335552541&quot;:1,&quot;335559685&quot;:720,&quot;335559991&quot;:360,&quot;469769226&quot;:&quot;Symbol&quot;,&quot;469769242&quot;:[8226],&quot;469777803&quot;:&quot;left&quot;,&quot;469777804&quot;:&quot;\uf0b7&quot;,&quot;469777815&quot;:&quot;hybridMultilevel&quot;}\" data-aria-posinset=\"4\" data-aria-level=\"1\"><span data-contrast=\"auto\">esittelem\u00e4\u00e4n yrityksen ja keskustelemaan yrityksen toiminnasta<\/span><span data-ccp-props=\"{&quot;201341983&quot;:0,&quot;335551550&quot;:6,&quot;335551620&quot;:6,&quot;335559739&quot;:240,&quot;335559740&quot;:240}\">\u00a0<\/span><\/li>\n<\/ul>\n<p><span data-contrast=\"auto\">Rakenteet:\u00a0<\/span><span data-ccp-props=\"{&quot;201341983&quot;:0,&quot;335551550&quot;:6,&quot;335551620&quot;:6,&quot;335559739&quot;:240,&quot;335559740&quot;:240}\">\u00a0<\/span><\/p>\n<ul>\n<li data-leveltext=\"\uf0b7\" data-font=\"Symbol\" data-listid=\"23\" data-list-defn-props=\"{&quot;335552541&quot;:1,&quot;335559685&quot;:720,&quot;335559991&quot;:360,&quot;469769226&quot;:&quot;Symbol&quot;,&quot;469769242&quot;:[8226],&quot;469777803&quot;:&quot;left&quot;,&quot;469777804&quot;:&quot;\uf0b7&quot;,&quot;469777815&quot;:&quot;hybridMultilevel&quot;}\" data-aria-posinset=\"5\" data-aria-level=\"1\"><span data-contrast=\"auto\">datiivin yksikk\u00f6 sek\u00e4 instrumentaalin ja genetiivin monikko<\/span><span data-ccp-props=\"{&quot;201341983&quot;:0,&quot;335551550&quot;:6,&quot;335551620&quot;:6,&quot;335559739&quot;:240,&quot;335559740&quot;:240}\">\u00a0<\/span><\/li>\n<li data-leveltext=\"\uf0b7\" data-font=\"Symbol\" data-listid=\"12\" data-list-defn-props=\"{&quot;335552541&quot;:1,&quot;335559685&quot;:720,&quot;335559991&quot;:360,&quot;469769226&quot;:&quot;Symbol&quot;,&quot;469769242&quot;:[8226],&quot;469777803&quot;:&quot;left&quot;,&quot;469777804&quot;:&quot;\uf0b7&quot;,&quot;469777815&quot;:&quot;hybridMultilevel&quot;}\" data-aria-posinset=\"6\" data-aria-level=\"1\"><span data-contrast=\"auto\">modaaliverbit <\/span><span data-contrast=\"auto\">\u043c\u043e\u0436\u043d\u043e, \u043d\u0443\u0436\u043d\u043e, \u043d\u0435\u043b\u044c\u0437\u044f<\/span><\/li>\n<\/ul>\n<p><span data-contrast=\"auto\">T\u00e4m\u00e4n opintojakson j\u00e4lkeen osaat:<\/span><span data-ccp-props=\"{&quot;201341983&quot;:0,&quot;335551550&quot;:6,&quot;335551620&quot;:6,&quot;335559739&quot;:240,&quot;335559740&quot;:240}\">\u00a0<\/span><\/p>\n<ul>\n<li data-leveltext=\"\uf0b7\" data-font=\"Symbol\" data-listid=\"12\" data-list-defn-props=\"{&quot;335552541&quot;:1,&quot;335559685&quot;:720,&quot;335559991&quot;:360,&quot;469769226&quot;:&quot;Symbol&quot;,&quot;469769242&quot;:[8226],&quot;469777803&quot;:&quot;left&quot;,&quot;469777804&quot;:&quot;\uf0b7&quot;,&quot;469777815&quot;:&quot;hybridMultilevel&quot;}\" data-aria-posinset=\"7\" data-aria-level=\"1\"><span data-contrast=\"auto\">ymm\u00e4rt\u00e4\u00e4 selke\u00e4\u00e4 yleiskielist\u00e4 puhetta tai tekstej\u00e4, jotka liittyv\u00e4t opintojakson aihepiireihin<\/span><span data-ccp-props=\"{&quot;201341983&quot;:0,&quot;335551550&quot;:6,&quot;335551620&quot;:6,&quot;335559739&quot;:240,&quot;335559740&quot;:240}\">\u00a0<\/span><\/li>\n<li data-leveltext=\"\uf0b7\" data-font=\"Symbol\" data-listid=\"12\" data-list-defn-props=\"{&quot;335552541&quot;:1,&quot;335559685&quot;:720,&quot;335559991&quot;:360,&quot;469769226&quot;:&quot;Symbol&quot;,&quot;469769242&quot;:[8226],&quot;469777803&quot;:&quot;left&quot;,&quot;469777804&quot;:&quot;\uf0b7&quot;,&quot;469777815&quot;:&quot;hybridMultilevel&quot;}\" data-aria-posinset=\"8\" data-aria-level=\"1\"><span data-contrast=\"auto\">viesti\u00e4 suullisesti ja kirjallisesti opintojakson teemoista\u00a0<\/span><span data-ccp-props=\"{&quot;201341983&quot;:0,&quot;335551550&quot;:6,&quot;335551620&quot;:6,&quot;335559739&quot;:240,&quot;335559740&quot;:240}\">\u00a0<\/span><\/li>\n<li data-leveltext=\"\uf0b7\" data-font=\"Symbol\" data-listid=\"12\" data-list-defn-props=\"{&quot;335552541&quot;:1,&quot;335559685&quot;:720,&quot;335559991&quot;:360,&quot;469769226&quot;:&quot;Symbol&quot;,&quot;469769242&quot;:[8226],&quot;469777803&quot;:&quot;left&quot;,&quot;469777804&quot;:&quot;\uf0b7&quot;,&quot;469777815&quot;:&quot;hybridMultilevel&quot;}\" data-aria-posinset=\"9\" data-aria-level=\"1\"><span data-contrast=\"auto\">syvemmin ven\u00e4l\u00e4ist\u00e4 kulttuuria ja tapoja<\/span><span data-ccp-props=\"{&quot;201341983&quot;:0,&quot;335551550&quot;:6,&quot;335551620&quot;:6,&quot;335559739&quot;:240,&quot;335559740&quot;:240}\">\u00a0<\/span><\/li>\n<\/ul>\n<h3><b><span data-contrast=\"auto\">Oppimateriaali<\/span><\/b><span data-ccp-props=\"{&quot;201341983&quot;:0,&quot;335551550&quot;:6,&quot;335551620&quot;:6,&quot;335559739&quot;:240,&quot;335559740&quot;:360}\">\u00a0<\/span><\/h3>\n<p><span data-contrast=\"auto\">Kaikki oppimateriaali on digitaalisella oppimisalustalla.<\/span><span data-ccp-props=\"{&quot;201341983&quot;:0,&quot;335551550&quot;:6,&quot;335551620&quot;:6,&quot;335559739&quot;:240,&quot;335559740&quot;:360}\">\u00a0<\/span><\/p>\n<h3><b><span data-contrast=\"auto\">Opetus- ja arviointimenetelm\u00e4t<\/span><\/b><span data-ccp-props=\"{&quot;201341983&quot;:0,&quot;335551550&quot;:6,&quot;335551620&quot;:6,&quot;335559739&quot;:240,&quot;335559740&quot;:360}\">\u00a0<\/span><\/h3>\n<p><span data-contrast=\"auto\">Harjoittelet itsen\u00e4isesti tekstien, \u00e4\u00e4nitteiden, videoiden ja interaktiivisten harjoitusten avulla oppimisalustalla. Opintojakso voi sis\u00e4lt\u00e4\u00e4 toteutuksesta riippuen vapaaehtoisia tai pakollisia verkko-oppitunteja. Arviointi perustuu palautettaviin teht\u00e4viin ja kirjallisiin sek\u00e4 suulliseen tenttiin.<\/span><span data-ccp-props=\"{&quot;201341983&quot;:0,&quot;335551550&quot;:6,&quot;335551620&quot;:6,&quot;335559739&quot;:240,&quot;335559740&quot;:240}\">\u00a0<\/span><\/p>\n<p><span data-contrast=\"auto\">Arvioinnin perustana ovat:\u00a0<\/span><span data-ccp-props=\"{&quot;134233117&quot;:true,&quot;134233118&quot;:true,&quot;201341983&quot;:0,&quot;335551550&quot;:1,&quot;335551620&quot;:1,&quot;335559739&quot;:240,&quot;335559740&quot;:240}\">\u00a0<\/span><\/p>\n<ul>\n<li data-leveltext=\"\uf0b7\" data-font=\"Symbol\" data-listid=\"18\" data-list-defn-props=\"{&quot;335552541&quot;:1,&quot;335559685&quot;:720,&quot;335559991&quot;:360,&quot;469769226&quot;:&quot;Symbol&quot;,&quot;469769242&quot;:[8226],&quot;469777803&quot;:&quot;left&quot;,&quot;469777804&quot;:&quot;\uf0b7&quot;,&quot;469777815&quot;:&quot;hybridMultilevel&quot;}\" data-aria-posinset=\"1\" data-aria-level=\"1\"><span data-contrast=\"auto\">palautettavat teht\u00e4v\u00e4t ja v\u00e4litentit 50 %\u00a0<\/span><span data-ccp-props=\"{&quot;134233117&quot;:true,&quot;134233118&quot;:true,&quot;201341983&quot;:0,&quot;335551550&quot;:1,&quot;335551620&quot;:1,&quot;335559739&quot;:240,&quot;335559740&quot;:240}\">\u00a0<\/span><\/li>\n<li data-leveltext=\"\uf0b7\" data-font=\"Symbol\" data-listid=\"18\" data-list-defn-props=\"{&quot;335552541&quot;:1,&quot;335559685&quot;:720,&quot;335559991&quot;:360,&quot;469769226&quot;:&quot;Symbol&quot;,&quot;469769242&quot;:[8226],&quot;469777803&quot;:&quot;left&quot;,&quot;469777804&quot;:&quot;\uf0b7&quot;,&quot;469777815&quot;:&quot;hybridMultilevel&quot;}\" data-aria-posinset=\"2\" data-aria-level=\"1\"><span data-contrast=\"auto\">suullinen lopputentti 20 %<\/span><span data-ccp-props=\"{&quot;134233117&quot;:true,&quot;134233118&quot;:true,&quot;201341983&quot;:0,&quot;335551550&quot;:1,&quot;335551620&quot;:1,&quot;335559739&quot;:240,&quot;335559740&quot;:240}\">\u00a0<\/span><\/li>\n<li data-leveltext=\"\uf0b7\" data-font=\"Symbol\" data-listid=\"18\" data-list-defn-props=\"{&quot;335552541&quot;:1,&quot;335559685&quot;:720,&quot;335559991&quot;:360,&quot;469769226&quot;:&quot;Symbol&quot;,&quot;469769242&quot;:[8226],&quot;469777803&quot;:&quot;left&quot;,&quot;469777804&quot;:&quot;\uf0b7&quot;,&quot;469777815&quot;:&quot;hybridMultilevel&quot;}\" data-aria-posinset=\"3\" data-aria-level=\"1\"><span data-contrast=\"auto\">kirjallinen lopputentti 30 %<\/span><span data-ccp-props=\"{&quot;134233117&quot;:true,&quot;134233118&quot;:true,&quot;201341983&quot;:0,&quot;335551550&quot;:1,&quot;335551620&quot;:1,&quot;335559739&quot;:240,&quot;335559740&quot;:240}\">\u00a0<\/span><\/li>\n<\/ul>\n<h3><b><span data-contrast=\"auto\">Arviointiasteikko ja arviointikriteerit<\/span><\/b><span data-ccp-props=\"{&quot;201341983&quot;:0,&quot;335551550&quot;:6,&quot;335551620&quot;:6,&quot;335559739&quot;:240,&quot;335559740&quot;:360}\">\u00a0<\/span><\/h3>\n<p><span data-contrast=\"none\">Hyv\u00e4ksytty\/hyl\u00e4tty tai asteikolla 0-5 toteutuksen mukaan.<\/span><span data-ccp-props=\"{&quot;201341983&quot;:0,&quot;335551550&quot;:6,&quot;335551620&quot;:6,&quot;335559739&quot;:240,&quot;335559740&quot;:360}\">\u00a0<\/span><\/p>\n<h3><b><span data-contrast=\"auto\">Ty\u00f6m\u00e4\u00e4r\u00e4\u00a0<\/span><\/b><\/h3>\n<ul>\n<li data-leveltext=\"\uf0b7\" data-font=\"Symbol\" data-listid=\"21\" data-list-defn-props=\"{&quot;335552541&quot;:1,&quot;335559685&quot;:720,&quot;335559991&quot;:360,&quot;469769226&quot;:&quot;Symbol&quot;,&quot;469769242&quot;:[8226],&quot;469777803&quot;:&quot;left&quot;,&quot;469777804&quot;:&quot;\uf0b7&quot;,&quot;469777815&quot;:&quot;hybridMultilevel&quot;}\" data-aria-posinset=\"4\" data-aria-level=\"1\"><span data-contrast=\"auto\">itsen\u00e4inen opiskelu 50 h\u202f\u202f<\/span><span data-ccp-props=\"{&quot;134233117&quot;:false,&quot;134233118&quot;:false,&quot;201341983&quot;:0,&quot;335551550&quot;:1,&quot;335551620&quot;:1,&quot;335559738&quot;:0,&quot;335559739&quot;:0,&quot;335559740&quot;:240}\">\u00a0<\/span><\/li>\n<li data-leveltext=\"\uf0b7\" data-font=\"Symbol\" data-listid=\"21\" data-list-defn-props=\"{&quot;335552541&quot;:1,&quot;335559685&quot;:720,&quot;335559991&quot;:360,&quot;469769226&quot;:&quot;Symbol&quot;,&quot;469769242&quot;:[8226],&quot;469777803&quot;:&quot;left&quot;,&quot;469777804&quot;:&quot;\uf0b7&quot;,&quot;469777815&quot;:&quot;hybridMultilevel&quot;}\" data-aria-posinset=\"6\" data-aria-level=\"1\"><span data-contrast=\"auto\">yhteiset verkkotapaamiset tai asioiden opiskelu itsen\u00e4isesti 28 h\u202f\u202f<\/span><span data-ccp-props=\"{&quot;134233117&quot;:false,&quot;134233118&quot;:false,&quot;201341983&quot;:0,&quot;335551550&quot;:1,&quot;335551620&quot;:1,&quot;335559738&quot;:0,&quot;335559739&quot;:0,&quot;335559740&quot;:240}\">\u00a0<\/span><\/li>\n<li data-leveltext=\"\uf0b7\" data-font=\"Symbol\" data-listid=\"21\" data-list-defn-props=\"{&quot;335552541&quot;:1,&quot;335559685&quot;:720,&quot;335559991&quot;:360,&quot;469769226&quot;:&quot;Symbol&quot;,&quot;469769242&quot;:[8226],&quot;469777803&quot;:&quot;left&quot;,&quot;469777804&quot;:&quot;\uf0b7&quot;,&quot;469777815&quot;:&quot;hybridMultilevel&quot;}\" data-aria-posinset=\"7\" data-aria-level=\"1\"><span data-contrast=\"auto\">lopputentti 3 h\u202f<\/span><span data-ccp-props=\"{&quot;134233117&quot;:false,&quot;134233118&quot;:false,&quot;201341983&quot;:0,&quot;335551550&quot;:1,&quot;335551620&quot;:1,&quot;335559738&quot;:0,&quot;335559739&quot;:0,&quot;335559740&quot;:240}\">\u00a0<\/span><\/li>\n<\/ul>\n<p><span data-contrast=\"none\">Yhteens\u00e4 81 h. Yksi opintopiste vastaa 27 h opiskelijan ty\u00f6t\u00e4 (3 x 27 h = 81 h).\u202f<\/span><span data-ccp-props=\"{&quot;134233117&quot;:false,&quot;134233118&quot;:false,&quot;201341983&quot;:0,&quot;335551550&quot;:1,&quot;335551620&quot;:1,&quot;335559738&quot;:0,&quot;335559739&quot;:0,&quot;335559740&quot;:240}\">\u00a0<\/span><\/p>\n<h2><strong><a href=\"https:\/\/link.webropol.com\/s\/kivanetsyksy25\" target=\"_blank\" rel=\"noopener\">Linkki ilmoittautumiseen<\/a> aukeaa 13.8.<\/strong><\/h2>\n","protected":false},"excerpt":{"rendered":"<p>\u00a0J\u00e4rjest\u00e4v\u00e4 korkeakoulu \u00a0LAB \u00a0Opetuskieli \u00a0suomi, englanti, ven\u00e4j\u00e4 \u00a0Ajoitus \u00a0Kurssi auki Moodlessa: 27.10.2025 alkaen. \u00a0Verkkotapaamisten aikataulu \u00a0Pakolliset verkkotapaamiset: 29.10.2025 klo 16:15 \u2013 17:45 05.11.2025 klo 16:15 \u2013 17:45 12.11.2025 klo 16:15 \u2013 17:45 19.11.2025 klo 16:15 \u2013 17:45 26.11.2025 klo 16:15 \u2013 17:45 03.12.2025 klo 16:15 \u2013 17:45 10.12.2025 klo 16:15 \u2013 17:45 \u00a0Tentti Moodlessa \u00a0Opintojaksolla [&hellip;]<\/p>\n","protected":false},"author":185,"featured_media":0,"parent":174,"menu_order":0,"comment_status":"closed","ping_status":"closed","template":"","meta":{"_acf_changed":false,"footnotes":""},"class_list":["post-533","page","type-page","status-publish","hentry"],"acf":[],"lang":"fi","translations":{"fi":533},"pll_sync_post":[],"_links":{"self":[{"href":"https:\/\/sites.uwasa.fi\/kivanet\/wp-json\/wp\/v2\/pages\/533"}],"collection":[{"href":"https:\/\/sites.uwasa.fi\/kivanet\/wp-json\/wp\/v2\/pages"}],"about":[{"href":"https:\/\/sites.uwasa.fi\/kivanet\/wp-json\/wp\/v2\/types\/page"}],"author":[{"embeddable":true,"href":"https:\/\/sites.uwasa.fi\/kivanet\/wp-json\/wp\/v2\/users\/185"}],"replies":[{"embeddable":true,"href":"https:\/\/sites.uwasa.fi\/kivanet\/wp-json\/wp\/v2\/comments?post=533"}],"version-history":[{"count":15,"href":"https:\/\/sites.uwasa.fi\/kivanet\/wp-json\/wp\/v2\/pages\/533\/revisions"}],"predecessor-version":[{"id":3492,"href":"https:\/\/sites.uwasa.fi\/kivanet\/wp-json\/wp\/v2\/pages\/533\/revisions\/3492"}],"up":[{"embeddable":true,"href":"https:\/\/sites.uwasa.fi\/kivanet\/wp-json\/wp\/v2\/pages\/174"}],"wp:attachment":[{"href":"https:\/\/sites.uwasa.fi\/kivanet\/wp-json\/wp\/v2\/media?parent=533"}],"curies":[{"name":"wp","href":"https:\/\/api.w.org\/{rel}","templated":true}]}}