{"id":3964,"date":"2026-03-11T09:04:48","date_gmt":"2026-03-11T07:04:48","guid":{"rendered":"https:\/\/sites.uwasa.fi\/kivanet\/?page_id=3964"},"modified":"2026-03-11T09:06:01","modified_gmt":"2026-03-11T07:06:01","slug":"overforing-av-prestationer","status":"publish","type":"page","link":"https:\/\/sites.uwasa.fi\/kivanet\/sv\/till-studenten\/overforing-av-prestationer\/","title":{"rendered":"\u00d6verf\u00f6ring av prestationer"},"content":{"rendered":"<p>\u00d6verf\u00f6ring av KiVANET-prestationer<\/p>\n<p>Avlagda KiVANET-spr\u00e5kkurser registreras i studieregistret vid den h\u00f6gskola som ansvarar f\u00f6r kursen. Prestationerna registreras i enlighet med respektive h\u00f6gskolas praxis och tidtabeller.<\/p>\n<p>Studerande som har slutf\u00f6rt en KiVANET-spr\u00e5kkurs ansvarar f\u00f6r att \u00f6verf\u00f6ra sina po\u00e4ng till sin hemh\u00f6gskola. Det l\u00f6nar sig att \u00f6verf\u00f6ra studiepo\u00e4ngen s\u00e5 snart som m\u00f6jligt efter att kursen \u00e4r avlagd. F\u00f6rfarandet beror p\u00e5 din hemh\u00f6gskola.<\/p>\n<ol>\n<li>Tj\u00e4nsten Studieinfo<\/li>\n<\/ol>\n<p>Du kan anv\u00e4nda &#8221;Mina studieprestationer&#8221; i Min Studieinfo-tj\u00e4nsten f\u00f6r att \u00f6verf\u00f6ra dina studiepo\u00e4ng. F\u00f6r att logga in i tj\u00e4nsten m\u00e5ste du legitimera dig med bank-ID, mobilcertifikat eller personkort f\u00f6rsedd med chip. Fr\u00e5n tj\u00e4nsten kan du h\u00e4mta din kurs och skapa en l\u00e4nk till den, som du sedan kan skicka in elektroniskt till din h\u00f6gskola i enlighet med ditt hemh\u00f6gskolans rutiner.<\/p>\n<ol start=\"2\">\n<li>Studieregisterutdrag<\/li>\n<\/ol>\n<p>Om s\u00e4ttet ovan inte \u00e4r m\u00f6jligt kan du beg\u00e4ra ett utdrag fr\u00e5n studier\u00e5dgivningen vid den h\u00f6gskola som organiserade dina studier. Med hj\u00e4lp av utdraget kan du \u00f6verf\u00f6ra ditt studieutdrag i enlighet med din hemh\u00f6gskolas rutiner.<\/p>\n<p>Om du inte kan \u00f6verf\u00f6ra din KiVANET-prestation till din hemh\u00f6gskola p\u00e5 n\u00e5got av de ovan n\u00e4mnda s\u00e4tten, kan du be om anvisningar per e-post: kivanet(at)uef.fi. Observera att kursl\u00e4rarna inte i praktiken \u00e4r involverade i processen ang\u00e5ende \u00f6verf\u00f6ringen av dina prestationer.<\/p>\n","protected":false},"excerpt":{"rendered":"<p>\u00d6verf\u00f6ring av KiVANET-prestationer Avlagda KiVANET-spr\u00e5kkurser registreras i studieregistret vid den h\u00f6gskola som ansvarar f\u00f6r kursen. Prestationerna registreras i enlighet med respektive h\u00f6gskolas praxis och tidtabeller. Studerande som har slutf\u00f6rt en KiVANET-spr\u00e5kkurs ansvarar f\u00f6r att \u00f6verf\u00f6ra sina po\u00e4ng till sin hemh\u00f6gskola. Det l\u00f6nar sig att \u00f6verf\u00f6ra studiepo\u00e4ngen s\u00e5 snart som m\u00f6jligt efter att kursen \u00e4r avlagd. [&hellip;]<\/p>\n","protected":false},"author":185,"featured_media":0,"parent":2374,"menu_order":0,"comment_status":"closed","ping_status":"closed","template":"","meta":{"_acf_changed":false,"footnotes":""},"class_list":["post-3964","page","type-page","status-publish","hentry"],"acf":[],"lang":"sv","translations":{"sv":3964},"pll_sync_post":[],"_links":{"self":[{"href":"https:\/\/sites.uwasa.fi\/kivanet\/wp-json\/wp\/v2\/pages\/3964"}],"collection":[{"href":"https:\/\/sites.uwasa.fi\/kivanet\/wp-json\/wp\/v2\/pages"}],"about":[{"href":"https:\/\/sites.uwasa.fi\/kivanet\/wp-json\/wp\/v2\/types\/page"}],"author":[{"embeddable":true,"href":"https:\/\/sites.uwasa.fi\/kivanet\/wp-json\/wp\/v2\/users\/185"}],"replies":[{"embeddable":true,"href":"https:\/\/sites.uwasa.fi\/kivanet\/wp-json\/wp\/v2\/comments?post=3964"}],"version-history":[{"count":2,"href":"https:\/\/sites.uwasa.fi\/kivanet\/wp-json\/wp\/v2\/pages\/3964\/revisions"}],"predecessor-version":[{"id":3967,"href":"https:\/\/sites.uwasa.fi\/kivanet\/wp-json\/wp\/v2\/pages\/3964\/revisions\/3967"}],"up":[{"embeddable":true,"href":"https:\/\/sites.uwasa.fi\/kivanet\/wp-json\/wp\/v2\/pages\/2374"}],"wp:attachment":[{"href":"https:\/\/sites.uwasa.fi\/kivanet\/wp-json\/wp\/v2\/media?parent=3964"}],"curies":[{"name":"wp","href":"https:\/\/api.w.org\/{rel}","templated":true}]}}