{"id":3576,"date":"2025-10-10T18:03:49","date_gmt":"2025-10-10T15:03:49","guid":{"rendered":"https:\/\/sites.uwasa.fi\/kivanet\/?page_id=3576"},"modified":"2025-11-21T14:24:12","modified_gmt":"2025-11-21T12:24:12","slug":"finlandsvenskt-teckensprak","status":"publish","type":"page","link":"https:\/\/sites.uwasa.fi\/kivanet\/kurssitarjonta\/kevat-2026\/finlandsvenskt-teckensprak\/","title":{"rendered":"Finlandsvenskt teckenspr\u00e5k"},"content":{"rendered":"<table style=\"border-collapse: collapse;width: 100%\" border=\"1\">\n<tbody>\n<tr style=\"height: 24px\">\n<td style=\"width: 18.5571%;height: 24px\"><strong>\u00a0Ordnande h\u00f6gskola<\/strong><\/td>\n<td style=\"width: 36.5429%;height: 24px\"><strong>\u00a0\u00c5bo Akademi<\/strong><\/td>\n<\/tr>\n<tr style=\"height: 24px\">\n<td style=\"width: 18.5571%;height: 24px\"><strong> Undervisningsspr\u00e5k<\/strong><\/td>\n<td style=\"width: 36.5429%;height: 24px\"><strong>\u00a0svenska<\/strong><\/td>\n<\/tr>\n<tr style=\"height: 24px\">\n<td style=\"width: 18.5571%;height: 24px\"><strong>\u00a0Kursen \u00f6ppet<\/strong><\/td>\n<td style=\"width: 36.5429%;height: 24px\">\u00a0<strong>Kursen \u00f6ppet i Moodle: 27.1-28.4.2026<\/strong><\/td>\n<\/tr>\n<tr style=\"height: 24px\">\n<td style=\"width: 18.5571%;height: 36px\"><strong>\u00a0Webinarier<\/strong><\/td>\n<td style=\"width: 36.5429%;height: 36px\">\u00a0<strong>Tisdagar och torsdagar, kl 17:00-18:30, online. Lektionerna <u>spelas inte in.<\/u><\/strong><\/td>\n<\/tr>\n<tr style=\"height: 32px\">\n<td style=\"width: 18.5571%;height: 32px\"><strong>\u00a0Provet i Moodle<\/strong><strong><br \/>\n<\/strong><\/td>\n<td style=\"width: 36.5429%;height: 32px\"><\/td>\n<\/tr>\n<tr style=\"height: 24px\">\n<td style=\"width: 18.5571%;height: 24px\"><strong>\u00a0CEFR-niv\u00e5<\/strong><\/td>\n<td style=\"width: 36.5429%;height: 24px\"><strong>\u00a0 A0 -&gt; A2<\/strong><\/td>\n<\/tr>\n<tr style=\"height: 24px\">\n<td style=\"width: 18.5571%;height: 24px\"><strong>\u00a0Studiepo\u00e4ng<\/strong><\/td>\n<td style=\"width: 36.5429%;height: 24px\"><strong>\u00a05<\/strong><\/td>\n<\/tr>\n<tr style=\"height: 24px\">\n<td style=\"width: 18.5571%;height: 24px\"><strong> F\u00f6rkunskapskrav<\/strong><\/td>\n<td style=\"width: 36.5429%;height: 24px\"><strong>\u00a0Inga f\u00f6rkunskapskrav<\/strong><\/td>\n<\/tr>\n<\/tbody>\n<\/table>\n<h2>Kursbeskrivningen<\/h2>\n<p><strong>Inneh\u00e5ll<\/strong><\/p>\n<p>Kursen ger f\u00e4rdigheter f\u00f6r grunder i finlandssvenskt teckenspr\u00e5k samt kunskap om spr\u00e5ket som \u00e4r ett hotat spr\u00e5k och ett av de minsta spr\u00e5ken i Finland.<\/p>\n<p>Deltagarna l\u00e4r sig vardagstecken, handalfabet, om teckenspr\u00e5kets struktur och d\u00f6vkultur. Undervisningen baserar sig p\u00e5 visuell kommunikation och det prim\u00e4ra undervisningsspr\u00e5ket \u00e4r teckenspr\u00e5k. Kursen l\u00e4mpar sig \u00e4ven till dem som vill l\u00e4ra sig och anv\u00e4nda tecken som st\u00f6d eftersom det tas upp skillnader mellan teckenspr\u00e5k, tecknat tal och tecken som st\u00f6d. Tecknen i sig \u00e4r de samma.<\/p>\n<p><strong>Kompetensm\u00e5l<\/strong><\/p>\n<p>Efter avslutad kurs f\u00f6rv\u00e4ntas studeranden:<\/p>\n<ul>\n<li>kunna bilda enkla meningar inom teman som behandlats under kursen<\/li>\n<li>kunna grunder i grammatik, t.ex. veta tecknens byggstenar<\/li>\n<li>k\u00e4nna till grunder av d\u00f6vkultur och ha l\u00e4tt att tr\u00e4ffa d\u00f6va<\/li>\n<li>kunna ber\u00e4tta kort om sig sj\u00e4lv och sin familj<\/li>\n<li>kunna handalfabeteten (i Finland anv\u00e4nds tv\u00e5 olika handalfabet, ett \u00e4ldre och ett nyare)<\/li>\n<li>veta grunder om skillnader mellan finlandssvenskt och finskt teckenspr\u00e5k<\/li>\n<li>k\u00e4nna till skillnaderna mellan teckenspr\u00e5k, tecknat tal och tecken som st\u00f6d<\/li>\n<li>k\u00e4nna till spr\u00e5kets hotade situation<\/li>\n<li>k\u00e4nna till var man hittar mer information om spr\u00e5ket och l\u00e4rt sig att anv\u00e4nda ordb\u00f6ckerna som finns<\/li>\n<li>k\u00e4nna till d\u00f6vhistoria, t.ex. varf\u00f6r vi har tv\u00e5 teckenspr\u00e5k i Finland<\/li>\n<\/ul>\n<p><strong>Studiematerial<br \/>\n<\/strong>Allt l\u00e4romedel finns p\u00e5 den digitala l\u00e4roplattformen.<\/p>\n<p><strong>Bed\u00f6mningsgrunder<\/strong><\/p>\n<p>Uppfyllande av l\u00e4randem\u00e5len.<\/p>\n<p><strong>Provet<\/strong><\/p>\n<p><span data-olk-copy-source=\"MessageBody\">Provet \u00e4r dels kunskapsm\u00e4ssigt och visar att man beh\u00e4rskar vissa begrepp korrekt, dels spr\u00e5km\u00e4ssigt kunna producera en kort teckenspr\u00e5kstext d\u00e4r man f\u00e5r anv\u00e4nda s\u00e5dana tecken som g\u00e5tts genom p\u00e5 kursen.<\/span><\/p>\n<p><strong>Vitsordsskala<\/strong><\/p>\n<p>Godk\u00e4nd\/Underk\u00e4nd<\/p>\n<p><strong>Arbetstimmar <\/strong><\/p>\n<p>Totalt 135 h. En po\u00e4ng motsvarar 27 h studentarbete (5 x 27 h = 135 h).<\/p>\n<h2>Anm\u00e4lning 1.12.2025-11.1.2026<\/h2>\n<h2><a href=\"https:\/\/link.webropol.com\/s\/kivanetkevat26\" target=\"_blank\" rel=\"noopener\">L\u00e4nk till anm\u00e4lningen.<\/a><\/h2>\n","protected":false},"excerpt":{"rendered":"<p>\u00a0Ordnande h\u00f6gskola \u00a0\u00c5bo Akademi Undervisningsspr\u00e5k \u00a0svenska \u00a0Kursen \u00f6ppet \u00a0Kursen \u00f6ppet i Moodle: 27.1-28.4.2026 \u00a0Webinarier \u00a0Tisdagar och torsdagar, kl 17:00-18:30, online. Lektionerna spelas inte in. \u00a0Provet i Moodle \u00a0CEFR-niv\u00e5 \u00a0 A0 -&gt; A2 \u00a0Studiepo\u00e4ng \u00a05 F\u00f6rkunskapskrav \u00a0Inga f\u00f6rkunskapskrav Kursbeskrivningen Inneh\u00e5ll Kursen ger f\u00e4rdigheter f\u00f6r grunder i finlandssvenskt teckenspr\u00e5k samt kunskap om spr\u00e5ket som \u00e4r ett hotat [&hellip;]<\/p>\n","protected":false},"author":185,"featured_media":0,"parent":147,"menu_order":0,"comment_status":"closed","ping_status":"closed","template":"","meta":{"_acf_changed":false,"footnotes":""},"class_list":["post-3576","page","type-page","status-publish","hentry"],"acf":[],"lang":"fi","translations":{"fi":3576},"pll_sync_post":[],"_links":{"self":[{"href":"https:\/\/sites.uwasa.fi\/kivanet\/wp-json\/wp\/v2\/pages\/3576"}],"collection":[{"href":"https:\/\/sites.uwasa.fi\/kivanet\/wp-json\/wp\/v2\/pages"}],"about":[{"href":"https:\/\/sites.uwasa.fi\/kivanet\/wp-json\/wp\/v2\/types\/page"}],"author":[{"embeddable":true,"href":"https:\/\/sites.uwasa.fi\/kivanet\/wp-json\/wp\/v2\/users\/185"}],"replies":[{"embeddable":true,"href":"https:\/\/sites.uwasa.fi\/kivanet\/wp-json\/wp\/v2\/comments?post=3576"}],"version-history":[{"count":10,"href":"https:\/\/sites.uwasa.fi\/kivanet\/wp-json\/wp\/v2\/pages\/3576\/revisions"}],"predecessor-version":[{"id":3710,"href":"https:\/\/sites.uwasa.fi\/kivanet\/wp-json\/wp\/v2\/pages\/3576\/revisions\/3710"}],"up":[{"embeddable":true,"href":"https:\/\/sites.uwasa.fi\/kivanet\/wp-json\/wp\/v2\/pages\/147"}],"wp:attachment":[{"href":"https:\/\/sites.uwasa.fi\/kivanet\/wp-json\/wp\/v2\/media?parent=3576"}],"curies":[{"name":"wp","href":"https:\/\/api.w.org\/{rel}","templated":true}]}}