{"id":350,"date":"2024-04-23T16:12:39","date_gmt":"2024-04-23T13:12:39","guid":{"rendered":"https:\/\/sites.uwasa.fi\/kivanet\/?page_id=350"},"modified":"2025-08-10T20:37:01","modified_gmt":"2025-08-10T17:37:01","slug":"italia-1","status":"publish","type":"page","link":"https:\/\/sites.uwasa.fi\/kivanet\/kurssitarjonta\/syksy-2024\/italia\/italia-1\/","title":{"rendered":"Italia 1"},"content":{"rendered":"<table style=\"border-collapse: collapse;width: 100%\" border=\"1\">\n<tbody>\n<tr style=\"height: 24px\">\n<td style=\"width: 24.8549%;height: 24px\"><strong>\u00a0J\u00e4rjest\u00e4v\u00e4 korkeakoulu<\/strong><\/td>\n<td style=\"width: 67.7432%\"><strong>\u00a0XAMK<\/strong><\/td>\n<\/tr>\n<tr style=\"height: 24px\">\n<td style=\"width: 24.8549%;height: 24px\"><strong>\u00a0Opetuskieli<\/strong><\/td>\n<td style=\"width: 67.7432%\"><strong>\u00a0suomi<\/strong><\/td>\n<\/tr>\n<tr style=\"height: 24px\">\n<td style=\"width: 24.8549%;height: 24px\"><strong>\u00a0Ajoitus<\/strong><\/td>\n<td style=\"width: 67.7432%\"><strong>\u00a029.9.2025-16.10.2025<\/strong><\/td>\n<\/tr>\n<tr style=\"height: 24px\">\n<td style=\"width: 24.8549%;height: 24px\"><strong>\u00a0Verkkotapaamisten aikataulu<\/strong><\/td>\n<td style=\"width: 67.7432%\">\n<p><strong><strong>\u00a0Pakolliset h<\/strong><\/strong><strong style=\"font-family: inherit;font-size: inherit\">arjoitustunnit Zoomissa: <\/strong><\/p>\n<p><strong style=\"font-family: inherit;font-size: inherit\">\u00a0to 2.10. kl. 16.15-18<\/strong><span style=\"font-family: inherit;font-size: inherit\">\u00a0<\/span><\/p>\n<p><strong style=\"font-family: inherit;font-size: inherit\">\u00a0to 9.10. kl. 16.15-18<\/strong><span style=\"font-family: inherit;font-size: inherit\">\u00a0<\/span><\/p>\n<p><strong style=\"font-family: inherit;font-size: inherit\">\u00a0to 16.10. kl. 16.15-18<\/strong><span style=\"font-family: inherit;font-size: inherit\">\u00a0<\/span><\/td>\n<\/tr>\n<tr>\n<td style=\"width: 24.8549%\"><strong>\u00a0Tentti Moodlessa<\/strong><\/td>\n<td style=\"width: 67.7432%\">\n<p><strong>\u00a0 23.10.2025 kl. 8.00-23.59<\/strong><\/p>\n<p><strong>\u00a01. uusinta 20.11.2025<\/strong><\/p>\n<p><strong>\u00a02. uusinta 11.12.2025<\/strong><\/td>\n<\/tr>\n<tr style=\"height: 24px\">\n<td style=\"width: 24.8549%;height: 24px\"><strong>\u00a0CEFR-taso<\/strong><\/td>\n<td style=\"width: 67.7432%\"><strong>\u00a0L\u00e4ht\u00f6taso 0 &gt; tavoitetaso A1.1<\/strong><\/td>\n<\/tr>\n<tr style=\"height: 24px\">\n<td style=\"width: 24.8549%;height: 24px\"><strong>\u00a0Opintopisteet<\/strong><\/td>\n<td style=\"width: 67.7432%\"><strong>\u00a03<\/strong><\/td>\n<\/tr>\n<tr style=\"height: 24px\">\n<td style=\"width: 24.8549%;height: 24px\"><strong>\u00a0Esitiedot<\/strong><\/td>\n<td style=\"width: 67.7432%\"><strong>\u00a0Ei edelt\u00e4vi\u00e4 italian opintoja. Opintojakso on tarkoitettu vasta-alkajille.\u00a0<\/strong><\/td>\n<\/tr>\n<\/tbody>\n<\/table>\n<h2><strong>Kurssikuvaus<\/strong><\/h2>\n<h3><b><span data-contrast=\"none\">Sis\u00e4lt\u00f6<\/span><\/b><span data-ccp-props=\"{&quot;201341983&quot;:0,&quot;335559739&quot;:160,&quot;335559740&quot;:259}\">\u00a0<\/span><\/h3>\n<p><span data-contrast=\"none\">Opintojaksolla opit kommunikoimaan italiaksi yksinkertaisissa viestint\u00e4tilanteissa, kuten esimerkiksi itsens\u00e4 esitteleminen, ty\u00f6st\u00e4 ja opinnoista puhuminen, ruuan ja juomien tilaaminen sek\u00e4 asiointi eri kaupoissa. Opintojakso koostuu kolmesta kokonaisuudesta:\u00a0<\/span><span data-ccp-props=\"{&quot;201341983&quot;:0,&quot;335559739&quot;:160,&quot;335559740&quot;:259}\">\u00a0<\/span><\/p>\n<ol>\n<li><span data-contrast=\"none\">Piacere di conoscerti! &gt; tervehtiminen, itsens\u00e4 esitt\u00e4minen: nimi, ik\u00e4, asuinpaikka, kansallisuus, kielitaito, opiskelu\/ty\u00f6.<\/span><\/li>\n<li><span data-contrast=\"none\">Il conto, per favore. &gt; asiakkaana kahvilassa ja ravintolassa, kahvilan ja ravintolan sanasto, Italian ruokakulttuuri.<\/span><\/li>\n<li><span data-contrast=\"none\">Acquisti in citt\u00e0. &gt; asiointi eri kaupoissa, esim. ruokakauppa, apteekki, tupakkakauppa; italialaiset myym\u00e4l\u00e4tyypit.<\/span><span data-ccp-props=\"{&quot;201341983&quot;:0,&quot;335559739&quot;:160,&quot;335559740&quot;:259}\">\u00a0<\/span><\/li>\n<\/ol>\n<h3><b><span data-contrast=\"none\">Osaamistavoitteet<\/span><\/b><span data-ccp-props=\"{&quot;201341983&quot;:0,&quot;335559739&quot;:160,&quot;335559740&quot;:259}\">\u00a0<\/span><\/h3>\n<p><span data-contrast=\"none\">Opintojakson suoritettuasi<\/span><span data-ccp-props=\"{&quot;201341983&quot;:0,&quot;335559685&quot;:0,&quot;335559739&quot;:160,&quot;335559740&quot;:259}\">\u00a0<\/span><\/p>\n<ol>\n<li><span data-contrast=\"none\">tunnet italian kielen perusrakenteet<\/span><\/li>\n<li><span data-contrast=\"none\">tunnet italian kielen \u00e4\u00e4nt\u00e4misen peruslainalaisuudet<\/span><\/li>\n<li><span data-contrast=\"none\">ymm\u00e4rr\u00e4t ja tuotat lyhyit\u00e4 lauseita ja tekstej\u00e4, jotka kertovat itsest\u00e4si ja elinymp\u00e4rist\u00f6st\u00e4si<\/span><\/li>\n<li><span data-contrast=\"none\">osaat kommunikoida yksinkertaisissa, arkiel\u00e4m\u00e4n tutuissa tilanteissa<\/span><span data-ccp-props=\"{&quot;201341983&quot;:0,&quot;335559685&quot;:0,&quot;335559739&quot;:160,&quot;335559740&quot;:259}\">\u00a0<\/span><\/li>\n<\/ol>\n<h3><b><span data-contrast=\"none\">Oppimateriaali<\/span><\/b><span data-ccp-props=\"{&quot;201341983&quot;:0,&quot;335559739&quot;:160,&quot;335559740&quot;:259}\">\u00a0<\/span><\/h3>\n<p><span data-contrast=\"none\">Kaikki oppimateriaalit ovat digitaalisella oppimisalustalla ja p\u00e4\u00e4moduulit on laadittu Kivanet\/Kivako-hankkeen puitteissa.<\/span><span data-ccp-props=\"{&quot;201341983&quot;:0,&quot;335559739&quot;:160,&quot;335559740&quot;:259}\">\u00a0<\/span><\/p>\n<p><span data-contrast=\"none\">Materiaalit koostuvat lyhyist\u00e4 videoista, interaktivisista teht\u00e4vist\u00e4 ja PDF-muodossa olevista tulostettavista materiaaleista.\u00a0<\/span><span data-ccp-props=\"{&quot;201341983&quot;:0,&quot;335559739&quot;:160,&quot;335559740&quot;:259}\">\u00a0<\/span><\/p>\n<h3><b><span data-contrast=\"none\">Opetus ja arviointimenetelm\u00e4t<\/span><\/b><span data-ccp-props=\"{&quot;201341983&quot;:0,&quot;335559739&quot;:160,&quot;335559740&quot;:259}\">\u00a0<\/span><\/h3>\n<p><span data-contrast=\"none\">Opintojaksolla ty\u00f6skentelet itsen\u00e4isesti melko vapaalla tahdilla. Lis\u00e4ksi suullista kielitaitoa harjoitellaan verkkotapaamisissa kerran viikossa.<\/span><span data-ccp-props=\"{&quot;201341983&quot;:0,&quot;335559739&quot;:160,&quot;335559740&quot;:259}\">\u00a0<\/span><\/p>\n<h3><b><span data-contrast=\"none\">Opiskelijan ty\u00f6kuorma<\/span><\/b><\/h3>\n<p><span data-contrast=\"none\">1 op =\u00a0 27 tuntia opiskelijan itsen\u00e4ist\u00e4 ty\u00f6t\u00e4, yhteens\u00e4 3 x 27 = 81t.<\/span><span data-ccp-props=\"{&quot;201341983&quot;:0,&quot;335559739&quot;:160,&quot;335559740&quot;:259}\">\u00a0<\/span><\/p>\n<h3><b><span data-contrast=\"none\">Arviointi<\/span><\/b><\/h3>\n<p><span data-contrast=\"none\">hyv\u00e4ksytty\/hyl\u00e4tty<\/span><span data-ccp-props=\"{&quot;201341983&quot;:0,&quot;335559739&quot;:160,&quot;335559740&quot;:259}\">\u00a0<\/span><\/p>\n<p><span data-contrast=\"none\">Opintojakson arviointikriteerit avataan tarkemmin opintojakson alussa.<\/span><span data-ccp-props=\"{&quot;201341983&quot;:0,&quot;335559739&quot;:160,&quot;335559740&quot;:259}\">\u00a0<\/span><\/p>\n<h2><strong><a href=\"https:\/\/link.webropol.com\/s\/kivanetsyksy25\" target=\"_blank\" rel=\"noopener\">Linkki ilmoittautumiseen<\/a> aukeaa 13.8.<\/strong><\/h2>\n","protected":false},"excerpt":{"rendered":"<p>\u00a0J\u00e4rjest\u00e4v\u00e4 korkeakoulu \u00a0XAMK \u00a0Opetuskieli \u00a0suomi \u00a0Ajoitus \u00a029.9.2025-16.10.2025 \u00a0Verkkotapaamisten aikataulu \u00a0Pakolliset harjoitustunnit Zoomissa: \u00a0to 2.10. kl. 16.15-18\u00a0 \u00a0to 9.10. kl. 16.15-18\u00a0 \u00a0to 16.10. kl. 16.15-18\u00a0 \u00a0Tentti Moodlessa \u00a0 23.10.2025 kl. 8.00-23.59 \u00a01. uusinta 20.11.2025 \u00a02. uusinta 11.12.2025 \u00a0CEFR-taso \u00a0L\u00e4ht\u00f6taso 0 &gt; tavoitetaso A1.1 \u00a0Opintopisteet \u00a03 \u00a0Esitiedot \u00a0Ei edelt\u00e4vi\u00e4 italian opintoja. Opintojakso on tarkoitettu vasta-alkajille.\u00a0 Kurssikuvaus Sis\u00e4lt\u00f6\u00a0 [&hellip;]<\/p>\n","protected":false},"author":185,"featured_media":0,"parent":153,"menu_order":0,"comment_status":"closed","ping_status":"closed","template":"","meta":{"_acf_changed":false,"footnotes":""},"class_list":["post-350","page","type-page","status-publish","hentry"],"acf":[],"lang":"fi","translations":{"fi":350},"pll_sync_post":[],"_links":{"self":[{"href":"https:\/\/sites.uwasa.fi\/kivanet\/wp-json\/wp\/v2\/pages\/350"}],"collection":[{"href":"https:\/\/sites.uwasa.fi\/kivanet\/wp-json\/wp\/v2\/pages"}],"about":[{"href":"https:\/\/sites.uwasa.fi\/kivanet\/wp-json\/wp\/v2\/types\/page"}],"author":[{"embeddable":true,"href":"https:\/\/sites.uwasa.fi\/kivanet\/wp-json\/wp\/v2\/users\/185"}],"replies":[{"embeddable":true,"href":"https:\/\/sites.uwasa.fi\/kivanet\/wp-json\/wp\/v2\/comments?post=350"}],"version-history":[{"count":30,"href":"https:\/\/sites.uwasa.fi\/kivanet\/wp-json\/wp\/v2\/pages\/350\/revisions"}],"predecessor-version":[{"id":3469,"href":"https:\/\/sites.uwasa.fi\/kivanet\/wp-json\/wp\/v2\/pages\/350\/revisions\/3469"}],"up":[{"embeddable":true,"href":"https:\/\/sites.uwasa.fi\/kivanet\/wp-json\/wp\/v2\/pages\/153"}],"wp:attachment":[{"href":"https:\/\/sites.uwasa.fi\/kivanet\/wp-json\/wp\/v2\/media?parent=350"}],"curies":[{"name":"wp","href":"https:\/\/api.w.org\/{rel}","templated":true}]}}