{"id":3367,"date":"2025-06-04T16:45:28","date_gmt":"2025-06-04T13:45:28","guid":{"rendered":"https:\/\/sites.uwasa.fi\/kivanet\/?page_id=3367"},"modified":"2025-06-04T17:10:03","modified_gmt":"2025-06-04T14:10:03","slug":"russian-2","status":"publish","type":"page","link":"https:\/\/sites.uwasa.fi\/kivanet\/kurssitarjonta\/kevat-2026\/venaja\/russian-2\/","title":{"rendered":"Russian 2"},"content":{"rendered":"<p>L\u00f6yd\u00e4t Russian 2-kurssin tiedot <a href=\"https:\/\/sites.uwasa.fi\/kivanet\/en\/spring-2025\/russian\/russian-2\/\" target=\"_blank\" rel=\"noopener\">t\u00e4\u00e4lt\u00e4<\/a>.<\/p>\n","protected":false},"excerpt":{"rendered":"<p>L\u00f6yd\u00e4t Russian 2-kurssin tiedot t\u00e4\u00e4lt\u00e4.<\/p>\n","protected":false},"author":185,"featured_media":0,"parent":676,"menu_order":0,"comment_status":"closed","ping_status":"closed","template":"","meta":{"_acf_changed":false,"footnotes":""},"class_list":["post-3367","page","type-page","status-publish","hentry"],"acf":[],"lang":"fi","translations":{"fi":3367},"pll_sync_post":[],"_links":{"self":[{"href":"https:\/\/sites.uwasa.fi\/kivanet\/wp-json\/wp\/v2\/pages\/3367"}],"collection":[{"href":"https:\/\/sites.uwasa.fi\/kivanet\/wp-json\/wp\/v2\/pages"}],"about":[{"href":"https:\/\/sites.uwasa.fi\/kivanet\/wp-json\/wp\/v2\/types\/page"}],"author":[{"embeddable":true,"href":"https:\/\/sites.uwasa.fi\/kivanet\/wp-json\/wp\/v2\/users\/185"}],"replies":[{"embeddable":true,"href":"https:\/\/sites.uwasa.fi\/kivanet\/wp-json\/wp\/v2\/comments?post=3367"}],"version-history":[{"count":2,"href":"https:\/\/sites.uwasa.fi\/kivanet\/wp-json\/wp\/v2\/pages\/3367\/revisions"}],"predecessor-version":[{"id":3371,"href":"https:\/\/sites.uwasa.fi\/kivanet\/wp-json\/wp\/v2\/pages\/3367\/revisions\/3371"}],"up":[{"embeddable":true,"href":"https:\/\/sites.uwasa.fi\/kivanet\/wp-json\/wp\/v2\/pages\/676"}],"wp:attachment":[{"href":"https:\/\/sites.uwasa.fi\/kivanet\/wp-json\/wp\/v2\/media?parent=3367"}],"curies":[{"name":"wp","href":"https:\/\/api.w.org\/{rel}","templated":true}]}}