{"id":3305,"date":"2025-06-04T15:09:25","date_gmt":"2025-06-04T12:09:25","guid":{"rendered":"https:\/\/sites.uwasa.fi\/kivanet\/?page_id=3305"},"modified":"2025-11-21T14:34:43","modified_gmt":"2025-11-21T12:34:43","slug":"french-2","status":"publish","type":"page","link":"https:\/\/sites.uwasa.fi\/kivanet\/en\/spring-2026\/french\/french-2\/","title":{"rendered":"French 2"},"content":{"rendered":"<table style=\"border-collapse: collapse;width: 100%\" border=\"1\">\n<tbody>\n<tr>\n<td style=\"width: 19.9097%\"><strong>Organizing school<\/strong><\/td>\n<td style=\"width: 76.0179%\"><strong>\u00a0 University of Vaasa<\/strong><\/td>\n<\/tr>\n<tr>\n<td style=\"width: 19.9097%\" width=\"29%\"><strong>Language of instruction<\/strong><\/td>\n<td style=\"width: 76.0179%\"><strong>\u00a0 English<\/strong><\/td>\n<\/tr>\n<tr>\n<td style=\"width: 19.9097%\" width=\"29%\"><strong>Schedule<\/strong><\/td>\n<td style=\"width: 76.0179%\"><strong>\u00a0Course open in Moodle: 26.01.2026 &#8211; 15.04.2026<\/strong><\/td>\n<\/tr>\n<tr>\n<td style=\"width: 19.9097%\" width=\"29%\"><strong>Webinars<\/strong><\/td>\n<td style=\"width: 76.0179%\"><strong>\u00a0Schedule of online meetings:<\/strong><\/p>\n<ul>\n<li><strong>Wednesday 28.01 at 14.15-15.45<\/strong><\/li>\n<li><strong style=\"font-family: inherit;font-size: inherit\">Wednesday 04.02 at 14.15-15.45<\/strong><\/li>\n<li><strong style=\"font-family: inherit;font-size: inherit\">Wednesday 11.02 at 14.15-15.45<\/strong><\/li>\n<li><strong style=\"font-family: inherit;font-size: inherit\">Wednesday 18.02 at 14.15-15.45<\/strong><\/li>\n<li><strong style=\"font-family: inherit;font-size: inherit\">Wednesday 25.02 at 14.15-15.45<\/strong><\/li>\n<li><strong style=\"font-family: inherit;font-size: inherit\">Wednesday 04.03 at 14.15-15.45<\/strong><\/li>\n<li><strong style=\"font-family: inherit;font-size: inherit\">Wednesday 11.03 at 14.15-15.45<\/strong><\/li>\n<li><strong style=\"font-family: inherit;font-size: inherit\">Wednesday 18.03 at 14.15-15.45<\/strong><\/li>\n<li><strong style=\"font-family: inherit;font-size: inherit\">Wednesday 25.03 at 14.15-15.45<\/strong><\/li>\n<li><strong style=\"font-family: inherit;font-size: inherit\">Wednesday 01.04 at 14.15-15.45<\/strong><\/li>\n<li><strong style=\"font-family: inherit;font-size: inherit\">Wednesday 08.04 at 14.15-15.45<\/strong><\/li>\n<li><strong style=\"font-family: inherit;font-size: inherit\">Wednesday 15.04 at 14.15-15.45<\/strong><\/li>\n<\/ul>\n<p><strong>\u00a0Students are required to attend at least half of the scheduled meetings.<\/strong><\/td>\n<\/tr>\n<tr>\n<td style=\"width: 19.9097%\" width=\"29%\"><strong>Exam on Moodle<\/strong><\/td>\n<td style=\"width: 76.0179%\">\n<p><strong>\u00a01st exam: 4th of March to 11th of March<\/strong><\/p>\n<p><strong>\u00a02nd exam: 1st of April to 8th of April<\/strong><\/p>\n<p><strong>\u00a03rd exam: 15th of April to 22nd of April<\/strong><\/td>\n<\/tr>\n<tr>\n<td style=\"width: 19.9097%\" width=\"29%\"><strong>CEFR-level<\/strong><\/td>\n<td style=\"width: 76.0179%\"><strong>\u00a0Starting level A1.1 -&gt; target level A1.2<\/strong><\/td>\n<\/tr>\n<tr>\n<td style=\"width: 19.9097%\" width=\"29%\"><strong>ECTS<\/strong><\/td>\n<td style=\"width: 76.0179%\"><strong>\u00a03<\/strong><\/td>\n<\/tr>\n<tr>\n<td style=\"width: 19.9097%\" width=\"29%\"><strong>Prerequisites<\/strong><\/td>\n<td style=\"width: 76.0179%\"><strong><span class=\"TextRun SCXW255486023 BCX8\" lang=\"EN-US\" xml:lang=\"EN-US\" data-contrast=\"auto\"><span class=\"NormalTextRun SCXW255486023 BCX8\">\u00a0The course requires completion of <\/span><span class=\"NormalTextRun SpellingErrorV2Themed SCXW255486023 BCX8\">KiVANET<\/span> <span class=\"NormalTextRun SpellingErrorV2Themed SCXW255486023 BCX8\">Ranska<\/span><span class=\"NormalTextRun SCXW255486023 BCX8\"> 1 or French 1 or equivalent knowledge of French (level A1.1).<\/span><\/span><span class=\"EOP SCXW255486023 BCX8\" data-ccp-props=\"{&quot;201341983&quot;:0,&quot;335551550&quot;:6,&quot;335551620&quot;:6,&quot;335559739&quot;:160,&quot;335559740&quot;:259}\">\u00a0<\/span><\/strong><\/td>\n<\/tr>\n<\/tbody>\n<\/table>\n<h2><strong>Course description<\/strong><\/h2>\n<h3><b><span data-contrast=\"auto\">Learning outcomes<\/span><\/b><span data-contrast=\"auto\">: <\/span><\/h3>\n<p><span data-contrast=\"auto\">On completion of the course, students will be able to talk about their everyday life, past, and future events, write short messages, handle a situation in a caf\u00e9 or restaurant, describe people and their clothing, resolve small problems and ask questions and express what they need.<\/span><span data-ccp-props=\"{&quot;201341983&quot;:0,&quot;335551550&quot;:6,&quot;335551620&quot;:6,&quot;335559739&quot;:160,&quot;335559740&quot;:259}\">\u00a0<\/span><\/p>\n<h3><b><span data-contrast=\"auto\">Content<\/span><\/b><span data-contrast=\"auto\">: <\/span><\/h3>\n<p><span data-contrast=\"auto\">Students will learn more about French pronunciation, basic structures and vocabulary, while strengthening their listening comprehension and speech production in the most common communication situations. The course will also introduce students to French culture and customs. Topics covered are: time expressions and large numbers, reflexive verbs, formation and use of tenses: near future (aller + infinitive), past continuous (\u00eatre en train de + infinitive), recent past (venir de + infinitive), past tense pass\u00e9 compos\u00e9, partitive and expressions of quantity, adjectives, conjugation and use of modal auxiliaries: vouloir, pouvoir, devoir, and savoir, the structure \u201cavoir besoin de\u201d and formation of questions.<\/span><span data-ccp-props=\"{&quot;201341983&quot;:0,&quot;335551550&quot;:6,&quot;335551620&quot;:6,&quot;335559739&quot;:160,&quot;335559740&quot;:259}\">\u00a0<\/span><\/p>\n<h3><b><span data-contrast=\"auto\">Study and assessment methods<\/span><\/b><span data-contrast=\"auto\">: <\/span><\/h3>\n<p><span data-contrast=\"auto\">Students will study independently with the help of texts, recordings, videos and interactive exercises in the learning environment and practice what they have learned in the weekly online meetings. The evaluation is based on the interactive exercises and assignments and three exams.<\/span><span data-ccp-props=\"{&quot;201341983&quot;:0,&quot;335551550&quot;:6,&quot;335551620&quot;:6,&quot;335559739&quot;:160,&quot;335559740&quot;:259}\">\u00a0<\/span><\/p>\n<h3><b><span data-contrast=\"auto\">Learning materials<\/span><\/b><span data-contrast=\"auto\">: <\/span><\/h3>\n<p><span data-contrast=\"auto\">All the materials are available in a digital learning environment.<\/span><span data-ccp-props=\"{&quot;201341983&quot;:0,&quot;335551550&quot;:6,&quot;335551620&quot;:6,&quot;335559739&quot;:160,&quot;335559740&quot;:259}\">\u00a0<\/span><\/p>\n<h3><b><span data-contrast=\"auto\">Grading scale and evaluation criteria<\/span><\/b><span data-contrast=\"auto\">: <\/span><\/h3>\n<p>Pass\/Fail or 0\u20135 depending on the implementation. The assignments are evaluated on a pass\/fail scale.<\/p>\n<h3><b><span data-contrast=\"auto\">Workload<\/span><\/b><span data-contrast=\"auto\">: <\/span><\/h3>\n<ul>\n<li>Self-study 25h<\/li>\n<li>Exercises 28h<\/li>\n<li>Online meetings 12 x 2h = 24h<\/li>\n<li>Exam 4h<\/li>\n<\/ul>\n<p>In total 81 hours. One credit corresponds to 27 h of student\u2019s work (3 x 27 h = 81 h).<\/p>\n<h2><strong>Enrolment starts on December 1st 2025 and ends on January 11th.<\/strong><\/h2>\n<h2><a href=\"https:\/\/link.webropol.com\/s\/kivanetkevat26\" target=\"_blank\" rel=\"noopener\">Link to the enrolment form.<\/a><\/h2>\n","protected":false},"excerpt":{"rendered":"<p>Organizing school \u00a0 University of Vaasa Language of instruction \u00a0 English Schedule \u00a0Course open in Moodle: 26.01.2026 &#8211; 15.04.2026 Webinars \u00a0Schedule of online meetings: Wednesday 28.01 at 14.15-15.45 Wednesday 04.02 at 14.15-15.45 Wednesday 11.02 at 14.15-15.45 Wednesday 18.02 at 14.15-15.45 Wednesday 25.02 at 14.15-15.45 Wednesday 04.03 at 14.15-15.45 Wednesday 11.03 at 14.15-15.45 Wednesday 18.03 at [&hellip;]<\/p>\n","protected":false},"author":185,"featured_media":0,"parent":880,"menu_order":0,"comment_status":"closed","ping_status":"closed","template":"","meta":{"_acf_changed":false,"footnotes":""},"class_list":["post-3305","page","type-page","status-publish","hentry"],"acf":[],"lang":"en","translations":{"en":3305},"pll_sync_post":[],"_links":{"self":[{"href":"https:\/\/sites.uwasa.fi\/kivanet\/wp-json\/wp\/v2\/pages\/3305"}],"collection":[{"href":"https:\/\/sites.uwasa.fi\/kivanet\/wp-json\/wp\/v2\/pages"}],"about":[{"href":"https:\/\/sites.uwasa.fi\/kivanet\/wp-json\/wp\/v2\/types\/page"}],"author":[{"embeddable":true,"href":"https:\/\/sites.uwasa.fi\/kivanet\/wp-json\/wp\/v2\/users\/185"}],"replies":[{"embeddable":true,"href":"https:\/\/sites.uwasa.fi\/kivanet\/wp-json\/wp\/v2\/comments?post=3305"}],"version-history":[{"count":6,"href":"https:\/\/sites.uwasa.fi\/kivanet\/wp-json\/wp\/v2\/pages\/3305\/revisions"}],"predecessor-version":[{"id":3729,"href":"https:\/\/sites.uwasa.fi\/kivanet\/wp-json\/wp\/v2\/pages\/3305\/revisions\/3729"}],"up":[{"embeddable":true,"href":"https:\/\/sites.uwasa.fi\/kivanet\/wp-json\/wp\/v2\/pages\/880"}],"wp:attachment":[{"href":"https:\/\/sites.uwasa.fi\/kivanet\/wp-json\/wp\/v2\/media?parent=3305"}],"curies":[{"name":"wp","href":"https:\/\/api.w.org\/{rel}","templated":true}]}}