{"id":326,"date":"2024-04-23T13:57:00","date_gmt":"2024-04-23T10:57:00","guid":{"rendered":"https:\/\/sites.uwasa.fi\/kivanet\/?page_id=326"},"modified":"2025-08-10T20:32:18","modified_gmt":"2025-08-10T17:32:18","slug":"espanja-1","status":"publish","type":"page","link":"https:\/\/sites.uwasa.fi\/kivanet\/kurssitarjonta\/syksy-2024\/espanja\/espanja-1\/","title":{"rendered":"Espanja 1"},"content":{"rendered":"<table style=\"border-collapse: collapse;width: 100%\" border=\"1\">\n<tbody>\n<tr>\n<td style=\"width: 20.3243%\"><strong>\u00a0J\u00e4rjest\u00e4v\u00e4 korkeakoulu<\/strong><\/td>\n<td style=\"width: 28.6199%\"><strong>\u00a0SAMK<\/strong><\/td>\n<td style=\"width: 30.5478%\"><strong>\u00a0XAMK<\/strong><\/td>\n<\/tr>\n<tr>\n<td style=\"width: 20.3243%\"><strong>\u00a0Opetuskieli<\/strong><\/td>\n<td style=\"width: 28.6199%\"><strong>\u00a0suomi<\/strong><\/td>\n<td style=\"width: 30.5478%\">\u00a0<strong>suomi<\/strong><\/td>\n<\/tr>\n<tr>\n<td style=\"width: 20.3243%\"><strong>\u00a0Ajoitus<\/strong><\/td>\n<td style=\"width: 28.6199%\"><strong>\u00a06.10.-12.12.2025<\/strong><\/td>\n<td style=\"width: 30.5478%\">\u00a0<strong>29.9. &#8211; 26-10.2025<\/strong><\/td>\n<\/tr>\n<tr>\n<td style=\"width: 20.3243%\"><strong>\u00a0Verkkotapaamisten aikataulu<\/strong><\/td>\n<td style=\"width: 28.6199%\"><strong>\u00a0Ei verkkotapaamisia.<\/strong><\/td>\n<td style=\"width: 30.5478%\">\n<p>\u00a0<strong>Pakolliset h<span style=\"font-family: inherit;font-size: inherit\">arjoitustunnit Zoomissa <\/span><\/strong><\/p>\n<p><strong><span style=\"font-family: inherit;font-size: inherit\">\u00a0ma 29.9. kl.8.15-9.45\u00a0<\/span><\/strong><\/p>\n<p><strong>\u00a0ma 6.10. <span style=\"font-family: inherit;font-size: inherit\">kl.8.15-9.45\u00a0<\/span><\/strong><\/p>\n<p><strong>\u00a0ma 13.10. <span style=\"font-family: inherit;font-size: inherit\">kl.8.15-9.45\u00a0<\/span><\/strong><\/td>\n<\/tr>\n<tr>\n<td style=\"width: 20.3243%\"><strong>\u00a0Tentti Moodlessa<\/strong><\/td>\n<td style=\"width: 28.6199%\">\n<p><strong>\u00a012.12.2025<\/strong><\/p>\n<p><strong>\u00a01. uusinta 9.1.<\/strong><\/p>\n<p><strong>\u00a02. uusinta 23.1.<\/strong><\/td>\n<td style=\"width: 30.5478%\">\n<p>\u00a0<strong>ma 20.10 kl.8-23.59\u00a0<\/strong><\/p>\n<p><strong>\u00a01. uusinta 17.11.2025<\/strong><\/p>\n<p><strong>\u00a02. uusinta 8.12.2025<\/strong><\/td>\n<\/tr>\n<tr>\n<td style=\"width: 20.3243%\"><strong>\u00a0CEFR-taso<\/strong><\/td>\n<td style=\"width: 28.6199%\"><strong>\u00a0L\u00e4ht\u00f6taso 0 &gt; tavoitetaso A1.1<\/strong><\/td>\n<td style=\"width: 30.5478%\"><strong>\u00a0L\u00e4ht\u00f6taso 0 &gt; tavoitetaso A1.1<\/strong><\/td>\n<\/tr>\n<tr>\n<td style=\"width: 20.3243%\"><strong>\u00a0Opintopisteet<\/strong><\/td>\n<td style=\"width: 28.6199%\"><strong>\u00a03<\/strong><\/td>\n<td style=\"width: 30.5478%\">\u00a0<strong>3<\/strong><\/td>\n<\/tr>\n<tr>\n<td style=\"width: 20.3243%\"><strong>\u00a0Esitiedot<\/strong><\/td>\n<td style=\"width: 28.6199%\"><strong>\u00a0Opiskelijalta ei vaadita aikaisempaa espanjan osaamista.<\/strong><\/td>\n<td style=\"width: 30.5478%\"><strong>\u00a0Opiskelijalta ei vaadita aikaisempaa espanjan osaamista.<\/strong><\/td>\n<\/tr>\n<\/tbody>\n<\/table>\n<h2><strong>Kurssikuvaus<\/strong><\/h2>\n<h3><b>Sis\u00e4lt\u00f6<\/b><\/h3>\n<p><i>\u00a1Hola! \u00a1Bienvenidos a estudiar espa\u00f1ol!\u00a0\u00a0<\/i><br \/>\nTervetuloa aloittamaan espanjan kielen opintosi verkkokurssilla itsen\u00e4isten ja monipuolisten teht\u00e4vien avulla! Opit esittelem\u00e4\u00e4n itsesi, juttelemaan small-talk -tilanteissa, kertomaan opinnoistasi, ty\u00f6st\u00e4si, kysym\u00e4\u00e4n tiet\u00e4 ja asioimaan hotellissa. Tutustut Espanjaan ja valmistaudut k\u00e4ytt\u00e4m\u00e4\u00e4n kielt\u00e4 maahan matkustaessasi. Opit my\u00f6s tilaamaan juomia ja ruokia kahvilassa.<\/p>\n<ul>\n<li>\u00e4\u00e4nt\u00e4minen, sanapaino ja intonaatio<\/li>\n<li>aakkoset ja oman nimen tavaaminen<\/li>\n<li>itsest\u00e4, omista opinnoista ja ty\u00f6st\u00e4 kertominen<\/li>\n<li>kahvilassa asioiminen, matkustaminen ja kulkuneuvot, hotellissa asiointi<\/li>\n<li>tutustuminen maahan ja sen kulttuuriin (maiden nimien ja kansalaisuuksien k\u00e4ytt\u00f6)<\/li>\n<li>kielen perusrakenteet: substantiivien ja adjektiivien taipuminen, olla-verbien erot ja s\u00e4\u00e4nn\u00f6llisten verbien preesenstaivutus, artikkelien k\u00e4ytt\u00f6, tavallisimpien ep\u00e4s\u00e4\u00e4nn\u00f6llisten verbien taivutus nykyajassa<\/li>\n<li>kysymyssanat<\/li>\n<li>tavallisimmat prepositiot<\/li>\n<li>lukusanat 1-100, j\u00e4rjestysluvut 1-10<\/li>\n<li>l\u00e4hitulevaisuuden ilmaiseminen<\/li>\n<\/ul>\n<h3><b>Osaamistavoitteet<\/b><b>\u00a0<\/b><\/h3>\n<p>T\u00e4m\u00e4n opintojakson j\u00e4lkeen osaat:<\/p>\n<ul>\n<li>k\u00e4ytt\u00e4\u00e4 kielelle ja kulttuurille tyypillisimpi\u00e4 kohteliaisuuden ilmauksia kaikkein rutiininomaisimmissa arki- ja ty\u00f6el\u00e4m\u00e4n suullisissa viestint\u00e4tilanteissa<\/li>\n<li>kirjoittaa ja \u00e4\u00e4nt\u00e4\u00e4 ymm\u00e4rrett\u00e4v\u00e4sti yksitt\u00e4isi\u00e4 sanoja ja lyhyit\u00e4 lauseita<\/li>\n<li>huomioida paremmin kulttuurista monimuotoisuutta ja kielitietoisuutta sek\u00e4 suunnitella tulevia, seuraavan tason kieliopintoja.<\/li>\n<\/ul>\n<h3><b>Oppimateriaali<\/b><b>\u00a0<\/b><\/h3>\n<p>Kaikki oppimateriaali on digitaalisella oppimisalustalla.<br \/>\n<b><\/b><\/p>\n<h3><b>Opetus- ja arviointimenetelm\u00e4t\u202f<\/b><\/h3>\n<p>Opetus ja harjoitusteht\u00e4v\u00e4t digitaalisella alustalla.\u00a0Arviointi perustuu seuraaviin suorituksiin:<\/p>\n<ul>\n<li>videoteht\u00e4v\u00e4t<\/li>\n<li>joitakin palautettavia kirjallisia teht\u00e4vi\u00e4<\/li>\n<li>lopputentti<\/li>\n<\/ul>\n<h3><b>Arvosteluasteikko\u202fja arviointikriteerit<\/b><\/h3>\n<p>Hyv\u00e4ksytty\/hyl\u00e4tty<br \/>\nArviointikriteerit perustuvat osaamistavoitteissa ja suoritustavoissa mainittuihin asioihin. Hyv\u00e4ksytty-arvosanan saamiseksi kaikki vaaditut teht\u00e4v\u00e4t pit\u00e4\u00e4 suorittaa hyv\u00e4ksytysti aikataulun mukaisesti. Lis\u00e4ksi opintojakson lopputentti tulee suorittaa hyv\u00e4ksytysti.<br \/>\n<b><\/b><\/p>\n<h3><b>Ty\u00f6m\u00e4\u00e4r\u00e4 toteutustavoittain<\/b><\/h3>\n<ul>\n<li>itsen\u00e4inen opiskelu 79 h<\/li>\n<li>lopputentti 2h<\/li>\n<li>Yhteens\u00e4 81h. Yksi opintopiste vastaa 27h opiskelijan ty\u00f6t\u00e4 (3 x 27h = 81h).<\/li>\n<\/ul>\n<h2><strong><a href=\"https:\/\/link.webropol.com\/s\/kivanetsyksy25\" target=\"_blank\" rel=\"noopener\">Linkki ilmoittautumiseen<\/a> aukeaa 13.8. Molempiin ryhmiin ilmoittaudutaan saman linkin kautta.<\/strong><\/h2>\n","protected":false},"excerpt":{"rendered":"<p>\u00a0J\u00e4rjest\u00e4v\u00e4 korkeakoulu \u00a0SAMK \u00a0XAMK \u00a0Opetuskieli \u00a0suomi \u00a0suomi \u00a0Ajoitus \u00a06.10.-12.12.2025 \u00a029.9. &#8211; 26-10.2025 \u00a0Verkkotapaamisten aikataulu \u00a0Ei verkkotapaamisia. \u00a0Pakolliset harjoitustunnit Zoomissa \u00a0ma 29.9. kl.8.15-9.45\u00a0 \u00a0ma 6.10. kl.8.15-9.45\u00a0 \u00a0ma 13.10. kl.8.15-9.45\u00a0 \u00a0Tentti Moodlessa \u00a012.12.2025 \u00a01. uusinta 9.1. \u00a02. uusinta 23.1. \u00a0ma 20.10 kl.8-23.59\u00a0 \u00a01. uusinta 17.11.2025 \u00a02. uusinta 8.12.2025 \u00a0CEFR-taso \u00a0L\u00e4ht\u00f6taso 0 &gt; tavoitetaso A1.1 \u00a0L\u00e4ht\u00f6taso 0 &gt; [&hellip;]<\/p>\n","protected":false},"author":185,"featured_media":0,"parent":135,"menu_order":0,"comment_status":"closed","ping_status":"closed","template":"","meta":{"_acf_changed":false,"footnotes":""},"class_list":["post-326","page","type-page","status-publish","hentry"],"acf":[],"lang":"fi","translations":{"fi":326},"pll_sync_post":[],"_links":{"self":[{"href":"https:\/\/sites.uwasa.fi\/kivanet\/wp-json\/wp\/v2\/pages\/326"}],"collection":[{"href":"https:\/\/sites.uwasa.fi\/kivanet\/wp-json\/wp\/v2\/pages"}],"about":[{"href":"https:\/\/sites.uwasa.fi\/kivanet\/wp-json\/wp\/v2\/types\/page"}],"author":[{"embeddable":true,"href":"https:\/\/sites.uwasa.fi\/kivanet\/wp-json\/wp\/v2\/users\/185"}],"replies":[{"embeddable":true,"href":"https:\/\/sites.uwasa.fi\/kivanet\/wp-json\/wp\/v2\/comments?post=326"}],"version-history":[{"count":37,"href":"https:\/\/sites.uwasa.fi\/kivanet\/wp-json\/wp\/v2\/pages\/326\/revisions"}],"predecessor-version":[{"id":3465,"href":"https:\/\/sites.uwasa.fi\/kivanet\/wp-json\/wp\/v2\/pages\/326\/revisions\/3465"}],"up":[{"embeddable":true,"href":"https:\/\/sites.uwasa.fi\/kivanet\/wp-json\/wp\/v2\/pages\/135"}],"wp:attachment":[{"href":"https:\/\/sites.uwasa.fi\/kivanet\/wp-json\/wp\/v2\/media?parent=326"}],"curies":[{"name":"wp","href":"https:\/\/api.w.org\/{rel}","templated":true}]}}