{"id":2945,"date":"2025-05-20T10:36:45","date_gmt":"2025-05-20T07:36:45","guid":{"rendered":"https:\/\/sites.uwasa.fi\/kivanet\/?page_id=2945"},"modified":"2025-06-25T09:59:20","modified_gmt":"2025-06-25T06:59:20","slug":"venaja-2","status":"publish","type":"page","link":"https:\/\/sites.uwasa.fi\/kivanet\/kurssitarjonta\/syksy-2024\/venaja\/venaja-2\/","title":{"rendered":"Ven\u00e4j\u00e4 2"},"content":{"rendered":"<p>&nbsp;<\/p>\n<table style=\"border-collapse: collapse;width: 100%\" border=\"1\">\n<tbody>\n<tr style=\"height: 24px\">\n<td style=\"width: 18.2554%;height: 24px\"><strong>\u00a0J\u00e4rjest\u00e4v\u00e4 korkeakoulu<\/strong><\/td>\n<td style=\"width: 40.4645%;height: 24px\">\u00a0<b>Centria<\/b><\/td>\n<\/tr>\n<tr style=\"height: 24px\">\n<td style=\"width: 18.2554%;height: 24px\"><strong>\u00a0Opetuskieli<\/strong><\/td>\n<td style=\"width: 40.4645%;height: 24px\">\u00a0<strong>suomi<\/strong><\/td>\n<\/tr>\n<tr style=\"height: 24px\">\n<td style=\"width: 18.2554%;height: 24px\"><strong>\u00a0Ajoitus<\/strong><\/td>\n<td style=\"width: 40.4645%;height: 24px\">\u00a0<strong>29.9.-16.12.2025<\/strong><\/td>\n<\/tr>\n<tr style=\"height: 24px\">\n<td style=\"width: 18.2554%;height: 24px\"><strong>\u00a0Verkkotapaamisten aikataulu<\/strong><\/td>\n<td style=\"width: 40.4645%;height: 24px\">\u00a0<strong>Pakollisten verkkotapaamisten aikataulu<\/strong>:<\/p>\n<ol>\n<li><strong> ti 30.9 klo 17-18<\/strong><\/li>\n<li><strong> ma 13.10 klo 17-18.30<\/strong><\/li>\n<li><strong> ma 27.10 klo 17-18.30<\/strong><\/li>\n<li><strong> ma 10.11 klo 17-18.30<\/strong><\/li>\n<li><strong> ma 24.11 klo 17-18.30<\/strong><\/li>\n<li><strong> ma 8.12 klo 17-18.30<\/strong><\/li>\n<\/ol>\n<\/td>\n<\/tr>\n<tr>\n<td style=\"width: 18.2554%\"><strong>\u00a0Tentti Moodlessa<\/strong><strong><br \/>\n<\/strong><\/td>\n<td style=\"width: 40.4645%\">\n<p><strong>\u00a0Kirjalliset tentit: <\/strong><\/p>\n<p><strong>\u00a01. 3.-4.11.; <\/strong><\/p>\n<p><strong>\u00a02. 1.-2.12.<\/strong><\/p>\n<p><strong>\u00a0Suullinen tentti <\/strong><\/p>\n<p><strong>\u00a015.-16.12.<\/strong><\/td>\n<\/tr>\n<tr style=\"height: 24px\">\n<td style=\"width: 18.2554%;height: 24px\"><strong>\u00a0CEFR-taso<\/strong><\/td>\n<td style=\"width: 40.4645%;height: 24px\"><span data-contrast=\"none\"><span class=\"TextRun SCXW51784411 BCX8\" lang=\"FI-FI\" xml:lang=\"FI-FI\" data-contrast=\"auto\"><span class=\"NormalTextRun SCXW51784411 BCX8\">\u00a0<strong>L\u00e4ht\u00f6t<\/strong><\/span><strong><span class=\"NormalTextRun SCXW51784411 BCX8\">aso A1.<\/span><span class=\"NormalTextRun SCXW51784411 BCX8\">2<\/span> <span class=\"NormalTextRun SCXW51784411 BCX8\">&gt; tavoitetaso<\/span><span class=\"NormalTextRun SCXW51784411 BCX8\"> A1.3<\/span><span class=\"NormalTextRun SCXW51784411 BCX8\">\u00a0<\/span><\/strong><\/span><strong><span class=\"EOP SCXW51784411 BCX8\" data-ccp-props=\"{&quot;335551550&quot;:6,&quot;335551620&quot;:6}\">\u00a0<\/span> <\/strong><\/span><\/td>\n<\/tr>\n<tr style=\"height: 24px\">\n<td style=\"width: 18.2554%;height: 24px\"><strong>\u00a0Opintopisteet<\/strong><\/td>\n<td style=\"width: 40.4645%;height: 24px\">\u00a0<strong>3<\/strong><\/td>\n<\/tr>\n<tr style=\"height: 24px\">\n<td style=\"width: 18.2554%;height: 24px\"><strong>\u00a0Esitiedot<\/strong><\/td>\n<td style=\"width: 40.4645%;height: 24px\"><span data-contrast=\"none\"><span class=\"TextRun SCXW101758348 BCX8\" lang=\"FI-FI\" xml:lang=\"FI-FI\" data-contrast=\"none\"><span class=\"NormalTextRun SCXW101758348 BCX8\" data-ccp-charstyle=\"normaltextrun\" data-ccp-charstyle-defn=\"{&quot;ObjectId&quot;:&quot;ac0262f4-8a9e-5820-b908-2d943c5f7113|1&quot;,&quot;ClassId&quot;:1073872969,&quot;Properties&quot;:[201342446,&quot;1&quot;,201342447,&quot;5&quot;,201342448,&quot;1&quot;,201342449,&quot;1&quot;,469777841,&quot;Calibri&quot;,469777842,&quot;&quot;,469777843,&quot;Calibri&quot;,469777844,&quot;Calibri&quot;,201341986,&quot;1&quot;,469769226,&quot;Calibri&quot;,268442635,&quot;22&quot;,469775450,&quot;normaltextrun&quot;,201340122,&quot;1&quot;,134233614,&quot;true&quot;,469778129,&quot;normaltextrun&quot;,335572020,&quot;1&quot;,469778324,&quot;Default Paragraph Font&quot;]}\"><strong>Opintojakso edellytt\u00e4\u00e4 <\/strong><\/span><strong><span class=\"NormalTextRun SpellingErrorV2Themed SCXW101758348 BCX8\" data-ccp-charstyle=\"normaltextrun\">KiVANETin<\/span><span class=\"NormalTextRun SCXW101758348 BCX8\" data-ccp-charstyle=\"normaltextrun\"> Ven\u00e4j\u00e4 1 suorittamista tai vastaavaa osaamista ven\u00e4j\u00e4n kieless\u00e4<\/span><span class=\"NormalTextRun SCXW101758348 BCX8\" data-ccp-charstyle=\"normaltextrun\"> (<\/span><span class=\"NormalTextRun SCXW101758348 BCX8\" data-ccp-charstyle=\"normaltextrun\">taitotaso\u00a0 \u00a0A1.2<\/span><span class=\"NormalTextRun SCXW101758348 BCX8\" data-ccp-charstyle=\"normaltextrun\">)<\/span><span class=\"NormalTextRun SCXW101758348 BCX8\" data-ccp-charstyle=\"normaltextrun\">.<\/span><\/strong><\/span><span class=\"EOP SCXW101758348 BCX8\" data-ccp-props=\"{&quot;134233117&quot;:false,&quot;134233118&quot;:false,&quot;201341983&quot;:0,&quot;335559738&quot;:0,&quot;335559739&quot;:0,&quot;335559740&quot;:240}\">\u00a0<\/span><\/span><\/td>\n<\/tr>\n<\/tbody>\n<\/table>\n<h3>Kurssikuvaus<\/h3>\n<h3><b><span data-contrast=\"auto\">Sis\u00e4lt\u00f6\u202f<\/span><\/b><span data-contrast=\"auto\">\u202f\u00a0<\/span><span data-ccp-props=\"{}\">\u00a0<\/span><\/h3>\n<p>Ven\u00e4j\u00e4 2 -opintojaksolla jatkat\u202ftutustumista ven\u00e4j\u00e4n kielen alkeisiin\u202fja kulttuuriin.<\/p>\n<p>T\u00e4ll\u00e4 opintojaksolla opit:<\/p>\n<ul>\n<li>kertomaan itsest\u00e4 ja perheest\u00e4 sek\u00e4 harrastuksista ja vapaa-ajan vietosta<\/li>\n<li>kertomaan viikon tapahtumista<\/li>\n<li>toimimaan rajanylitystilanteissa<\/li>\n<li>tilaamaan taksin<\/li>\n<li>asioimaan hotellissa, kahvilassa ja ravintolassa<\/li>\n<li>k\u00e4ym\u00e4\u00e4n puhelinkeskusteluja<\/li>\n<li>kysym\u00e4\u00e4n ja kertomaan s\u00e4\u00e4st\u00e4<\/li>\n<li>tekem\u00e4\u00e4n ostoksia<\/li>\n<\/ul>\n<p>Rakenteet:<\/p>\n<ul>\n<li>Adjektiivit ja adverbit<\/li>\n<li>Akkusatiivi<\/li>\n<li>Substantiivien ja adjektiivien monikkomuoto<\/li>\n<\/ul>\n<h3><strong>Osaamistavoitteet<\/strong><\/h3>\n<p>T\u00e4m\u00e4n opintojakson j\u00e4lkeen osaat:<\/p>\n<ul>\n<li>soveltaa oppimaasi\u202fkirjallisessa ja suullisessa viestinn\u00e4ss\u00e4<\/li>\n<li>toimia\u202fven\u00e4l\u00e4isen kulttuurin normien edellytt\u00e4m\u00e4ll\u00e4 tavalla\u202ftavanomaisissa asiointitilanteissa<\/li>\n<\/ul>\n<h3><strong>Oppimateriaali<\/strong><\/h3>\n<p>Kaikki oppimateriaali on digitaalisella oppimisalustalla.<\/p>\n<h3><strong>Opetus- ja arviointimenetelm\u00e4t<\/strong><\/h3>\n<p>Harjoittelet itsen\u00e4isesti tekstien, \u00e4\u00e4nitteiden, videoiden ja interaktiivisten harjoitusten avulla oppimisalustalla. Opintojakso voi sis\u00e4lt\u00e4\u00e4 toteutuksesta riippuen vapaaehtoisia verkko-oppitunteja. Arviointi perustuu palautettuihin kirjallisiin ja suullisiin teht\u00e4viin sek\u00e4 kirjallisiin ja suullisiin kokeisiin.<\/p>\n<h3><strong>Arvosteluasteikko<\/strong><\/h3>\n<p>0-5<\/p>\n<p><strong>Ty\u00f6m\u00e4\u00e4r\u00e4 toteutustavoittain<\/strong><\/p>\n<ul>\n<li>itsen\u00e4inen opiskelu 30 h<\/li>\n<li>palautettavat teht\u00e4v\u00e4t 34 h<\/li>\n<li>yhteiset verkkotapaamiset tai asioiden opiskelu itsen\u00e4isesti 11h<\/li>\n<li>kaksi kirjallista tentti\u00e4 4 h<\/li>\n<li>suullinen lopputentti 2 h<\/li>\n<\/ul>\n<p>Yhteens\u00e4 81 h. Yksi opintopiste vastaa 27 h opiskelijan ty\u00f6t\u00e4 (3 x 27 h = 81 h).<\/p>\n<h2><strong><a href=\"https:\/\/link.webropol.com\/s\/kivanetsyksy25\" target=\"_blank\" rel=\"noopener\">Linkki ilmoittautumiseen<\/a> aukeaa 13.8.<\/strong><\/h2>\n","protected":false},"excerpt":{"rendered":"<p>&nbsp; \u00a0J\u00e4rjest\u00e4v\u00e4 korkeakoulu \u00a0Centria \u00a0Opetuskieli \u00a0suomi \u00a0Ajoitus \u00a029.9.-16.12.2025 \u00a0Verkkotapaamisten aikataulu \u00a0Pakollisten verkkotapaamisten aikataulu: ti 30.9 klo 17-18 ma 13.10 klo 17-18.30 ma 27.10 klo 17-18.30 ma 10.11 klo 17-18.30 ma 24.11 klo 17-18.30 ma 8.12 klo 17-18.30 \u00a0Tentti Moodlessa \u00a0Kirjalliset tentit: \u00a01. 3.-4.11.; \u00a02. 1.-2.12. \u00a0Suullinen tentti \u00a015.-16.12. \u00a0CEFR-taso \u00a0L\u00e4ht\u00f6taso A1.2 &gt; tavoitetaso A1.3\u00a0\u00a0 \u00a0Opintopisteet [&hellip;]<\/p>\n","protected":false},"author":185,"featured_media":0,"parent":174,"menu_order":0,"comment_status":"closed","ping_status":"closed","template":"","meta":{"_acf_changed":false,"footnotes":""},"class_list":["post-2945","page","type-page","status-publish","hentry"],"acf":[],"lang":"fi","translations":{"fi":2945},"pll_sync_post":[],"_links":{"self":[{"href":"https:\/\/sites.uwasa.fi\/kivanet\/wp-json\/wp\/v2\/pages\/2945"}],"collection":[{"href":"https:\/\/sites.uwasa.fi\/kivanet\/wp-json\/wp\/v2\/pages"}],"about":[{"href":"https:\/\/sites.uwasa.fi\/kivanet\/wp-json\/wp\/v2\/types\/page"}],"author":[{"embeddable":true,"href":"https:\/\/sites.uwasa.fi\/kivanet\/wp-json\/wp\/v2\/users\/185"}],"replies":[{"embeddable":true,"href":"https:\/\/sites.uwasa.fi\/kivanet\/wp-json\/wp\/v2\/comments?post=2945"}],"version-history":[{"count":9,"href":"https:\/\/sites.uwasa.fi\/kivanet\/wp-json\/wp\/v2\/pages\/2945\/revisions"}],"predecessor-version":[{"id":3448,"href":"https:\/\/sites.uwasa.fi\/kivanet\/wp-json\/wp\/v2\/pages\/2945\/revisions\/3448"}],"up":[{"embeddable":true,"href":"https:\/\/sites.uwasa.fi\/kivanet\/wp-json\/wp\/v2\/pages\/174"}],"wp:attachment":[{"href":"https:\/\/sites.uwasa.fi\/kivanet\/wp-json\/wp\/v2\/media?parent=2945"}],"curies":[{"name":"wp","href":"https:\/\/api.w.org\/{rel}","templated":true}]}}