{"id":2879,"date":"2025-05-19T16:52:08","date_gmt":"2025-05-19T13:52:08","guid":{"rendered":"https:\/\/sites.uwasa.fi\/kivanet\/?page_id=2879"},"modified":"2025-11-25T07:16:23","modified_gmt":"2025-11-25T05:16:23","slug":"saksa-3","status":"publish","type":"page","link":"https:\/\/sites.uwasa.fi\/kivanet\/kurssitarjonta\/kevat-2026\/saksa\/saksa-3\/","title":{"rendered":"Saksa 3"},"content":{"rendered":"<table style=\"border-collapse: collapse;width: 100%\" border=\"1\">\n<tbody>\n<tr style=\"height: 24px\">\n<td style=\"width: 18.5571%;height: 24px\"><strong>\u00a0J\u00e4rjest\u00e4v\u00e4 korkeakoulu<\/strong><\/td>\n<td style=\"width: 37.1462%;height: 24px\"><strong>\u00a0Vaasan yliopisto<\/strong><\/td>\n<td style=\"width: 37.5631%;height: 24px\"><strong>\u00a0TAMK<\/strong><\/td>\n<\/tr>\n<tr style=\"height: 24px\">\n<td style=\"width: 18.5571%;height: 24px\"><strong>\u00a0Opetuskieli<\/strong><\/td>\n<td style=\"width: 37.1462%;height: 24px\"><strong>\u00a0suomi<\/strong><\/td>\n<td style=\"width: 37.5631%;height: 24px\"><strong>\u00a0suomi<\/strong><\/td>\n<\/tr>\n<tr style=\"height: 24px\">\n<td style=\"width: 18.5571%;height: 24px\"><strong>\u00a0Ajoitus<\/strong><\/td>\n<td style=\"width: 37.1462%;height: 24px\">\u00a0<strong>Kurssi auki Moodlessa 26.1.2026-17.4.2026<\/strong><\/td>\n<td style=\"width: 37.5631%;height: 24px\"><strong>\u00a0 Kurssi auki Moodlessa <span data-olk-copy-source=\"MessageBody\">16.3.-22.5.2025<\/span><\/strong><\/td>\n<\/tr>\n<tr style=\"height: 24px\">\n<td style=\"width: 18.5571%;height: 36px\"><strong>\u00a0Verkkotapaamisten aikataulu<\/strong><\/td>\n<td style=\"width: 37.1462%;height: 36px\">\u00a0<strong>Vapaaehtoiset verkkotapaamiset:<\/strong><\/p>\n<ul>\n<li><strong>ke 28.1. klo 10.15-11.45<\/strong><\/li>\n<li><strong>ke 25.2. klo 10.15-11.45<\/strong><\/li>\n<li><strong>ke 25.3. klo 10.15-11.45<\/strong><\/li>\n<li><strong>ke 8.4. <span style=\"font-family: inherit;font-size: inherit\">klo 10.15-11.45<\/span><\/strong><\/li>\n<\/ul>\n<\/td>\n<td style=\"width: 37.5631%;height: 36px\">\n<div><\/div>\n<div><strong>\u00a0Vapaaehtoiset verkkotapaamiset:<\/strong><\/div>\n<ul>\n<li class=\"elementToProof\"><strong>ke 18.3. klo 10.15-11.45<\/strong><\/li>\n<li class=\"elementToProof\"><strong><span style=\"font-family: inherit;font-size: inherit\">ke 8.4. klo 10.15-11.45<\/span><\/strong><\/li>\n<li class=\"elementToProof\"><strong><span style=\"font-family: inherit;font-size: inherit\">ke 29.4. klo 10.15-11.45<\/span><\/strong><\/li>\n<li class=\"elementToProof\"><strong><span style=\"font-family: inherit;font-size: inherit\">ke 13.5. klo 10.15-11.45<\/span><\/strong><\/li>\n<\/ul>\n<\/td>\n<\/tr>\n<tr style=\"height: 32px\">\n<td style=\"width: 18.5571%;height: 32px\"><strong>\u00a0Tentti Moodlessa<\/strong><strong><br \/>\n<\/strong><\/td>\n<td style=\"width: 37.1462%;height: 32px\">\u00a0<strong>Tentti auki Moodlessa 13.4. klo 8.00 &#8211; 17.4. klo 23.59\u00a0<\/strong><\/td>\n<td style=\"width: 37.5631%;height: 32px\">\n<div class=\"elementToProof\"><strong>\u00a0Tentti auki Moodlessa 18.5. klo 8.00 \u2013 22.5. klo 23.59\u00a0<\/strong><\/div>\n<\/td>\n<\/tr>\n<tr style=\"height: 24px\">\n<td style=\"width: 18.5571%;height: 24px\"><strong>\u00a0CEFR-taso<\/strong><\/td>\n<td style=\"width: 37.1462%;height: 24px\"><strong>\u00a0L\u00e4ht\u00f6taso A1.2 &gt; tavoitetaso A2.1<\/strong><\/td>\n<td style=\"width: 37.5631%;height: 24px\"><strong> L\u00e4ht\u00f6taso A1.2 &gt; tavoitetaso A2.1<\/strong><\/td>\n<\/tr>\n<tr style=\"height: 24px\">\n<td style=\"width: 18.5571%;height: 24px\"><strong>\u00a0Opintopisteet<\/strong><\/td>\n<td style=\"width: 37.1462%;height: 24px\"><strong>\u00a03<\/strong><\/td>\n<td style=\"width: 37.5631%;height: 24px\"><strong>\u00a03<\/strong><\/td>\n<\/tr>\n<tr style=\"height: 24px\">\n<td style=\"width: 18.5571%;height: 24px\"><strong>\u00a0Esitiedot<\/strong><\/td>\n<td style=\"width: 37.1462%;height: 24px\"><strong><span class=\"TextRun SCXW137982177 BCX8\" lang=\"FI-FI\" xml:lang=\"FI-FI\" data-contrast=\"none\"><span class=\"NormalTextRun SCXW137982177 BCX8\" data-ccp-charstyle=\"normaltextrun\" data-ccp-charstyle-defn=\"{&quot;ObjectId&quot;:&quot;ac0262f4-8a9e-5820-b908-2d943c5f7113|1&quot;,&quot;ClassId&quot;:1073872969,&quot;Properties&quot;:[201342446,&quot;1&quot;,201342447,&quot;5&quot;,201342448,&quot;1&quot;,201342449,&quot;1&quot;,469777841,&quot;Calibri&quot;,469777842,&quot;&quot;,469777843,&quot;Calibri&quot;,469777844,&quot;Calibri&quot;,201341986,&quot;1&quot;,469769226,&quot;Calibri&quot;,268442635,&quot;22&quot;,469775450,&quot;normaltextrun&quot;,201340122,&quot;1&quot;,134233614,&quot;true&quot;,469778129,&quot;normaltextrun&quot;,335572020,&quot;1&quot;,469778324,&quot;Default Paragraph Font&quot;]}\">\u00a0Opintojakso edellytt\u00e4\u00e4 <\/span><span class=\"NormalTextRun SpellingErrorV2Themed SCXW137982177 BCX8\" data-ccp-charstyle=\"normaltextrun\">KiVANETin<\/span><span class=\"NormalTextRun SCXW137982177 BCX8\" data-ccp-charstyle=\"normaltextrun\"> Saksa <\/span><span class=\"NormalTextRun ContextualSpellingAndGrammarErrorV2Themed SCXW137982177 BCX8\" data-ccp-charstyle=\"normaltextrun\">1-<\/span><span class=\"NormalTextRun ContextualSpellingAndGrammarErrorV2Themed SCXW137982177 BCX8\" data-ccp-charstyle=\"normaltextrun\">2<\/span><span class=\"NormalTextRun SCXW137982177 BCX8\" data-ccp-charstyle=\"normaltextrun\"> suorittamista tai\u00a0 \u00a0vastaavaa osaamista saksan kieless\u00e4. Opiskelija on\u00a0 \u00a0saavuttanut\u00a0 \u00a0taitotason <\/span><span class=\"NormalTextRun SCXW137982177 BCX8\" data-ccp-charstyle=\"normaltextrun\">A<\/span><span class=\"NormalTextRun SCXW137982177 BCX8\" data-ccp-charstyle=\"normaltextrun\">1<\/span><span class=\"NormalTextRun SCXW137982177 BCX8\" data-ccp-charstyle=\"normaltextrun\">.2<\/span><span class=\"NormalTextRun SCXW137982177 BCX8\" data-ccp-charstyle=\"normaltextrun\"> aikaisemmissa opinnoissaan.<\/span><span class=\"NormalTextRun SCXW137982177 BCX8\" data-ccp-charstyle=\"eop\" data-ccp-charstyle-defn=\"{&quot;ObjectId&quot;:&quot;920dbcde-2834-5e15-a5fa-062170b236ba|1&quot;,&quot;ClassId&quot;:1073872969,&quot;Properties&quot;:[201342446,&quot;1&quot;,201342447,&quot;5&quot;,201342448,&quot;1&quot;,201342449,&quot;1&quot;,469777841,&quot;Calibri&quot;,469777842,&quot;&quot;,469777843,&quot;Calibri&quot;,469777844,&quot;Calibri&quot;,201341986,&quot;1&quot;,469769226,&quot;Calibri&quot;,268442635,&quot;22&quot;,469775450,&quot;eop&quot;,201340122,&quot;1&quot;,134233614,&quot;true&quot;,469778129,&quot;eop&quot;,335572020,&quot;1&quot;,469778324,&quot;Default Paragraph Font&quot;]}\">\u202f<\/span><\/span><\/strong><\/td>\n<td style=\"width: 37.5631%;height: 24px\"><strong><span class=\"TextRun SCXW137982177 BCX8\" lang=\"FI-FI\" xml:lang=\"FI-FI\" data-contrast=\"none\"><span class=\"NormalTextRun SCXW137982177 BCX8\" data-ccp-charstyle=\"normaltextrun\" data-ccp-charstyle-defn=\"{&quot;ObjectId&quot;:&quot;ac0262f4-8a9e-5820-b908-2d943c5f7113|1&quot;,&quot;ClassId&quot;:1073872969,&quot;Properties&quot;:[201342446,&quot;1&quot;,201342447,&quot;5&quot;,201342448,&quot;1&quot;,201342449,&quot;1&quot;,469777841,&quot;Calibri&quot;,469777842,&quot;&quot;,469777843,&quot;Calibri&quot;,469777844,&quot;Calibri&quot;,201341986,&quot;1&quot;,469769226,&quot;Calibri&quot;,268442635,&quot;22&quot;,469775450,&quot;normaltextrun&quot;,201340122,&quot;1&quot;,134233614,&quot;true&quot;,469778129,&quot;normaltextrun&quot;,335572020,&quot;1&quot;,469778324,&quot;Default Paragraph Font&quot;]}\">\u00a0Opintojakso edellytt\u00e4\u00e4 <\/span><span class=\"NormalTextRun SpellingErrorV2Themed SCXW137982177 BCX8\" data-ccp-charstyle=\"normaltextrun\">KiVANETin<\/span><span class=\"NormalTextRun SCXW137982177 BCX8\" data-ccp-charstyle=\"normaltextrun\"> Saksa <\/span><span class=\"NormalTextRun ContextualSpellingAndGrammarErrorV2Themed SCXW137982177 BCX8\" data-ccp-charstyle=\"normaltextrun\">1-<\/span><span class=\"NormalTextRun ContextualSpellingAndGrammarErrorV2Themed SCXW137982177 BCX8\" data-ccp-charstyle=\"normaltextrun\">2<\/span><span class=\"NormalTextRun SCXW137982177 BCX8\" data-ccp-charstyle=\"normaltextrun\"> suorittamista tai\u00a0 \u00a0vastaavaa osaamista saksan kieless\u00e4. Opiskelija on saavuttanut\u00a0 \u00a0taitotason <\/span><span class=\"NormalTextRun SCXW137982177 BCX8\" data-ccp-charstyle=\"normaltextrun\">A<\/span><span class=\"NormalTextRun SCXW137982177 BCX8\" data-ccp-charstyle=\"normaltextrun\">1<\/span><span class=\"NormalTextRun SCXW137982177 BCX8\" data-ccp-charstyle=\"normaltextrun\">.2<\/span><span class=\"NormalTextRun SCXW137982177 BCX8\" data-ccp-charstyle=\"normaltextrun\"> aikaisemmissa opinnoissaan.<\/span><span class=\"NormalTextRun SCXW137982177 BCX8\" data-ccp-charstyle=\"eop\" data-ccp-charstyle-defn=\"{&quot;ObjectId&quot;:&quot;920dbcde-2834-5e15-a5fa-062170b236ba|1&quot;,&quot;ClassId&quot;:1073872969,&quot;Properties&quot;:[201342446,&quot;1&quot;,201342447,&quot;5&quot;,201342448,&quot;1&quot;,201342449,&quot;1&quot;,469777841,&quot;Calibri&quot;,469777842,&quot;&quot;,469777843,&quot;Calibri&quot;,469777844,&quot;Calibri&quot;,201341986,&quot;1&quot;,469769226,&quot;Calibri&quot;,268442635,&quot;22&quot;,469775450,&quot;eop&quot;,201340122,&quot;1&quot;,134233614,&quot;true&quot;,469778129,&quot;eop&quot;,335572020,&quot;1&quot;,469778324,&quot;Default Paragraph Font&quot;]}\">\u202f<\/span><\/span><span class=\"EOP SCXW137982177 BCX8\" data-ccp-props=\"{&quot;134233117&quot;:true,&quot;134233118&quot;:true,&quot;201341983&quot;:0,&quot;335551550&quot;:6,&quot;335551620&quot;:6,&quot;335559740&quot;:240}\">\u00a0<\/span><\/strong><\/td>\n<\/tr>\n<\/tbody>\n<\/table>\n<p>&nbsp;<\/p>\n<h2>Kurssikuvaus<\/h2>\n<p><b><span data-contrast=\"auto\">Sis\u00e4lt\u00f6<\/span><\/b><span data-contrast=\"auto\">\u202f\u202f<\/span><span data-ccp-props=\"{&quot;134233117&quot;:true,&quot;134233118&quot;:true,&quot;201341983&quot;:0,&quot;335551550&quot;:6,&quot;335551620&quot;:6,&quot;335559740&quot;:240}\">\u00a0<\/span><\/p>\n<p><span data-contrast=\"auto\">Saksa 3 \u2013verkko-opintojaksolla opiskelija syvent\u00e4\u00e4 saksan kielen taitojaan. Teemana opintojaksolla ovat <\/span><span data-contrast=\"none\">opinnot, opiskelija-arkeen liittyv\u00e4t tilanteet, erilaiset asiakaspalvelutilanteet sek\u00e4 l\u00e4\u00e4k\u00e4riss\u00e4 \u202fja apteekissa k\u00e4ynti.\u202f<\/span><span data-ccp-props=\"{&quot;134233117&quot;:true,&quot;134233118&quot;:true,&quot;201341983&quot;:0,&quot;335551550&quot;:6,&quot;335551620&quot;:6,&quot;335559740&quot;:240}\">\u00a0<\/span><\/p>\n<p><span data-contrast=\"auto\">\u00a0Opintojakso koostuu kolmesta yhden opintopisteen moduulista:\u202f<\/span><span data-ccp-props=\"{&quot;134233117&quot;:true,&quot;134233118&quot;:true,&quot;201341983&quot;:0,&quot;335551550&quot;:6,&quot;335551620&quot;:6,&quot;335559740&quot;:240}\">\u00a0<\/span><\/p>\n<ul>\n<li data-leveltext=\"\uf0b7\" data-font=\"Symbol\" data-listid=\"12\" data-list-defn-props=\"{&quot;335552541&quot;:1,&quot;335559685&quot;:720,&quot;335559991&quot;:360,&quot;469769226&quot;:&quot;Symbol&quot;,&quot;469769242&quot;:[8226],&quot;469777803&quot;:&quot;left&quot;,&quot;469777804&quot;:&quot;\uf0b7&quot;,&quot;469777815&quot;:&quot;hybridMultilevel&quot;}\" data-aria-posinset=\"1\" data-aria-level=\"1\"><span data-contrast=\"auto\">Das Studium \/ Opinnot<\/span><span data-ccp-props=\"{&quot;134233117&quot;:true,&quot;134233118&quot;:true,&quot;201341983&quot;:0,&quot;335551550&quot;:6,&quot;335551620&quot;:6,&quot;335559740&quot;:240}\">\u00a0<\/span><\/li>\n<li data-leveltext=\"\uf0b7\" data-font=\"Symbol\" data-listid=\"12\" data-list-defn-props=\"{&quot;335552541&quot;:1,&quot;335559685&quot;:720,&quot;335559991&quot;:360,&quot;469769226&quot;:&quot;Symbol&quot;,&quot;469769242&quot;:[8226],&quot;469777803&quot;:&quot;left&quot;,&quot;469777804&quot;:&quot;\uf0b7&quot;,&quot;469777815&quot;:&quot;hybridMultilevel&quot;}\" data-aria-posinset=\"1\" data-aria-level=\"1\"><span data-contrast=\"auto\">Der Alltag \/ Arkip\u00e4iv\u00e4n tilanteet<\/span><span data-ccp-props=\"{&quot;134233117&quot;:true,&quot;134233118&quot;:true,&quot;201341983&quot;:0,&quot;335551550&quot;:6,&quot;335551620&quot;:6,&quot;335559740&quot;:240}\">\u00a0<\/span><\/li>\n<li data-leveltext=\"\uf0b7\" data-font=\"Symbol\" data-listid=\"12\" data-list-defn-props=\"{&quot;335552541&quot;:1,&quot;335559685&quot;:720,&quot;335559991&quot;:360,&quot;469769226&quot;:&quot;Symbol&quot;,&quot;469769242&quot;:[8226],&quot;469777803&quot;:&quot;left&quot;,&quot;469777804&quot;:&quot;\uf0b7&quot;,&quot;469777815&quot;:&quot;hybridMultilevel&quot;}\" data-aria-posinset=\"1\" data-aria-level=\"1\"><span data-contrast=\"auto\">Beim Arzt \/ L\u00e4\u00e4k\u00e4riss\u00e4<\/span><span data-ccp-props=\"{&quot;134233117&quot;:true,&quot;134233118&quot;:true,&quot;201341983&quot;:0,&quot;335551550&quot;:6,&quot;335551620&quot;:6,&quot;335559739&quot;:200,&quot;335559740&quot;:276}\">\u00a0<\/span><\/li>\n<\/ul>\n<p><span data-contrast=\"auto\">Sanastoteemat: <\/span><span data-contrast=\"none\">Opiskelu, asiakaspalvelu, l\u00e4\u00e4k\u00e4ri- ja apteekkitilanteet, hyvinvointi<\/span><span data-ccp-props=\"{&quot;201341983&quot;:0,&quot;335559739&quot;:200,&quot;335559740&quot;:276}\">\u00a0<\/span><\/p>\n<p><span data-contrast=\"auto\">Rakenneteemat: <\/span><span data-contrast=\"none\">Perfektin kertaus, vaihtoprepositiot ja imperatiivi, p\u00e4iv\u00e4m\u00e4\u00e4r\u00e4t ja j\u00e4rjestysluvut, adjektiivien vertailu, modaaliverbien imperfekti, suomen konditionaalin vastineita, sollen-verbin k\u00e4ytt\u00f6, refleksiiviverbit, adjektiivin taivutus alustavasti<\/span><span data-ccp-props=\"{&quot;201341983&quot;:0,&quot;335559739&quot;:200,&quot;335559740&quot;:276}\">\u00a0<\/span><\/p>\n<h3><b><span data-contrast=\"auto\">Osaamistavoitteet\u202f<\/span><\/b><span data-contrast=\"auto\">\u202f<\/span><span data-ccp-props=\"{&quot;134233117&quot;:true,&quot;134233118&quot;:true,&quot;201341983&quot;:0,&quot;335551550&quot;:6,&quot;335551620&quot;:6,&quot;335559740&quot;:240}\">\u00a0<\/span><\/h3>\n<p><span data-contrast=\"none\">T\u00e4m\u00e4n opintojakson j\u00e4lkeen <\/span><span data-contrast=\"auto\">opiskelija:\u202f<\/span><span data-contrast=\"auto\">\u202f<\/span><span data-ccp-props=\"{&quot;134233117&quot;:true,&quot;134233118&quot;:true,&quot;201341983&quot;:0,&quot;335559740&quot;:240}\">\u00a0<\/span><\/p>\n<ul>\n<li data-leveltext=\"\uf0b7\" data-font=\"Symbol\" data-listid=\"18\" data-list-defn-props=\"{&quot;335552541&quot;:1,&quot;335559685&quot;:720,&quot;335559991&quot;:360,&quot;469769226&quot;:&quot;Symbol&quot;,&quot;469769242&quot;:[8226],&quot;469777803&quot;:&quot;left&quot;,&quot;469777804&quot;:&quot;\uf0b7&quot;,&quot;469777815&quot;:&quot;hybridMultilevel&quot;}\" data-aria-posinset=\"1\" data-aria-level=\"1\"><span data-contrast=\"none\">Osaa kertoa opinnoistaan ja asumisestaan.<\/span><span data-ccp-props=\"{&quot;134233117&quot;:false,&quot;134233118&quot;:false,&quot;201341983&quot;:2,&quot;335559737&quot;:240,&quot;335559738&quot;:300,&quot;335559739&quot;:300,&quot;335559740&quot;:300}\">\u00a0<\/span><\/li>\n<li data-leveltext=\"\uf0b7\" data-font=\"Symbol\" data-listid=\"18\" data-list-defn-props=\"{&quot;335552541&quot;:1,&quot;335559685&quot;:720,&quot;335559991&quot;:360,&quot;469769226&quot;:&quot;Symbol&quot;,&quot;469769242&quot;:[8226],&quot;469777803&quot;:&quot;left&quot;,&quot;469777804&quot;:&quot;\uf0b7&quot;,&quot;469777815&quot;:&quot;hybridMultilevel&quot;}\" data-aria-posinset=\"1\" data-aria-level=\"1\"><span data-contrast=\"none\">osaa toimia arkip\u00e4iv\u00e4n tilanteissa (esim. ostoksilla, lippuautomaatilla, ravintolassa, postissa, itsepalvelupesulassa, leipomossa, kampaajalla\/parturissa ja apteekissa asiointi).<\/span><span data-ccp-props=\"{&quot;134233117&quot;:false,&quot;134233118&quot;:false,&quot;201341983&quot;:2,&quot;335559737&quot;:240,&quot;335559738&quot;:300,&quot;335559739&quot;:300,&quot;335559740&quot;:300}\">\u00a0<\/span><\/li>\n<li data-leveltext=\"\uf0b7\" data-font=\"Symbol\" data-listid=\"18\" data-list-defn-props=\"{&quot;335552541&quot;:1,&quot;335559685&quot;:720,&quot;335559991&quot;:360,&quot;469769226&quot;:&quot;Symbol&quot;,&quot;469769242&quot;:[8226],&quot;469777803&quot;:&quot;left&quot;,&quot;469777804&quot;:&quot;\uf0b7&quot;,&quot;469777815&quot;:&quot;hybridMultilevel&quot;}\" data-aria-posinset=\"1\" data-aria-level=\"1\"><span data-contrast=\"none\">osaa sopia tapaamisesta.\u00a0<\/span><\/li>\n<li data-leveltext=\"\uf0b7\" data-font=\"Symbol\" data-listid=\"18\" data-list-defn-props=\"{&quot;335552541&quot;:1,&quot;335559685&quot;:720,&quot;335559991&quot;:360,&quot;469769226&quot;:&quot;Symbol&quot;,&quot;469769242&quot;:[8226],&quot;469777803&quot;:&quot;left&quot;,&quot;469777804&quot;:&quot;\uf0b7&quot;,&quot;469777815&quot;:&quot;hybridMultilevel&quot;}\" data-aria-posinset=\"1\" data-aria-level=\"1\"><span data-contrast=\"none\">osaa tehd\u00e4 ajanvarauksen l\u00e4\u00e4k\u00e4rille ja viesti\u00e4 vastaanotolla.<\/span><span data-ccp-props=\"{&quot;134233117&quot;:false,&quot;134233118&quot;:false,&quot;201341983&quot;:2,&quot;335559737&quot;:240,&quot;335559738&quot;:300,&quot;335559739&quot;:300,&quot;335559740&quot;:300}\">\u00a0<\/span><\/li>\n<li data-leveltext=\"\uf0b7\" data-font=\"Symbol\" data-listid=\"18\" data-list-defn-props=\"{&quot;335552541&quot;:1,&quot;335559685&quot;:720,&quot;335559991&quot;:360,&quot;469769226&quot;:&quot;Symbol&quot;,&quot;469769242&quot;:[8226],&quot;469777803&quot;:&quot;left&quot;,&quot;469777804&quot;:&quot;\uf0b7&quot;,&quot;469777815&quot;:&quot;hybridMultilevel&quot;}\" data-aria-posinset=\"1\" data-aria-level=\"1\"><span data-contrast=\"none\">osaa k\u00e4ytt\u00e4\u00e4 maantieteellisi\u00e4 nimi\u00e4 saksan kielell\u00e4.<\/span><span data-ccp-props=\"{&quot;134233117&quot;:false,&quot;134233118&quot;:false,&quot;201341983&quot;:2,&quot;335559737&quot;:240,&quot;335559738&quot;:300,&quot;335559739&quot;:300,&quot;335559740&quot;:300}\">\u00a0<\/span><\/li>\n<li data-leveltext=\"\uf0b7\" data-font=\"Symbol\" data-listid=\"18\" data-list-defn-props=\"{&quot;335552541&quot;:1,&quot;335559685&quot;:720,&quot;335559991&quot;:360,&quot;469769226&quot;:&quot;Symbol&quot;,&quot;469769242&quot;:[8226],&quot;469777803&quot;:&quot;left&quot;,&quot;469777804&quot;:&quot;\uf0b7&quot;,&quot;469777815&quot;:&quot;hybridMultilevel&quot;}\" data-aria-posinset=\"1\" data-aria-level=\"1\"><span data-contrast=\"none\">osaa vertailla adjektiiveja ja adverbeja, k\u00e4ytt\u00e4\u00e4 imperatiivia ja refleksiiviverbej\u00e4, osaa suomen konditionaalin vastineet saksassa ja on tutustunut vaihtoprepositioihin.<\/span><span data-ccp-props=\"{&quot;134233117&quot;:false,&quot;134233118&quot;:false,&quot;201341983&quot;:2,&quot;335559737&quot;:240,&quot;335559738&quot;:300,&quot;335559739&quot;:300,&quot;335559740&quot;:300}\">\u00a0<\/span><\/li>\n<\/ul>\n<h3><b><span data-contrast=\"auto\">Oppimateriaali<\/span><\/b><span data-contrast=\"auto\">\u202f\u202f\u202f<\/span><span data-ccp-props=\"{&quot;134233117&quot;:true,&quot;134233118&quot;:true,&quot;201341983&quot;:0,&quot;335551550&quot;:6,&quot;335551620&quot;:6,&quot;335559740&quot;:240}\">\u00a0<\/span><\/h3>\n<p><span data-contrast=\"auto\">Oppimateriaali on<\/span> <span data-contrast=\"auto\">digitaalisella oppimisalustalla.\u202f\u202f<\/span><span data-ccp-props=\"{&quot;134233117&quot;:true,&quot;134233118&quot;:true,&quot;201341983&quot;:0,&quot;335551550&quot;:6,&quot;335551620&quot;:6,&quot;335559740&quot;:240}\">\u00a0<\/span><\/p>\n<h3><b><span data-contrast=\"auto\">Opetus- ja arviointimenetelm\u00e4t<\/span><\/b><span data-contrast=\"auto\">\u202f\u202f\u202f<\/span><span data-ccp-props=\"{&quot;134233117&quot;:true,&quot;134233118&quot;:true,&quot;201341983&quot;:0,&quot;335551550&quot;:6,&quot;335551620&quot;:6,&quot;335559740&quot;:240}\">\u00a0<\/span><\/h3>\n<p><span data-contrast=\"none\">Opetus ja harjoitusteht\u00e4v\u00e4t digitaalisella alustalla.\u202f<\/span><span data-ccp-props=\"{&quot;134233117&quot;:true,&quot;134233118&quot;:true,&quot;201341983&quot;:0,&quot;335551550&quot;:6,&quot;335551620&quot;:6,&quot;335559740&quot;:240}\">\u00a0<\/span><\/p>\n<p><span data-contrast=\"none\">Kussakin moduulissa on 1-2 moduulitesti\u00e4. Opintojakson p\u00e4\u00e4tteeksi on loppukoe.<\/span><span data-ccp-props=\"{&quot;134233117&quot;:true,&quot;134233118&quot;:true,&quot;201341983&quot;:0,&quot;335551550&quot;:6,&quot;335551620&quot;:6,&quot;335559740&quot;:240}\">\u00a0<\/span><\/p>\n<h3><b><span data-contrast=\"auto\">Arvosteluasteikko<\/span><\/b><span data-contrast=\"auto\">\u202f<\/span><b><span data-contrast=\"none\">ja arviointikriteerit<\/span><\/b><span data-contrast=\"none\">\u202f\u202f<\/span><span data-contrast=\"auto\">\u202f<\/span><span data-ccp-props=\"{&quot;134233117&quot;:true,&quot;134233118&quot;:true,&quot;201341983&quot;:0,&quot;335551550&quot;:6,&quot;335551620&quot;:6,&quot;335559740&quot;:240}\">\u00a0<\/span><\/h3>\n<p><span data-contrast=\"auto\">Opintojaksosuoritus arvostellaan asteikolla hyv\u00e4ksytty \/ hyl\u00e4tty.<\/span><\/p>\n<p><span data-contrast=\"none\">Opintojakson harjoitukset\/ harjoitustentit t\u00e4ytyy suorittaa hyv\u00e4ksytysti.\u202f<\/span><span data-contrast=\"none\">Harjoituksissa hyv\u00e4ksymisraja on 50 %.<\/span><span data-ccp-props=\"{&quot;134233117&quot;:false,&quot;134233118&quot;:false,&quot;201341983&quot;:2,&quot;335559738&quot;:0,&quot;335559739&quot;:0,&quot;335559740&quot;:300}\">\u00a0<\/span><\/p>\n<p><b><span data-contrast=\"none\">Moduulikohtaisissa tenteiss\u00e4<\/span><\/b><span data-contrast=\"none\">\u202farviointi on<\/span><b><span data-contrast=\"none\">\u202f0-3 p<\/span><\/b><span data-contrast=\"none\">. N\u00e4ist\u00e4 saadut pisteet lasketaan osaksi lopputentin arviointia eli maksimissaan opiskelija voi moduulikohtaisilla tenteill\u00e4 ker\u00e4t\u00e4 kokeeseen jo\u202f<\/span><b><span data-contrast=\"none\">5 x 3 = 15 pistett\u00e4.<\/span><\/b><span data-ccp-props=\"{&quot;134233117&quot;:false,&quot;134233118&quot;:false,&quot;201341983&quot;:2,&quot;335559738&quot;:0,&quot;335559739&quot;:0,&quot;335559740&quot;:300}\">\u00a0<\/span><\/p>\n<p><span data-contrast=\"none\">Lopputentiss\u00e4 alimpaan hyv\u00e4ksyttyyn arvosanaan tarvitaan v\u00e4hint\u00e4\u00e4n 50 % pisteist\u00e4, arvosanan 3 alaraja on 70 % pisteist\u00e4 ja arvosanan 5 alaraja on 90 % pisteist\u00e4.<\/span><span data-ccp-props=\"{&quot;134233117&quot;:false,&quot;134233118&quot;:false,&quot;201341983&quot;:2,&quot;335559738&quot;:0,&quot;335559739&quot;:300,&quot;335559740&quot;:300}\">\u00a0<\/span><\/p>\n<h3><b><span data-contrast=\"auto\">Ty\u00f6m\u00e4\u00e4r\u00e4\u00a0<\/span><\/b><\/h3>\n<p><span data-contrast=\"none\">Yhteens\u00e4 81h. Yksi opintopiste vastaa 27h opiskelijan ty\u00f6t\u00e4 (3 x 27h = 81h).\u202f\u202f<\/span><span data-ccp-props=\"{&quot;134233117&quot;:false,&quot;134233118&quot;:false,&quot;201341983&quot;:2,&quot;335559738&quot;:0,&quot;335559739&quot;:0,&quot;335559740&quot;:300}\">\u00a0<\/span><\/p>\n<h2><strong>Ilmoittautuminen 1.12.2025-11.1.2026.<\/strong><\/h2>\n<h2><a href=\"https:\/\/link.webropol.com\/s\/kivanetkevat26\" target=\"_blank\" rel=\"noopener\">Linkki ilmoittautumislomakkeeseen.<\/a><\/h2>\n","protected":false},"excerpt":{"rendered":"<p>\u00a0J\u00e4rjest\u00e4v\u00e4 korkeakoulu \u00a0Vaasan yliopisto \u00a0TAMK \u00a0Opetuskieli \u00a0suomi \u00a0suomi \u00a0Ajoitus \u00a0Kurssi auki Moodlessa 26.1.2026-17.4.2026 \u00a0 Kurssi auki Moodlessa 16.3.-22.5.2025 \u00a0Verkkotapaamisten aikataulu \u00a0Vapaaehtoiset verkkotapaamiset: ke 28.1. klo 10.15-11.45 ke 25.2. klo 10.15-11.45 ke 25.3. klo 10.15-11.45 ke 8.4. klo 10.15-11.45 \u00a0Vapaaehtoiset verkkotapaamiset: ke 18.3. klo 10.15-11.45 ke 8.4. klo 10.15-11.45 ke 29.4. klo 10.15-11.45 ke 13.5. klo [&hellip;]<\/p>\n","protected":false},"author":185,"featured_media":0,"parent":2866,"menu_order":0,"comment_status":"closed","ping_status":"closed","template":"","meta":{"_acf_changed":false,"footnotes":""},"class_list":["post-2879","page","type-page","status-publish","hentry"],"acf":[],"lang":"fi","translations":{"fi":2879},"pll_sync_post":[],"_links":{"self":[{"href":"https:\/\/sites.uwasa.fi\/kivanet\/wp-json\/wp\/v2\/pages\/2879"}],"collection":[{"href":"https:\/\/sites.uwasa.fi\/kivanet\/wp-json\/wp\/v2\/pages"}],"about":[{"href":"https:\/\/sites.uwasa.fi\/kivanet\/wp-json\/wp\/v2\/types\/page"}],"author":[{"embeddable":true,"href":"https:\/\/sites.uwasa.fi\/kivanet\/wp-json\/wp\/v2\/users\/185"}],"replies":[{"embeddable":true,"href":"https:\/\/sites.uwasa.fi\/kivanet\/wp-json\/wp\/v2\/comments?post=2879"}],"version-history":[{"count":15,"href":"https:\/\/sites.uwasa.fi\/kivanet\/wp-json\/wp\/v2\/pages\/2879\/revisions"}],"predecessor-version":[{"id":3773,"href":"https:\/\/sites.uwasa.fi\/kivanet\/wp-json\/wp\/v2\/pages\/2879\/revisions\/3773"}],"up":[{"embeddable":true,"href":"https:\/\/sites.uwasa.fi\/kivanet\/wp-json\/wp\/v2\/pages\/2866"}],"wp:attachment":[{"href":"https:\/\/sites.uwasa.fi\/kivanet\/wp-json\/wp\/v2\/media?parent=2879"}],"curies":[{"name":"wp","href":"https:\/\/api.w.org\/{rel}","templated":true}]}}