{"id":2870,"date":"2025-05-19T16:34:15","date_gmt":"2025-05-19T13:34:15","guid":{"rendered":"https:\/\/sites.uwasa.fi\/kivanet\/?page_id=2870"},"modified":"2025-11-21T14:35:31","modified_gmt":"2025-11-21T12:35:31","slug":"saksa-1-2","status":"publish","type":"page","link":"https:\/\/sites.uwasa.fi\/kivanet\/kurssitarjonta\/kevat-2026\/saksa\/saksa-1-2\/","title":{"rendered":"Saksa 1"},"content":{"rendered":"<table style=\"border-collapse: collapse;width: 100%\" border=\"1\">\n<tbody>\n<tr style=\"height: 24px\">\n<td style=\"width: 18.5571%;height: 24px\"><strong>\u00a0J\u00e4rjest\u00e4v\u00e4 korkeakoulu<\/strong><\/td>\n<td style=\"width: 36.5429%;height: 24px\"><strong>\u00a0Laurea<\/strong><\/td>\n<\/tr>\n<tr style=\"height: 24px\">\n<td style=\"width: 18.5571%;height: 24px\"><strong>\u00a0Opetuskieli<\/strong><\/td>\n<td style=\"width: 36.5429%;height: 24px\"><strong>\u00a0suomi<\/strong><\/td>\n<\/tr>\n<tr style=\"height: 24px\">\n<td style=\"width: 18.5571%;height: 24px\"><strong>\u00a0Ajoitus<\/strong><\/td>\n<td style=\"width: 36.5429%;height: 24px\"><strong>\u00a0Kurssi auki Moodlessa: 26.1.2026<\/strong><\/td>\n<\/tr>\n<tr style=\"height: 24px\">\n<td style=\"width: 18.5571%;height: 36px\"><strong>\u00a0Verkkotapaamisten aikataulu<\/strong><\/td>\n<td style=\"width: 36.5429%;height: 36px\">\u00a0<strong>Vapaaehtoisten verkkotapaamisten aikataulu:<\/strong><\/p>\n<ul>\n<li><strong>ke 28.1. &#8211; 25.3., klo 15.00 &#8211; 16:30<\/strong><\/li>\n<\/ul>\n<\/td>\n<\/tr>\n<tr style=\"height: 32px\">\n<td style=\"width: 18.5571%;height: 32px\"><strong>\u00a0Tentti Moodlessa<\/strong><strong><br \/>\n<\/strong><\/td>\n<td style=\"width: 36.5429%;height: 32px\"><strong>\u00a0Tentti auki Moodlessa: vko 13<\/strong><\/td>\n<\/tr>\n<tr style=\"height: 24px\">\n<td style=\"width: 18.5571%;height: 24px\"><strong>\u00a0CEFR-taso<\/strong><\/td>\n<td style=\"width: 36.5429%;height: 24px\"><strong>\u00a0L\u00e4ht\u00f6taso A0 &gt; tavoitetaso A1.1<\/strong><\/td>\n<\/tr>\n<tr style=\"height: 24px\">\n<td style=\"width: 18.5571%;height: 24px\"><strong>\u00a0Opintopisteet<\/strong><\/td>\n<td style=\"width: 36.5429%;height: 24px\"><strong>\u00a03<\/strong><\/td>\n<\/tr>\n<tr style=\"height: 24px\">\n<td style=\"width: 18.5571%;height: 24px\"><strong>\u00a0Esitiedot<\/strong><\/td>\n<td style=\"width: 36.5429%;height: 24px\"><strong>\u00a0Opintojakson suorittaminen ei vaadi aiempia saksan opintoja.<\/strong><\/td>\n<\/tr>\n<\/tbody>\n<\/table>\n<h2>Kurssikuvaus<\/h2>\n<h3><b><span data-contrast=\"auto\">Sis\u00e4lt\u00f6<\/span><\/b><span data-contrast=\"auto\">\u202f\u202f<\/span><span data-ccp-props=\"{&quot;134233117&quot;:true,&quot;134233118&quot;:true,&quot;201341983&quot;:0,&quot;335551550&quot;:6,&quot;335551620&quot;:6,&quot;335559740&quot;:240}\">\u00a0<\/span><\/h3>\n<p><span data-contrast=\"auto\">Saksa 1 opintojaksolla opiskelija oppii saksan \u00e4\u00e4nt\u00e4misen perusteet ja oppii k<\/span><span data-contrast=\"none\">\u00e4ytt\u00e4m\u00e4\u00e4n tavallisimpia tervehdyksi\u00e4, esitt\u00e4ytym\u00e4\u00e4n ja esittelem\u00e4\u00e4n henkil\u00f6it\u00e4 toisilleen saksaksi. H\u00e4n oppii toimimaan arkitilanteissa, joissa tilataan ruokaa ja juomaa ja puhutaan opinnoista.\u00a0\u00a0<\/span><span data-ccp-props=\"{&quot;134233117&quot;:true,&quot;134233118&quot;:true,&quot;201341983&quot;:0,&quot;335551550&quot;:6,&quot;335551620&quot;:6,&quot;335559740&quot;:240}\">\u00a0<\/span><\/p>\n<p><span data-contrast=\"auto\">Opintojakso koostuu kolmesta yhden opintopisteen moduulista:\u202f<\/span><span data-ccp-props=\"{&quot;134233117&quot;:true,&quot;134233118&quot;:true,&quot;201341983&quot;:0,&quot;335551550&quot;:6,&quot;335551620&quot;:6,&quot;335559740&quot;:240}\">\u00a0<\/span><\/p>\n<ul>\n<li data-leveltext=\"\uf0b7\" data-font=\"Symbol\" data-listid=\"17\" data-list-defn-props=\"{&quot;335552541&quot;:1,&quot;335559685&quot;:720,&quot;335559991&quot;:360,&quot;469769226&quot;:&quot;Symbol&quot;,&quot;469769242&quot;:[8226],&quot;469777803&quot;:&quot;left&quot;,&quot;469777804&quot;:&quot;\uf0b7&quot;,&quot;469777815&quot;:&quot;hybridMultilevel&quot;}\" data-aria-posinset=\"1\" data-aria-level=\"1\"><span data-contrast=\"auto\">Tutustuminen \/ Kennenlernen<\/span><span data-ccp-props=\"{&quot;134233117&quot;:true,&quot;134233118&quot;:true,&quot;201341983&quot;:0,&quot;335551550&quot;:6,&quot;335551620&quot;:6,&quot;335559740&quot;:240}\">\u00a0<\/span><\/li>\n<li data-leveltext=\"\uf0b7\" data-font=\"Symbol\" data-listid=\"17\" data-list-defn-props=\"{&quot;335552541&quot;:1,&quot;335559685&quot;:720,&quot;335559991&quot;:360,&quot;469769226&quot;:&quot;Symbol&quot;,&quot;469769242&quot;:[8226],&quot;469777803&quot;:&quot;left&quot;,&quot;469777804&quot;:&quot;\uf0b7&quot;,&quot;469777815&quot;:&quot;hybridMultilevel&quot;}\" data-aria-posinset=\"1\" data-aria-level=\"1\"><span data-contrast=\"auto\">Opiskelijaravintolassa \/ In der Mensa<\/span><span data-ccp-props=\"{&quot;134233117&quot;:true,&quot;134233118&quot;:true,&quot;201341983&quot;:0,&quot;335551550&quot;:6,&quot;335551620&quot;:6,&quot;335559740&quot;:240}\">\u00a0<\/span><\/li>\n<li data-leveltext=\"\uf0b7\" data-font=\"Symbol\" data-listid=\"17\" data-list-defn-props=\"{&quot;335552541&quot;:1,&quot;335559685&quot;:720,&quot;335559991&quot;:360,&quot;469769226&quot;:&quot;Symbol&quot;,&quot;469769242&quot;:[8226],&quot;469777803&quot;:&quot;left&quot;,&quot;469777804&quot;:&quot;\uf0b7&quot;,&quot;469777815&quot;:&quot;hybridMultilevel&quot;}\" data-aria-posinset=\"1\" data-aria-level=\"1\"><span data-contrast=\"auto\">Opinnot \/ Studium<\/span><span data-ccp-props=\"{&quot;134233117&quot;:true,&quot;134233118&quot;:true,&quot;201341983&quot;:0,&quot;335551550&quot;:6,&quot;335551620&quot;:6,&quot;335559740&quot;:240}\">\u00a0<\/span><\/li>\n<\/ul>\n<p><span data-contrast=\"none\">Sanastoteemat: lukusanoja, tervehdyksi\u00e4, kellonajat, viikonp\u00e4iv\u00e4t, kuukaudet, vuodenajat, ruoka- ja juomasanastoa, opiskelusanastoa<\/span><span data-ccp-props=\"{&quot;134233117&quot;:true,&quot;134233118&quot;:true,&quot;335557856&quot;:16777215}\">\u00a0<\/span><\/p>\n<p><span data-contrast=\"none\">Rakenneteemat: verbin taivutusta preesensiss\u00e4, persoonapronomineja, kysymyssanoja, der-, die- ja das-sukuisia sanoja, ep\u00e4m\u00e4\u00e4r\u00e4isen ja m\u00e4\u00e4r\u00e4isen artikkelin k\u00e4ytt\u00f6, sijamuotojen nominatiivi ja akkusatiivi k\u00e4ytt\u00f6, kysymysten esitt\u00e4minen, kysymyslauseen sanaj\u00e4rjestys, p\u00e4\u00e4lauseen sanaj\u00e4rjestys<\/span><span data-ccp-props=\"{&quot;134233117&quot;:true,&quot;134233118&quot;:true,&quot;201341983&quot;:0,&quot;335557856&quot;:16777215,&quot;335559740&quot;:240}\">\u00a0<\/span><\/p>\n<h3><b><span data-contrast=\"auto\">Osaamistavoitteet\u202f<\/span><\/b><span data-contrast=\"auto\">\u202f<\/span><span data-ccp-props=\"{&quot;134233118&quot;:true,&quot;201341983&quot;:0,&quot;335557856&quot;:16777215,&quot;335559740&quot;:240}\">\u00a0<\/span><\/h3>\n<p><span data-contrast=\"none\">T\u00e4m\u00e4n opintojakson j\u00e4lkeen opiskelija:\u00a0<\/span><span data-ccp-props=\"{&quot;134233118&quot;:true,&quot;201341983&quot;:0,&quot;335557856&quot;:16777215,&quot;335559740&quot;:240}\">\u00a0<\/span><\/p>\n<ul>\n<li data-leveltext=\"\uf0b7\" data-font=\"Symbol\" data-listid=\"15\" data-list-defn-props=\"{&quot;335552541&quot;:1,&quot;335559685&quot;:720,&quot;335559991&quot;:360,&quot;469769226&quot;:&quot;Symbol&quot;,&quot;469769242&quot;:[8226],&quot;469777803&quot;:&quot;left&quot;,&quot;469777804&quot;:&quot;\uf0b7&quot;,&quot;469777815&quot;:&quot;hybridMultilevel&quot;}\" data-aria-posinset=\"1\" data-aria-level=\"1\"><span data-contrast=\"none\">osaa saksan \u00e4\u00e4nt\u00e4misen perusteet<\/span><span data-ccp-props=\"{&quot;134233118&quot;:true,&quot;201341983&quot;:0,&quot;335557856&quot;:16777215,&quot;335559739&quot;:0,&quot;335559740&quot;:240}\">\u00a0<\/span><\/li>\n<li data-leveltext=\"\uf0b7\" data-font=\"Symbol\" data-listid=\"15\" data-list-defn-props=\"{&quot;335552541&quot;:1,&quot;335559685&quot;:720,&quot;335559991&quot;:360,&quot;469769226&quot;:&quot;Symbol&quot;,&quot;469769242&quot;:[8226],&quot;469777803&quot;:&quot;left&quot;,&quot;469777804&quot;:&quot;\uf0b7&quot;,&quot;469777815&quot;:&quot;hybridMultilevel&quot;}\" data-aria-posinset=\"1\" data-aria-level=\"1\"><span data-contrast=\"none\">osaa tavallisimmat tervehdykset, esitt\u00e4yty\u00e4 ja esitell\u00e4 henkil\u00f6it\u00e4 toisilleen<\/span><\/li>\n<li data-leveltext=\"\uf0b7\" data-font=\"Symbol\" data-listid=\"15\" data-list-defn-props=\"{&quot;335552541&quot;:1,&quot;335559685&quot;:720,&quot;335559991&quot;:360,&quot;469769226&quot;:&quot;Symbol&quot;,&quot;469769242&quot;:[8226],&quot;469777803&quot;:&quot;left&quot;,&quot;469777804&quot;:&quot;\uf0b7&quot;,&quot;469777815&quot;:&quot;hybridMultilevel&quot;}\" data-aria-posinset=\"1\" data-aria-level=\"1\"><span data-contrast=\"none\">osaa tilata ja ostaa ruokaa<\/span><\/li>\n<li data-leveltext=\"\uf0b7\" data-font=\"Symbol\" data-listid=\"15\" data-list-defn-props=\"{&quot;335552541&quot;:1,&quot;335559685&quot;:720,&quot;335559991&quot;:360,&quot;469769226&quot;:&quot;Symbol&quot;,&quot;469769242&quot;:[8226],&quot;469777803&quot;:&quot;left&quot;,&quot;469777804&quot;:&quot;\uf0b7&quot;,&quot;469777815&quot;:&quot;hybridMultilevel&quot;}\" data-aria-posinset=\"1\" data-aria-level=\"1\"><span data-contrast=\"none\">osaa ilmaista mist\u00e4 pit\u00e4\u00e4 ja mit\u00e4 haluaisi<\/span><\/li>\n<li data-leveltext=\"\uf0b7\" data-font=\"Symbol\" data-listid=\"15\" data-list-defn-props=\"{&quot;335552541&quot;:1,&quot;335559685&quot;:720,&quot;335559991&quot;:360,&quot;469769226&quot;:&quot;Symbol&quot;,&quot;469769242&quot;:[8226],&quot;469777803&quot;:&quot;left&quot;,&quot;469777804&quot;:&quot;\uf0b7&quot;,&quot;469777815&quot;:&quot;hybridMultilevel&quot;}\" data-aria-posinset=\"1\" data-aria-level=\"1\"><span data-contrast=\"none\">osaa esitt\u00e4\u00e4 kysymyksi\u00e4 arkeen ja opintoihin liittyvist\u00e4 asioista<\/span><\/li>\n<li data-leveltext=\"\uf0b7\" data-font=\"Symbol\" data-listid=\"15\" data-list-defn-props=\"{&quot;335552541&quot;:1,&quot;335559685&quot;:720,&quot;335559991&quot;:360,&quot;469769226&quot;:&quot;Symbol&quot;,&quot;469769242&quot;:[8226],&quot;469777803&quot;:&quot;left&quot;,&quot;469777804&quot;:&quot;\uf0b7&quot;,&quot;469777815&quot;:&quot;hybridMultilevel&quot;}\" data-aria-posinset=\"1\" data-aria-level=\"1\"><span data-contrast=\"none\">osaa kirjoittaa yksinkertaisia viestej\u00e4 arkiel\u00e4m\u00e4n ja opiskelun tarpeita varten<\/span><\/li>\n<li data-leveltext=\"\uf0b7\" data-font=\"Symbol\" data-listid=\"15\" data-list-defn-props=\"{&quot;335552541&quot;:1,&quot;335559685&quot;:720,&quot;335559991&quot;:360,&quot;469769226&quot;:&quot;Symbol&quot;,&quot;469769242&quot;:[8226],&quot;469777803&quot;:&quot;left&quot;,&quot;469777804&quot;:&quot;\uf0b7&quot;,&quot;469777815&quot;:&quot;hybridMultilevel&quot;}\" data-aria-posinset=\"1\" data-aria-level=\"1\"><span data-contrast=\"none\">tutustuu saksankielisen Euroopan kulttuuriin ja arkiel\u00e4m\u00e4\u00e4n<\/span><\/li>\n<li data-leveltext=\"\uf0b7\" data-font=\"Symbol\" data-listid=\"15\" data-list-defn-props=\"{&quot;335552541&quot;:1,&quot;335559685&quot;:720,&quot;335559991&quot;:360,&quot;469769226&quot;:&quot;Symbol&quot;,&quot;469769242&quot;:[8226],&quot;469777803&quot;:&quot;left&quot;,&quot;469777804&quot;:&quot;\uf0b7&quot;,&quot;469777815&quot;:&quot;hybridMultilevel&quot;}\" data-aria-posinset=\"1\" data-aria-level=\"1\"><span data-contrast=\"none\">osaa toimia luontevasti tavallisimmissa tilanteissa, joissa kulttuurieroilla on merkityst\u00e4<\/span><\/li>\n<li data-leveltext=\"\uf0b7\" data-font=\"Symbol\" data-listid=\"15\" data-list-defn-props=\"{&quot;335552541&quot;:1,&quot;335559685&quot;:720,&quot;335559991&quot;:360,&quot;469769226&quot;:&quot;Symbol&quot;,&quot;469769242&quot;:[8226],&quot;469777803&quot;:&quot;left&quot;,&quot;469777804&quot;:&quot;\uf0b7&quot;,&quot;469777815&quot;:&quot;hybridMultilevel&quot;}\" data-aria-posinset=\"1\" data-aria-level=\"1\"><span data-contrast=\"none\">osaa kertoa Suomesta saksaksi<\/span><\/li>\n<\/ul>\n<h3><b><span data-contrast=\"auto\">Oppimateriaali<\/span><\/b><span data-contrast=\"auto\">\u202f\u202f\u202f<\/span><span data-ccp-props=\"{&quot;134233117&quot;:true,&quot;134233118&quot;:true,&quot;201341983&quot;:0,&quot;335551550&quot;:6,&quot;335551620&quot;:6,&quot;335559740&quot;:240}\">\u00a0<\/span><\/h3>\n<p><span data-contrast=\"auto\">Oppimateriaali on digitaalisella oppimisalustalla.\u202f\u202f<\/span><span data-ccp-props=\"{&quot;134233117&quot;:true,&quot;134233118&quot;:true,&quot;201341983&quot;:0,&quot;335551550&quot;:6,&quot;335551620&quot;:6,&quot;335559740&quot;:240}\">\u00a0<\/span><\/p>\n<h3><b><span data-contrast=\"auto\">Opetus- ja arviointimenetelm\u00e4t<\/span><\/b><span data-contrast=\"auto\">\u202f\u202f\u202f<\/span><span data-ccp-props=\"{&quot;134233117&quot;:true,&quot;134233118&quot;:true,&quot;201341983&quot;:0,&quot;335551550&quot;:6,&quot;335551620&quot;:6,&quot;335559740&quot;:240}\">\u00a0<\/span><\/h3>\n<p><span data-contrast=\"none\">Harjoitusteht\u00e4v\u00e4t digitaalisella alustalla.\u00a0<\/span><span data-ccp-props=\"{&quot;134233118&quot;:true,&quot;201341983&quot;:0,&quot;335557856&quot;:16777215,&quot;335559740&quot;:240}\">\u00a0<\/span><\/p>\n<p><span data-contrast=\"none\">Opintojakson suoritus koostuu:<\/span><span data-ccp-props=\"{&quot;134233118&quot;:true,&quot;201341983&quot;:0,&quot;335557856&quot;:16777215,&quot;335559740&quot;:240}\">\u00a0<\/span><\/p>\n<ol>\n<li data-leveltext=\"%1.\" data-font=\"Arial,Times New Roman\" data-listid=\"13\" data-list-defn-props=\"{&quot;335552541&quot;:0,&quot;335559685&quot;:720,&quot;335559991&quot;:360,&quot;469769242&quot;:[65533,0],&quot;469777803&quot;:&quot;left&quot;,&quot;469777804&quot;:&quot;%1.&quot;,&quot;469777815&quot;:&quot;multilevel&quot;}\" data-aria-posinset=\"1\" data-aria-level=\"1\"><span data-contrast=\"none\">aktiivisesti suoritetuista harjoituksista<\/span><span data-ccp-props=\"{&quot;134233117&quot;:true,&quot;134233118&quot;:true,&quot;201341983&quot;:0,&quot;335557856&quot;:16777215,&quot;335559740&quot;:240}\">\u00a0<\/span><\/li>\n<li data-leveltext=\"%1.\" data-font=\"Arial,Times New Roman\" data-listid=\"13\" data-list-defn-props=\"{&quot;335552541&quot;:0,&quot;335559685&quot;:720,&quot;335559991&quot;:360,&quot;469769242&quot;:[65533,0],&quot;469777803&quot;:&quot;left&quot;,&quot;469777804&quot;:&quot;%1.&quot;,&quot;469777815&quot;:&quot;multilevel&quot;}\" data-aria-posinset=\"1\" data-aria-level=\"1\"><span data-contrast=\"none\">aktiivisesta osallistumisesta webinaareihin<\/span><span data-ccp-props=\"{&quot;134233117&quot;:true,&quot;134233118&quot;:true,&quot;201341983&quot;:0,&quot;335557856&quot;:16777215,&quot;335559740&quot;:240}\">\u00a0<\/span><\/li>\n<li data-leveltext=\"%1.\" data-font=\"Arial,Times New Roman\" data-listid=\"13\" data-list-defn-props=\"{&quot;335552541&quot;:0,&quot;335559685&quot;:720,&quot;335559991&quot;:360,&quot;469769242&quot;:[65533,0],&quot;469777803&quot;:&quot;left&quot;,&quot;469777804&quot;:&quot;%1.&quot;,&quot;469777815&quot;:&quot;multilevel&quot;}\" data-aria-posinset=\"1\" data-aria-level=\"1\"><span data-contrast=\"none\">hyv\u00e4ksytysti suoritetuista palautettavista teht\u00e4vist\u00e4<\/span><span data-ccp-props=\"{&quot;134233117&quot;:true,&quot;134233118&quot;:true,&quot;201341983&quot;:0,&quot;335557856&quot;:16777215,&quot;335559740&quot;:240}\">\u00a0<\/span><\/li>\n<\/ol>\n<p><span data-contrast=\"none\">Lopputeht\u00e4v\u00e4n arvioinnissa p\u00e4\u00e4paino on opituissa rakenteissa ja sanoissa, mutta my\u00f6s kielen oikeanlaisessa tilannek\u00e4yt\u00f6ss\u00e4 ja kulttuurintuntemuksessa.<\/span><span data-ccp-props=\"{&quot;134233118&quot;:true,&quot;201341983&quot;:0,&quot;335557856&quot;:16777215,&quot;335559740&quot;:240}\">\u00a0<\/span><\/p>\n<p><span data-contrast=\"none\">Opintojakson kokonaisarvosanassa huomioidaan lopputeht\u00e4vien pisteiden lis\u00e4ksi my\u00f6s moduulikohtaisten palautettavien teht\u00e4vien pisteet.<\/span><span data-ccp-props=\"{&quot;134233118&quot;:true,&quot;201341983&quot;:0,&quot;335557856&quot;:16777215,&quot;335559740&quot;:240}\">\u00a0<\/span><\/p>\n<p><span data-contrast=\"none\">Alimpaan arvosanaan tarvitaan v\u00e4hint\u00e4\u00e4n 50 % pisteist\u00e4, arvosanan 3 alaraja on 70 % pisteist\u00e4 ja arvosanan 5 alaraja on 90 % pisteist\u00e4.\u202f<\/span><span data-ccp-props=\"{&quot;134233118&quot;:true,&quot;201341983&quot;:0,&quot;335557856&quot;:16777215,&quot;335559740&quot;:240}\">\u00a0<\/span><\/p>\n<h3><b><span data-contrast=\"auto\">Arvosteluasteikko<\/span><\/b><span data-contrast=\"auto\">\u202f<\/span><b><span data-contrast=\"auto\">ja arviointikriteerit<\/span><\/b><span data-contrast=\"auto\">\u202f\u202f\u202f<\/span><span data-ccp-props=\"{&quot;134233117&quot;:true,&quot;134233118&quot;:true,&quot;201341983&quot;:0,&quot;335551550&quot;:6,&quot;335551620&quot;:6,&quot;335559740&quot;:240}\">\u00a0<\/span><\/h3>\n<p>Arviointi asteikolla 0-5<\/p>\n<p><em>Arviointikriteerit &#8211; tyydytt\u00e4v\u00e4 (1-2)\u00a0<\/em><\/p>\n<p>V\u00e4hint\u00e4\u00e4n 50 % pisteist\u00e4<br \/>\nOpiskelija on suorittanut kaikki harjoitukset ja suorittanut hyv\u00e4ksytysti palautettavat teht\u00e4v\u00e4t.<\/p>\n<p><em>Arviointikriteerit &#8211; hyv\u00e4 (3-4)\u00a0<\/em><\/p>\n<p>arvosanan 3 alaraja on 70 % pisteist\u00e4<br \/>\nOpiskelija on suorittanut kaikki harjoitukset ja suorittanut hyv\u00e4ksytysti palautettavat teht\u00e4v\u00e4t.<\/p>\n<p><em>Arviointikriteerit &#8211; kiitett\u00e4v\u00e4 (5)\u00a0<\/em><\/p>\n<p>arvosanan 5 alaraja on 90 % pisteist\u00e4.?<br \/>\nOpiskelija on suorittanut kaikki harjoitukset ja suorittanut hyv\u00e4ksytysti palautettavat teht\u00e4v\u00e4t.<\/p>\n<h3><b><span data-contrast=\"auto\">Ty\u00f6m\u00e4\u00e4r\u00e4 <\/span><\/b><span data-contrast=\"auto\">\u202f\u202f\u202f<\/span><span data-ccp-props=\"{&quot;134233117&quot;:true,&quot;134233118&quot;:true,&quot;201341983&quot;:0,&quot;335551550&quot;:6,&quot;335551620&quot;:6,&quot;335559740&quot;:240}\">\u00a0<\/span><\/h3>\n<p><span data-contrast=\"auto\">81 h itsen\u00e4ist\u00e4 opiskelua; sis. teht\u00e4v\u00e4t ja moduulitentit\u00a0<\/span><span data-ccp-props=\"{&quot;134233117&quot;:true,&quot;134233118&quot;:true,&quot;201341983&quot;:0,&quot;335559740&quot;:240}\">\u00a0<\/span><\/p>\n<p><span data-contrast=\"auto\">Yksi opintopiste vastaa 27h opiskelijan ty\u00f6t\u00e4 (3 x 27h = 81h).\u202f<\/span><span data-ccp-props=\"{&quot;134233117&quot;:true,&quot;134233118&quot;:true,&quot;201341983&quot;:0,&quot;335551550&quot;:6,&quot;335551620&quot;:6,&quot;335559740&quot;:240}\">\u00a0<\/span><\/p>\n<h2><strong>Ilmoittautuminen 1.12.2025-11.1.2026.<\/strong><\/h2>\n<h2><a href=\"https:\/\/link.webropol.com\/s\/kivanetkevat26\" target=\"_blank\" rel=\"noopener\">Linkki ilmoittautumislomakkeeseen.<\/a><\/h2>\n","protected":false},"excerpt":{"rendered":"<p>\u00a0J\u00e4rjest\u00e4v\u00e4 korkeakoulu \u00a0Laurea \u00a0Opetuskieli \u00a0suomi \u00a0Ajoitus \u00a0Kurssi auki Moodlessa: 26.1.2026 \u00a0Verkkotapaamisten aikataulu \u00a0Vapaaehtoisten verkkotapaamisten aikataulu: ke 28.1. &#8211; 25.3., klo 15.00 &#8211; 16:30 \u00a0Tentti Moodlessa \u00a0Tentti auki Moodlessa: vko 13 \u00a0CEFR-taso \u00a0L\u00e4ht\u00f6taso A0 &gt; tavoitetaso A1.1 \u00a0Opintopisteet \u00a03 \u00a0Esitiedot \u00a0Opintojakson suorittaminen ei vaadi aiempia saksan opintoja. Kurssikuvaus Sis\u00e4lt\u00f6\u202f\u202f\u00a0 Saksa 1 opintojaksolla opiskelija oppii saksan \u00e4\u00e4nt\u00e4misen [&hellip;]<\/p>\n","protected":false},"author":185,"featured_media":0,"parent":2866,"menu_order":0,"comment_status":"closed","ping_status":"closed","template":"","meta":{"_acf_changed":false,"footnotes":""},"class_list":["post-2870","page","type-page","status-publish","hentry"],"acf":[],"lang":"fi","translations":{"fi":2870},"pll_sync_post":[],"_links":{"self":[{"href":"https:\/\/sites.uwasa.fi\/kivanet\/wp-json\/wp\/v2\/pages\/2870"}],"collection":[{"href":"https:\/\/sites.uwasa.fi\/kivanet\/wp-json\/wp\/v2\/pages"}],"about":[{"href":"https:\/\/sites.uwasa.fi\/kivanet\/wp-json\/wp\/v2\/types\/page"}],"author":[{"embeddable":true,"href":"https:\/\/sites.uwasa.fi\/kivanet\/wp-json\/wp\/v2\/users\/185"}],"replies":[{"embeddable":true,"href":"https:\/\/sites.uwasa.fi\/kivanet\/wp-json\/wp\/v2\/comments?post=2870"}],"version-history":[{"count":7,"href":"https:\/\/sites.uwasa.fi\/kivanet\/wp-json\/wp\/v2\/pages\/2870\/revisions"}],"predecessor-version":[{"id":3730,"href":"https:\/\/sites.uwasa.fi\/kivanet\/wp-json\/wp\/v2\/pages\/2870\/revisions\/3730"}],"up":[{"embeddable":true,"href":"https:\/\/sites.uwasa.fi\/kivanet\/wp-json\/wp\/v2\/pages\/2866"}],"wp:attachment":[{"href":"https:\/\/sites.uwasa.fi\/kivanet\/wp-json\/wp\/v2\/media?parent=2870"}],"curies":[{"name":"wp","href":"https:\/\/api.w.org\/{rel}","templated":true}]}}