{"id":2858,"date":"2025-05-19T14:55:29","date_gmt":"2025-05-19T11:55:29","guid":{"rendered":"https:\/\/sites.uwasa.fi\/kivanet\/?page_id=2858"},"modified":"2025-09-17T08:59:35","modified_gmt":"2025-09-17T05:59:35","slug":"saksa-7","status":"publish","type":"page","link":"https:\/\/sites.uwasa.fi\/kivanet\/kurssitarjonta\/syksy-2024\/saksa\/saksa-7\/","title":{"rendered":"Saksa 7"},"content":{"rendered":"<p>&nbsp;<\/p>\n<table style=\"border-collapse: collapse;width: 100%\" border=\"1\">\n<tbody>\n<tr style=\"height: 24px\">\n<td style=\"width: 10.6681%;height: 24px\"><strong>\u00a0J\u00e4rjest\u00e4v\u00e4 korkeakoulu<\/strong><\/td>\n<td style=\"width: 48.7817%;height: 24px\"><strong>\u00a0Tampereen yliopisto<\/strong><\/td>\n<\/tr>\n<tr style=\"height: 24px\">\n<td style=\"width: 10.6681%;height: 24px\"><strong>\u00a0Opetuskieli<\/strong><\/td>\n<td style=\"width: 48.7817%;height: 24px\"><strong>\u00a0Deutsch<\/strong><\/td>\n<\/tr>\n<tr style=\"height: 24px\">\n<td style=\"width: 10.6681%;height: 24px\"><strong>\u00a0Ajoitus<\/strong><\/td>\n<td style=\"width: 48.7817%;height: 24px\"><strong>\u00a020.10.-7.12.2025<\/strong><\/td>\n<\/tr>\n<tr style=\"height: 24px\">\n<td style=\"width: 10.6681%;height: 24px\"><strong>\u00a0Verkkotapaamisten aikataulu<\/strong><\/td>\n<td style=\"width: 48.7817%;height: 24px\">\n<p><strong>\u00a0dienstags 9.00-10.00<\/strong><\/p>\n<p><strong>\u00a0Die Online-Treffen sind verpflichtend.<\/strong><\/td>\n<\/tr>\n<tr>\n<td style=\"width: 10.6681%\"><strong>\u00a0Tentti Moodlessa<\/strong><strong><br \/>\n<\/strong><\/td>\n<td style=\"width: 48.7817%\"><strong><span class=\"NormalTextRun SCXW165132399 BCX8\" data-ccp-charstyle=\"normaltextrun\" data-ccp-charstyle-defn=\"{&quot;ObjectId&quot;:&quot;ac0262f4-8a9e-5820-b908-2d943c5f7113|1&quot;,&quot;ClassId&quot;:1073872969,&quot;Properties&quot;:[201342446,&quot;1&quot;,201342447,&quot;5&quot;,201342448,&quot;1&quot;,201342449,&quot;1&quot;,469777841,&quot;Calibri&quot;,469777842,&quot;&quot;,469777843,&quot;Calibri&quot;,469777844,&quot;Calibri&quot;,201341986,&quot;1&quot;,469769226,&quot;Calibri&quot;,268442635,&quot;22&quot;,469775450,&quot;normaltextrun&quot;,201340122,&quot;1&quot;,134233614,&quot;true&quot;,469778129,&quot;normaltextrun&quot;,335572020,&quot;1&quot;,469778324,&quot;Default Paragraph Font&quot;]}\">\u00a0Es gibt keine Pr\u00fcfung, sondern in jedem Modul gibt es eine Aufgabe, die eingereicht werden muss.<\/span><\/strong><\/td>\n<\/tr>\n<tr style=\"height: 24px\">\n<td style=\"width: 10.6681%;height: 24px\"><strong>\u00a0CEFR-taso<\/strong><\/td>\n<td style=\"width: 48.7817%;height: 24px\"><strong><span class=\"NormalTextRun SCXW165132399 BCX8\" data-ccp-charstyle=\"normaltextrun\" data-ccp-charstyle-defn=\"{&quot;ObjectId&quot;:&quot;ac0262f4-8a9e-5820-b908-2d943c5f7113|1&quot;,&quot;ClassId&quot;:1073872969,&quot;Properties&quot;:[201342446,&quot;1&quot;,201342447,&quot;5&quot;,201342448,&quot;1&quot;,201342449,&quot;1&quot;,469777841,&quot;Calibri&quot;,469777842,&quot;&quot;,469777843,&quot;Calibri&quot;,469777844,&quot;Calibri&quot;,201341986,&quot;1&quot;,469769226,&quot;Calibri&quot;,268442635,&quot;22&quot;,469775450,&quot;normaltextrun&quot;,201340122,&quot;1&quot;,134233614,&quot;true&quot;,469778129,&quot;normaltextrun&quot;,335572020,&quot;1&quot;,469778324,&quot;Default Paragraph Font&quot;]}\">\u00a0L\u00e4ht\u00f6taso B2<\/span><span class=\"NormalTextRun SCXW165132399 BCX8\" data-ccp-charstyle=\"normaltextrun\">.1<\/span><span class=\"NormalTextRun SCXW165132399 BCX8\" data-ccp-charstyle=\"normaltextrun\"> &gt; tavoitetaso B2.<\/span><span class=\"NormalTextRun SCXW165132399 BCX8\" data-ccp-charstyle=\"normaltextrun\">2<\/span>.<\/strong><\/td>\n<\/tr>\n<tr style=\"height: 24px\">\n<td style=\"width: 10.6681%;height: 24px\"><strong>\u00a0Opintopisteet<\/strong><\/td>\n<td style=\"width: 48.7817%;height: 24px\"><strong>\u00a02 HUOM! Opintopistem\u00e4\u00e4r\u00e4 korjattu!<\/strong><\/td>\n<\/tr>\n<tr style=\"height: 24px\">\n<td style=\"width: 10.6681%;height: 24px\"><strong>\u00a0Ennakkotiedot<\/strong><\/td>\n<td style=\"width: 48.7817%;height: 24px\"><strong>\u00a0Der Kurs setzt voraus, dass man die KiVANET-Kurse Deutsch 1-6 absolviert hat oder entsprechende Deutschkenntnisse (GER\u00a0 \u00a0B2.1) hat.<\/strong><\/td>\n<\/tr>\n<\/tbody>\n<\/table>\n<h2><strong>Kurssikuvaus &#8211; HUOM. KORJATTU!\u00a0<\/strong><\/h2>\n<p>Osaamistavoitteet:<\/p>\n<p>Opiskelija<\/p>\n<ul>\n<li>osaa toimia suullisissa ja kirjallisissa arki- ja opiskelutilanteissa saksankielisiss\u00e4 maissa<\/li>\n<li>osaa toimia kansainv\u00e4lisiss\u00e4 ty\u00f6tilanteissa, jotka vaativat monikielisyystaitoja.<\/li>\n<\/ul>\n<p>Asiasis\u00e4lt\u00f6:<\/p>\n<ul>\n<li>Opiskelu saksankielisiss\u00e4 maissa ja siihen liittyvi\u00e4 kulttuuripiirteit\u00e4<\/li>\n<li>Ty\u00f6el\u00e4m\u00e4n monikielisi\u00e4 viestint\u00e4tilanteita ja saksan kielen rooli niiss\u00e4<\/li>\n<\/ul>\n<p><strong>Oppimateriaali<\/strong><\/p>\n<p>Oppimateriaali on\u00a0digitaalisella oppimisalustalla.<\/p>\n<p><strong>Opetus- ja arviointimenetelm\u00e4t<\/strong><\/p>\n<p>Opetus ja harjoitusteht\u00e4v\u00e4t ovat digitaalisella alustalla.<\/p>\n<p>Opintojakson arviointi perustuu seuraaviin suorituksiin:<\/p>\n<ul>\n<li>videointeihin, \u00e4\u00e4nityksiin ja esitelmiin<\/li>\n<li>palautettaviin kirjallisiin teht\u00e4viin<\/li>\n<li>hyv\u00e4ksytysti suoritettuihin Moodle-harjoituksiin (l\u00e4p\u00e4isy min. 50%)<\/li>\n<\/ul>\n<p><strong>Arvosteluasteikko<\/strong>\u202f<strong>ja arviointikriteerit<\/strong><\/p>\n<p>Opintojaksosuoritus arvostellaan hyv\u00e4ksytty\/hyl\u00e4tty.<\/p>\n<p><strong>Ty\u00f6m\u00e4\u00e4r\u00e4 toteutustavoittain<\/strong><\/p>\n<ul>\n<li>itsen\u00e4inen opiskelu + teht\u00e4v\u00e4t\u202f 47 h<\/li>\n<li>yhteiset verkkotapaamiset\u00a0 7 h<\/li>\n<\/ul>\n<p>Yhteens\u00e4 54h. Yksi opintopiste vastaa 27h opiskelijan ty\u00f6t\u00e4 (2 x 27h = 54h).<\/p>\n<h2><strong><a href=\"https:\/\/link.webropol.com\/s\/kivanetsyksy25\" target=\"_blank\" rel=\"noopener\">Linkki ilmoittautumiseen<\/a> aukeaa 13.8.<\/strong><\/h2>\n","protected":false},"excerpt":{"rendered":"<p>&nbsp; \u00a0J\u00e4rjest\u00e4v\u00e4 korkeakoulu \u00a0Tampereen yliopisto \u00a0Opetuskieli \u00a0Deutsch \u00a0Ajoitus \u00a020.10.-7.12.2025 \u00a0Verkkotapaamisten aikataulu \u00a0dienstags 9.00-10.00 \u00a0Die Online-Treffen sind verpflichtend. \u00a0Tentti Moodlessa \u00a0Es gibt keine Pr\u00fcfung, sondern in jedem Modul gibt es eine Aufgabe, die eingereicht werden muss. \u00a0CEFR-taso \u00a0L\u00e4ht\u00f6taso B2.1 &gt; tavoitetaso B2.2. \u00a0Opintopisteet \u00a02 HUOM! Opintopistem\u00e4\u00e4r\u00e4 korjattu! \u00a0Ennakkotiedot \u00a0Der Kurs setzt voraus, dass man die KiVANET-Kurse [&hellip;]<\/p>\n","protected":false},"author":185,"featured_media":0,"parent":2266,"menu_order":0,"comment_status":"closed","ping_status":"closed","template":"","meta":{"_acf_changed":false,"footnotes":""},"class_list":["post-2858","page","type-page","status-publish","hentry"],"acf":[],"lang":"fi","translations":{"fi":2858},"pll_sync_post":[],"_links":{"self":[{"href":"https:\/\/sites.uwasa.fi\/kivanet\/wp-json\/wp\/v2\/pages\/2858"}],"collection":[{"href":"https:\/\/sites.uwasa.fi\/kivanet\/wp-json\/wp\/v2\/pages"}],"about":[{"href":"https:\/\/sites.uwasa.fi\/kivanet\/wp-json\/wp\/v2\/types\/page"}],"author":[{"embeddable":true,"href":"https:\/\/sites.uwasa.fi\/kivanet\/wp-json\/wp\/v2\/users\/185"}],"replies":[{"embeddable":true,"href":"https:\/\/sites.uwasa.fi\/kivanet\/wp-json\/wp\/v2\/comments?post=2858"}],"version-history":[{"count":12,"href":"https:\/\/sites.uwasa.fi\/kivanet\/wp-json\/wp\/v2\/pages\/2858\/revisions"}],"predecessor-version":[{"id":3514,"href":"https:\/\/sites.uwasa.fi\/kivanet\/wp-json\/wp\/v2\/pages\/2858\/revisions\/3514"}],"up":[{"embeddable":true,"href":"https:\/\/sites.uwasa.fi\/kivanet\/wp-json\/wp\/v2\/pages\/2266"}],"wp:attachment":[{"href":"https:\/\/sites.uwasa.fi\/kivanet\/wp-json\/wp\/v2\/media?parent=2858"}],"curies":[{"name":"wp","href":"https:\/\/api.w.org\/{rel}","templated":true}]}}