{"id":2732,"date":"2025-05-19T11:50:02","date_gmt":"2025-05-19T08:50:02","guid":{"rendered":"https:\/\/sites.uwasa.fi\/kivanet\/?page_id=2732"},"modified":"2025-05-20T15:45:02","modified_gmt":"2025-05-20T12:45:02","slug":"ryska","status":"publish","type":"page","link":"https:\/\/sites.uwasa.fi\/kivanet\/sv\/kurser\/hosten-2025\/ryska\/","title":{"rendered":"Ryska"},"content":{"rendered":"<h2>Du hittar mer information <a href=\"https:\/\/sites.uwasa.fi\/kivanet\/kurssitarjonta\/syksy-2024\/venaja\/\" target=\"_blank\" rel=\"noopener\">h\u00e4r<\/a>.<\/h2>\n<p>Undervisningsspr\u00e5ket i\u00a0<em>Ven\u00e4j\u00e4 1\u00a0<\/em>\u00e4r\u00a0<strong><em>finska.<\/em><\/strong><\/p>\n<p>Undervisningsspr\u00e5k i\u00a0<em>Ven\u00e4j\u00e4 3,<\/em> <em>Ven\u00e4j\u00e4 4<\/em> och <em>Ven\u00e4j\u00e4n kieliopin kertaus <\/em>\u00e4r <strong><em>finska, engelska och ryska.<\/em><\/strong><\/p>\n<p>Undervisningsspr\u00e5ket i\u00a0<em>Russian 1<\/em> \u00e4r <strong><em>engelska<\/em><\/strong>.<\/p>\n","protected":false},"excerpt":{"rendered":"<p>Du hittar mer information h\u00e4r. Undervisningsspr\u00e5ket i\u00a0Ven\u00e4j\u00e4 1\u00a0\u00e4r\u00a0finska. Undervisningsspr\u00e5k i\u00a0Ven\u00e4j\u00e4 3, Ven\u00e4j\u00e4 4 och Ven\u00e4j\u00e4n kieliopin kertaus \u00e4r finska, engelska och ryska. Undervisningsspr\u00e5ket i\u00a0Russian 1 \u00e4r engelska.<\/p>\n","protected":false},"author":185,"featured_media":0,"parent":2458,"menu_order":0,"comment_status":"closed","ping_status":"closed","template":"","meta":{"_acf_changed":false,"footnotes":""},"class_list":["post-2732","page","type-page","status-publish","hentry"],"acf":[],"lang":"sv","translations":{"sv":2732},"pll_sync_post":[],"_links":{"self":[{"href":"https:\/\/sites.uwasa.fi\/kivanet\/wp-json\/wp\/v2\/pages\/2732"}],"collection":[{"href":"https:\/\/sites.uwasa.fi\/kivanet\/wp-json\/wp\/v2\/pages"}],"about":[{"href":"https:\/\/sites.uwasa.fi\/kivanet\/wp-json\/wp\/v2\/types\/page"}],"author":[{"embeddable":true,"href":"https:\/\/sites.uwasa.fi\/kivanet\/wp-json\/wp\/v2\/users\/185"}],"replies":[{"embeddable":true,"href":"https:\/\/sites.uwasa.fi\/kivanet\/wp-json\/wp\/v2\/comments?post=2732"}],"version-history":[{"count":3,"href":"https:\/\/sites.uwasa.fi\/kivanet\/wp-json\/wp\/v2\/pages\/2732\/revisions"}],"predecessor-version":[{"id":3052,"href":"https:\/\/sites.uwasa.fi\/kivanet\/wp-json\/wp\/v2\/pages\/2732\/revisions\/3052"}],"up":[{"embeddable":true,"href":"https:\/\/sites.uwasa.fi\/kivanet\/wp-json\/wp\/v2\/pages\/2458"}],"wp:attachment":[{"href":"https:\/\/sites.uwasa.fi\/kivanet\/wp-json\/wp\/v2\/media?parent=2732"}],"curies":[{"name":"wp","href":"https:\/\/api.w.org\/{rel}","templated":true}]}}