{"id":2726,"date":"2025-05-19T11:47:42","date_gmt":"2025-05-19T08:47:42","guid":{"rendered":"https:\/\/sites.uwasa.fi\/kivanet\/?page_id=2726"},"modified":"2025-06-25T10:02:36","modified_gmt":"2025-06-25T07:02:36","slug":"finskt-teckensprak","status":"publish","type":"page","link":"https:\/\/sites.uwasa.fi\/kivanet\/sv\/kurser\/hosten-2025\/finskt-teckensprak\/","title":{"rendered":"Finskt teckenspr\u00e5k"},"content":{"rendered":"<h2>Kursen <em>Suomen<\/em> v<em>iittomakieli 1<\/em> ordnas i v\u00e5rterminen 2026. Undervisningsspr\u00e5ket \u00e4r\u00a0<em>finska<\/em>.<\/h2>\n","protected":false},"excerpt":{"rendered":"<p>Kursen Suomen viittomakieli 1 ordnas i v\u00e5rterminen 2026. Undervisningsspr\u00e5ket \u00e4r\u00a0finska.<\/p>\n","protected":false},"author":185,"featured_media":0,"parent":2458,"menu_order":0,"comment_status":"closed","ping_status":"closed","template":"","meta":{"_acf_changed":false,"footnotes":""},"class_list":["post-2726","page","type-page","status-publish","hentry"],"acf":[],"lang":"sv","translations":{"sv":2726},"pll_sync_post":[],"_links":{"self":[{"href":"https:\/\/sites.uwasa.fi\/kivanet\/wp-json\/wp\/v2\/pages\/2726"}],"collection":[{"href":"https:\/\/sites.uwasa.fi\/kivanet\/wp-json\/wp\/v2\/pages"}],"about":[{"href":"https:\/\/sites.uwasa.fi\/kivanet\/wp-json\/wp\/v2\/types\/page"}],"author":[{"embeddable":true,"href":"https:\/\/sites.uwasa.fi\/kivanet\/wp-json\/wp\/v2\/users\/185"}],"replies":[{"embeddable":true,"href":"https:\/\/sites.uwasa.fi\/kivanet\/wp-json\/wp\/v2\/comments?post=2726"}],"version-history":[{"count":3,"href":"https:\/\/sites.uwasa.fi\/kivanet\/wp-json\/wp\/v2\/pages\/2726\/revisions"}],"predecessor-version":[{"id":3454,"href":"https:\/\/sites.uwasa.fi\/kivanet\/wp-json\/wp\/v2\/pages\/2726\/revisions\/3454"}],"up":[{"embeddable":true,"href":"https:\/\/sites.uwasa.fi\/kivanet\/wp-json\/wp\/v2\/pages\/2458"}],"wp:attachment":[{"href":"https:\/\/sites.uwasa.fi\/kivanet\/wp-json\/wp\/v2\/media?parent=2726"}],"curies":[{"name":"wp","href":"https:\/\/api.w.org\/{rel}","templated":true}]}}