{"id":2720,"date":"2025-05-19T11:45:03","date_gmt":"2025-05-19T08:45:03","guid":{"rendered":"https:\/\/sites.uwasa.fi\/kivanet\/?page_id=2720"},"modified":"2025-05-20T15:26:10","modified_gmt":"2025-05-20T12:26:10","slug":"franska","status":"publish","type":"page","link":"https:\/\/sites.uwasa.fi\/kivanet\/sv\/kurser\/hosten-2025\/franska\/","title":{"rendered":"Franska"},"content":{"rendered":"<h2>Du hittar mer information <a href=\"https:\/\/sites.uwasa.fi\/kivanet\/kurssitarjonta\/syksy-2024\/ranska\/\" target=\"_blank\" rel=\"noopener\">h\u00e4r<\/a>.<\/h2>\n<p>Undervisningsspr\u00e5ket i <em>Ranska 1<\/em>, <em>Ranskan \u00e4\u00e4nt\u00e4miskurssi<\/em> och <em>KV- ja EU-oikeuden ranska\u00a0<\/em>\u00e4r <strong><em>finska<\/em><\/strong>.<\/p>\n<p>Undervisningsspr\u00e5ket i <em>French 1 <\/em>och <em>French pronunciation <\/em>\u00e4r <em><strong>engelska<\/strong><\/em>.<\/p>\n","protected":false},"excerpt":{"rendered":"<p>Du hittar mer information h\u00e4r. Undervisningsspr\u00e5ket i Ranska 1, Ranskan \u00e4\u00e4nt\u00e4miskurssi och KV- ja EU-oikeuden ranska\u00a0\u00e4r finska. Undervisningsspr\u00e5ket i French 1 och French pronunciation \u00e4r engelska.<\/p>\n","protected":false},"author":185,"featured_media":0,"parent":2458,"menu_order":0,"comment_status":"closed","ping_status":"closed","template":"","meta":{"_acf_changed":false,"footnotes":""},"class_list":["post-2720","page","type-page","status-publish","hentry"],"acf":[],"lang":"sv","translations":{"sv":2720},"pll_sync_post":[],"_links":{"self":[{"href":"https:\/\/sites.uwasa.fi\/kivanet\/wp-json\/wp\/v2\/pages\/2720"}],"collection":[{"href":"https:\/\/sites.uwasa.fi\/kivanet\/wp-json\/wp\/v2\/pages"}],"about":[{"href":"https:\/\/sites.uwasa.fi\/kivanet\/wp-json\/wp\/v2\/types\/page"}],"author":[{"embeddable":true,"href":"https:\/\/sites.uwasa.fi\/kivanet\/wp-json\/wp\/v2\/users\/185"}],"replies":[{"embeddable":true,"href":"https:\/\/sites.uwasa.fi\/kivanet\/wp-json\/wp\/v2\/comments?post=2720"}],"version-history":[{"count":3,"href":"https:\/\/sites.uwasa.fi\/kivanet\/wp-json\/wp\/v2\/pages\/2720\/revisions"}],"predecessor-version":[{"id":3044,"href":"https:\/\/sites.uwasa.fi\/kivanet\/wp-json\/wp\/v2\/pages\/2720\/revisions\/3044"}],"up":[{"embeddable":true,"href":"https:\/\/sites.uwasa.fi\/kivanet\/wp-json\/wp\/v2\/pages\/2458"}],"wp:attachment":[{"href":"https:\/\/sites.uwasa.fi\/kivanet\/wp-json\/wp\/v2\/media?parent=2720"}],"curies":[{"name":"wp","href":"https:\/\/api.w.org\/{rel}","templated":true}]}}