{"id":2714,"date":"2025-05-19T11:42:35","date_gmt":"2025-05-19T08:42:35","guid":{"rendered":"https:\/\/sites.uwasa.fi\/kivanet\/?page_id=2714"},"modified":"2025-05-20T15:34:58","modified_gmt":"2025-05-20T12:34:58","slug":"koreanska","status":"publish","type":"page","link":"https:\/\/sites.uwasa.fi\/kivanet\/sv\/kurser\/hosten-2025\/koreanska\/","title":{"rendered":"Koreanska"},"content":{"rendered":"<h2>Du hittar mer information <a href=\"https:\/\/sites.uwasa.fi\/kivanet\/kurssitarjonta\/syksy-2024\/korea\/\" target=\"_blank\" rel=\"noopener\">h\u00e4r<\/a>. Undervisningsspr\u00e5ket \u00e4r\u00a0<em>finska<\/em>.<\/h2>\n","protected":false},"excerpt":{"rendered":"<p>Du hittar mer information h\u00e4r. Undervisningsspr\u00e5ket \u00e4r\u00a0finska.<\/p>\n","protected":false},"author":185,"featured_media":0,"parent":2458,"menu_order":0,"comment_status":"closed","ping_status":"closed","template":"","meta":{"_acf_changed":false,"footnotes":""},"class_list":["post-2714","page","type-page","status-publish","hentry"],"acf":[],"lang":"sv","translations":{"sv":2714},"pll_sync_post":[],"_links":{"self":[{"href":"https:\/\/sites.uwasa.fi\/kivanet\/wp-json\/wp\/v2\/pages\/2714"}],"collection":[{"href":"https:\/\/sites.uwasa.fi\/kivanet\/wp-json\/wp\/v2\/pages"}],"about":[{"href":"https:\/\/sites.uwasa.fi\/kivanet\/wp-json\/wp\/v2\/types\/page"}],"author":[{"embeddable":true,"href":"https:\/\/sites.uwasa.fi\/kivanet\/wp-json\/wp\/v2\/users\/185"}],"replies":[{"embeddable":true,"href":"https:\/\/sites.uwasa.fi\/kivanet\/wp-json\/wp\/v2\/comments?post=2714"}],"version-history":[{"count":2,"href":"https:\/\/sites.uwasa.fi\/kivanet\/wp-json\/wp\/v2\/pages\/2714\/revisions"}],"predecessor-version":[{"id":3049,"href":"https:\/\/sites.uwasa.fi\/kivanet\/wp-json\/wp\/v2\/pages\/2714\/revisions\/3049"}],"up":[{"embeddable":true,"href":"https:\/\/sites.uwasa.fi\/kivanet\/wp-json\/wp\/v2\/pages\/2458"}],"wp:attachment":[{"href":"https:\/\/sites.uwasa.fi\/kivanet\/wp-json\/wp\/v2\/media?parent=2714"}],"curies":[{"name":"wp","href":"https:\/\/api.w.org\/{rel}","templated":true}]}}