{"id":2704,"date":"2025-05-19T11:37:20","date_gmt":"2025-05-19T08:37:20","guid":{"rendered":"https:\/\/sites.uwasa.fi\/kivanet\/?page_id=2704"},"modified":"2025-05-20T15:28:56","modified_gmt":"2025-05-20T12:28:56","slug":"italienska","status":"publish","type":"page","link":"https:\/\/sites.uwasa.fi\/kivanet\/sv\/kurser\/hosten-2025\/italienska\/","title":{"rendered":"Italienska"},"content":{"rendered":"<h2>Du hittar mer information <a href=\"https:\/\/sites.uwasa.fi\/kivanet\/kurssitarjonta\/syksy-2024\/italia\/\" target=\"_blank\" rel=\"noopener\">h\u00e4r<\/a>. Undervisningsspr\u00e5ket \u00e4r <em>finska.<\/em><\/h2>\n","protected":false},"excerpt":{"rendered":"<p>Du hittar mer information h\u00e4r. Undervisningsspr\u00e5ket \u00e4r finska.<\/p>\n","protected":false},"author":185,"featured_media":0,"parent":2458,"menu_order":0,"comment_status":"closed","ping_status":"closed","template":"","meta":{"_acf_changed":false,"footnotes":""},"class_list":["post-2704","page","type-page","status-publish","hentry"],"acf":[],"lang":"sv","translations":{"sv":2704},"pll_sync_post":[],"_links":{"self":[{"href":"https:\/\/sites.uwasa.fi\/kivanet\/wp-json\/wp\/v2\/pages\/2704"}],"collection":[{"href":"https:\/\/sites.uwasa.fi\/kivanet\/wp-json\/wp\/v2\/pages"}],"about":[{"href":"https:\/\/sites.uwasa.fi\/kivanet\/wp-json\/wp\/v2\/types\/page"}],"author":[{"embeddable":true,"href":"https:\/\/sites.uwasa.fi\/kivanet\/wp-json\/wp\/v2\/users\/185"}],"replies":[{"embeddable":true,"href":"https:\/\/sites.uwasa.fi\/kivanet\/wp-json\/wp\/v2\/comments?post=2704"}],"version-history":[{"count":2,"href":"https:\/\/sites.uwasa.fi\/kivanet\/wp-json\/wp\/v2\/pages\/2704\/revisions"}],"predecessor-version":[{"id":3046,"href":"https:\/\/sites.uwasa.fi\/kivanet\/wp-json\/wp\/v2\/pages\/2704\/revisions\/3046"}],"up":[{"embeddable":true,"href":"https:\/\/sites.uwasa.fi\/kivanet\/wp-json\/wp\/v2\/pages\/2458"}],"wp:attachment":[{"href":"https:\/\/sites.uwasa.fi\/kivanet\/wp-json\/wp\/v2\/media?parent=2704"}],"curies":[{"name":"wp","href":"https:\/\/api.w.org\/{rel}","templated":true}]}}