{"id":2701,"date":"2025-05-19T11:35:50","date_gmt":"2025-05-19T08:35:50","guid":{"rendered":"https:\/\/sites.uwasa.fi\/kivanet\/?page_id=2701"},"modified":"2025-06-18T09:06:29","modified_gmt":"2025-06-18T06:06:29","slug":"finlandsvenskt-teckensprak","status":"publish","type":"page","link":"https:\/\/sites.uwasa.fi\/kivanet\/sv\/kurser\/hosten-2025\/finlandsvenskt-teckensprak\/","title":{"rendered":"Finlandsvenskt teckenspr\u00e5k"},"content":{"rendered":"<h2>Kursen ordnas p\u00e5 v\u00e5rterminen 2026.<\/h2>\n","protected":false},"excerpt":{"rendered":"<p>Kursen ordnas p\u00e5 v\u00e5rterminen 2026.<\/p>\n","protected":false},"author":185,"featured_media":0,"parent":2458,"menu_order":0,"comment_status":"closed","ping_status":"closed","template":"","meta":{"_acf_changed":false,"footnotes":""},"class_list":["post-2701","page","type-page","status-publish","hentry"],"acf":[],"lang":"sv","translations":{"sv":2701},"pll_sync_post":[],"_links":{"self":[{"href":"https:\/\/sites.uwasa.fi\/kivanet\/wp-json\/wp\/v2\/pages\/2701"}],"collection":[{"href":"https:\/\/sites.uwasa.fi\/kivanet\/wp-json\/wp\/v2\/pages"}],"about":[{"href":"https:\/\/sites.uwasa.fi\/kivanet\/wp-json\/wp\/v2\/types\/page"}],"author":[{"embeddable":true,"href":"https:\/\/sites.uwasa.fi\/kivanet\/wp-json\/wp\/v2\/users\/185"}],"replies":[{"embeddable":true,"href":"https:\/\/sites.uwasa.fi\/kivanet\/wp-json\/wp\/v2\/comments?post=2701"}],"version-history":[{"count":4,"href":"https:\/\/sites.uwasa.fi\/kivanet\/wp-json\/wp\/v2\/pages\/2701\/revisions"}],"predecessor-version":[{"id":3413,"href":"https:\/\/sites.uwasa.fi\/kivanet\/wp-json\/wp\/v2\/pages\/2701\/revisions\/3413"}],"up":[{"embeddable":true,"href":"https:\/\/sites.uwasa.fi\/kivanet\/wp-json\/wp\/v2\/pages\/2458"}],"wp:attachment":[{"href":"https:\/\/sites.uwasa.fi\/kivanet\/wp-json\/wp\/v2\/media?parent=2701"}],"curies":[{"name":"wp","href":"https:\/\/api.w.org\/{rel}","templated":true}]}}