{"id":2698,"date":"2025-05-19T11:33:41","date_gmt":"2025-05-19T08:33:41","guid":{"rendered":"https:\/\/sites.uwasa.fi\/kivanet\/?page_id=2698"},"modified":"2025-06-05T16:12:04","modified_gmt":"2025-06-05T13:12:04","slug":"spanska","status":"publish","type":"page","link":"https:\/\/sites.uwasa.fi\/kivanet\/sv\/kurser\/hosten-2025\/spanska\/","title":{"rendered":"Spanska"},"content":{"rendered":"<h2>Du hittar mer information <a href=\"https:\/\/sites.uwasa.fi\/kivanet\/kurssitarjonta\/syksy-2024\/espanja\/\" target=\"_blank\" rel=\"noopener\">h\u00e4r<\/a>. Undervisningsspr\u00e5ket \u00e4t\u00a0<em>finska<\/em>.<\/h2>\n<h2><a href=\"https:\/\/sites.uwasa.fi\/kivanet\/kurssitarjonta\/syksy-2024\/espanja\/espanja-4\/\" target=\"_blank\" rel=\"noopener\">Spanska 4<\/a> &#8211; undervisningsspr\u00e5ket \u00e4r <strong>spanska<\/strong>.<\/h2>\n","protected":false},"excerpt":{"rendered":"<p>Du hittar mer information h\u00e4r. Undervisningsspr\u00e5ket \u00e4t\u00a0finska. Spanska 4 &#8211; undervisningsspr\u00e5ket \u00e4r spanska.<\/p>\n","protected":false},"author":185,"featured_media":0,"parent":2458,"menu_order":0,"comment_status":"closed","ping_status":"closed","template":"","meta":{"_acf_changed":false,"footnotes":""},"class_list":["post-2698","page","type-page","status-publish","hentry"],"acf":[],"lang":"sv","translations":{"sv":2698},"pll_sync_post":[],"_links":{"self":[{"href":"https:\/\/sites.uwasa.fi\/kivanet\/wp-json\/wp\/v2\/pages\/2698"}],"collection":[{"href":"https:\/\/sites.uwasa.fi\/kivanet\/wp-json\/wp\/v2\/pages"}],"about":[{"href":"https:\/\/sites.uwasa.fi\/kivanet\/wp-json\/wp\/v2\/types\/page"}],"author":[{"embeddable":true,"href":"https:\/\/sites.uwasa.fi\/kivanet\/wp-json\/wp\/v2\/users\/185"}],"replies":[{"embeddable":true,"href":"https:\/\/sites.uwasa.fi\/kivanet\/wp-json\/wp\/v2\/comments?post=2698"}],"version-history":[{"count":3,"href":"https:\/\/sites.uwasa.fi\/kivanet\/wp-json\/wp\/v2\/pages\/2698\/revisions"}],"predecessor-version":[{"id":3407,"href":"https:\/\/sites.uwasa.fi\/kivanet\/wp-json\/wp\/v2\/pages\/2698\/revisions\/3407"}],"up":[{"embeddable":true,"href":"https:\/\/sites.uwasa.fi\/kivanet\/wp-json\/wp\/v2\/pages\/2458"}],"wp:attachment":[{"href":"https:\/\/sites.uwasa.fi\/kivanet\/wp-json\/wp\/v2\/media?parent=2698"}],"curies":[{"name":"wp","href":"https:\/\/api.w.org\/{rel}","templated":true}]}}