{"id":2694,"date":"2025-05-19T11:32:16","date_gmt":"2025-05-19T08:32:16","guid":{"rendered":"https:\/\/sites.uwasa.fi\/kivanet\/?page_id=2694"},"modified":"2025-05-20T15:13:48","modified_gmt":"2025-05-20T12:13:48","slug":"arabiska","status":"publish","type":"page","link":"https:\/\/sites.uwasa.fi\/kivanet\/sv\/kurser\/hosten-2025\/arabiska\/","title":{"rendered":"Arabiska"},"content":{"rendered":"<h2>Du hittar mera information <a href=\"https:\/\/sites.uwasa.fi\/kivanet\/en\/autumn-2024\/arabic\/\" target=\"_blank\" rel=\"noopener\">h\u00e4r<\/a>. Undervisningsspr\u00e5ket \u00e4r <em>engelska<\/em>.<\/h2>\n","protected":false},"excerpt":{"rendered":"<p>Du hittar mera information h\u00e4r. Undervisningsspr\u00e5ket \u00e4r engelska.<\/p>\n","protected":false},"author":185,"featured_media":0,"parent":2458,"menu_order":0,"comment_status":"closed","ping_status":"closed","template":"","meta":{"_acf_changed":false,"footnotes":""},"class_list":["post-2694","page","type-page","status-publish","hentry"],"acf":[],"lang":"sv","translations":{"sv":2694},"pll_sync_post":[],"_links":{"self":[{"href":"https:\/\/sites.uwasa.fi\/kivanet\/wp-json\/wp\/v2\/pages\/2694"}],"collection":[{"href":"https:\/\/sites.uwasa.fi\/kivanet\/wp-json\/wp\/v2\/pages"}],"about":[{"href":"https:\/\/sites.uwasa.fi\/kivanet\/wp-json\/wp\/v2\/types\/page"}],"author":[{"embeddable":true,"href":"https:\/\/sites.uwasa.fi\/kivanet\/wp-json\/wp\/v2\/users\/185"}],"replies":[{"embeddable":true,"href":"https:\/\/sites.uwasa.fi\/kivanet\/wp-json\/wp\/v2\/comments?post=2694"}],"version-history":[{"count":2,"href":"https:\/\/sites.uwasa.fi\/kivanet\/wp-json\/wp\/v2\/pages\/2694\/revisions"}],"predecessor-version":[{"id":3039,"href":"https:\/\/sites.uwasa.fi\/kivanet\/wp-json\/wp\/v2\/pages\/2694\/revisions\/3039"}],"up":[{"embeddable":true,"href":"https:\/\/sites.uwasa.fi\/kivanet\/wp-json\/wp\/v2\/pages\/2458"}],"wp:attachment":[{"href":"https:\/\/sites.uwasa.fi\/kivanet\/wp-json\/wp\/v2\/media?parent=2694"}],"curies":[{"name":"wp","href":"https:\/\/api.w.org\/{rel}","templated":true}]}}