{"id":2662,"date":"2025-05-12T17:34:02","date_gmt":"2025-05-12T14:34:02","guid":{"rendered":"https:\/\/sites.uwasa.fi\/kivanet\/?page_id=2662"},"modified":"2025-06-18T09:04:13","modified_gmt":"2025-06-18T06:04:13","slug":"svenskt-teckensprak","status":"publish","type":"page","link":"https:\/\/sites.uwasa.fi\/kivanet\/kurssitarjonta\/syksy-2024\/svenskt-teckensprak\/","title":{"rendered":"Finlandsvenskt teckenspr\u00e5k"},"content":{"rendered":"<h2>Kurssi j\u00e4rjestet\u00e4\u00e4n kev\u00e4tlukukaudella 2026.<\/h2>\n<h2>L\u00f6yd\u00e4t kurssin tiedot <a href=\"https:\/\/sites.uwasa.fi\/kivanet\/sv\/kurser\/hosten-2025\/finlandsvenskt-teckensprak\/\" target=\"_blank\" rel=\"noopener\">t\u00e4\u00e4lt\u00e4<\/a>. Kurssin opetuskieli on <em>ruotsi<\/em>.<\/h2>\n","protected":false},"excerpt":{"rendered":"<p>Kurssi j\u00e4rjestet\u00e4\u00e4n kev\u00e4tlukukaudella 2026. L\u00f6yd\u00e4t kurssin tiedot t\u00e4\u00e4lt\u00e4. Kurssin opetuskieli on ruotsi.<\/p>\n","protected":false},"author":185,"featured_media":0,"parent":129,"menu_order":0,"comment_status":"closed","ping_status":"closed","template":"","meta":{"_acf_changed":false,"footnotes":""},"class_list":["post-2662","page","type-page","status-publish","hentry"],"acf":[],"lang":"fi","translations":{"fi":2662},"pll_sync_post":[],"_links":{"self":[{"href":"https:\/\/sites.uwasa.fi\/kivanet\/wp-json\/wp\/v2\/pages\/2662"}],"collection":[{"href":"https:\/\/sites.uwasa.fi\/kivanet\/wp-json\/wp\/v2\/pages"}],"about":[{"href":"https:\/\/sites.uwasa.fi\/kivanet\/wp-json\/wp\/v2\/types\/page"}],"author":[{"embeddable":true,"href":"https:\/\/sites.uwasa.fi\/kivanet\/wp-json\/wp\/v2\/users\/185"}],"replies":[{"embeddable":true,"href":"https:\/\/sites.uwasa.fi\/kivanet\/wp-json\/wp\/v2\/comments?post=2662"}],"version-history":[{"count":5,"href":"https:\/\/sites.uwasa.fi\/kivanet\/wp-json\/wp\/v2\/pages\/2662\/revisions"}],"predecessor-version":[{"id":3411,"href":"https:\/\/sites.uwasa.fi\/kivanet\/wp-json\/wp\/v2\/pages\/2662\/revisions\/3411"}],"up":[{"embeddable":true,"href":"https:\/\/sites.uwasa.fi\/kivanet\/wp-json\/wp\/v2\/pages\/129"}],"wp:attachment":[{"href":"https:\/\/sites.uwasa.fi\/kivanet\/wp-json\/wp\/v2\/media?parent=2662"}],"curies":[{"name":"wp","href":"https:\/\/api.w.org\/{rel}","templated":true}]}}