{"id":2654,"date":"2025-05-12T17:29:01","date_gmt":"2025-05-12T14:29:01","guid":{"rendered":"https:\/\/sites.uwasa.fi\/kivanet\/?page_id=2654"},"modified":"2025-05-20T11:17:49","modified_gmt":"2025-05-20T08:17:49","slug":"russian-1","status":"publish","type":"page","link":"https:\/\/sites.uwasa.fi\/kivanet\/kurssitarjonta\/syksy-2024\/venaja\/russian-1\/","title":{"rendered":"Russian 1"},"content":{"rendered":"<h2>L\u00f6yd\u00e4t lis\u00e4tietoa kurssista <a href=\"https:\/\/sites.uwasa.fi\/kivanet\/en\/autumn-2024\/russian\/russian-1\/\" target=\"_blank\" rel=\"noopener\">t\u00e4\u00e4lt\u00e4<\/a>. Kurssin opetuskieli on <em>englanti<\/em>.<\/h2>\n","protected":false},"excerpt":{"rendered":"<p>L\u00f6yd\u00e4t lis\u00e4tietoa kurssista t\u00e4\u00e4lt\u00e4. Kurssin opetuskieli on englanti.<\/p>\n","protected":false},"author":185,"featured_media":0,"parent":174,"menu_order":0,"comment_status":"closed","ping_status":"closed","template":"","meta":{"_acf_changed":false,"footnotes":""},"class_list":["post-2654","page","type-page","status-publish","hentry"],"acf":[],"lang":"fi","translations":{"fi":2654},"pll_sync_post":[],"_links":{"self":[{"href":"https:\/\/sites.uwasa.fi\/kivanet\/wp-json\/wp\/v2\/pages\/2654"}],"collection":[{"href":"https:\/\/sites.uwasa.fi\/kivanet\/wp-json\/wp\/v2\/pages"}],"about":[{"href":"https:\/\/sites.uwasa.fi\/kivanet\/wp-json\/wp\/v2\/types\/page"}],"author":[{"embeddable":true,"href":"https:\/\/sites.uwasa.fi\/kivanet\/wp-json\/wp\/v2\/users\/185"}],"replies":[{"embeddable":true,"href":"https:\/\/sites.uwasa.fi\/kivanet\/wp-json\/wp\/v2\/comments?post=2654"}],"version-history":[{"count":2,"href":"https:\/\/sites.uwasa.fi\/kivanet\/wp-json\/wp\/v2\/pages\/2654\/revisions"}],"predecessor-version":[{"id":2976,"href":"https:\/\/sites.uwasa.fi\/kivanet\/wp-json\/wp\/v2\/pages\/2654\/revisions\/2976"}],"up":[{"embeddable":true,"href":"https:\/\/sites.uwasa.fi\/kivanet\/wp-json\/wp\/v2\/pages\/174"}],"wp:attachment":[{"href":"https:\/\/sites.uwasa.fi\/kivanet\/wp-json\/wp\/v2\/media?parent=2654"}],"curies":[{"name":"wp","href":"https:\/\/api.w.org\/{rel}","templated":true}]}}