{"id":2644,"date":"2025-05-12T17:21:05","date_gmt":"2025-05-12T14:21:05","guid":{"rendered":"https:\/\/sites.uwasa.fi\/kivanet\/?page_id=2644"},"modified":"2025-05-19T14:04:39","modified_gmt":"2025-05-19T11:04:39","slug":"french-pronunciation","status":"publish","type":"page","link":"https:\/\/sites.uwasa.fi\/kivanet\/kurssitarjonta\/syksy-2024\/ranska\/french-pronunciation\/","title":{"rendered":"French pronunciation"},"content":{"rendered":"<h2>L\u00f6yd\u00e4t kurssin tiedot <a href=\"https:\/\/sites.uwasa.fi\/kivanet\/en\/autumn-2024\/french\/french-pronunciation\/\" target=\"_blank\" rel=\"noopener\">t\u00e4\u00e4lt\u00e4<\/a>. Kurssin opetuskieli on\u00a0<em>englanti<\/em>.<\/h2>\n<p>&nbsp;<\/p>\n","protected":false},"excerpt":{"rendered":"<p>L\u00f6yd\u00e4t kurssin tiedot t\u00e4\u00e4lt\u00e4. Kurssin opetuskieli on\u00a0englanti. &nbsp;<\/p>\n","protected":false},"author":185,"featured_media":0,"parent":168,"menu_order":0,"comment_status":"closed","ping_status":"closed","template":"","meta":{"_acf_changed":false,"footnotes":""},"class_list":["post-2644","page","type-page","status-publish","hentry"],"acf":[],"lang":"fi","translations":{"fi":2644},"pll_sync_post":[],"_links":{"self":[{"href":"https:\/\/sites.uwasa.fi\/kivanet\/wp-json\/wp\/v2\/pages\/2644"}],"collection":[{"href":"https:\/\/sites.uwasa.fi\/kivanet\/wp-json\/wp\/v2\/pages"}],"about":[{"href":"https:\/\/sites.uwasa.fi\/kivanet\/wp-json\/wp\/v2\/types\/page"}],"author":[{"embeddable":true,"href":"https:\/\/sites.uwasa.fi\/kivanet\/wp-json\/wp\/v2\/users\/185"}],"replies":[{"embeddable":true,"href":"https:\/\/sites.uwasa.fi\/kivanet\/wp-json\/wp\/v2\/comments?post=2644"}],"version-history":[{"count":4,"href":"https:\/\/sites.uwasa.fi\/kivanet\/wp-json\/wp\/v2\/pages\/2644\/revisions"}],"predecessor-version":[{"id":2829,"href":"https:\/\/sites.uwasa.fi\/kivanet\/wp-json\/wp\/v2\/pages\/2644\/revisions\/2829"}],"up":[{"embeddable":true,"href":"https:\/\/sites.uwasa.fi\/kivanet\/wp-json\/wp\/v2\/pages\/168"}],"wp:attachment":[{"href":"https:\/\/sites.uwasa.fi\/kivanet\/wp-json\/wp\/v2\/media?parent=2644"}],"curies":[{"name":"wp","href":"https:\/\/api.w.org\/{rel}","templated":true}]}}