{"id":2540,"date":"2025-02-26T12:39:54","date_gmt":"2025-02-26T10:39:54","guid":{"rendered":"https:\/\/sites.uwasa.fi\/kivanet\/?page_id=2540"},"modified":"2026-01-14T13:25:31","modified_gmt":"2026-01-14T11:25:31","slug":"ranska","status":"publish","type":"page","link":"https:\/\/sites.uwasa.fi\/kivanet\/kurssitarjonta\/kesa-2026\/ranska\/","title":{"rendered":"Ranska"},"content":{"rendered":"<p>L\u00f6yd\u00e4t kurssin tarkemmat tiedot <a href=\"https:\/\/sites.uwasa.fi\/kivanet\/en\/summer-2026\/french\/\" target=\"_blank\" rel=\"noopener\">t\u00e4\u00e4lt\u00e4<\/a>. Opetuskieli on englanti.<\/p>\n<h2>Ilmoittautuminen kes\u00e4n 2026 kursseille 2.3.2026 \u2013 12.4.2026<\/h2>\n","protected":false},"excerpt":{"rendered":"<p>L\u00f6yd\u00e4t kurssin tarkemmat tiedot t\u00e4\u00e4lt\u00e4. Opetuskieli on englanti. Ilmoittautuminen kes\u00e4n 2026 kursseille 2.3.2026 \u2013 12.4.2026<\/p>\n","protected":false},"author":185,"featured_media":0,"parent":150,"menu_order":0,"comment_status":"closed","ping_status":"closed","template":"","meta":{"_acf_changed":false,"footnotes":""},"class_list":["post-2540","page","type-page","status-publish","hentry"],"acf":[],"lang":"fi","translations":{"fi":2540},"pll_sync_post":[],"_links":{"self":[{"href":"https:\/\/sites.uwasa.fi\/kivanet\/wp-json\/wp\/v2\/pages\/2540"}],"collection":[{"href":"https:\/\/sites.uwasa.fi\/kivanet\/wp-json\/wp\/v2\/pages"}],"about":[{"href":"https:\/\/sites.uwasa.fi\/kivanet\/wp-json\/wp\/v2\/types\/page"}],"author":[{"embeddable":true,"href":"https:\/\/sites.uwasa.fi\/kivanet\/wp-json\/wp\/v2\/users\/185"}],"replies":[{"embeddable":true,"href":"https:\/\/sites.uwasa.fi\/kivanet\/wp-json\/wp\/v2\/comments?post=2540"}],"version-history":[{"count":5,"href":"https:\/\/sites.uwasa.fi\/kivanet\/wp-json\/wp\/v2\/pages\/2540\/revisions"}],"predecessor-version":[{"id":3849,"href":"https:\/\/sites.uwasa.fi\/kivanet\/wp-json\/wp\/v2\/pages\/2540\/revisions\/3849"}],"up":[{"embeddable":true,"href":"https:\/\/sites.uwasa.fi\/kivanet\/wp-json\/wp\/v2\/pages\/150"}],"wp:attachment":[{"href":"https:\/\/sites.uwasa.fi\/kivanet\/wp-json\/wp\/v2\/media?parent=2540"}],"curies":[{"name":"wp","href":"https:\/\/api.w.org\/{rel}","templated":true}]}}