{"id":2501,"date":"2025-02-14T11:09:24","date_gmt":"2025-02-14T09:09:24","guid":{"rendered":"https:\/\/sites.uwasa.fi\/kivanet\/?page_id=2501"},"modified":"2026-01-14T13:43:41","modified_gmt":"2026-01-14T11:43:41","slug":"spanska","status":"publish","type":"page","link":"https:\/\/sites.uwasa.fi\/kivanet\/sv\/kurser\/sommaren-2026\/spanska\/","title":{"rendered":"Spanska"},"content":{"rendered":"<p>Du hittar mer information <a href=\"https:\/\/sites.uwasa.fi\/kivanet\/kurssitarjonta\/kesa-2026\/espanja\/\" target=\"_blank\" rel=\"noopener\">h\u00e4r<\/a>. Undervisningsspr\u00e5ket \u00e4r finska.<\/p>\n<p>&nbsp;<\/p>\n<h2><strong>Anm\u00e4lan till grupper under sommaren 2026 \u00e4ger rum 2.3-12.4.2026.<\/strong><\/h2>\n","protected":false},"excerpt":{"rendered":"<p>Du hittar mer information h\u00e4r. Undervisningsspr\u00e5ket \u00e4r finska. &nbsp; Anm\u00e4lan till grupper under sommaren 2026 \u00e4ger rum 2.3-12.4.2026.<\/p>\n","protected":false},"author":185,"featured_media":0,"parent":2465,"menu_order":0,"comment_status":"closed","ping_status":"closed","template":"","meta":{"_acf_changed":false,"footnotes":""},"class_list":["post-2501","page","type-page","status-publish","hentry"],"acf":[],"lang":"sv","translations":{"sv":2501},"pll_sync_post":[],"_links":{"self":[{"href":"https:\/\/sites.uwasa.fi\/kivanet\/wp-json\/wp\/v2\/pages\/2501"}],"collection":[{"href":"https:\/\/sites.uwasa.fi\/kivanet\/wp-json\/wp\/v2\/pages"}],"about":[{"href":"https:\/\/sites.uwasa.fi\/kivanet\/wp-json\/wp\/v2\/types\/page"}],"author":[{"embeddable":true,"href":"https:\/\/sites.uwasa.fi\/kivanet\/wp-json\/wp\/v2\/users\/185"}],"replies":[{"embeddable":true,"href":"https:\/\/sites.uwasa.fi\/kivanet\/wp-json\/wp\/v2\/comments?post=2501"}],"version-history":[{"count":6,"href":"https:\/\/sites.uwasa.fi\/kivanet\/wp-json\/wp\/v2\/pages\/2501\/revisions"}],"predecessor-version":[{"id":3863,"href":"https:\/\/sites.uwasa.fi\/kivanet\/wp-json\/wp\/v2\/pages\/2501\/revisions\/3863"}],"up":[{"embeddable":true,"href":"https:\/\/sites.uwasa.fi\/kivanet\/wp-json\/wp\/v2\/pages\/2465"}],"wp:attachment":[{"href":"https:\/\/sites.uwasa.fi\/kivanet\/wp-json\/wp\/v2\/media?parent=2501"}],"curies":[{"name":"wp","href":"https:\/\/api.w.org\/{rel}","templated":true}]}}