{"id":2487,"date":"2025-02-13T17:16:27","date_gmt":"2025-02-13T15:16:27","guid":{"rendered":"https:\/\/sites.uwasa.fi\/kivanet\/?page_id=2487"},"modified":"2025-02-24T08:28:00","modified_gmt":"2025-02-24T06:28:00","slug":"tipps-for-att-lara-dig-sprak","status":"publish","type":"page","link":"https:\/\/sites.uwasa.fi\/kivanet\/sv\/till-studenten\/tipps-for-att-lara-dig-sprak\/","title":{"rendered":"Tips f\u00f6r att l\u00e4ra dig spr\u00e5k"},"content":{"rendered":"<p>F\u00f6r att lyckas med kurser som erbjuds online beh\u00f6ver du en dator med internetuppkoppling, en webbkamera och en mikrofon, eftersom dina studier ofta kommer att inneh\u00e5lla onlinepass och inspelade uppgifter. Du m\u00e5ste beh\u00e4rska grunderna i hur man anv\u00e4nder en dator. Kursen kan ocks\u00e5 ges p\u00e5 en l\u00e4rplattform som du inte \u00e4r bekant med. Det \u00e4r d\u00e4rf\u00f6r viktigt att ta sig tid att bekanta sig med inl\u00e4rningsmilj\u00f6n online.<\/p>\n<h4>Tips f\u00f6r studier online<\/h4>\n<p>Studera regelbundet: hellre en halvtimme om dagen \u00e4n hela natten varannan vecka.<\/p>\n<p>F\u00f6rs\u00f6k att exponera dig s\u00e5 mycket som m\u00f6jligt f\u00f6r det spr\u00e5k du l\u00e4r dig, \u00e4ven om du \u00e4nnu inte f\u00f6rst\u00e5r s\u00e5 mycket: tv, internet, radio, musik, tidningar&#8230; Ta del av radio- eller videoklipp p\u00e5 n\u00e4tet eller anv\u00e4nd appar som testar ordf\u00f6rr\u00e5det p\u00e5 v\u00e4g till jobbet eller skolan.<\/p>\n<p>N\u00e4r du har koll p\u00e5 grunderna i spr\u00e5ket \u00e4r tv och filmer p\u00e5 det spr\u00e5k du studerar ett bra extra st\u00f6d. Undertexter p\u00e5 undervisningsspr\u00e5ket hj\u00e4lper dig att f\u00f6rst\u00e5 spr\u00e5ket.<\/p>\n<p>Forts\u00e4tt att exponera dig f\u00f6r det spr\u00e5k du l\u00e4r dig. Ta vara p\u00e5 tillf\u00e4llen att anv\u00e4nda spr\u00e5ket n\u00e4r du reser till ett st\u00e4lle d\u00e4r spr\u00e5ket talas, tr\u00e4ffar personer som talar spr\u00e5ket p\u00e5 andra st\u00e4llen osv.<\/p>\n<p>Spr\u00e5kkunskaper utvecklas gradvis och allt fungerar inte i alla situationer. M\u00e4nniskor \u00f6verallt i v\u00e4rlden uppskattar din vilja att anv\u00e4nda deras spr\u00e5k: man f\u00f6rst\u00e5r mycket v\u00e4l det du s\u00e4ger \u00e4ven om det inte \u00e4r perfekt. Bara n\u00e5gra ord p\u00e5 m\u00e5lspr\u00e5ket inneb\u00e4r stora kulturella steg i riktning mot den du talar med.<\/p>\n<h4>Allm\u00e4nna tips f\u00f6r studier online<\/h4>\n<p>P\u00e5 ledda kurser finns det en tydlig plan f\u00f6r kursens uppl\u00e4gg och schema. Avvik inte fr\u00e5n planen.<\/p>\n<p>Se till att du k\u00e4nner till och kommer ih\u00e5g viktiga kursdatum (t.ex. inl\u00e4mningsdatum f\u00f6r uppgifter, tentamensdatum, schemalagda onlinepass).<\/p>\n<p>Reflektera \u00f6ver din egen inl\u00e4rning: var och n\u00e4r \u00e4r inl\u00e4rningen som mest effektiv? Planera din inl\u00e4rning i f\u00f6rv\u00e4g i f\u00f6rh\u00e5llande till kursens planerade progression. Om du blir sjuk eller av n\u00e5got annat tungt v\u00e4gande sk\u00e4l hamnar efter i schemat ska du ta igen det s\u00e5 snart som m\u00f6jligt.<\/p>\n<p>Studier, b\u00e5de online och offline, kr\u00e4ver arbetsro: st\u00e4ng av e-post och sociala medier, s\u00e4tt telefonen p\u00e5 ljudl\u00f6st och utom synh\u00e5ll, st\u00e4ng av musik och tv osv. Inl\u00e4rning och multitasking \u00e4r en d\u00e5lig kombination.<\/p>\n<p>Dela upp dina sj\u00e4lvstudier online i bitar som passar dig. Det \u00e4r skillnad i intensitet mellan att repetera det du har l\u00e4rt dig och att l\u00e4ra dig n\u00e5got nytt. Det f\u00f6rra orkar man g\u00f6ra l\u00e4ngre \u00e4n det senare. Det \u00e4r bra att ha det i \u00e5tanke n\u00e4r du planerar ditt eget arbete.<\/p>\n<p>&nbsp;<\/p>\n<p>&nbsp;<\/p>\n","protected":false},"excerpt":{"rendered":"<p>F\u00f6r att lyckas med kurser som erbjuds online beh\u00f6ver du en dator med internetuppkoppling, en webbkamera och en mikrofon, eftersom dina studier ofta kommer att inneh\u00e5lla onlinepass och inspelade uppgifter. Du m\u00e5ste beh\u00e4rska grunderna i hur man anv\u00e4nder en dator. Kursen kan ocks\u00e5 ges p\u00e5 en l\u00e4rplattform som du inte \u00e4r bekant med. Det \u00e4r [&hellip;]<\/p>\n","protected":false},"author":185,"featured_media":0,"parent":2374,"menu_order":0,"comment_status":"closed","ping_status":"closed","template":"","meta":{"_acf_changed":false,"footnotes":""},"class_list":["post-2487","page","type-page","status-publish","hentry"],"acf":[],"lang":"sv","translations":{"sv":2487},"pll_sync_post":[],"_links":{"self":[{"href":"https:\/\/sites.uwasa.fi\/kivanet\/wp-json\/wp\/v2\/pages\/2487"}],"collection":[{"href":"https:\/\/sites.uwasa.fi\/kivanet\/wp-json\/wp\/v2\/pages"}],"about":[{"href":"https:\/\/sites.uwasa.fi\/kivanet\/wp-json\/wp\/v2\/types\/page"}],"author":[{"embeddable":true,"href":"https:\/\/sites.uwasa.fi\/kivanet\/wp-json\/wp\/v2\/users\/185"}],"replies":[{"embeddable":true,"href":"https:\/\/sites.uwasa.fi\/kivanet\/wp-json\/wp\/v2\/comments?post=2487"}],"version-history":[{"count":4,"href":"https:\/\/sites.uwasa.fi\/kivanet\/wp-json\/wp\/v2\/pages\/2487\/revisions"}],"predecessor-version":[{"id":2531,"href":"https:\/\/sites.uwasa.fi\/kivanet\/wp-json\/wp\/v2\/pages\/2487\/revisions\/2531"}],"up":[{"embeddable":true,"href":"https:\/\/sites.uwasa.fi\/kivanet\/wp-json\/wp\/v2\/pages\/2374"}],"wp:attachment":[{"href":"https:\/\/sites.uwasa.fi\/kivanet\/wp-json\/wp\/v2\/media?parent=2487"}],"curies":[{"name":"wp","href":"https:\/\/api.w.org\/{rel}","templated":true}]}}