{"id":2480,"date":"2025-02-13T16:31:39","date_gmt":"2025-02-13T14:31:39","guid":{"rendered":"https:\/\/sites.uwasa.fi\/kivanet\/?page_id=2480"},"modified":"2025-03-11T13:52:31","modified_gmt":"2025-03-11T11:52:31","slug":"malnivaer","status":"publish","type":"page","link":"https:\/\/sites.uwasa.fi\/kivanet\/sv\/till-studenten\/malnivaer\/","title":{"rendered":"M\u00e5lniv\u00e5er"},"content":{"rendered":"<p>Den europeiska referensramen f\u00f6r spr\u00e5k (CEFR) \u00e4r ett alleuropeiskt ramverk f\u00f6r spr\u00e5kinl\u00e4rning, undervisning och bed\u00f6mning som utvecklats av Europar\u00e5det. M\u00e5lniv\u00e5erna f\u00f6r KiVANET-kurserna \u00e4r satta p\u00e5 CEFR-skalan enligt tabellen nedan.<\/p>\n<p>Studenterna kan anv\u00e4nda skalan f\u00f6r att bed\u00f6ma sin egen kompetens. Skalan beskriver sex f\u00e4rdighetsniv\u00e5er fr\u00e5n A1 till C2. I kursbeskrivningarna anv\u00e4nds dessa niv\u00e5er f\u00f6r att beskriva startniv\u00e5n, dvs. vilka kunskaper som f\u00f6rv\u00e4ntas av studenten innan hen b\u00f6rjar p\u00e5 kursen. Kursens m\u00e5lniv\u00e5 beskriver den spr\u00e5kliga niv\u00e5 som deltagaren ska n\u00e5 under kursens g\u00e5ng. Skalan \u00e4r internationell.<\/p>\n<p>&nbsp;<\/p>\n<p>Kurser p\u00e5 A1-niv\u00e5 b\u00f6rjar alltid fr\u00e5n grunden, inga tidigare studier kr\u00e4vs.<\/p>\n<p>Om du redan har vissa f\u00f6rkunskaper i det spr\u00e5k du vill studera kan du bed\u00f6ma din startniv\u00e5 med hj\u00e4lp av t.ex. f\u00f6ljande information:<\/p>\n<p>M\u00e5lniv\u00e5erna i gymnasiets l\u00e4roplan f\u00f6r betyget &#8221;goda kunskaper&#8221;, dvs. 8 (inom parentes motsvarande m\u00e5lniv\u00e5er f\u00f6r grundskolan):<\/p>\n<p>Gymnasiet, A-spr\u00e5k, annat \u00e4n engelska samt asiatiska och afrikanska spr\u00e5k: B1.2 (m\u00e5l i slutet av grundskolan: A2.2)<\/p>\n<p>Gymnasiet, A-spr\u00e5k, asiatiska och afrikanska spr\u00e5k: A2.2-B1.1 (m\u00e5l i slutet av grundskolan: A2.1)<\/p>\n<p>Gymnasiet, B2\/3, icke-engelska: A2.1\u20132 (m\u00e5l f\u00f6r slutskedet av grundskolan B2: A1.2\/3)<\/p>\n<p>F\u00f6r mer information, klicka <a href=\"https:\/\/www.oph.fi\/sv\/utbildning-och-examina\/nivaskalan-sprakkunskap-och-sprakutveckling\" target=\"_blank\" rel=\"noopener\">h\u00e4r.<\/a><\/p>\n<p>I \u00f6vrigt kan du bed\u00f6ma din niv\u00e5 utifr\u00e5n antalet studiepo\u00e4ng. Till exempel f\u00f6ruts\u00e4tter en kurs i tyska 5 cirka 12 studiepo\u00e4ng motsvarande tidigare studier p\u00e5 andra stadiet eller h\u00f6gskoleniv\u00e5 med vitsordet &#8221;goda kunskaper&#8221;, medan estniska 2 f\u00f6ruts\u00e4tter cirka 5 studiepo\u00e4ng tidigare studier med vitsordet &#8221;goda kunskaper&#8221;.<\/p>\n<p>Du hittar ocks\u00e5 en del material p\u00e5 n\u00e4tet som hj\u00e4lper dig att sj\u00e4lv bed\u00f6ma dina kunskaper, till exempel<a href=\"https:\/\/europass.europa.eu\/sv\/common-european-framework-reference-language-skills\" target=\"_blank\" rel=\"noopener\"> h\u00e4r.<\/a><\/p>\n","protected":false},"excerpt":{"rendered":"<p>Den europeiska referensramen f\u00f6r spr\u00e5k (CEFR) \u00e4r ett alleuropeiskt ramverk f\u00f6r spr\u00e5kinl\u00e4rning, undervisning och bed\u00f6mning som utvecklats av Europar\u00e5det. M\u00e5lniv\u00e5erna f\u00f6r KiVANET-kurserna \u00e4r satta p\u00e5 CEFR-skalan enligt tabellen nedan. Studenterna kan anv\u00e4nda skalan f\u00f6r att bed\u00f6ma sin egen kompetens. Skalan beskriver sex f\u00e4rdighetsniv\u00e5er fr\u00e5n A1 till C2. I kursbeskrivningarna anv\u00e4nds dessa niv\u00e5er f\u00f6r att beskriva [&hellip;]<\/p>\n","protected":false},"author":185,"featured_media":0,"parent":2374,"menu_order":0,"comment_status":"closed","ping_status":"closed","template":"","meta":{"_acf_changed":false,"footnotes":""},"class_list":["post-2480","page","type-page","status-publish","hentry"],"acf":[],"lang":"sv","translations":{"sv":2480},"pll_sync_post":[],"_links":{"self":[{"href":"https:\/\/sites.uwasa.fi\/kivanet\/wp-json\/wp\/v2\/pages\/2480"}],"collection":[{"href":"https:\/\/sites.uwasa.fi\/kivanet\/wp-json\/wp\/v2\/pages"}],"about":[{"href":"https:\/\/sites.uwasa.fi\/kivanet\/wp-json\/wp\/v2\/types\/page"}],"author":[{"embeddable":true,"href":"https:\/\/sites.uwasa.fi\/kivanet\/wp-json\/wp\/v2\/users\/185"}],"replies":[{"embeddable":true,"href":"https:\/\/sites.uwasa.fi\/kivanet\/wp-json\/wp\/v2\/comments?post=2480"}],"version-history":[{"count":8,"href":"https:\/\/sites.uwasa.fi\/kivanet\/wp-json\/wp\/v2\/pages\/2480\/revisions"}],"predecessor-version":[{"id":2579,"href":"https:\/\/sites.uwasa.fi\/kivanet\/wp-json\/wp\/v2\/pages\/2480\/revisions\/2579"}],"up":[{"embeddable":true,"href":"https:\/\/sites.uwasa.fi\/kivanet\/wp-json\/wp\/v2\/pages\/2374"}],"wp:attachment":[{"href":"https:\/\/sites.uwasa.fi\/kivanet\/wp-json\/wp\/v2\/media?parent=2480"}],"curies":[{"name":"wp","href":"https:\/\/api.w.org\/{rel}","templated":true}]}}