{"id":2458,"date":"2025-02-13T16:04:01","date_gmt":"2025-02-13T14:04:01","guid":{"rendered":"https:\/\/sites.uwasa.fi\/kivanet\/?page_id=2458"},"modified":"2025-05-20T15:26:59","modified_gmt":"2025-05-20T12:26:59","slug":"hosten-2025","status":"publish","type":"page","link":"https:\/\/sites.uwasa.fi\/kivanet\/sv\/kurser\/hosten-2025\/","title":{"rendered":"H\u00f6sten 2025"},"content":{"rendered":"<h2>Anm\u00e4lan till h\u00f6stens kurser \u00e4r \u00f6ppen 13.8-7.9.2025.<br \/>\nKurser och tidtabeller bekr\u00e4ftas i augusti.<\/h2>\n","protected":false},"excerpt":{"rendered":"<p>Anm\u00e4lan till h\u00f6stens kurser \u00e4r \u00f6ppen 13.8-7.9.2025. Kurser och tidtabeller bekr\u00e4ftas i augusti.<\/p>\n","protected":false},"author":185,"featured_media":0,"parent":2366,"menu_order":0,"comment_status":"closed","ping_status":"closed","template":"","meta":{"_acf_changed":false,"footnotes":""},"class_list":["post-2458","page","type-page","status-publish","hentry"],"acf":[],"lang":"sv","translations":{"sv":2458},"pll_sync_post":[],"_links":{"self":[{"href":"https:\/\/sites.uwasa.fi\/kivanet\/wp-json\/wp\/v2\/pages\/2458"}],"collection":[{"href":"https:\/\/sites.uwasa.fi\/kivanet\/wp-json\/wp\/v2\/pages"}],"about":[{"href":"https:\/\/sites.uwasa.fi\/kivanet\/wp-json\/wp\/v2\/types\/page"}],"author":[{"embeddable":true,"href":"https:\/\/sites.uwasa.fi\/kivanet\/wp-json\/wp\/v2\/users\/185"}],"replies":[{"embeddable":true,"href":"https:\/\/sites.uwasa.fi\/kivanet\/wp-json\/wp\/v2\/comments?post=2458"}],"version-history":[{"count":22,"href":"https:\/\/sites.uwasa.fi\/kivanet\/wp-json\/wp\/v2\/pages\/2458\/revisions"}],"predecessor-version":[{"id":3045,"href":"https:\/\/sites.uwasa.fi\/kivanet\/wp-json\/wp\/v2\/pages\/2458\/revisions\/3045"}],"up":[{"embeddable":true,"href":"https:\/\/sites.uwasa.fi\/kivanet\/wp-json\/wp\/v2\/pages\/2366"}],"wp:attachment":[{"href":"https:\/\/sites.uwasa.fi\/kivanet\/wp-json\/wp\/v2\/media?parent=2458"}],"curies":[{"name":"wp","href":"https:\/\/api.w.org\/{rel}","templated":true}]}}