{"id":2374,"date":"2025-02-13T11:11:40","date_gmt":"2025-02-13T09:11:40","guid":{"rendered":"https:\/\/sites.uwasa.fi\/kivanet\/?page_id=2374"},"modified":"2026-03-11T09:05:41","modified_gmt":"2026-03-11T07:05:41","slug":"till-studenten","status":"publish","type":"page","link":"https:\/\/sites.uwasa.fi\/kivanet\/sv\/till-studenten\/","title":{"rendered":"Till studenten"},"content":{"rendered":"<div><\/div>\n<div>Via tj\u00e4nsten f\u00f6r korsstudier f\u00e5r studerande sina prestationer direkt registrerade i sitt hemh\u00f6gskolans register utan separata ans\u00f6kningar om tillgodor\u00e4knande.<\/div>\n","protected":false},"excerpt":{"rendered":"<p>Via tj\u00e4nsten f\u00f6r korsstudier f\u00e5r studerande sina prestationer direkt registrerade i sitt hemh\u00f6gskolans register utan separata ans\u00f6kningar om tillgodor\u00e4knande.<\/p>\n","protected":false},"author":21,"featured_media":0,"parent":0,"menu_order":0,"comment_status":"closed","ping_status":"closed","template":"","meta":{"_acf_changed":false,"footnotes":""},"class_list":["post-2374","page","type-page","status-publish","hentry"],"acf":[],"lang":"sv","translations":{"sv":2374,"en":24,"fi":21},"pll_sync_post":[],"_links":{"self":[{"href":"https:\/\/sites.uwasa.fi\/kivanet\/wp-json\/wp\/v2\/pages\/2374"}],"collection":[{"href":"https:\/\/sites.uwasa.fi\/kivanet\/wp-json\/wp\/v2\/pages"}],"about":[{"href":"https:\/\/sites.uwasa.fi\/kivanet\/wp-json\/wp\/v2\/types\/page"}],"author":[{"embeddable":true,"href":"https:\/\/sites.uwasa.fi\/kivanet\/wp-json\/wp\/v2\/users\/21"}],"replies":[{"embeddable":true,"href":"https:\/\/sites.uwasa.fi\/kivanet\/wp-json\/wp\/v2\/comments?post=2374"}],"version-history":[{"count":14,"href":"https:\/\/sites.uwasa.fi\/kivanet\/wp-json\/wp\/v2\/pages\/2374\/revisions"}],"predecessor-version":[{"id":3966,"href":"https:\/\/sites.uwasa.fi\/kivanet\/wp-json\/wp\/v2\/pages\/2374\/revisions\/3966"}],"wp:attachment":[{"href":"https:\/\/sites.uwasa.fi\/kivanet\/wp-json\/wp\/v2\/media?parent=2374"}],"curies":[{"name":"wp","href":"https:\/\/api.w.org\/{rel}","templated":true}]}}