{"id":2370,"date":"2025-02-13T11:10:54","date_gmt":"2025-02-13T09:10:54","guid":{"rendered":"https:\/\/sites.uwasa.fi\/kivanet\/?page_id=2370"},"modified":"2026-02-28T09:17:39","modified_gmt":"2026-02-28T07:17:39","slug":"fragor-och-svar","status":"publish","type":"page","link":"https:\/\/sites.uwasa.fi\/kivanet\/sv\/fragor-och-svar\/","title":{"rendered":"Fr\u00e5gor och svar"},"content":{"rendered":"<h4>Kan jag anm\u00e4la mig till KiVANET-kurser efter sista anm\u00e4lningsdagen?<\/h4>\n<p>Vi kan inte ta emot anm\u00e4lningar till kurser efter sista anm\u00e4lningsdagen.<\/p>\n<h4>Jag har inte f\u00e5tt n\u00e5gon information fr\u00e5n l\u00e4raren och kursen b\u00f6rjar snart. Vad ska jag g\u00f6ra?<\/h4>\n<p>Kontrollera f\u00f6rst ditt universitets e-post. I KiVANET-samarbetet anv\u00e4nds i f\u00f6rsta hand universitetens e-postadresser.<\/p>\n<p>Om du inte har f\u00e5tt n\u00e5got meddelande senast arbetsdagen f\u00f6re kursstarten, v\u00e4nligen kontakta kivanet(at)uef.fi.<\/p>\n<h4>\u00c4r onlinef\u00f6rel\u00e4sningar obligatoriska?<\/h4>\n<p>Svaret p\u00e5 den fr\u00e5gan hittar du i kursinformationen h\u00e4r p\u00e5 webbplatsen. Kursbeskrivningen inleds med information om kursdatum, onlinef\u00f6rel\u00e4sningar och tentamensdatum.<\/p>\n<p>&nbsp;<\/p>\n","protected":false},"excerpt":{"rendered":"<p>Kan jag anm\u00e4la mig till KiVANET-kurser efter sista anm\u00e4lningsdagen? Vi kan inte ta emot anm\u00e4lningar till kurser efter sista anm\u00e4lningsdagen. Jag har inte f\u00e5tt n\u00e5gon information fr\u00e5n l\u00e4raren och kursen b\u00f6rjar snart. Vad ska jag g\u00f6ra? Kontrollera f\u00f6rst ditt universitets e-post. I KiVANET-samarbetet anv\u00e4nds i f\u00f6rsta hand universitetens e-postadresser. Om du inte har f\u00e5tt n\u00e5got [&hellip;]<\/p>\n","protected":false},"author":21,"featured_media":0,"parent":0,"menu_order":0,"comment_status":"closed","ping_status":"closed","template":"","meta":{"_acf_changed":false,"footnotes":""},"class_list":["post-2370","page","type-page","status-publish","hentry"],"acf":[],"lang":"sv","translations":{"sv":2370,"fi":857},"pll_sync_post":[],"_links":{"self":[{"href":"https:\/\/sites.uwasa.fi\/kivanet\/wp-json\/wp\/v2\/pages\/2370"}],"collection":[{"href":"https:\/\/sites.uwasa.fi\/kivanet\/wp-json\/wp\/v2\/pages"}],"about":[{"href":"https:\/\/sites.uwasa.fi\/kivanet\/wp-json\/wp\/v2\/types\/page"}],"author":[{"embeddable":true,"href":"https:\/\/sites.uwasa.fi\/kivanet\/wp-json\/wp\/v2\/users\/21"}],"replies":[{"embeddable":true,"href":"https:\/\/sites.uwasa.fi\/kivanet\/wp-json\/wp\/v2\/comments?post=2370"}],"version-history":[{"count":8,"href":"https:\/\/sites.uwasa.fi\/kivanet\/wp-json\/wp\/v2\/pages\/2370\/revisions"}],"predecessor-version":[{"id":3934,"href":"https:\/\/sites.uwasa.fi\/kivanet\/wp-json\/wp\/v2\/pages\/2370\/revisions\/3934"}],"wp:attachment":[{"href":"https:\/\/sites.uwasa.fi\/kivanet\/wp-json\/wp\/v2\/media?parent=2370"}],"curies":[{"name":"wp","href":"https:\/\/api.w.org\/{rel}","templated":true}]}}