{"id":2366,"date":"2025-02-13T11:09:01","date_gmt":"2025-02-13T09:09:01","guid":{"rendered":"https:\/\/sites.uwasa.fi\/kivanet\/?page_id=2366"},"modified":"2026-02-28T09:15:28","modified_gmt":"2026-02-28T07:15:28","slug":"kurser","status":"publish","type":"page","link":"https:\/\/sites.uwasa.fi\/kivanet\/sv\/kurser\/","title":{"rendered":"Kurser"},"content":{"rendered":"<h2><strong><span style=\"font-size: 16px\">Anm\u00e4lning till Sommarkurser 2.3-14.4.2026<\/span><\/strong><\/h2>\n<div>\n<p><strong>Under sommaren 2026 erbjuds de n\u00e4tbaserade spr\u00e5kkurser som listas under rubriken \u201dSommar 2026\u201d. Kursinformationen uppdateras vid behov. L\u00e4s noggrant igenom anvisningarna nedan!<\/strong><\/p>\n<ul>\n<li>KiVANET-n\u00e4tverkets kurser \u00e4r \u00f6ppna och avgiftsfria f\u00f6r studerande vid de h\u00f6gskolor som ing\u00e5r i n\u00e4tverket. Kontrollera p\u00e5 sidan med <a href=\"https:\/\/sites.uwasa.fi\/kivanet\/sv\/medlemmar-i-natverket\/\" target=\"_blank\" rel=\"noopener\">n\u00e4tverkets medlemmmar<\/a> om din h\u00f6gskola \u00e4r medlem.<\/li>\n<li>Den maximala gruppstorleken \u00e4r 40 studerande och endast studerande fr\u00e5n KiVANET-n\u00e4tverkets medlemsh\u00f6gskolor kan antas till kurserna. Om antalet anm\u00e4lningar \u00f6verskrider maximiantalet lottas deltagarna fram, s\u00e5 anm\u00e4lningssnabbheten har ingen betydelse. Kursplatserna till n\u00e4tverkets sommarkurser 2026 f\u00f6rdelas s\u00e5 att varje medlemsh\u00f6gskola f\u00e5r en kvotplats och de \u00e5terst\u00e5ende platserna lottas ut.<\/li>\n<li>Anm\u00e4lan till kurserna sker via tj\u00e4nsten f\u00f6r korsstudier i Peppi eller Sisu, beroende p\u00e5 vilket system som anv\u00e4nds vid ditt heml\u00e4ros\u00e4te. Kontrollera anm\u00e4lningsanvisningarna vid din egen h\u00f6gskola. Vid problem med anm\u00e4lningen, kontakta Peppi- eller Sisu-st\u00f6det vid ditt l\u00e4ros\u00e4te.<\/li>\n<li>Vi kan inte ta emot efteranm\u00e4lningar efter att anm\u00e4lningstiden har g\u00e5tt ut. Se vanliga fr\u00e5gor (<a href=\"https:\/\/sites.uwasa.fi\/kivanet\/sv\/fragor-och-svar\/\" target=\"_blank\" rel=\"noopener\">FAQ<\/a>).<\/li>\n<li>Anm\u00e4lningarna godk\u00e4nns eller avsl\u00e5s i Peppi eller Sisu. L\u00e4raren skickar ett startmeddelande till de antagna studerandena. Kontrollera din skr\u00e4ppostmapp \u2013 ibland kan startmeddelandet hamna d\u00e4r!<\/li>\n<li>Bekanta dig ocks\u00e5 med avsnittet \u201d<a href=\"https:\/\/sites.uwasa.fi\/kivanet\/sv\/till-studenten\/ \u200e\" target=\"_blank\" rel=\"noopener\">Till studenten<\/a>\u201d, d\u00e4r du hittar information om n\u00e4tbaserade spr\u00e5kstudier och om kursernas m\u00e5lniv\u00e5er.<\/li>\n<li>I avsnittet \u201d<a href=\"https:\/\/sites.uwasa.fi\/kivanet\/sv\/fragor-och-svar\/\" target=\"_blank\" rel=\"noopener\">FAQ<\/a>\u201d hittar du svar p\u00e5 de vanligaste fr\u00e5gorna.<\/li>\n<\/ul>\n<p>Av tekniska sk\u00e4l kan kurstidtabeller \u00e4ndras fr\u00e5n de meddelade, och i tvingande fall kan enskilda kurser beh\u00f6va st\u00e4llas in eller flyttas till ett senare tillf\u00e4lle<\/p>\n<h3>Avbrytande av deltagande<\/h3>\n<p><strong>I Peppi:<\/strong> S\u00e5 l\u00e4nge din anm\u00e4lan har statusen <em>V\u00e4ntar p\u00e5 godk\u00e4nnande<\/em> kan du sj\u00e4lv avbryta den genom att klicka p\u00e5 knappen <strong>Avbryt<\/strong>.<br \/>\nOm du vill avbryta ditt deltagande efter att anm\u00e4lningstiden har g\u00e5tt ut, kontakta kursens l\u00e4rare.<\/p>\n<\/div>\n","protected":false},"excerpt":{"rendered":"<p>Anm\u00e4lning till Sommarkurser 2.3-14.4.2026 Under sommaren 2026 erbjuds de n\u00e4tbaserade spr\u00e5kkurser som listas under rubriken \u201dSommar 2026\u201d. Kursinformationen uppdateras vid behov. L\u00e4s noggrant igenom anvisningarna nedan! KiVANET-n\u00e4tverkets kurser \u00e4r \u00f6ppna och avgiftsfria f\u00f6r studerande vid de h\u00f6gskolor som ing\u00e5r i n\u00e4tverket. Kontrollera p\u00e5 sidan med n\u00e4tverkets medlemmmar om din h\u00f6gskola \u00e4r medlem. Den maximala gruppstorleken [&hellip;]<\/p>\n","protected":false},"author":21,"featured_media":0,"parent":0,"menu_order":0,"comment_status":"closed","ping_status":"closed","template":"","meta":{"_acf_changed":false,"footnotes":""},"class_list":["post-2366","page","type-page","status-publish","hentry"],"acf":[],"lang":"sv","translations":{"sv":2366,"en":11,"fi":8},"pll_sync_post":[],"_links":{"self":[{"href":"https:\/\/sites.uwasa.fi\/kivanet\/wp-json\/wp\/v2\/pages\/2366"}],"collection":[{"href":"https:\/\/sites.uwasa.fi\/kivanet\/wp-json\/wp\/v2\/pages"}],"about":[{"href":"https:\/\/sites.uwasa.fi\/kivanet\/wp-json\/wp\/v2\/types\/page"}],"author":[{"embeddable":true,"href":"https:\/\/sites.uwasa.fi\/kivanet\/wp-json\/wp\/v2\/users\/21"}],"replies":[{"embeddable":true,"href":"https:\/\/sites.uwasa.fi\/kivanet\/wp-json\/wp\/v2\/comments?post=2366"}],"version-history":[{"count":29,"href":"https:\/\/sites.uwasa.fi\/kivanet\/wp-json\/wp\/v2\/pages\/2366\/revisions"}],"predecessor-version":[{"id":3933,"href":"https:\/\/sites.uwasa.fi\/kivanet\/wp-json\/wp\/v2\/pages\/2366\/revisions\/3933"}],"wp:attachment":[{"href":"https:\/\/sites.uwasa.fi\/kivanet\/wp-json\/wp\/v2\/media?parent=2366"}],"curies":[{"name":"wp","href":"https:\/\/api.w.org\/{rel}","templated":true}]}}