{"id":236,"date":"2024-04-23T10:05:56","date_gmt":"2024-04-23T07:05:56","guid":{"rendered":"https:\/\/sites.uwasa.fi\/kivanet\/?page_id=236"},"modified":"2025-05-20T06:23:07","modified_gmt":"2025-05-20T03:23:07","slug":"arabia","status":"publish","type":"page","link":"https:\/\/sites.uwasa.fi\/kivanet\/kurssitarjonta\/syksy-2024\/arabia\/","title":{"rendered":"Arabia"},"content":{"rendered":"<h2>Tietoa ryhmist\u00e4 saat <a href=\"https:\/\/sites.uwasa.fi\/kivanet\/kurssitarjonta\/autumn-2024\/arabic\/\" target=\"_blank\" rel=\"noopener\"><strong>t\u00e4\u00e4lt\u00e4<\/strong><\/a>. Arabian kurssien opetuskieli on <em>englanti<\/em>.<\/h2>\n","protected":false},"excerpt":{"rendered":"<p>Tietoa ryhmist\u00e4 saat t\u00e4\u00e4lt\u00e4. Arabian kurssien opetuskieli on englanti.<\/p>\n","protected":false},"author":185,"featured_media":0,"parent":129,"menu_order":0,"comment_status":"closed","ping_status":"closed","template":"","meta":{"_acf_changed":false,"footnotes":""},"class_list":["post-236","page","type-page","status-publish","hentry"],"acf":[],"lang":"fi","translations":{"fi":236},"pll_sync_post":[],"_links":{"self":[{"href":"https:\/\/sites.uwasa.fi\/kivanet\/wp-json\/wp\/v2\/pages\/236"}],"collection":[{"href":"https:\/\/sites.uwasa.fi\/kivanet\/wp-json\/wp\/v2\/pages"}],"about":[{"href":"https:\/\/sites.uwasa.fi\/kivanet\/wp-json\/wp\/v2\/types\/page"}],"author":[{"embeddable":true,"href":"https:\/\/sites.uwasa.fi\/kivanet\/wp-json\/wp\/v2\/users\/185"}],"replies":[{"embeddable":true,"href":"https:\/\/sites.uwasa.fi\/kivanet\/wp-json\/wp\/v2\/comments?post=236"}],"version-history":[{"count":5,"href":"https:\/\/sites.uwasa.fi\/kivanet\/wp-json\/wp\/v2\/pages\/236\/revisions"}],"predecessor-version":[{"id":2922,"href":"https:\/\/sites.uwasa.fi\/kivanet\/wp-json\/wp\/v2\/pages\/236\/revisions\/2922"}],"up":[{"embeddable":true,"href":"https:\/\/sites.uwasa.fi\/kivanet\/wp-json\/wp\/v2\/pages\/129"}],"wp:attachment":[{"href":"https:\/\/sites.uwasa.fi\/kivanet\/wp-json\/wp\/v2\/media?parent=236"}],"curies":[{"name":"wp","href":"https:\/\/api.w.org\/{rel}","templated":true}]}}