{"id":2294,"date":"2025-02-07T16:31:59","date_gmt":"2025-02-07T14:31:59","guid":{"rendered":"https:\/\/sites.uwasa.fi\/kivanet\/?page_id=2294"},"modified":"2025-11-21T14:41:46","modified_gmt":"2025-11-21T12:41:46","slug":"saksa-8","status":"publish","type":"page","link":"https:\/\/sites.uwasa.fi\/kivanet\/kurssitarjonta\/syksy-2024\/saksa\/saksa-8\/","title":{"rendered":"Saksa 8"},"content":{"rendered":"<table style=\"border-collapse: collapse;width: 100%\" border=\"1\">\n<tbody>\n<tr style=\"height: 24px\">\n<td style=\"width: 13.7305%;height: 24px\"><strong>\u00a0J\u00e4rjest\u00e4v\u00e4 korkeakoulu<\/strong><\/td>\n<td style=\"width: 44.9894%;height: 24px\">\u00a0<b>Tampereen yliopisto<\/b><\/td>\n<\/tr>\n<tr style=\"height: 24px\">\n<td style=\"width: 13.7305%;height: 24px\"><strong>\u00a0Opetuskieli<\/strong><\/td>\n<td style=\"width: 44.9894%;height: 24px\">\u00a0<strong>saksa<\/strong><\/td>\n<\/tr>\n<tr style=\"height: 24px\">\n<td style=\"width: 13.7305%;height: 24px\"><strong>\u00a0Ajoitus<\/strong><\/td>\n<td style=\"width: 44.9894%;height: 24px\">\u00a0<strong>2.3.2026-26.4.2026<\/strong><\/td>\n<\/tr>\n<tr style=\"height: 24px\">\n<td style=\"width: 13.7305%;height: 24px\"><strong>\u00a0Verkkotapaamisten aikataulu<\/strong><\/td>\n<td style=\"width: 44.9894%;height: 24px\">\n<p>\u00a0<strong>dienstags 9.00-10.00<\/strong><\/p>\n<p><strong>\u00a0Die Online-Treffen sind verpflichtend, aber sie k\u00f6nnen ersetzt werden.<\/strong><\/td>\n<\/tr>\n<tr style=\"height: 135px\">\n<td style=\"width: 13.7305%;height: 10px\"><strong>\u00a0Tentti Moodlessa<\/strong><\/td>\n<td style=\"width: 44.9894%;height: 10px\"><strong>\u00a0Es gibt keine Pr\u00fcfung, sondern in jedem Modul gibt es eine Aufgabe, die eingereicht werden muss.<\/strong><\/td>\n<\/tr>\n<tr style=\"height: 24px\">\n<td style=\"width: 13.7305%;height: 24px\"><strong>\u00a0CEFR-taso<\/strong><\/td>\n<td style=\"width: 44.9894%;height: 24px\"><strong><span class=\"TextRun SCXW132686473 BCX8\" lang=\"FI-FI\" xml:lang=\"FI-FI\" data-contrast=\"auto\"><span class=\"NormalTextRun SCXW132686473 BCX8\" data-ccp-charstyle=\"normaltextrun\" data-ccp-charstyle-defn=\"{&quot;ObjectId&quot;:&quot;ac0262f4-8a9e-5820-b908-2d943c5f7113|1&quot;,&quot;ClassId&quot;:1073872969,&quot;Properties&quot;:[201342446,&quot;1&quot;,201342447,&quot;5&quot;,201342448,&quot;1&quot;,201342449,&quot;1&quot;,469777841,&quot;Calibri&quot;,469777842,&quot;&quot;,469777843,&quot;Calibri&quot;,469777844,&quot;Calibri&quot;,201341986,&quot;1&quot;,469769226,&quot;Calibri&quot;,268442635,&quot;22&quot;,469775450,&quot;normaltextrun&quot;,201340122,&quot;1&quot;,134233614,&quot;true&quot;,469778129,&quot;normaltextrun&quot;,335572020,&quot;1&quot;,469778324,&quot;Default Paragraph Font&quot;]}\">\u00a0L\u00e4ht\u00f6taso B2.<\/span><span class=\"NormalTextRun SCXW132686473 BCX8\" data-ccp-charstyle=\"normaltextrun\">2<\/span><span class=\"NormalTextRun SCXW132686473 BCX8\" data-ccp-charstyle=\"normaltextrun\"> &gt; tavoitetaso B2.2<\/span><span class=\"NormalTextRun SCXW132686473 BCX8\" data-ccp-charstyle=\"eop\" data-ccp-charstyle-defn=\"{&quot;ObjectId&quot;:&quot;920dbcde-2834-5e15-a5fa-062170b236ba|1&quot;,&quot;ClassId&quot;:1073872969,&quot;Properties&quot;:[201342446,&quot;1&quot;,201342447,&quot;5&quot;,201342448,&quot;1&quot;,201342449,&quot;1&quot;,469777841,&quot;Calibri&quot;,469777842,&quot;&quot;,469777843,&quot;Calibri&quot;,469777844,&quot;Calibri&quot;,201341986,&quot;1&quot;,469769226,&quot;Calibri&quot;,268442635,&quot;22&quot;,469775450,&quot;eop&quot;,201340122,&quot;1&quot;,134233614,&quot;true&quot;,469778129,&quot;eop&quot;,335572020,&quot;1&quot;,469778324,&quot;Default Paragraph Font&quot;]}\">\u202f<\/span><\/span><span class=\"EOP SCXW132686473 BCX8\" data-ccp-props=\"{&quot;134233117&quot;:true,&quot;134233118&quot;:true,&quot;201341983&quot;:0,&quot;335551550&quot;:6,&quot;335551620&quot;:6,&quot;335559740&quot;:240}\">\u00a0<\/span><\/strong><\/td>\n<\/tr>\n<tr style=\"height: 24px\">\n<td style=\"width: 13.7305%;height: 24px\"><strong>\u00a0Opintopisteet<\/strong><\/td>\n<td style=\"width: 44.9894%;height: 24px\"><strong>\u00a02<\/strong><\/td>\n<\/tr>\n<tr style=\"height: 24px\">\n<td style=\"width: 13.7305%;height: 24px\"><strong>\u00a0Esitiedot<\/strong><\/td>\n<td style=\"width: 44.9894%;height: 24px\"><strong><span class=\"TextRun SCXW255821213 BCX8\" lang=\"FI-FI\" xml:lang=\"FI-FI\" data-contrast=\"none\"><span class=\"NormalTextRun SCXW255821213 BCX8\" data-ccp-charstyle=\"normaltextrun\" data-ccp-charstyle-defn=\"{&quot;ObjectId&quot;:&quot;ac0262f4-8a9e-5820-b908-2d943c5f7113|1&quot;,&quot;ClassId&quot;:1073872969,&quot;Properties&quot;:[201342446,&quot;1&quot;,201342447,&quot;5&quot;,201342448,&quot;1&quot;,201342449,&quot;1&quot;,469777841,&quot;Calibri&quot;,469777842,&quot;&quot;,469777843,&quot;Calibri&quot;,469777844,&quot;Calibri&quot;,201341986,&quot;1&quot;,469769226,&quot;Calibri&quot;,268442635,&quot;22&quot;,469775450,&quot;normaltextrun&quot;,201340122,&quot;1&quot;,134233614,&quot;true&quot;,469778129,&quot;normaltextrun&quot;,335572020,&quot;1&quot;,469778324,&quot;Default Paragraph Font&quot;]}\">\u00a0Opintojakso edellytt\u00e4\u00e4 <\/span><span class=\"NormalTextRun SpellingErrorV2Themed SCXW255821213 BCX8\" data-ccp-charstyle=\"normaltextrun\">KiVANETin<\/span><span class=\"NormalTextRun SCXW255821213 BCX8\" data-ccp-charstyle=\"normaltextrun\"> Saksa <\/span><span class=\"NormalTextRun ContextualSpellingAndGrammarErrorV2Themed SCXW255821213 BCX8\" data-ccp-charstyle=\"normaltextrun\">1-<\/span><span class=\"NormalTextRun ContextualSpellingAndGrammarErrorV2Themed SCXW255821213 BCX8\" data-ccp-charstyle=\"normaltextrun\">7<\/span><span class=\"NormalTextRun SCXW255821213 BCX8\" data-ccp-charstyle=\"normaltextrun\"> suorittamista tai vastaavaa osaamista saksan kieless\u00e4<\/span><span class=\"NormalTextRun SCXW255821213 BCX8\" data-ccp-charstyle=\"normaltextrun\"> (<\/span><span class=\"NormalTextRun SCXW255821213 BCX8\" data-ccp-charstyle=\"normaltextrun\">taitotaso B2.<\/span><span class=\"NormalTextRun SCXW255821213 BCX8\" data-ccp-charstyle=\"normaltextrun\">2<\/span><span class=\"NormalTextRun SCXW255821213 BCX8\" data-ccp-charstyle=\"normaltextrun\">)<\/span><span class=\"NormalTextRun SCXW255821213 BCX8\" data-ccp-charstyle=\"normaltextrun\">.<\/span><span class=\"NormalTextRun SCXW255821213 BCX8\" data-ccp-charstyle=\"eop\" data-ccp-charstyle-defn=\"{&quot;ObjectId&quot;:&quot;920dbcde-2834-5e15-a5fa-062170b236ba|1&quot;,&quot;ClassId&quot;:1073872969,&quot;Properties&quot;:[201342446,&quot;1&quot;,201342447,&quot;5&quot;,201342448,&quot;1&quot;,201342449,&quot;1&quot;,469777841,&quot;Calibri&quot;,469777842,&quot;&quot;,469777843,&quot;Calibri&quot;,469777844,&quot;Calibri&quot;,201341986,&quot;1&quot;,469769226,&quot;Calibri&quot;,268442635,&quot;22&quot;,469775450,&quot;eop&quot;,201340122,&quot;1&quot;,134233614,&quot;true&quot;,469778129,&quot;eop&quot;,335572020,&quot;1&quot;,469778324,&quot;Default Paragraph Font&quot;]}\">\u202f<\/span><\/span><span class=\"EOP SCXW255821213 BCX8\" data-ccp-props=\"{&quot;134233117&quot;:true,&quot;134233118&quot;:true,&quot;201341983&quot;:0,&quot;335551550&quot;:6,&quot;335551620&quot;:6,&quot;335559740&quot;:240}\">\u00a0<\/span>\u00a0<\/strong><\/td>\n<\/tr>\n<\/tbody>\n<\/table>\n<h2>Kurssikuvaus<\/h2>\n<h3>Sis\u00e4lt\u00f6<\/h3>\n<ul>\n<li>ymp\u00e4rist\u00f6aiheiset artikkelit sek\u00e4 kaavioiden ja prosessien selitt\u00e4minen<\/li>\n<li>kiertotalous ja tulevaisuuden kaupungit<\/li>\n<\/ul>\n<h3><strong>Osaamistavoitteet<\/strong><strong>\u202f\u202f<\/strong><\/h3>\n<p>T\u00e4m\u00e4n opintojakson j\u00e4lkeen opiskelija osaa<\/p>\n<ul>\n<li>hakea tietoa ja keskustella ajankohtaisista ymp\u00e4rist\u00f6aiheista sek\u00e4 esitell\u00e4 niihin liittyvi\u00e4 ratkaisuja<\/li>\n<li>kertoa kest\u00e4v\u00e4n kehityksen muodoista ja keskustella tulevaisuuden visioista<\/li>\n<\/ul>\n<h3><strong>Oppimateriaali<\/strong><strong>\u202f\u202f\u202f<\/strong><\/h3>\n<p>Oppimateriaali on digitaalisella oppimisalustalla.<\/p>\n<h3><strong>Opetus- ja arviointimenetelm\u00e4t<\/strong><strong>\u202f\u202f\u202f<\/strong><\/h3>\n<p>Opetus ja harjoitusteht\u00e4v\u00e4t digitaalisella alustalla.<\/p>\n<p>Opintojakson arviointi perustuu seuraaviin suorituksiin:<\/p>\n<ul>\n<li>kirjallisiin ja suullisiin esityksiin\/teht\u00e4viin<\/li>\n<li>pitsaukseen Leijonan luolassa<\/li>\n<\/ul>\n<h3><strong>Arvosteluasteikko<\/strong><strong>\u202f<\/strong><strong>ja arviointikriteerit<\/strong><strong>\u202f\u202f\u202f<\/strong><\/h3>\n<p>Opintojaksosuoritus arvostellaan asteikolla hyv\u00e4ksytty\/hyl\u00e4tty.<\/p>\n<p><strong>Ty\u00f6m\u00e4\u00e4r\u00e4 <\/strong><\/p>\n<ul>\n<li>itsen\u00e4inen opiskelu, parity\u00f6t ja muut teht\u00e4v\u00e4t\u202f 47 h<\/li>\n<li>yhteiset verkkotapaamiset\u00a0 7h<\/li>\n<\/ul>\n<p>Yhteens\u00e4 54h. Yksi opintopiste vastaa 27h opiskelijan ty\u00f6t\u00e4 (2 x 27h = 54h).<\/p>\n<h2><strong>Ilmoittautuminen 1.12.2025-11.1.2026.<\/strong><\/h2>\n<h2><a href=\"https:\/\/link.webropol.com\/s\/kivanetkevat26\" target=\"_blank\" rel=\"noopener\">Linkki ilmoittautumislomakkeeseen.<\/a><\/h2>\n","protected":false},"excerpt":{"rendered":"<p>\u00a0J\u00e4rjest\u00e4v\u00e4 korkeakoulu \u00a0Tampereen yliopisto \u00a0Opetuskieli \u00a0saksa \u00a0Ajoitus \u00a02.3.2026-26.4.2026 \u00a0Verkkotapaamisten aikataulu \u00a0dienstags 9.00-10.00 \u00a0Die Online-Treffen sind verpflichtend, aber sie k\u00f6nnen ersetzt werden. \u00a0Tentti Moodlessa \u00a0Es gibt keine Pr\u00fcfung, sondern in jedem Modul gibt es eine Aufgabe, die eingereicht werden muss. \u00a0CEFR-taso \u00a0L\u00e4ht\u00f6taso B2.2 &gt; tavoitetaso B2.2\u202f\u00a0 \u00a0Opintopisteet \u00a02 \u00a0Esitiedot \u00a0Opintojakso edellytt\u00e4\u00e4 KiVANETin Saksa 1-7 suorittamista tai [&hellip;]<\/p>\n","protected":false},"author":185,"featured_media":0,"parent":2266,"menu_order":0,"comment_status":"closed","ping_status":"closed","template":"","meta":{"_acf_changed":false,"footnotes":""},"class_list":["post-2294","page","type-page","status-publish","hentry"],"acf":[],"lang":"fi","translations":{"fi":2294},"pll_sync_post":[],"_links":{"self":[{"href":"https:\/\/sites.uwasa.fi\/kivanet\/wp-json\/wp\/v2\/pages\/2294"}],"collection":[{"href":"https:\/\/sites.uwasa.fi\/kivanet\/wp-json\/wp\/v2\/pages"}],"about":[{"href":"https:\/\/sites.uwasa.fi\/kivanet\/wp-json\/wp\/v2\/types\/page"}],"author":[{"embeddable":true,"href":"https:\/\/sites.uwasa.fi\/kivanet\/wp-json\/wp\/v2\/users\/185"}],"replies":[{"embeddable":true,"href":"https:\/\/sites.uwasa.fi\/kivanet\/wp-json\/wp\/v2\/comments?post=2294"}],"version-history":[{"count":13,"href":"https:\/\/sites.uwasa.fi\/kivanet\/wp-json\/wp\/v2\/pages\/2294\/revisions"}],"predecessor-version":[{"id":3736,"href":"https:\/\/sites.uwasa.fi\/kivanet\/wp-json\/wp\/v2\/pages\/2294\/revisions\/3736"}],"up":[{"embeddable":true,"href":"https:\/\/sites.uwasa.fi\/kivanet\/wp-json\/wp\/v2\/pages\/2266"}],"wp:attachment":[{"href":"https:\/\/sites.uwasa.fi\/kivanet\/wp-json\/wp\/v2\/media?parent=2294"}],"curies":[{"name":"wp","href":"https:\/\/api.w.org\/{rel}","templated":true}]}}