{"id":2279,"date":"2025-02-07T16:23:21","date_gmt":"2025-02-07T14:23:21","guid":{"rendered":"https:\/\/sites.uwasa.fi\/kivanet\/?page_id=2279"},"modified":"2025-06-25T09:56:16","modified_gmt":"2025-06-25T06:56:16","slug":"saksa-3","status":"publish","type":"page","link":"https:\/\/sites.uwasa.fi\/kivanet\/kurssitarjonta\/syksy-2024\/saksa\/saksa-3\/","title":{"rendered":"Saksa 3"},"content":{"rendered":"<table style=\"border-collapse: collapse;width: 100%\" border=\"1\">\n<tbody>\n<tr style=\"height: 24px\">\n<td style=\"width: 26.5806%;height: 24px\"><strong>\u00a0J\u00e4rjest\u00e4v\u00e4 korkeakoulu<\/strong><\/td>\n<td style=\"width: 32.8692%;height: 24px\">\u00a0<b>SeAMK<\/b><\/td>\n<td style=\"width: 32.6559%;height: 24px\">\u00a0<strong>OAMK<\/strong><\/td>\n<\/tr>\n<tr style=\"height: 24px\">\n<td style=\"width: 26.5806%;height: 24px\"><strong>\u00a0Opetuskieli<\/strong><\/td>\n<td style=\"width: 32.8692%;height: 24px\"><strong>\u00a0suomi<\/strong><\/td>\n<td style=\"width: 32.6559%;height: 24px\"><strong>\u00a0suomi<\/strong><\/td>\n<\/tr>\n<tr style=\"height: 24px\">\n<td style=\"width: 26.5806%;height: 24px\"><strong>\u00a0Ajoitus<\/strong><\/td>\n<td style=\"width: 32.8692%;height: 24px\"><strong>\u00a0Kurssi auki Moodlessa: alkaen 29.9.25<\/strong><\/td>\n<td style=\"width: 32.6559%;height: 24px\">\u00a0<strong>Kurssi auki Moodlessa: <\/strong><strong>27.10.-21.12.2025<\/strong><\/td>\n<\/tr>\n<tr style=\"height: 24px\">\n<td style=\"width: 26.5806%;height: 24px\"><strong>\u00a0Verkkotapaamisten aikataulu<\/strong><\/td>\n<td style=\"width: 32.8692%;height: 24px\">\n<p><strong>Vapaaehtoiset\u00a0verkkotapaamiset:<\/strong><\/p>\n<p><strong>10.10.25 klo 13.15-14.45<\/strong><\/p>\n<p><strong>31.10.25 klo 13.15-14.45<\/strong><\/p>\n<p><strong>14.11.25 klo 13.15-14.45<\/strong><\/p>\n<p><strong>28.11.25 klo 13.15-14.45<\/strong><\/p>\n<p><strong>12.12.25 klo 13.15-14.45<\/strong><\/td>\n<td style=\"width: 32.6559%;height: 24px\">\n<p><strong>\u00a0L\u00e4hitapaamiset Zoomissa klo 10.00-11.30<\/strong><\/p>\n<p><strong>\u00a031.10., <\/strong><\/p>\n<p><strong>\u00a014.11., <\/strong><\/p>\n<p><strong>\u00a028.11., <\/strong><\/p>\n<p><strong>\u00a012.12.\u00a0<\/strong><\/td>\n<\/tr>\n<tr style=\"height: 135px\">\n<td style=\"width: 26.5806%;height: 135px\"><strong>\u00a0 \u00a0Tentti Moodlessa<\/strong><\/td>\n<td style=\"width: 32.8692%;height: 135px\">\n<p><strong>Lopputentti <\/strong><\/p>\n<p><strong>KE 17.12.25 klo 8.00 &#8211; 20.00<\/strong><br \/>\n<strong>Uusinta 1: PE 9.1.25 klo 8.00-20.00<\/strong><br \/>\n<strong>Uusinta 2: PE 16.1.25 klo 8.00-20.00<\/strong><\/td>\n<td style=\"width: 32.6559%;height: 135px\">\n<p><strong>Tentti auki Moodlessa: <\/strong><\/p>\n<p><strong>18.12. &#8211; 21.12.2025<\/strong><\/td>\n<\/tr>\n<tr style=\"height: 24px\">\n<td style=\"width: 26.5806%;height: 24px\"><strong>\u00a0CEFR-taso<\/strong><\/td>\n<td style=\"width: 32.8692%;height: 24px\"><strong>\u00a0L\u00e4ht\u00f6taso A1.2 &gt; tavoitetaso A2<\/strong><\/td>\n<td style=\"width: 32.6559%;height: 24px\"><strong> \u00a0L\u00e4ht\u00f6taso A1.2 &gt; tavoitetaso A2<\/strong><\/td>\n<\/tr>\n<tr style=\"height: 24px\">\n<td style=\"width: 26.5806%;height: 24px\"><strong>\u00a0Opintopisteet<\/strong><\/td>\n<td style=\"width: 32.8692%;height: 24px\"><strong>\u00a03<\/strong><\/td>\n<td style=\"width: 32.6559%;height: 24px\"><strong>\u00a03<\/strong><\/td>\n<\/tr>\n<tr style=\"height: 24px\">\n<td style=\"width: 26.5806%;height: 24px\"><strong>\u00a0Esitiedot<\/strong><\/td>\n<td style=\"width: 32.8692%;height: 24px\"><strong><span class=\"TextRun SCXW8910858 BCX8\" lang=\"FI-FI\" xml:lang=\"FI-FI\" data-contrast=\"none\"><span class=\"NormalTextRun SCXW8910858 BCX8\" data-ccp-charstyle=\"normaltextrun\" data-ccp-charstyle-defn=\"{&quot;ObjectId&quot;:&quot;ac0262f4-8a9e-5820-b908-2d943c5f7113|1&quot;,&quot;ClassId&quot;:1073872969,&quot;Properties&quot;:[201342446,&quot;1&quot;,201342447,&quot;5&quot;,201342448,&quot;1&quot;,201342449,&quot;1&quot;,469777841,&quot;Calibri&quot;,469777842,&quot;&quot;,469777843,&quot;Calibri&quot;,469777844,&quot;Calibri&quot;,201341986,&quot;1&quot;,469769226,&quot;Calibri&quot;,268442635,&quot;22&quot;,469775450,&quot;normaltextrun&quot;,201340122,&quot;1&quot;,134233614,&quot;true&quot;,469778129,&quot;normaltextrun&quot;,335572020,&quot;1&quot;,469778324,&quot;Default Paragraph Font&quot;]}\">Opintojakso edellytt\u00e4\u00e4 <\/span><span class=\"NormalTextRun SpellingErrorV2Themed SCXW8910858 BCX8\" data-ccp-charstyle=\"normaltextrun\">KiVANETin<\/span><span class=\"NormalTextRun SCXW8910858 BCX8\" data-ccp-charstyle=\"normaltextrun\"> Saksa <\/span><span class=\"NormalTextRun ContextualSpellingAndGrammarErrorV2Themed SCXW8910858 BCX8\" data-ccp-charstyle=\"normaltextrun\">1-<\/span><span class=\"NormalTextRun ContextualSpellingAndGrammarErrorV2Themed SCXW8910858 BCX8\" data-ccp-charstyle=\"normaltextrun\">2<\/span><span class=\"NormalTextRun SCXW8910858 BCX8\" data-ccp-charstyle=\"normaltextrun\"> suorittamista tai vastaavaa osaamista saksan kieless\u00e4. Opiskelija on saavuttanut taitotason <\/span><span class=\"NormalTextRun SCXW8910858 BCX8\" data-ccp-charstyle=\"normaltextrun\">A<\/span><span class=\"NormalTextRun SCXW8910858 BCX8\" data-ccp-charstyle=\"normaltextrun\">1<\/span><span class=\"NormalTextRun SCXW8910858 BCX8\" data-ccp-charstyle=\"normaltextrun\">.2<\/span><span class=\"NormalTextRun SCXW8910858 BCX8\" data-ccp-charstyle=\"normaltextrun\"> aikaisemmissa opinnoissaan.<\/span><span class=\"NormalTextRun SCXW8910858 BCX8\" data-ccp-charstyle=\"eop\" data-ccp-charstyle-defn=\"{&quot;ObjectId&quot;:&quot;920dbcde-2834-5e15-a5fa-062170b236ba|1&quot;,&quot;ClassId&quot;:1073872969,&quot;Properties&quot;:[201342446,&quot;1&quot;,201342447,&quot;5&quot;,201342448,&quot;1&quot;,201342449,&quot;1&quot;,469777841,&quot;Calibri&quot;,469777842,&quot;&quot;,469777843,&quot;Calibri&quot;,469777844,&quot;Calibri&quot;,201341986,&quot;1&quot;,469769226,&quot;Calibri&quot;,268442635,&quot;22&quot;,469775450,&quot;eop&quot;,201340122,&quot;1&quot;,134233614,&quot;true&quot;,469778129,&quot;eop&quot;,335572020,&quot;1&quot;,469778324,&quot;Default Paragraph Font&quot;]}\">\u202f<\/span><\/span><span class=\"EOP SCXW8910858 BCX8\" data-ccp-props=\"{&quot;134233117&quot;:true,&quot;134233118&quot;:true,&quot;201341983&quot;:0,&quot;335551550&quot;:6,&quot;335551620&quot;:6,&quot;335559740&quot;:240}\">\u00a0<\/span><\/strong><\/td>\n<td style=\"width: 32.6559%;height: 24px\"><strong><span class=\"TextRun SCXW8910858 BCX8\" lang=\"FI-FI\" xml:lang=\"FI-FI\" data-contrast=\"none\"><span class=\"NormalTextRun SCXW8910858 BCX8\" data-ccp-charstyle=\"normaltextrun\" data-ccp-charstyle-defn=\"{&quot;ObjectId&quot;:&quot;ac0262f4-8a9e-5820-b908-2d943c5f7113|1&quot;,&quot;ClassId&quot;:1073872969,&quot;Properties&quot;:[201342446,&quot;1&quot;,201342447,&quot;5&quot;,201342448,&quot;1&quot;,201342449,&quot;1&quot;,469777841,&quot;Calibri&quot;,469777842,&quot;&quot;,469777843,&quot;Calibri&quot;,469777844,&quot;Calibri&quot;,201341986,&quot;1&quot;,469769226,&quot;Calibri&quot;,268442635,&quot;22&quot;,469775450,&quot;normaltextrun&quot;,201340122,&quot;1&quot;,134233614,&quot;true&quot;,469778129,&quot;normaltextrun&quot;,335572020,&quot;1&quot;,469778324,&quot;Default Paragraph Font&quot;]}\">Opintojakso edellytt\u00e4\u00e4 <\/span><span class=\"NormalTextRun SpellingErrorV2Themed SCXW8910858 BCX8\" data-ccp-charstyle=\"normaltextrun\">KiVANETin<\/span><span class=\"NormalTextRun SCXW8910858 BCX8\" data-ccp-charstyle=\"normaltextrun\"> Saksa <\/span><span class=\"NormalTextRun ContextualSpellingAndGrammarErrorV2Themed SCXW8910858 BCX8\" data-ccp-charstyle=\"normaltextrun\">1-<\/span><span class=\"NormalTextRun ContextualSpellingAndGrammarErrorV2Themed SCXW8910858 BCX8\" data-ccp-charstyle=\"normaltextrun\">2<\/span><span class=\"NormalTextRun SCXW8910858 BCX8\" data-ccp-charstyle=\"normaltextrun\"> suorittamista tai vastaavaa osaamista saksan kieless\u00e4. Opiskelija on saavuttanut taitotason <\/span><span class=\"NormalTextRun SCXW8910858 BCX8\" data-ccp-charstyle=\"normaltextrun\">A<\/span><span class=\"NormalTextRun SCXW8910858 BCX8\" data-ccp-charstyle=\"normaltextrun\">1<\/span><span class=\"NormalTextRun SCXW8910858 BCX8\" data-ccp-charstyle=\"normaltextrun\">.2<\/span><span class=\"NormalTextRun SCXW8910858 BCX8\" data-ccp-charstyle=\"normaltextrun\"> aikaisemmissa opinnoissaan.<\/span><span class=\"NormalTextRun SCXW8910858 BCX8\" data-ccp-charstyle=\"eop\" data-ccp-charstyle-defn=\"{&quot;ObjectId&quot;:&quot;920dbcde-2834-5e15-a5fa-062170b236ba|1&quot;,&quot;ClassId&quot;:1073872969,&quot;Properties&quot;:[201342446,&quot;1&quot;,201342447,&quot;5&quot;,201342448,&quot;1&quot;,201342449,&quot;1&quot;,469777841,&quot;Calibri&quot;,469777842,&quot;&quot;,469777843,&quot;Calibri&quot;,469777844,&quot;Calibri&quot;,201341986,&quot;1&quot;,469769226,&quot;Calibri&quot;,268442635,&quot;22&quot;,469775450,&quot;eop&quot;,201340122,&quot;1&quot;,134233614,&quot;true&quot;,469778129,&quot;eop&quot;,335572020,&quot;1&quot;,469778324,&quot;Default Paragraph Font&quot;]}\">\u202f<\/span><\/span><span class=\"EOP SCXW8910858 BCX8\" data-ccp-props=\"{&quot;134233117&quot;:true,&quot;134233118&quot;:true,&quot;201341983&quot;:0,&quot;335551550&quot;:6,&quot;335551620&quot;:6,&quot;335559740&quot;:240}\">\u00a0<\/span><\/strong><\/td>\n<\/tr>\n<\/tbody>\n<\/table>\n<h2><strong>Kurssikuvaus<\/strong><\/h2>\n<h3><b><span data-contrast=\"auto\">Sis\u00e4lt\u00f6<\/span><\/b><span data-contrast=\"auto\">\u202f\u202f<\/span><span data-ccp-props=\"{&quot;134233117&quot;:true,&quot;134233118&quot;:true,&quot;201341983&quot;:0,&quot;335551550&quot;:6,&quot;335551620&quot;:6,&quot;335559739&quot;:160,&quot;335559740&quot;:240}\">\u00a0<\/span><\/h3>\n<p><span data-contrast=\"auto\">Saksa 3 \u2013verkko-opintojaksolla opiskelija syvent\u00e4\u00e4 saksan kielen taitojaan. Teemana opintojaksolla ovat <\/span><span data-contrast=\"none\">opinnot, opiskelija-arkeen liittyv\u00e4t tilanteet, erilaiset asiakaspalvelutilanteet sek\u00e4 l\u00e4\u00e4k\u00e4riss\u00e4 \u202fja apteekissa k\u00e4ynti.\u202f<\/span><span data-ccp-props=\"{&quot;134233117&quot;:true,&quot;134233118&quot;:true,&quot;201341983&quot;:0,&quot;335551550&quot;:6,&quot;335551620&quot;:6,&quot;335559739&quot;:160,&quot;335559740&quot;:240}\">\u00a0<\/span><\/p>\n<p><span data-contrast=\"auto\">Opintojakso koostuu kolmesta yhden opintopisteen moduulista:\u202f<\/span><span data-ccp-props=\"{&quot;134233117&quot;:true,&quot;134233118&quot;:true,&quot;201341983&quot;:0,&quot;335551550&quot;:6,&quot;335551620&quot;:6,&quot;335559739&quot;:160,&quot;335559740&quot;:240}\">\u00a0<\/span><\/p>\n<ul>\n<li data-leveltext=\"\uf0b7\" data-font=\"Symbol\" data-listid=\"12\" data-list-defn-props=\"{&quot;335552541&quot;:1,&quot;335559685&quot;:720,&quot;335559991&quot;:360,&quot;469769226&quot;:&quot;Symbol&quot;,&quot;469769242&quot;:[8226],&quot;469777803&quot;:&quot;left&quot;,&quot;469777804&quot;:&quot;\uf0b7&quot;,&quot;469777815&quot;:&quot;hybridMultilevel&quot;}\" data-aria-posinset=\"1\" data-aria-level=\"1\"><span data-contrast=\"auto\">Das Studium \/ Opinnot<\/span><span data-ccp-props=\"{&quot;134233117&quot;:true,&quot;134233118&quot;:true,&quot;201341983&quot;:0,&quot;335551550&quot;:6,&quot;335551620&quot;:6,&quot;335559739&quot;:160,&quot;335559740&quot;:240}\">\u00a0<\/span><\/li>\n<li data-leveltext=\"\uf0b7\" data-font=\"Symbol\" data-listid=\"12\" data-list-defn-props=\"{&quot;335552541&quot;:1,&quot;335559685&quot;:720,&quot;335559991&quot;:360,&quot;469769226&quot;:&quot;Symbol&quot;,&quot;469769242&quot;:[8226],&quot;469777803&quot;:&quot;left&quot;,&quot;469777804&quot;:&quot;\uf0b7&quot;,&quot;469777815&quot;:&quot;hybridMultilevel&quot;}\" data-aria-posinset=\"2\" data-aria-level=\"1\"><span data-contrast=\"auto\">Der Alltag \/ Arkip\u00e4iv\u00e4n tilanteet<\/span><span data-ccp-props=\"{&quot;134233117&quot;:true,&quot;134233118&quot;:true,&quot;201341983&quot;:0,&quot;335551550&quot;:6,&quot;335551620&quot;:6,&quot;335559739&quot;:160,&quot;335559740&quot;:240}\">\u00a0<\/span><\/li>\n<li data-leveltext=\"\uf0b7\" data-font=\"Symbol\" data-listid=\"12\" data-list-defn-props=\"{&quot;335552541&quot;:1,&quot;335559685&quot;:720,&quot;335559991&quot;:360,&quot;469769226&quot;:&quot;Symbol&quot;,&quot;469769242&quot;:[8226],&quot;469777803&quot;:&quot;left&quot;,&quot;469777804&quot;:&quot;\uf0b7&quot;,&quot;469777815&quot;:&quot;hybridMultilevel&quot;}\" data-aria-posinset=\"3\" data-aria-level=\"1\"><span data-contrast=\"auto\">Beim Arzt \/ L\u00e4\u00e4k\u00e4riss\u00e4<\/span><span data-ccp-props=\"{&quot;134233117&quot;:true,&quot;134233118&quot;:true,&quot;201341983&quot;:0,&quot;335551550&quot;:6,&quot;335551620&quot;:6,&quot;335559739&quot;:200,&quot;335559740&quot;:276}\">\u00a0<\/span><\/li>\n<\/ul>\n<p><span data-contrast=\"auto\">Sanastoteemat: <\/span><span data-contrast=\"none\">Opiskelu, asiakaspalvelu, l\u00e4\u00e4k\u00e4ri- ja apteekkitilanteet, hyvinvointi<\/span><span data-ccp-props=\"{&quot;201341983&quot;:0,&quot;335559739&quot;:200,&quot;335559740&quot;:276}\">\u00a0<\/span><\/p>\n<p><span data-contrast=\"auto\">Rakenneteemat: <\/span><span data-contrast=\"none\">Perfektin kertaus, vaihtoprepositiot ja imperatiivi, p\u00e4iv\u00e4m\u00e4\u00e4r\u00e4t ja j\u00e4rjestysluvut, adjektiivien vertailu, modaaliverbien imperfekti, suomen konditionaalin vastineita, sollen-verbin k\u00e4ytt\u00f6, refleksiiviverbit, adjektiivin taivutus alustavasti<\/span><span data-ccp-props=\"{&quot;201341983&quot;:0,&quot;335559739&quot;:200,&quot;335559740&quot;:276}\">\u00a0<\/span><\/p>\n<h3><b><span data-contrast=\"auto\">Osaamistavoitteet\u202f<\/span><\/b><span data-contrast=\"auto\">\u202f<\/span><span data-ccp-props=\"{&quot;134233117&quot;:true,&quot;134233118&quot;:true,&quot;201341983&quot;:0,&quot;335551550&quot;:6,&quot;335551620&quot;:6,&quot;335559739&quot;:160,&quot;335559740&quot;:240}\">\u00a0<\/span><\/h3>\n<p><span data-contrast=\"none\">T\u00e4m\u00e4n opintojakson j\u00e4lkeen <\/span><span data-contrast=\"auto\">opiskelija:\u202f<\/span><span data-contrast=\"auto\">\u202f<\/span><span data-ccp-props=\"{&quot;134233117&quot;:true,&quot;134233118&quot;:true,&quot;201341983&quot;:0,&quot;335559739&quot;:160,&quot;335559740&quot;:240}\">\u00a0<\/span><\/p>\n<ul>\n<li data-leveltext=\"\uf0b7\" data-font=\"Symbol\" data-listid=\"18\" data-list-defn-props=\"{&quot;335552541&quot;:1,&quot;335559685&quot;:720,&quot;335559991&quot;:360,&quot;469769226&quot;:&quot;Symbol&quot;,&quot;469769242&quot;:[8226],&quot;469777803&quot;:&quot;left&quot;,&quot;469777804&quot;:&quot;\uf0b7&quot;,&quot;469777815&quot;:&quot;hybridMultilevel&quot;}\" data-aria-posinset=\"1\" data-aria-level=\"1\"><span data-contrast=\"none\">Osaa kertoa opinnoistaan ja asumisestaan.<\/span><span data-ccp-props=\"{&quot;134233117&quot;:false,&quot;134233118&quot;:false,&quot;201341983&quot;:2,&quot;335559737&quot;:240,&quot;335559738&quot;:300,&quot;335559739&quot;:300,&quot;335559740&quot;:300}\">\u00a0<\/span><\/li>\n<li data-leveltext=\"\uf0b7\" data-font=\"Symbol\" data-listid=\"18\" data-list-defn-props=\"{&quot;335552541&quot;:1,&quot;335559685&quot;:720,&quot;335559991&quot;:360,&quot;469769226&quot;:&quot;Symbol&quot;,&quot;469769242&quot;:[8226],&quot;469777803&quot;:&quot;left&quot;,&quot;469777804&quot;:&quot;\uf0b7&quot;,&quot;469777815&quot;:&quot;hybridMultilevel&quot;}\" data-aria-posinset=\"2\" data-aria-level=\"1\"><span data-contrast=\"none\">osaa toimia arkip\u00e4iv\u00e4n tilanteissa (esim. ostoksilla, lippuautomaatilla, ravintolassa, postissa, itsepalvelupesulassa, leipomossa, kampaajalla\/parturissa ja apteekissa asiointi).<\/span><span data-ccp-props=\"{&quot;134233117&quot;:false,&quot;134233118&quot;:false,&quot;201341983&quot;:2,&quot;335559737&quot;:240,&quot;335559738&quot;:300,&quot;335559739&quot;:300,&quot;335559740&quot;:300}\">\u00a0<\/span><\/li>\n<li data-leveltext=\"\uf0b7\" data-font=\"Symbol\" data-listid=\"18\" data-list-defn-props=\"{&quot;335552541&quot;:1,&quot;335559685&quot;:720,&quot;335559991&quot;:360,&quot;469769226&quot;:&quot;Symbol&quot;,&quot;469769242&quot;:[8226],&quot;469777803&quot;:&quot;left&quot;,&quot;469777804&quot;:&quot;\uf0b7&quot;,&quot;469777815&quot;:&quot;hybridMultilevel&quot;}\" data-aria-posinset=\"3\" data-aria-level=\"1\"><span data-contrast=\"none\">osaa sopia tapaamisesta.\u00a0<\/span><span data-ccp-props=\"{&quot;134233117&quot;:false,&quot;134233118&quot;:false,&quot;201341983&quot;:2,&quot;335559737&quot;:240,&quot;335559738&quot;:300,&quot;335559739&quot;:300,&quot;335559740&quot;:300}\">\u00a0<\/span><\/li>\n<li data-leveltext=\"\uf0b7\" data-font=\"Symbol\" data-listid=\"18\" data-list-defn-props=\"{&quot;335552541&quot;:1,&quot;335559685&quot;:720,&quot;335559991&quot;:360,&quot;469769226&quot;:&quot;Symbol&quot;,&quot;469769242&quot;:[8226],&quot;469777803&quot;:&quot;left&quot;,&quot;469777804&quot;:&quot;\uf0b7&quot;,&quot;469777815&quot;:&quot;hybridMultilevel&quot;}\" data-aria-posinset=\"4\" data-aria-level=\"1\"><span data-contrast=\"none\">osaa tehd\u00e4 ajanvarauksen l\u00e4\u00e4k\u00e4rille ja viesti\u00e4 vastaanotolla.<\/span><span data-ccp-props=\"{&quot;134233117&quot;:false,&quot;134233118&quot;:false,&quot;201341983&quot;:2,&quot;335559737&quot;:240,&quot;335559738&quot;:300,&quot;335559739&quot;:300,&quot;335559740&quot;:300}\">\u00a0<\/span><\/li>\n<li data-leveltext=\"\uf0b7\" data-font=\"Symbol\" data-listid=\"18\" data-list-defn-props=\"{&quot;335552541&quot;:1,&quot;335559685&quot;:720,&quot;335559991&quot;:360,&quot;469769226&quot;:&quot;Symbol&quot;,&quot;469769242&quot;:[8226],&quot;469777803&quot;:&quot;left&quot;,&quot;469777804&quot;:&quot;\uf0b7&quot;,&quot;469777815&quot;:&quot;hybridMultilevel&quot;}\" data-aria-posinset=\"5\" data-aria-level=\"1\"><span data-contrast=\"none\">osaa k\u00e4ytt\u00e4\u00e4 maantieteellisi\u00e4 nimi\u00e4 saksan kielell\u00e4.<\/span><span data-ccp-props=\"{&quot;134233117&quot;:false,&quot;134233118&quot;:false,&quot;201341983&quot;:2,&quot;335559737&quot;:240,&quot;335559738&quot;:300,&quot;335559739&quot;:300,&quot;335559740&quot;:300}\">\u00a0<\/span><\/li>\n<li data-leveltext=\"\uf0b7\" data-font=\"Symbol\" data-listid=\"18\" data-list-defn-props=\"{&quot;335552541&quot;:1,&quot;335559685&quot;:720,&quot;335559991&quot;:360,&quot;469769226&quot;:&quot;Symbol&quot;,&quot;469769242&quot;:[8226],&quot;469777803&quot;:&quot;left&quot;,&quot;469777804&quot;:&quot;\uf0b7&quot;,&quot;469777815&quot;:&quot;hybridMultilevel&quot;}\" data-aria-posinset=\"6\" data-aria-level=\"1\"><span data-contrast=\"none\">osaa vertailla adjektiiveja ja adverbeja, k\u00e4ytt\u00e4\u00e4 imperatiivia ja refleksiiviverbej\u00e4, osaa suomen konditionaalin vastineet saksassa ja on tutustunut vaihtoprepositioihin.<\/span><span data-ccp-props=\"{&quot;134233117&quot;:false,&quot;134233118&quot;:false,&quot;201341983&quot;:2,&quot;335559737&quot;:240,&quot;335559738&quot;:300,&quot;335559739&quot;:300,&quot;335559740&quot;:300}\">\u00a0<\/span><\/li>\n<\/ul>\n<h3><b><span data-contrast=\"auto\">Oppimateriaali<\/span><\/b><span data-contrast=\"auto\">\u202f\u202f\u202f<\/span><span data-ccp-props=\"{&quot;134233117&quot;:true,&quot;134233118&quot;:true,&quot;201341983&quot;:0,&quot;335551550&quot;:6,&quot;335551620&quot;:6,&quot;335559739&quot;:160,&quot;335559740&quot;:240}\">\u00a0<\/span><\/h3>\n<p><span data-contrast=\"auto\">Oppimateriaali on<\/span> <span data-contrast=\"auto\">digitaalisella oppimisalustalla.\u202f\u202f<\/span><\/p>\n<h3><b><span data-contrast=\"auto\">Opetus- ja arviointimenetelm\u00e4t<\/span><\/b><span data-contrast=\"auto\">\u202f\u202f\u202f<\/span><span data-ccp-props=\"{&quot;134233117&quot;:true,&quot;134233118&quot;:true,&quot;201341983&quot;:0,&quot;335551550&quot;:6,&quot;335551620&quot;:6,&quot;335559739&quot;:160,&quot;335559740&quot;:240}\">\u00a0<\/span><\/h3>\n<p><span data-contrast=\"none\">Opetus ja harjoitusteht\u00e4v\u00e4t digitaalisella alustalla.\u202f<\/span><span data-ccp-props=\"{&quot;134233117&quot;:true,&quot;134233118&quot;:true,&quot;201341983&quot;:0,&quot;335551550&quot;:6,&quot;335551620&quot;:6,&quot;335559739&quot;:160,&quot;335559740&quot;:240}\">\u00a0<\/span><\/p>\n<p><span data-contrast=\"none\">Kussakin moduulissa on 1-2 moduulitesti\u00e4. Opintojakson p\u00e4\u00e4tteeksi on loppukoe.<\/span><span data-ccp-props=\"{&quot;134233117&quot;:true,&quot;134233118&quot;:true,&quot;201341983&quot;:0,&quot;335551550&quot;:6,&quot;335551620&quot;:6,&quot;335559739&quot;:160,&quot;335559740&quot;:240}\">\u00a0<\/span><\/p>\n<h3><b><span data-contrast=\"auto\">Arvosteluasteikko<\/span><\/b><span data-contrast=\"auto\">\u202f<\/span><b><span data-contrast=\"none\">ja arviointikriteerit<\/span><\/b><span data-contrast=\"none\">\u202f\u202f<\/span><span data-contrast=\"auto\">\u202f<\/span><span data-ccp-props=\"{&quot;134233117&quot;:true,&quot;134233118&quot;:true,&quot;201341983&quot;:0,&quot;335551550&quot;:6,&quot;335551620&quot;:6,&quot;335559739&quot;:160,&quot;335559740&quot;:240}\">\u00a0<\/span><\/h3>\n<p><span data-contrast=\"auto\">Opintojaksosuoritus arvostellaan asteikolla 0-5<\/span><span data-ccp-props=\"{&quot;134233117&quot;:true,&quot;134233118&quot;:true,&quot;201341983&quot;:0,&quot;335551550&quot;:6,&quot;335551620&quot;:6,&quot;335559739&quot;:160,&quot;335559740&quot;:240}\">\u00a0<\/span><\/p>\n<p><span data-contrast=\"none\">Opintojakson harjoitukset\/ harjoitustentit t\u00e4ytyy suorittaa hyv\u00e4ksytysti.\u202f<\/span><span data-contrast=\"none\">Harjoituksissa hyv\u00e4ksymisraja on 50 %.<\/span><span data-ccp-props=\"{&quot;134233117&quot;:false,&quot;134233118&quot;:false,&quot;201341983&quot;:2,&quot;335559738&quot;:0,&quot;335559739&quot;:0,&quot;335559740&quot;:300}\">\u00a0<\/span><\/p>\n<p><b><span data-contrast=\"none\">Moduulikohtaisissa tenteiss\u00e4<\/span><\/b><span data-contrast=\"none\">\u202farviointi on<\/span><b><span data-contrast=\"none\">\u202f0-3 p<\/span><\/b><span data-contrast=\"none\">. N\u00e4ist\u00e4 saadut pisteet lasketaan osaksi lopputentin arviointia eli maksimissaan opiskelija voi moduulikohtaisilla tenteill\u00e4 ker\u00e4t\u00e4 kokeeseen jo\u202f<\/span><b><span data-contrast=\"none\">5 x 3 = 15 pistett\u00e4.<\/span><\/b><span data-ccp-props=\"{&quot;134233117&quot;:false,&quot;134233118&quot;:false,&quot;201341983&quot;:2,&quot;335559738&quot;:0,&quot;335559739&quot;:0,&quot;335559740&quot;:300}\">\u00a0<\/span><\/p>\n<p><span data-contrast=\"none\">Lopputentiss\u00e4 alimpaan hyv\u00e4ksyttyyn arvosanaan tarvitaan v\u00e4hint\u00e4\u00e4n 50 % pisteist\u00e4, arvosanan 3 alaraja on 70 % pisteist\u00e4 ja arvosanan 5 alaraja on 90 % pisteist\u00e4.<\/span><span data-ccp-props=\"{&quot;134233117&quot;:false,&quot;134233118&quot;:false,&quot;201341983&quot;:2,&quot;335559738&quot;:0,&quot;335559739&quot;:300,&quot;335559740&quot;:300}\">\u00a0<\/span><\/p>\n<h3><b><span data-contrast=\"auto\">Ty\u00f6m\u00e4\u00e4r\u00e4\u00a0<\/span><\/b><\/h3>\n<p><span data-contrast=\"none\">Yhteens\u00e4 81h. Yksi opintopiste vastaa 27h opiskelijan ty\u00f6t\u00e4 (3 x 27h = 81h).\u202f\u202f<\/span><span data-ccp-props=\"{&quot;134233117&quot;:false,&quot;134233118&quot;:false,&quot;201341983&quot;:2,&quot;335559738&quot;:0,&quot;335559739&quot;:0,&quot;335559740&quot;:300}\">\u00a0<\/span><\/p>\n<h2><strong><a href=\"https:\/\/link.webropol.com\/s\/kivanetsyksy25\" target=\"_blank\" rel=\"noopener\">Linkki ilmoittautumiseen<\/a> aukeaa 13.8. Molempiin ryhmiin ilmoittaudutaan saman linkin kautta.<\/strong><\/h2>\n","protected":false},"excerpt":{"rendered":"<p>\u00a0J\u00e4rjest\u00e4v\u00e4 korkeakoulu \u00a0SeAMK \u00a0OAMK \u00a0Opetuskieli \u00a0suomi \u00a0suomi \u00a0Ajoitus \u00a0Kurssi auki Moodlessa: alkaen 29.9.25 \u00a0Kurssi auki Moodlessa: 27.10.-21.12.2025 \u00a0Verkkotapaamisten aikataulu Vapaaehtoiset\u00a0verkkotapaamiset: 10.10.25 klo 13.15-14.45 31.10.25 klo 13.15-14.45 14.11.25 klo 13.15-14.45 28.11.25 klo 13.15-14.45 12.12.25 klo 13.15-14.45 \u00a0L\u00e4hitapaamiset Zoomissa klo 10.00-11.30 \u00a031.10., \u00a014.11., \u00a028.11., \u00a012.12.\u00a0 \u00a0 \u00a0Tentti Moodlessa Lopputentti KE 17.12.25 klo 8.00 &#8211; 20.00 Uusinta 1: [&hellip;]<\/p>\n","protected":false},"author":185,"featured_media":0,"parent":2266,"menu_order":0,"comment_status":"closed","ping_status":"closed","template":"","meta":{"_acf_changed":false,"footnotes":""},"class_list":["post-2279","page","type-page","status-publish","hentry"],"acf":[],"lang":"fi","translations":{"fi":2279},"pll_sync_post":[],"_links":{"self":[{"href":"https:\/\/sites.uwasa.fi\/kivanet\/wp-json\/wp\/v2\/pages\/2279"}],"collection":[{"href":"https:\/\/sites.uwasa.fi\/kivanet\/wp-json\/wp\/v2\/pages"}],"about":[{"href":"https:\/\/sites.uwasa.fi\/kivanet\/wp-json\/wp\/v2\/types\/page"}],"author":[{"embeddable":true,"href":"https:\/\/sites.uwasa.fi\/kivanet\/wp-json\/wp\/v2\/users\/185"}],"replies":[{"embeddable":true,"href":"https:\/\/sites.uwasa.fi\/kivanet\/wp-json\/wp\/v2\/comments?post=2279"}],"version-history":[{"count":12,"href":"https:\/\/sites.uwasa.fi\/kivanet\/wp-json\/wp\/v2\/pages\/2279\/revisions"}],"predecessor-version":[{"id":3441,"href":"https:\/\/sites.uwasa.fi\/kivanet\/wp-json\/wp\/v2\/pages\/2279\/revisions\/3441"}],"up":[{"embeddable":true,"href":"https:\/\/sites.uwasa.fi\/kivanet\/wp-json\/wp\/v2\/pages\/2266"}],"wp:attachment":[{"href":"https:\/\/sites.uwasa.fi\/kivanet\/wp-json\/wp\/v2\/media?parent=2279"}],"curies":[{"name":"wp","href":"https:\/\/api.w.org\/{rel}","templated":true}]}}