{"id":1855,"date":"2024-11-05T09:00:52","date_gmt":"2024-11-05T07:00:52","guid":{"rendered":"https:\/\/sites.uwasa.fi\/kivanet\/?page_id=1855"},"modified":"2025-10-29T12:40:32","modified_gmt":"2025-10-29T10:40:32","slug":"french","status":"publish","type":"page","link":"https:\/\/sites.uwasa.fi\/kivanet\/kurssitarjonta\/kevat-2026\/ranska\/french\/","title":{"rendered":"French"},"content":{"rendered":"<p>Opetuskieli on englanti.<\/p>\n<p><strong>Opintojaksoa ei j\u00e4rjestet\u00e4 kev\u00e4\u00e4ll\u00e4 2026. &#8211; Not offered in the spring term 2026.<\/strong><\/p>\n","protected":false},"excerpt":{"rendered":"<p>Opetuskieli on englanti. Opintojaksoa ei j\u00e4rjestet\u00e4 kev\u00e4\u00e4ll\u00e4 2026. &#8211; Not offered in the spring term 2026.<\/p>\n","protected":false},"author":185,"featured_media":0,"parent":670,"menu_order":0,"comment_status":"closed","ping_status":"closed","template":"","meta":{"_acf_changed":false,"footnotes":""},"class_list":["post-1855","page","type-page","status-publish","hentry"],"acf":[],"lang":"fi","translations":{"fi":1855},"pll_sync_post":[],"_links":{"self":[{"href":"https:\/\/sites.uwasa.fi\/kivanet\/wp-json\/wp\/v2\/pages\/1855"}],"collection":[{"href":"https:\/\/sites.uwasa.fi\/kivanet\/wp-json\/wp\/v2\/pages"}],"about":[{"href":"https:\/\/sites.uwasa.fi\/kivanet\/wp-json\/wp\/v2\/types\/page"}],"author":[{"embeddable":true,"href":"https:\/\/sites.uwasa.fi\/kivanet\/wp-json\/wp\/v2\/users\/185"}],"replies":[{"embeddable":true,"href":"https:\/\/sites.uwasa.fi\/kivanet\/wp-json\/wp\/v2\/comments?post=1855"}],"version-history":[{"count":6,"href":"https:\/\/sites.uwasa.fi\/kivanet\/wp-json\/wp\/v2\/pages\/1855\/revisions"}],"predecessor-version":[{"id":3643,"href":"https:\/\/sites.uwasa.fi\/kivanet\/wp-json\/wp\/v2\/pages\/1855\/revisions\/3643"}],"up":[{"embeddable":true,"href":"https:\/\/sites.uwasa.fi\/kivanet\/wp-json\/wp\/v2\/pages\/670"}],"wp:attachment":[{"href":"https:\/\/sites.uwasa.fi\/kivanet\/wp-json\/wp\/v2\/media?parent=1855"}],"curies":[{"name":"wp","href":"https:\/\/api.w.org\/{rel}","templated":true}]}}