{"id":1834,"date":"2024-11-01T13:30:18","date_gmt":"2024-11-01T11:30:18","guid":{"rendered":"https:\/\/sites.uwasa.fi\/kivanet\/?page_id=1834"},"modified":"2025-12-18T10:51:45","modified_gmt":"2025-12-18T08:51:45","slug":"viro-2","status":"publish","type":"page","link":"https:\/\/sites.uwasa.fi\/kivanet\/kurssitarjonta\/kevat-2026\/viro\/viro-2\/","title":{"rendered":"Viro 2"},"content":{"rendered":"<table style=\"border-collapse: collapse;width: 100%\" border=\"1\">\n<tbody>\n<tr style=\"height: 24px\">\n<td style=\"width: 18.5571%;height: 24px\"><strong>\u00a0J\u00e4rjest\u00e4v\u00e4 korkeakoulu<\/strong><\/td>\n<td style=\"width: 36.5429%;height: 24px\"><strong>\u00a0<\/strong><\/td>\n<\/tr>\n<tr style=\"height: 24px\">\n<td style=\"width: 18.5571%;height: 24px\"><strong>\u00a0Opetuskieli<\/strong><\/td>\n<td style=\"width: 36.5429%;height: 24px\"><strong>\u00a0suomi<\/strong><\/td>\n<\/tr>\n<tr style=\"height: 24px\">\n<td style=\"width: 18.5571%;height: 24px\"><strong>\u00a0Ajoitus<\/strong><\/td>\n<td style=\"width: 36.5429%;height: 24px\"><\/td>\n<\/tr>\n<tr style=\"height: 24px\">\n<td style=\"width: 18.5571%;height: 36px\"><strong>\u00a0Verkkotapaamisten aikataulu<\/strong><\/td>\n<td style=\"width: 36.5429%;height: 36px\"><\/td>\n<\/tr>\n<tr style=\"height: 32px\">\n<td style=\"width: 18.5571%;height: 32px\"><strong>\u00a0Tentti Moodlessa<\/strong><strong><br \/>\n<\/strong><\/td>\n<td style=\"width: 36.5429%;height: 32px\"><\/td>\n<\/tr>\n<tr style=\"height: 24px\">\n<td style=\"width: 18.5571%;height: 24px\"><strong>\u00a0CEFR-taso<\/strong><\/td>\n<td style=\"width: 36.5429%;height: 24px\"><strong>\u00a0L\u00e4ht\u00f6taso A1.3 &gt; tavoitetaso A2.2<\/strong><\/td>\n<\/tr>\n<tr style=\"height: 24px\">\n<td style=\"width: 18.5571%;height: 24px\"><strong>\u00a0Opintopisteet<\/strong><\/td>\n<td style=\"width: 36.5429%;height: 24px\"><strong>\u00a05<\/strong><\/td>\n<\/tr>\n<tr style=\"height: 24px\">\n<td style=\"width: 18.5571%;height: 24px\"><strong>\u00a0Esitiedot<\/strong><\/td>\n<td style=\"width: 36.5429%;height: 24px\"><strong><span class=\"TextRun SCXW266851346 BCX8\" lang=\"FI-FI\" xml:lang=\"FI-FI\" data-contrast=\"auto\"><span class=\"NormalTextRun SCXW266851346 BCX8\">\u00a0Opiskelija on saavuttanut taitotason A1.3 aiemmissa opinnoissaan.<\/span><\/span><\/strong><\/td>\n<\/tr>\n<\/tbody>\n<\/table>\n<h2>Kurssikuvaus<\/h2>\n<p><strong>Sis\u00e4lt\u00f6<\/strong><\/p>\n<p>Tere tulemast j\u00e4tkama eesti keele \u00f5pinguid! Tervetuloa jatkamaan viron opintoja!<\/p>\n<p>T\u00e4ll\u00e4 opintojaksolla opit:<\/p>\n<ul>\n<li>kertomaan kodista ja asumisesta<\/li>\n<li>kertomaan opiskelualastasi ja tekem\u00e4\u00e4n video-CV:n<\/li>\n<li>kysym\u00e4\u00e4n ja neuvomaan tiet\u00e4<\/li>\n<li>varaamaan p\u00f6yd\u00e4n ja asioimaan ravintolassa<\/li>\n<li>varaamaan ajan ja asioimaan mm. l\u00e4\u00e4k\u00e4riss\u00e4, parturissa\/kampaajalla ja apteekki<\/li>\n<li>ymm\u00e4rt\u00e4m\u00e4\u00e4n s\u00e4\u00e4ennusteita sek\u00e4 keskustelemaan s\u00e4\u00e4st\u00e4<\/li>\n<li>varaamaan hotellihuoneen ja kirjautumaan hotelliin<\/li>\n<li>kertomaan vapaa-ajasta ja harrastuksista<\/li>\n<li>luonto- ja el\u00e4insanastoa<\/li>\n<li>lis\u00e4\u00e4 Viron maatietoutta ja tapakulttuuria<\/li>\n<\/ul>\n<p><strong>Osaamistavoitteet:<\/strong><\/p>\n<p>T\u00e4m\u00e4n opintojakson j\u00e4lkeen osaat:<\/p>\n<ul>\n<li>selviyty\u00e4 monenlaisista yksinkertaisista viestint\u00e4tilanteista arjessa, opinnoissa ja ty\u00f6ss\u00e4<\/li>\n<li>ymm\u00e4rt\u00e4\u00e4 yksinkertaisen puheen tai tekstin p\u00e4\u00e4ajatukset<\/li>\n<li>kirjoittaa opintojakson aihepiiriin liittyvi\u00e4 lyhyit\u00e4 tekstej\u00e4<\/li>\n<li>lis\u00e4\u00e4 kielen perussanastoa ja \u2013rakenteita<\/li>\n<\/ul>\n<p><strong>Oppimateriaali<\/strong><\/p>\n<p>Kaikki oppimateriaali digitaalisella oppimisalustalla (Digicampus).<\/p>\n<p><strong>Opetus- ja arviointimenetelm\u00e4t<\/strong><\/p>\n<p>Harjoittelet itsen\u00e4isesti tekstien, \u00e4\u00e4nitteiden, videoiden ja interaktiivisten harjoitusten avulla oppimisalustalla. Teet itsen\u00e4isesti suoritettavia oppimisteht\u00e4vi\u00e4, jotka arvioidaan. Opintojakso sis\u00e4lt\u00e4\u00e4 vapaaehtoisia verkko-oppitunteja. Opintojaksoon voi my\u00f6s sis\u00e4lty\u00e4 toteutuksesta riippuen pariteht\u00e4vi\u00e4, jotka tehd\u00e4\u00e4n parin kanssa erikseen sovittuina ajankohtina.<\/p>\n<p>Arviointimenetelm\u00e4t ovat oppilaitoskohtaiset. Arviointi perustuu toteutuksesta riippuen suppeampiin oppimisteht\u00e4viin ja lopputenttiin tai laajempiin oppimisteht\u00e4viin.<\/p>\n<p><strong>Arviointiasteikko ja arviointikriteerit<\/strong><\/p>\n<p>Hyv\u00e4ksytty\/hyl\u00e4tty tai asteikolla 0-5 niin opiskelijan halutessa.<\/p>\n<p><strong>Ty\u00f6m\u00e4\u00e4r\u00e4 toteutustavoittain<\/strong><\/p>\n<ul>\n<li>Itsen\u00e4inen ty\u00f6skentely (sis\u00e4lt\u00e4\u00e4 oppimisteht\u00e4v\u00e4t) 115-125 h<\/li>\n<li>Vapaaehtoiset oppitunnit tai vastaavasti asioiden opiskelu itsen\u00e4isesti 8h<\/li>\n<li>Toteutuksesta riippuen pariteht\u00e4v\u00e4t 0-10 h<\/li>\n<\/ul>\n<p>Yhteens\u00e4 135 h. Yksi opintopiste vastaa 27 h opiskelijan ty\u00f6t\u00e4 (5 x 27 h = 135 h).<\/p>\n<h2><strong>Ilmoittautuminen 1.12.2025-11.1.2026.<\/strong><\/h2>\n<p>&nbsp;<\/p>\n","protected":false},"excerpt":{"rendered":"<p>\u00a0J\u00e4rjest\u00e4v\u00e4 korkeakoulu \u00a0 \u00a0Opetuskieli \u00a0suomi \u00a0Ajoitus \u00a0Verkkotapaamisten aikataulu \u00a0Tentti Moodlessa \u00a0CEFR-taso \u00a0L\u00e4ht\u00f6taso A1.3 &gt; tavoitetaso A2.2 \u00a0Opintopisteet \u00a05 \u00a0Esitiedot \u00a0Opiskelija on saavuttanut taitotason A1.3 aiemmissa opinnoissaan. Kurssikuvaus Sis\u00e4lt\u00f6 Tere tulemast j\u00e4tkama eesti keele \u00f5pinguid! Tervetuloa jatkamaan viron opintoja! T\u00e4ll\u00e4 opintojaksolla opit: kertomaan kodista ja asumisesta kertomaan opiskelualastasi ja tekem\u00e4\u00e4n video-CV:n kysym\u00e4\u00e4n ja neuvomaan tiet\u00e4 varaamaan [&hellip;]<\/p>\n","protected":false},"author":185,"featured_media":0,"parent":679,"menu_order":0,"comment_status":"closed","ping_status":"closed","template":"","meta":{"_acf_changed":false,"footnotes":""},"class_list":["post-1834","page","type-page","status-publish","hentry"],"acf":[],"lang":"fi","translations":{"fi":1834},"pll_sync_post":[],"_links":{"self":[{"href":"https:\/\/sites.uwasa.fi\/kivanet\/wp-json\/wp\/v2\/pages\/1834"}],"collection":[{"href":"https:\/\/sites.uwasa.fi\/kivanet\/wp-json\/wp\/v2\/pages"}],"about":[{"href":"https:\/\/sites.uwasa.fi\/kivanet\/wp-json\/wp\/v2\/types\/page"}],"author":[{"embeddable":true,"href":"https:\/\/sites.uwasa.fi\/kivanet\/wp-json\/wp\/v2\/users\/185"}],"replies":[{"embeddable":true,"href":"https:\/\/sites.uwasa.fi\/kivanet\/wp-json\/wp\/v2\/comments?post=1834"}],"version-history":[{"count":15,"href":"https:\/\/sites.uwasa.fi\/kivanet\/wp-json\/wp\/v2\/pages\/1834\/revisions"}],"predecessor-version":[{"id":3777,"href":"https:\/\/sites.uwasa.fi\/kivanet\/wp-json\/wp\/v2\/pages\/1834\/revisions\/3777"}],"up":[{"embeddable":true,"href":"https:\/\/sites.uwasa.fi\/kivanet\/wp-json\/wp\/v2\/pages\/679"}],"wp:attachment":[{"href":"https:\/\/sites.uwasa.fi\/kivanet\/wp-json\/wp\/v2\/media?parent=1834"}],"curies":[{"name":"wp","href":"https:\/\/api.w.org\/{rel}","templated":true}]}}