{"id":180,"date":"2024-04-22T15:15:28","date_gmt":"2024-04-22T12:15:28","guid":{"rendered":"https:\/\/sites.uwasa.fi\/kivanet\/?page_id=180"},"modified":"2025-06-25T09:58:16","modified_gmt":"2025-06-25T06:58:16","slug":"viittomakieli","status":"publish","type":"page","link":"https:\/\/sites.uwasa.fi\/kivanet\/kurssitarjonta\/syksy-2024\/viittomakieli\/","title":{"rendered":"Suomalainen viittomakieli 1"},"content":{"rendered":"<h2><strong>Suomalainen viittomakieli 1 j\u00e4rjestet\u00e4\u00e4n kev\u00e4\u00e4ll\u00e4 2026.<\/strong><\/h2>\n","protected":false},"excerpt":{"rendered":"<p>Suomalainen viittomakieli 1 j\u00e4rjestet\u00e4\u00e4n kev\u00e4\u00e4ll\u00e4 2026.<\/p>\n","protected":false},"author":185,"featured_media":0,"parent":129,"menu_order":0,"comment_status":"closed","ping_status":"closed","template":"","meta":{"_acf_changed":false,"footnotes":""},"class_list":["post-180","page","type-page","status-publish","hentry"],"acf":[],"lang":"fi","translations":{"fi":180},"pll_sync_post":[],"_links":{"self":[{"href":"https:\/\/sites.uwasa.fi\/kivanet\/wp-json\/wp\/v2\/pages\/180"}],"collection":[{"href":"https:\/\/sites.uwasa.fi\/kivanet\/wp-json\/wp\/v2\/pages"}],"about":[{"href":"https:\/\/sites.uwasa.fi\/kivanet\/wp-json\/wp\/v2\/types\/page"}],"author":[{"embeddable":true,"href":"https:\/\/sites.uwasa.fi\/kivanet\/wp-json\/wp\/v2\/users\/185"}],"replies":[{"embeddable":true,"href":"https:\/\/sites.uwasa.fi\/kivanet\/wp-json\/wp\/v2\/comments?post=180"}],"version-history":[{"count":5,"href":"https:\/\/sites.uwasa.fi\/kivanet\/wp-json\/wp\/v2\/pages\/180\/revisions"}],"predecessor-version":[{"id":3445,"href":"https:\/\/sites.uwasa.fi\/kivanet\/wp-json\/wp\/v2\/pages\/180\/revisions\/3445"}],"up":[{"embeddable":true,"href":"https:\/\/sites.uwasa.fi\/kivanet\/wp-json\/wp\/v2\/pages\/129"}],"wp:attachment":[{"href":"https:\/\/sites.uwasa.fi\/kivanet\/wp-json\/wp\/v2\/media?parent=180"}],"curies":[{"name":"wp","href":"https:\/\/api.w.org\/{rel}","templated":true}]}}