{"id":1661,"date":"2024-10-25T14:53:26","date_gmt":"2024-10-25T11:53:26","guid":{"rendered":"https:\/\/sites.uwasa.fi\/kivanet\/?page_id=1661"},"modified":"2025-11-21T14:47:50","modified_gmt":"2025-11-21T12:47:50","slug":"viittomakieli-1","status":"publish","type":"page","link":"https:\/\/sites.uwasa.fi\/kivanet\/kurssitarjonta\/kevat-2026\/viittomakieli\/viittomakieli-1\/","title":{"rendered":"Viittomakieli 1"},"content":{"rendered":"<table style=\"border-collapse: collapse;width: 100%\" border=\"1\">\n<tbody>\n<tr style=\"height: 24px\">\n<td style=\"width: 18.5571%;height: 24px\"><strong>\u00a0J\u00e4rjest\u00e4v\u00e4 korkeakoulu<\/strong><\/td>\n<td style=\"width: 36.5429%;height: 24px\"><strong>\u00a0HuMAK<\/strong><\/td>\n<\/tr>\n<tr style=\"height: 24px\">\n<td style=\"width: 18.5571%;height: 24px\"><strong>\u00a0Opetuskieli<\/strong><\/td>\n<td style=\"width: 36.5429%;height: 24px\"><strong>\u00a0suomi ja viittomakieli<\/strong><\/td>\n<\/tr>\n<tr style=\"height: 24px\">\n<td style=\"width: 18.5571%;height: 24px\"><strong>\u00a0Ajoitus<\/strong><\/td>\n<td style=\"width: 36.5429%;height: 24px\"><strong>\u00a0Kurssi auki Moodlessa: ma 26.1.<\/strong><\/td>\n<\/tr>\n<tr style=\"height: 24px\">\n<td style=\"width: 18.5571%;height: 36px\"><strong>\u00a0Verkkotapaamisten aikataulu<\/strong><\/td>\n<td style=\"width: 36.5429%;height: 36px\"><strong>\u00a0Verkkotapaamisten aikataulu (9 kertaa, kahden viikon v\u00e4lein):<\/strong><\/p>\n<ol>\n<li><strong>ma 26.1. klo 16:00-17:30<\/strong><\/li>\n<li><strong>ma 9.2 klo 16:00-17:30<\/strong><\/li>\n<li><strong>ma 23.2. klo 16:00-17.30<\/strong><\/li>\n<li><strong>ma 9.3. klo 16:00-17:30<\/strong><\/li>\n<li><strong>ma 23.3. klo 16:00-17:30<\/strong><\/li>\n<li><strong>ti 7.4. klo 16.00-17:30 (poikkeuksellinen aika p\u00e4\u00e4si\u00e4isen takia)<\/strong><\/li>\n<li><strong>ma 20.4. klo 16:00-17.30<\/strong><\/li>\n<li><strong>ma 4.5. klo 16:00-17.30<\/strong><\/li>\n<li><strong>ma 18.5. klo 16:00-17:30<\/strong><\/li>\n<\/ol>\n<p><strong>\u00a0Verkkotapaamiset eiv\u00e4t ole pakollisia, Moodlessa valmis teht\u00e4v\u00e4paketti.<\/strong><\/td>\n<\/tr>\n<tr style=\"height: 32px\">\n<td style=\"width: 18.5571%;height: 32px\"><strong>\u00a0Tentti Moodlessa<\/strong><strong><br \/>\n<\/strong><\/td>\n<td style=\"width: 36.5429%;height: 32px\">\u00a0<strong>Ei tentti\u00e4.<\/strong><\/td>\n<\/tr>\n<tr style=\"height: 24px\">\n<td style=\"width: 18.5571%;height: 24px\"><strong>\u00a0CEFR-taso<\/strong><\/td>\n<td style=\"width: 36.5429%;height: 24px\"><strong>\u00a0L\u00e4ht\u00f6taso A0 &gt; tavoitetaso A1<\/strong><\/td>\n<\/tr>\n<tr style=\"height: 24px\">\n<td style=\"width: 18.5571%;height: 24px\"><strong>\u00a0Opintopisteet<\/strong><\/td>\n<td style=\"width: 36.5429%;height: 24px\"><strong>\u00a03<\/strong><\/td>\n<\/tr>\n<tr style=\"height: 24px\">\n<td style=\"width: 18.5571%;height: 24px\"><strong>\u00a0Esitiedot<\/strong><\/td>\n<td style=\"width: 36.5429%;height: 24px\"><strong><span class=\"TextRun SCXW92452195 BCX8\" lang=\"FI-FI\" xml:lang=\"FI-FI\" data-contrast=\"auto\"><span class=\"NormalTextRun SCXW92452195 BCX8\" data-ccp-parastyle=\"Normal (Web)\">\u00a0Opiskelijalta ei vaadita aikaisempaa viittomakielen osaamista.<\/span><\/span><span class=\"EOP SCXW92452195 BCX8\" data-ccp-props=\"{&quot;134233117&quot;:true,&quot;134233118&quot;:true,&quot;201341983&quot;:0,&quot;335551550&quot;:6,&quot;335551620&quot;:6,&quot;335557856&quot;:16777215,&quot;335559740&quot;:240}\">\u00a0<\/span><\/strong><\/td>\n<\/tr>\n<\/tbody>\n<\/table>\n<h2>Kurssikuvaus<\/h2>\n<p><b><span data-contrast=\"none\">Sis\u00e4lt\u00f6 ja osaamistavoitteet<\/span><\/b><span data-contrast=\"none\">\u202f\u202f\u202f<\/span><span data-ccp-props=\"{&quot;134233117&quot;:true,&quot;134233118&quot;:true,&quot;201341983&quot;:0,&quot;335551550&quot;:6,&quot;335551620&quot;:6,&quot;335557856&quot;:16777215,&quot;335559740&quot;:240}\">\u00a0<\/span><\/p>\n<p><span data-contrast=\"none\">T\u00e4ll\u00e4 verkko-opintojaksolla tutustut visuaaliseen kieleen, joka koostuu suomalaisen viittomakielen viittomista, ilmeist\u00e4 ja eleist\u00e4 sek\u00e4 vartalon liikkeist\u00e4. Opintojaksolla opiskelet arkitilanteisiin liittyvi\u00e4 perusviittomia ja opit muodostamaan lauseita suomalaisella viittomakielell\u00e4. Opintojaksolla harjoittelet ymm\u00e4rt\u00e4m\u00e4\u00e4n perusilmaisuja ja kuvailevia ilmaisuja hitaasta ja selke\u00e4st\u00e4 viittomisesta. Opintojaksolla k\u00e4yd\u00e4\u00e4n l\u00e4pi my\u00f6s perusasioita kuurojen kulttuurista.\u202f\u202f<\/span><span data-ccp-props=\"{&quot;134233117&quot;:true,&quot;134233118&quot;:true,&quot;201341983&quot;:0,&quot;335551550&quot;:6,&quot;335551620&quot;:6,&quot;335557856&quot;:16777215,&quot;335559740&quot;:240}\">\u00a0<\/span><\/p>\n<p><b><span data-contrast=\"none\">Oppimateriaali<\/span><\/b><span data-contrast=\"none\">\u202f\u202f<\/span><span data-ccp-props=\"{&quot;134233117&quot;:true,&quot;134233118&quot;:true,&quot;201341983&quot;:0,&quot;335551550&quot;:6,&quot;335551620&quot;:6,&quot;335557856&quot;:16777215,&quot;335559740&quot;:240}\">\u00a0<\/span><\/p>\n<p><span data-contrast=\"none\">Kaikki oppimateriaali on digitaalisella oppimisalustalla.\u202f\u202f<\/span><span data-ccp-props=\"{&quot;134233117&quot;:true,&quot;134233118&quot;:true,&quot;201341983&quot;:0,&quot;335551550&quot;:6,&quot;335551620&quot;:6,&quot;335557856&quot;:16777215,&quot;335559740&quot;:240}\">\u00a0<\/span><\/p>\n<p><b><span data-contrast=\"none\">Opetus- ja arviointimenetelm\u00e4t<\/span><\/b><span data-contrast=\"none\">\u202f\u202f<\/span><span data-ccp-props=\"{&quot;134233117&quot;:true,&quot;134233118&quot;:true,&quot;201341983&quot;:0,&quot;335551550&quot;:6,&quot;335551620&quot;:6,&quot;335557856&quot;:16777215,&quot;335559740&quot;:240}\">\u00a0<\/span><\/p>\n<p><span data-contrast=\"none\">Opetuskielet ovat suomen kieli ja suomalainen viittomakieli. Viittomakielentulkkausta j\u00e4rjestet\u00e4\u00e4n aina tarpeen mukaan. Verkkotapaamisissa opiskellaan viittomia, lauseiden muodostamista, kielioppia sek\u00e4\u202fharjoitellaan viittomakielist\u00e4 keskustelua.\u202f<\/span><span data-ccp-props=\"{&quot;134233117&quot;:true,&quot;134233118&quot;:true,&quot;201341983&quot;:0,&quot;335551550&quot;:6,&quot;335551620&quot;:6,&quot;335557856&quot;:16777215,&quot;335559740&quot;:240}\">\u00a0<\/span><\/p>\n<p><b><span data-contrast=\"none\">Arviointiasteikko ja arviointikriteerit<\/span><\/b><span data-contrast=\"none\">\u202f\u202f<\/span><span data-ccp-props=\"{&quot;134233117&quot;:true,&quot;134233118&quot;:true,&quot;201341983&quot;:0,&quot;335551550&quot;:6,&quot;335551620&quot;:6,&quot;335557856&quot;:16777215,&quot;335559740&quot;:240}\">\u00a0<\/span><\/p>\n<p><span data-contrast=\"none\">Opintojakso sis\u00e4lt\u00e4\u00e4 itsen\u00e4isi\u00e4 teht\u00e4vi\u00e4, jotka arvioidaan numeerisesti (0-5).\u202f<\/span><span data-ccp-props=\"{&quot;134233117&quot;:true,&quot;134233118&quot;:true,&quot;201341983&quot;:0,&quot;335551550&quot;:6,&quot;335551620&quot;:6,&quot;335557856&quot;:16777215,&quot;335559740&quot;:240}\">\u00a0<\/span><\/p>\n<p><b><span data-contrast=\"none\">Ty\u00f6m\u00e4\u00e4r\u00e4 toteutustavoittain<\/span><\/b><span data-contrast=\"none\">\u202f<\/span><span data-ccp-props=\"{&quot;134233117&quot;:true,&quot;134233118&quot;:true,&quot;201341983&quot;:0,&quot;335551550&quot;:6,&quot;335551620&quot;:6,&quot;335557856&quot;:16777215,&quot;335559740&quot;:240}\">\u00a0<\/span><\/p>\n<p><span data-contrast=\"none\">Opetus jaksottuu itsen\u00e4iseen ty\u00f6skentelyyn, tapaamisiin verkossa sek\u00e4 arvioitaviin teht\u00e4viin. Opintojakso on 3 op:n laajuinen eli tarkoittaa 3 x 27 tuntia opiskelijan ty\u00f6t\u00e4. Opintojakso koostuu kolmesta osiosta.\u202f\u202f<\/span><span data-ccp-props=\"{&quot;134233117&quot;:true,&quot;134233118&quot;:true,&quot;201341983&quot;:0,&quot;335557856&quot;:16777215,&quot;335559740&quot;:240}\">\u00a0<\/span><\/p>\n<ul>\n<li data-leveltext=\"\uf0b7\" data-font=\"Symbol\" data-listid=\"1\" data-list-defn-props=\"{&quot;335552541&quot;:1,&quot;335559685&quot;:720,&quot;335559991&quot;:360,&quot;469769226&quot;:&quot;Symbol&quot;,&quot;469769242&quot;:[8226],&quot;469777803&quot;:&quot;left&quot;,&quot;469777804&quot;:&quot;\uf0b7&quot;,&quot;469777815&quot;:&quot;multilevel&quot;}\" data-aria-posinset=\"1\" data-aria-level=\"1\"><span data-contrast=\"none\">Min\u00e4 ja l\u00e4hiymp\u00e4rist\u00f6\u202f<\/span><span data-ccp-props=\"{&quot;134233117&quot;:true,&quot;134233118&quot;:true,&quot;201341983&quot;:0,&quot;335557856&quot;:16777215,&quot;335559740&quot;:240}\">\u00a0<\/span><\/li>\n<li data-leveltext=\"\uf0b7\" data-font=\"Symbol\" data-listid=\"1\" data-list-defn-props=\"{&quot;335552541&quot;:1,&quot;335559685&quot;:720,&quot;335559991&quot;:360,&quot;469769226&quot;:&quot;Symbol&quot;,&quot;469769242&quot;:[8226],&quot;469777803&quot;:&quot;left&quot;,&quot;469777804&quot;:&quot;\uf0b7&quot;,&quot;469777815&quot;:&quot;multilevel&quot;}\" data-aria-posinset=\"1\" data-aria-level=\"1\"><span data-contrast=\"none\">Kodin arkea ja viittomakielinen tapakulttuuri\u202f<\/span><span data-ccp-props=\"{&quot;134233117&quot;:true,&quot;134233118&quot;:true,&quot;201341983&quot;:0,&quot;335557856&quot;:16777215,&quot;335559740&quot;:240}\">\u00a0<\/span><\/li>\n<li data-leveltext=\"\uf0b7\" data-font=\"Symbol\" data-listid=\"1\" data-list-defn-props=\"{&quot;335552541&quot;:1,&quot;335559685&quot;:720,&quot;335559991&quot;:360,&quot;469769226&quot;:&quot;Symbol&quot;,&quot;469769242&quot;:[8226],&quot;469777803&quot;:&quot;left&quot;,&quot;469777804&quot;:&quot;\uf0b7&quot;,&quot;469777815&quot;:&quot;multilevel&quot;}\" data-aria-posinset=\"1\" data-aria-level=\"1\"><span data-contrast=\"none\">Arkiel\u00e4m\u00e4 ja asiointi\u202f<\/span><\/li>\n<li data-leveltext=\"\uf0b7\" data-font=\"Symbol\" data-listid=\"1\" data-list-defn-props=\"{&quot;335552541&quot;:1,&quot;335559685&quot;:720,&quot;335559991&quot;:360,&quot;469769226&quot;:&quot;Symbol&quot;,&quot;469769242&quot;:[8226],&quot;469777803&quot;:&quot;left&quot;,&quot;469777804&quot;:&quot;\uf0b7&quot;,&quot;469777815&quot;:&quot;multilevel&quot;}\" data-aria-posinset=\"1\" data-aria-level=\"1\"><span data-contrast=\"none\">Vapaaehtoisia tapaamisia j\u00e4rjestet\u00e4\u00e4n yhteens\u00e4 10 kertaa (1,5 h\/kerta) et\u00e4yhteyden v\u00e4lityksell\u00e4 (Zoom).\u202f<\/span><span data-ccp-props=\"{&quot;134233117&quot;:true,&quot;134233118&quot;:true,&quot;201341983&quot;:0,&quot;335557856&quot;:16777215,&quot;335559740&quot;:240}\">\u00a0<\/span><\/li>\n<\/ul>\n<h2><strong>Ilmoittautuminen 1.12.2025-11.1.2026.<\/strong><\/h2>\n<h2><a href=\"https:\/\/link.webropol.com\/s\/kivanetkevat26\" target=\"_blank\" rel=\"noopener\">Linkki ilmoittautumislomakkeeseen.<\/a><\/h2>\n<p>&nbsp;<\/p>\n","protected":false},"excerpt":{"rendered":"<p>\u00a0J\u00e4rjest\u00e4v\u00e4 korkeakoulu \u00a0HuMAK \u00a0Opetuskieli \u00a0suomi ja viittomakieli \u00a0Ajoitus \u00a0Kurssi auki Moodlessa: ma 26.1. \u00a0Verkkotapaamisten aikataulu \u00a0Verkkotapaamisten aikataulu (9 kertaa, kahden viikon v\u00e4lein): ma 26.1. klo 16:00-17:30 ma 9.2 klo 16:00-17:30 ma 23.2. klo 16:00-17.30 ma 9.3. klo 16:00-17:30 ma 23.3. klo 16:00-17:30 ti 7.4. klo 16.00-17:30 (poikkeuksellinen aika p\u00e4\u00e4si\u00e4isen takia) ma 20.4. klo 16:00-17.30 ma [&hellip;]<\/p>\n","protected":false},"author":185,"featured_media":0,"parent":1504,"menu_order":0,"comment_status":"closed","ping_status":"closed","template":"","meta":{"_acf_changed":false,"footnotes":""},"class_list":["post-1661","page","type-page","status-publish","hentry"],"acf":[],"lang":"fi","translations":{"fi":1661},"pll_sync_post":[],"_links":{"self":[{"href":"https:\/\/sites.uwasa.fi\/kivanet\/wp-json\/wp\/v2\/pages\/1661"}],"collection":[{"href":"https:\/\/sites.uwasa.fi\/kivanet\/wp-json\/wp\/v2\/pages"}],"about":[{"href":"https:\/\/sites.uwasa.fi\/kivanet\/wp-json\/wp\/v2\/types\/page"}],"author":[{"embeddable":true,"href":"https:\/\/sites.uwasa.fi\/kivanet\/wp-json\/wp\/v2\/users\/185"}],"replies":[{"embeddable":true,"href":"https:\/\/sites.uwasa.fi\/kivanet\/wp-json\/wp\/v2\/comments?post=1661"}],"version-history":[{"count":10,"href":"https:\/\/sites.uwasa.fi\/kivanet\/wp-json\/wp\/v2\/pages\/1661\/revisions"}],"predecessor-version":[{"id":3746,"href":"https:\/\/sites.uwasa.fi\/kivanet\/wp-json\/wp\/v2\/pages\/1661\/revisions\/3746"}],"up":[{"embeddable":true,"href":"https:\/\/sites.uwasa.fi\/kivanet\/wp-json\/wp\/v2\/pages\/1504"}],"wp:attachment":[{"href":"https:\/\/sites.uwasa.fi\/kivanet\/wp-json\/wp\/v2\/media?parent=1661"}],"curies":[{"name":"wp","href":"https:\/\/api.w.org\/{rel}","templated":true}]}}